{"id":312202,"date":"2025-02-12T09:46:09","date_gmt":"2025-02-12T08:46:09","guid":{"rendered":"https:\/\/www.laclusaz.com\/?page_id=312202"},"modified":"2025-02-12T11:19:49","modified_gmt":"2025-02-12T10:19:49","slug":"bons-plans-ski-en-bus-et-trains","status":"publish","type":"page","link":"https:\/\/www.laclusaz.com\/nl\/ski\/alpine-skien\/bons-plans-ski-en-bus-et-trains\/","title":{"rendered":"Goede ski aanbiedingen met bus en trein"},"content":{"rendered":"<p dir=\"auto\">Zin om zorgeloos te ski\u00ebn in La Clusaz?<\/p>\n<p dir=\"auto\">Met onze aanbiedingen voor skipas + bus of trein is het eenvoudig en voordelig! Stap in, ontspan tijdens de reis en geniet van uw dag op de pistes zonder u zorgen te maken over het rijden of parkeren. Een praktische en voordelige oplossing voor iedereen die zorgeloos wil ski\u00ebn!<\/p>\n","protected":false},"excerpt":{"rendered":"<span class=\"excerpt-link\">Lire plus<\/span>","protected":false},"author":2,"featured_media":311994,"parent":177045,"menu_order":0,"comment_status":"closed","ping_status":"closed","template":"grdn_multifocus.php","meta":{"_acf_changed":false,"inline_featured_image":false,"footnotes":""},"class_list":["post-312202","page","type-page","status-publish","has-post-thumbnail","hentry"],"acf":{"page_blocks":[{"acf_fc_layout":"one-col-content","contenu_1_colonne":"<h1 style=\"text-align: center;\"><span class=\"title-highlighted\">De busaanbiedingen<\/span><img loading=\"lazy\" decoding=\"async\" class=\"wp-image-311992 size-full aligncenter\" src=\"https:\/\/www.laclusaz.com\/app\/uploads\/2025\/02\/Offres-bus-e1739284204873.png\" alt=\"\" width=\"523\" height=\"258\" srcset=\"https:\/\/www.laclusaz.com\/app\/uploads\/2025\/02\/Offres-bus-e1739284204873.png 523w, https:\/\/www.laclusaz.com\/app\/uploads\/2025\/02\/Offres-bus-e1739284204873-300x148.png 300w, https:\/\/www.laclusaz.com\/app\/uploads\/2025\/02\/Offres-bus-e1739284204873-130x64.png 130w\" sizes=\"auto, (max-width: 523px) 100vw, 523px\" \/><\/h1>\n"},{"acf_fc_layout":"two-col-content","contenu_gauche":{"type_de_contenu_gauche":"texte","contenu_texte_gauche":"<h2 class=\"clz_heading\" style=\"text-align: left;\"><strong data-start=\"0\" data-end=\"21\">VANUIT BONNEVILLE<\/strong><\/h2>\n<p dir=\"auto\">Door uw skipas tegelijk met uw reis te reserveren:<\/p>\n<p dir=\"auto\">Uw dagskipas voor slechts\u00a0 <strong><span style=\"color: #00e2b4;\">43 \u20ac<\/span><\/strong> in plaats van\u00a0 <s class=\"strike-text\">53 <\/s>\u20ac<\/p>\n<p><a class=\"button-arrow\" href=\"https:\/\/forfait.laclusaz.com\/en\/ski-bus-bonneville\">MEER info<\/a><\/p>\n","contenu_image_gauche":false,"caption":""},"contenu_droite":{"type_de_contenu_droite":"texte","contenu_image_droite":false,"caption":"","contenu_texte_droite":"<h2 class=\"clz_heading\" style=\"text-align: left;\">VANUIT ANNECY<\/h2>\n<p dir=\"auto\">Geniet van een skipas tegen een gereduceerde prijs dankzij uw retourticket voor de bus. Dit aanbod is het hele seizoen geldig, vanaf Annecy of Th\u00f4nes.<\/p>\n<p dir=\"auto\">Uw dagskipas voor slechts\u00a0 <strong><span style=\"color: #00e2b4;\">39 \u20ac<\/span><\/strong><span style=\"color: #00e2b4;\">\u00a0<\/span> in plaats van\u00a0 <s class=\"strike-text\">53<\/s> \u20ac<\/p>\n<p><a class=\"button-arrow\" href=\"https:\/\/forfait.laclusaz.com\/en\/offre-forfait-ski-et-bus\">MEER INFO<\/a><\/p>\n"}},{"acf_fc_layout":"one-col-content","contenu_1_colonne":"<p><img loading=\"lazy\" decoding=\"async\" class=\"aligncenter size-full wp-image-312002\" src=\"https:\/\/www.laclusaz.com\/app\/uploads\/2025\/02\/egor-litvinov-RlHI0cCNThY-unsplash-scaled-e1739291347584.jpg\" alt=\"\" width=\"2048\" height=\"917\" srcset=\"https:\/\/www.laclusaz.com\/app\/uploads\/2025\/02\/egor-litvinov-RlHI0cCNThY-unsplash-scaled-e1739291347584.jpg 2048w, https:\/\/www.laclusaz.com\/app\/uploads\/2025\/02\/egor-litvinov-RlHI0cCNThY-unsplash-scaled-e1739291347584-300x134.jpg 300w, https:\/\/www.laclusaz.com\/app\/uploads\/2025\/02\/egor-litvinov-RlHI0cCNThY-unsplash-scaled-e1739291347584-1024x459.jpg 1024w, https:\/\/www.laclusaz.com\/app\/uploads\/2025\/02\/egor-litvinov-RlHI0cCNThY-unsplash-scaled-e1739291347584-768x344.jpg 768w, https:\/\/www.laclusaz.com\/app\/uploads\/2025\/02\/egor-litvinov-RlHI0cCNThY-unsplash-scaled-e1739291347584-1536x688.jpg 1536w, https:\/\/www.laclusaz.com\/app\/uploads\/2025\/02\/egor-litvinov-RlHI0cCNThY-unsplash-scaled-e1739291347584-130x58.jpg 130w\" sizes=\"auto, (max-width: 2048px) 100vw, 2048px\" \/><\/p>\n"},{"acf_fc_layout":"one-col-content","contenu_1_colonne":"<h1 dir=\"auto\"><span class=\"title-highlighted\">Het trein-aanbod<\/span><img loading=\"lazy\" decoding=\"async\" class=\"size-full wp-image-311991 aligncenter\" src=\"https:\/\/www.laclusaz.com\/app\/uploads\/2025\/02\/Offres-train-e1739284917397.png\" alt=\"\" width=\"532\" height=\"235\" srcset=\"https:\/\/www.laclusaz.com\/app\/uploads\/2025\/02\/Offres-train-e1739284917397.png 532w, https:\/\/www.laclusaz.com\/app\/uploads\/2025\/02\/Offres-train-e1739284917397-300x133.png 300w, https:\/\/www.laclusaz.com\/app\/uploads\/2025\/02\/Offres-train-e1739284917397-130x57.png 130w\" sizes=\"auto, (max-width: 532px) 100vw, 532px\" \/><\/h1>\n<p dir=\"auto\">Sluit aan via het station van Annecy, ontspan gedurende de hele reis en doe een goede daad voor de planeet. Daarnaast geniet u van een <span style=\"color: #00e2b4;\"><strong>korting van 30 euro<\/strong><\/span> op uw 6-daags skipas.<\/p>\n<p dir=\"auto\" style=\"text-align: center;\"><a class=\"button-arrow\" href=\"https:\/\/forfait.laclusaz.com\/en\/offre-forfait-train-et-ski\">BEKIJK HET AANBOD<\/a><\/p>\n<p dir=\"auto\">Uw hele reis in eenvoud met <a href=\"https:\/\/www.gotolaclusaz.com\/nl\"><span style=\"color: #00e2b4;\"><strong>Go to La Clusaz<\/strong><\/span><\/a>. Nooit eerder is het zo gemakkelijk geweest om uw transport te boeken! Dankzij onze intu\u00eftieve platform kunt u al uw tickets in \u00e9\u00e9n winkelmandje verzamelen en een enkele, veilige betaling uitvoeren. Bus, trein, vliegtuig&#8230; Profiteer van een veelheid aan transportcombinaties voor een op uw behoeften en voorkeuren afgestemd reisplan.<\/p>\n<p dir=\"auto\">Of u nu alleen, met uw gezin of met vrienden op reis gaat, wij bieden u een praktische en flexibele oplossing voor een stressvrije reis. Kies voor gemak en laat u door ons begeleiden in alle rust!<\/p>\n"},{"acf_fc_layout":"cards-explore","explore_block_title":"","explore_bg_color":"black","explore_list":[{"explore_type":"image","explore_tag":"Explore","explore_content_type":"post","explore_post":292470,"explore_title":"","explore_excerpt":"","explore_image":false,"explore_link":"","explore_video":{"explore_video_link":"","explore_video_thumbnail":false}},{"explore_type":"image","explore_tag":"Explore","explore_content_type":"post","explore_post":309683,"explore_title":"","explore_excerpt":"","explore_image":false,"explore_link":"","explore_video":{"explore_video_link":"","explore_video_thumbnail":false}},{"explore_type":"image","explore_tag":"Explore","explore_content_type":"post","explore_post":188196,"explore_title":"","explore_excerpt":"","explore_image":false,"explore_link":"","explore_video":{"explore_video_link":"","explore_video_thumbnail":false}}]}],"display_antidots_widget":false},"yoast_head":"<!-- This site is optimized with the Yoast SEO plugin v26.5 - https:\/\/yoast.com\/wordpress\/plugins\/seo\/ -->\n<title>Goede ski aanbiedingen met bus en trein | La Clusaz<\/title>\n<meta name=\"robots\" content=\"index, follow, max-snippet:-1, max-image-preview:large, max-video-preview:-1\" \/>\n<link rel=\"canonical\" href=\"https:\/\/www.laclusaz.com\/nl\/ski\/alpine-skien\/bons-plans-ski-en-bus-et-trains\/\" \/>\n<meta property=\"og:locale\" content=\"nl_NL\" \/>\n<meta property=\"og:type\" content=\"article\" \/>\n<meta property=\"og:title\" content=\"Goede ski aanbiedingen met bus en trein | La Clusaz\" \/>\n<meta property=\"og:description\" content=\"Zin om zorgeloos te ski\u00ebn in La Clusaz? Met onze aanbiedingen voor skipas + bus of trein is het eenvoudig en voordelig! Stap in, ontspan tijdens de reis en geniet van [&hellip;]\" \/>\n<meta property=\"og:url\" content=\"https:\/\/www.laclusaz.com\/nl\/ski\/alpine-skien\/bons-plans-ski-en-bus-et-trains\/\" \/>\n<meta property=\"og:site_name\" content=\"La Clusaz\" \/>\n<meta property=\"article:publisher\" content=\"https:\/\/www.facebook.com\/LaClusaz\" \/>\n<meta property=\"article:modified_time\" content=\"2025-02-12T10:19:49+00:00\" \/>\n<meta property=\"og:image\" content=\"https:\/\/www.laclusaz.com\/app\/uploads\/2025\/02\/train.png\" \/>\n\t<meta property=\"og:image:width\" content=\"1440\" \/>\n\t<meta property=\"og:image:height\" content=\"810\" \/>\n\t<meta property=\"og:image:type\" content=\"image\/png\" \/>\n<meta name=\"twitter:card\" content=\"summary_large_image\" \/>\n<meta name=\"twitter:site\" content=\"@LaClusaz\" \/>\n<meta name=\"twitter:label1\" content=\"Est. reading time\" \/>\n\t<meta name=\"twitter:data1\" content=\"1 minute\" \/>\n<script type=\"application\/ld+json\" class=\"yoast-schema-graph\">{\"@context\":\"https:\/\/schema.org\",\"@graph\":[{\"@type\":\"WebPage\",\"@id\":\"https:\/\/www.laclusaz.com\/nl\/ski\/alpine-skien\/bons-plans-ski-en-bus-et-trains\/\",\"url\":\"https:\/\/www.laclusaz.com\/nl\/ski\/alpine-skien\/bons-plans-ski-en-bus-et-trains\/\",\"name\":\"Goede ski aanbiedingen met bus en trein | La Clusaz\",\"isPartOf\":{\"@id\":\"https:\/\/www.laclusaz.com\/nl\/#website\"},\"primaryImageOfPage\":{\"@id\":\"https:\/\/www.laclusaz.com\/nl\/ski\/alpine-skien\/bons-plans-ski-en-bus-et-trains\/#primaryimage\"},\"image\":{\"@id\":\"https:\/\/www.laclusaz.com\/nl\/ski\/alpine-skien\/bons-plans-ski-en-bus-et-trains\/#primaryimage\"},\"thumbnailUrl\":\"https:\/\/www.laclusaz.com\/app\/uploads\/2025\/02\/train.png\",\"datePublished\":\"2025-02-12T08:46:09+00:00\",\"dateModified\":\"2025-02-12T10:19:49+00:00\",\"breadcrumb\":{\"@id\":\"https:\/\/www.laclusaz.com\/nl\/ski\/alpine-skien\/bons-plans-ski-en-bus-et-trains\/#breadcrumb\"},\"inLanguage\":\"nl-NL\",\"potentialAction\":[{\"@type\":\"ReadAction\",\"target\":[\"https:\/\/www.laclusaz.com\/nl\/ski\/alpine-skien\/bons-plans-ski-en-bus-et-trains\/\"]}]},{\"@type\":\"ImageObject\",\"inLanguage\":\"nl-NL\",\"@id\":\"https:\/\/www.laclusaz.com\/nl\/ski\/alpine-skien\/bons-plans-ski-en-bus-et-trains\/#primaryimage\",\"url\":\"https:\/\/www.laclusaz.com\/app\/uploads\/2025\/02\/train.png\",\"contentUrl\":\"https:\/\/www.laclusaz.com\/app\/uploads\/2025\/02\/train.png\",\"width\":1440,\"height\":810},{\"@type\":\"BreadcrumbList\",\"@id\":\"https:\/\/www.laclusaz.com\/nl\/ski\/alpine-skien\/bons-plans-ski-en-bus-et-trains\/#breadcrumb\",\"itemListElement\":[{\"@type\":\"ListItem\",\"position\":1,\"name\":\"Startpagina\",\"item\":\"https:\/\/www.laclusaz.com\/nl\/\"},{\"@type\":\"ListItem\",\"position\":2,\"name\":\"Ski\",\"item\":\"https:\/\/www.laclusaz.com\/nl\/ski\/\"},{\"@type\":\"ListItem\",\"position\":3,\"name\":\"Alpine Ski\u00ebn\",\"item\":\"https:\/\/www.laclusaz.com\/nl\/ski\/alpine-skien\/\"},{\"@type\":\"ListItem\",\"position\":4,\"name\":\"Goede ski aanbiedingen met bus en trein\"}]},{\"@type\":\"WebSite\",\"@id\":\"https:\/\/www.laclusaz.com\/nl\/#website\",\"url\":\"https:\/\/www.laclusaz.com\/nl\/\",\"name\":\"La Clusaz\",\"description\":\"\",\"publisher\":{\"@id\":\"https:\/\/www.laclusaz.com\/nl\/#organization\"},\"potentialAction\":[{\"@type\":\"SearchAction\",\"target\":{\"@type\":\"EntryPoint\",\"urlTemplate\":\"https:\/\/www.laclusaz.com\/nl\/?s={search_term_string}\"},\"query-input\":{\"@type\":\"PropertyValueSpecification\",\"valueRequired\":true,\"valueName\":\"search_term_string\"}}],\"inLanguage\":\"nl-NL\"},{\"@type\":\"Organization\",\"@id\":\"https:\/\/www.laclusaz.com\/nl\/#organization\",\"name\":\"La Clusaz\",\"url\":\"https:\/\/www.laclusaz.com\/nl\/\",\"logo\":{\"@type\":\"ImageObject\",\"inLanguage\":\"nl-NL\",\"@id\":\"https:\/\/www.laclusaz.com\/nl\/#\/schema\/logo\/image\/\",\"url\":\"https:\/\/www.laclusaz.com\/app\/uploads\/2023\/03\/Logo-La-Clusaz-French-Alps-paysage.png\",\"contentUrl\":\"https:\/\/www.laclusaz.com\/app\/uploads\/2023\/03\/Logo-La-Clusaz-French-Alps-paysage.png\",\"width\":1920,\"height\":1018,\"caption\":\"La Clusaz\"},\"image\":{\"@id\":\"https:\/\/www.laclusaz.com\/nl\/#\/schema\/logo\/image\/\"},\"sameAs\":[\"https:\/\/www.facebook.com\/LaClusaz\",\"https:\/\/x.com\/LaClusaz\",\"https:\/\/www.instagram.com\/laclusazskiresort\/\",\"https:\/\/www.youtube.com\/channel\/UC0nXO2GDOebkqOvTCx8gtGA\",\"https:\/\/www.tiktok.com\/@la_clusaz\"]}]}<\/script>\n<!-- \/ Yoast SEO plugin. -->","yoast_head_json":{"title":"Goede ski aanbiedingen met bus en trein | La Clusaz","robots":{"index":"index","follow":"follow","max-snippet":"max-snippet:-1","max-image-preview":"max-image-preview:large","max-video-preview":"max-video-preview:-1"},"canonical":"https:\/\/www.laclusaz.com\/nl\/ski\/alpine-skien\/bons-plans-ski-en-bus-et-trains\/","og_locale":"nl_NL","og_type":"article","og_title":"Goede ski aanbiedingen met bus en trein | La Clusaz","og_description":"Zin om zorgeloos te ski\u00ebn in La Clusaz? Met onze aanbiedingen voor skipas + bus of trein is het eenvoudig en voordelig! Stap in, ontspan tijdens de reis en geniet van [&hellip;]","og_url":"https:\/\/www.laclusaz.com\/nl\/ski\/alpine-skien\/bons-plans-ski-en-bus-et-trains\/","og_site_name":"La Clusaz","article_publisher":"https:\/\/www.facebook.com\/LaClusaz","article_modified_time":"2025-02-12T10:19:49+00:00","og_image":[{"width":1440,"height":810,"url":"https:\/\/www.laclusaz.com\/app\/uploads\/2025\/02\/train.png","type":"image\/png"}],"twitter_card":"summary_large_image","twitter_site":"@LaClusaz","twitter_misc":{"Est. reading time":"1 minute"},"schema":{"@context":"https:\/\/schema.org","@graph":[{"@type":"WebPage","@id":"https:\/\/www.laclusaz.com\/nl\/ski\/alpine-skien\/bons-plans-ski-en-bus-et-trains\/","url":"https:\/\/www.laclusaz.com\/nl\/ski\/alpine-skien\/bons-plans-ski-en-bus-et-trains\/","name":"Goede ski aanbiedingen met bus en trein | La Clusaz","isPartOf":{"@id":"https:\/\/www.laclusaz.com\/nl\/#website"},"primaryImageOfPage":{"@id":"https:\/\/www.laclusaz.com\/nl\/ski\/alpine-skien\/bons-plans-ski-en-bus-et-trains\/#primaryimage"},"image":{"@id":"https:\/\/www.laclusaz.com\/nl\/ski\/alpine-skien\/bons-plans-ski-en-bus-et-trains\/#primaryimage"},"thumbnailUrl":"https:\/\/www.laclusaz.com\/app\/uploads\/2025\/02\/train.png","datePublished":"2025-02-12T08:46:09+00:00","dateModified":"2025-02-12T10:19:49+00:00","breadcrumb":{"@id":"https:\/\/www.laclusaz.com\/nl\/ski\/alpine-skien\/bons-plans-ski-en-bus-et-trains\/#breadcrumb"},"inLanguage":"nl-NL","potentialAction":[{"@type":"ReadAction","target":["https:\/\/www.laclusaz.com\/nl\/ski\/alpine-skien\/bons-plans-ski-en-bus-et-trains\/"]}]},{"@type":"ImageObject","inLanguage":"nl-NL","@id":"https:\/\/www.laclusaz.com\/nl\/ski\/alpine-skien\/bons-plans-ski-en-bus-et-trains\/#primaryimage","url":"https:\/\/www.laclusaz.com\/app\/uploads\/2025\/02\/train.png","contentUrl":"https:\/\/www.laclusaz.com\/app\/uploads\/2025\/02\/train.png","width":1440,"height":810},{"@type":"BreadcrumbList","@id":"https:\/\/www.laclusaz.com\/nl\/ski\/alpine-skien\/bons-plans-ski-en-bus-et-trains\/#breadcrumb","itemListElement":[{"@type":"ListItem","position":1,"name":"Startpagina","item":"https:\/\/www.laclusaz.com\/nl\/"},{"@type":"ListItem","position":2,"name":"Ski","item":"https:\/\/www.laclusaz.com\/nl\/ski\/"},{"@type":"ListItem","position":3,"name":"Alpine Ski\u00ebn","item":"https:\/\/www.laclusaz.com\/nl\/ski\/alpine-skien\/"},{"@type":"ListItem","position":4,"name":"Goede ski aanbiedingen met bus en trein"}]},{"@type":"WebSite","@id":"https:\/\/www.laclusaz.com\/nl\/#website","url":"https:\/\/www.laclusaz.com\/nl\/","name":"La Clusaz","description":"","publisher":{"@id":"https:\/\/www.laclusaz.com\/nl\/#organization"},"potentialAction":[{"@type":"SearchAction","target":{"@type":"EntryPoint","urlTemplate":"https:\/\/www.laclusaz.com\/nl\/?s={search_term_string}"},"query-input":{"@type":"PropertyValueSpecification","valueRequired":true,"valueName":"search_term_string"}}],"inLanguage":"nl-NL"},{"@type":"Organization","@id":"https:\/\/www.laclusaz.com\/nl\/#organization","name":"La Clusaz","url":"https:\/\/www.laclusaz.com\/nl\/","logo":{"@type":"ImageObject","inLanguage":"nl-NL","@id":"https:\/\/www.laclusaz.com\/nl\/#\/schema\/logo\/image\/","url":"https:\/\/www.laclusaz.com\/app\/uploads\/2023\/03\/Logo-La-Clusaz-French-Alps-paysage.png","contentUrl":"https:\/\/www.laclusaz.com\/app\/uploads\/2023\/03\/Logo-La-Clusaz-French-Alps-paysage.png","width":1920,"height":1018,"caption":"La Clusaz"},"image":{"@id":"https:\/\/www.laclusaz.com\/nl\/#\/schema\/logo\/image\/"},"sameAs":["https:\/\/www.facebook.com\/LaClusaz","https:\/\/x.com\/LaClusaz","https:\/\/www.instagram.com\/laclusazskiresort\/","https:\/\/www.youtube.com\/channel\/UC0nXO2GDOebkqOvTCx8gtGA","https:\/\/www.tiktok.com\/@la_clusaz"]}]}},"_links":{"self":[{"href":"https:\/\/www.laclusaz.com\/nl\/wp-json\/wp\/v2\/pages\/312202","targetHints":{"allow":["GET"]}}],"collection":[{"href":"https:\/\/www.laclusaz.com\/nl\/wp-json\/wp\/v2\/pages"}],"about":[{"href":"https:\/\/www.laclusaz.com\/nl\/wp-json\/wp\/v2\/types\/page"}],"author":[{"embeddable":true,"href":"https:\/\/www.laclusaz.com\/nl\/wp-json\/wp\/v2\/users\/2"}],"replies":[{"embeddable":true,"href":"https:\/\/www.laclusaz.com\/nl\/wp-json\/wp\/v2\/comments?post=312202"}],"version-history":[{"count":3,"href":"https:\/\/www.laclusaz.com\/nl\/wp-json\/wp\/v2\/pages\/312202\/revisions"}],"predecessor-version":[{"id":312205,"href":"https:\/\/www.laclusaz.com\/nl\/wp-json\/wp\/v2\/pages\/312202\/revisions\/312205"}],"up":[{"embeddable":true,"href":"https:\/\/www.laclusaz.com\/nl\/wp-json\/wp\/v2\/pages\/177045"}],"wp:featuredmedia":[{"embeddable":true,"href":"https:\/\/www.laclusaz.com\/nl\/wp-json\/wp\/v2\/media\/311994"}],"wp:attachment":[{"href":"https:\/\/www.laclusaz.com\/nl\/wp-json\/wp\/v2\/media?parent=312202"}],"curies":[{"name":"wp","href":"https:\/\/api.w.org\/{rel}","templated":true}]}}