{"id":289075,"date":"2024-11-15T16:33:10","date_gmt":"2024-11-15T15:33:10","guid":{"rendered":"https:\/\/www.laclusaz.com\/?page_id=289075"},"modified":"2025-11-06T17:45:34","modified_gmt":"2025-11-06T16:45:34","slug":"topdeal-in-februari","status":"publish","type":"page","link":"https:\/\/www.laclusaz.com\/nl\/boeking\/topdeal-in-februari\/","title":{"rendered":"Topdeal in februari"},"content":{"rendered":"<p><span class=\"title-marker-pen\"><b class=\"dw\">D\u00e9couvrez nos offres de s\u00e9jour pour profiter de vos vacances au ski <\/b>et partez en famille \u00e0 l&#8217;aventure sur les 125 km de pistes du domaine skiable La Clusaz &#8211; Manigod.<\/span><\/p>\n","protected":false},"excerpt":{"rendered":"<span class=\"excerpt-link\">Lire plus<\/span>","protected":false},"author":2,"featured_media":365312,"parent":243344,"menu_order":0,"comment_status":"closed","ping_status":"closed","template":"templates\/deskline.php","meta":{"_acf_changed":false,"inline_featured_image":false,"footnotes":""},"class_list":["post-289075","page","type-page","status-publish","has-post-thumbnail","hentry"],"acf":{"display_antidots_widget":false,"page_blocks":[{"acf_fc_layout":"one-col-content","contenu_1_colonne":"<h2><span class=\"title-highlighted\">Offre H\u00e9bergement<\/span><\/h2>\n<p>&nbsp;<\/p>\n<p>Profitez de notre offre sp\u00e9ciale avec <strong>10 % de remise<\/strong> sur une s\u00e9lection d&#8217;h\u00e9bergements pour la semaine du <strong>1er au 8 mars 2025<\/strong>.<br \/>\nIl est encore temps de r\u00e9server pour (re)d\u00e9couvrir nos pistes et vivre des instants magiques en famille ou entre amis.<br \/>\nNe laissez pas passer cette occasion de vous \u00e9vader !<\/p>\n"},{"acf_fc_layout":"two-col-content","contenu_gauche":{"type_de_contenu_gauche":"texte","contenu_texte_gauche":"<p><img loading=\"lazy\" decoding=\"async\" class=\"aligncenter size-full wp-image-309857\" src=\"https:\/\/www.laclusaz.com\/app\/uploads\/2025\/01\/Offres-hebergement.png\" alt=\"\" width=\"656\" height=\"316\" srcset=\"https:\/\/www.laclusaz.com\/app\/uploads\/2025\/01\/Offres-hebergement.png 656w, https:\/\/www.laclusaz.com\/app\/uploads\/2025\/01\/Offres-hebergement-300x145.png 300w, https:\/\/www.laclusaz.com\/app\/uploads\/2025\/01\/Offres-hebergement-130x63.png 130w\" sizes=\"auto, (max-width: 656px) 100vw, 656px\" \/><\/p>\n<p style=\"text-align: center;\"><strong>10 % de r\u00e9duction<\/strong> sur une s\u00e9lection d\u2019h\u00e9bergements pour la semaine du 1er au 8 mars.<\/p>\n<p style=\"text-align: center;\"><a class=\"button-arrow\" href=\"https:\/\/www.laclusaz.com\/reservation\/hebergements\">Trouver votre h\u00e9bergement<\/a><\/p>\n","contenu_image_gauche":false,"caption":""},"contenu_droite":{"type_de_contenu_droite":"texte","contenu_image_droite":false,"caption":"","contenu_texte_droite":"<p><img loading=\"lazy\" decoding=\"async\" class=\"aligncenter wp-image-309876 size-full\" src=\"https:\/\/www.laclusaz.com\/app\/uploads\/2025\/01\/LC2018-Chalet-J.MUGNIERY-3-chalet-scaled-e1738144625444.jpg\" alt=\"\" width=\"1452\" height=\"1487\" srcset=\"https:\/\/www.laclusaz.com\/app\/uploads\/2025\/01\/LC2018-Chalet-J.MUGNIERY-3-chalet-scaled-e1738144625444.jpg 1452w, https:\/\/www.laclusaz.com\/app\/uploads\/2025\/01\/LC2018-Chalet-J.MUGNIERY-3-chalet-scaled-e1738144625444-293x300.jpg 293w, https:\/\/www.laclusaz.com\/app\/uploads\/2025\/01\/LC2018-Chalet-J.MUGNIERY-3-chalet-scaled-e1738144625444-1000x1024.jpg 1000w, https:\/\/www.laclusaz.com\/app\/uploads\/2025\/01\/LC2018-Chalet-J.MUGNIERY-3-chalet-scaled-e1738144625444-768x787.jpg 768w, https:\/\/www.laclusaz.com\/app\/uploads\/2025\/01\/LC2018-Chalet-J.MUGNIERY-3-chalet-scaled-e1738144625444-127x130.jpg 127w\" sizes=\"auto, (max-width: 1452px) 100vw, 1452px\" \/><\/p>\n"}},{"acf_fc_layout":"one-col-content","contenu_1_colonne":"<h2><span class=\"title-highlighted\">Offre Tribu<\/span><\/h2>\n<p><span class=\"green-under\"><strong>Jusqu\u2019\u00e0 100 \u20ac de remise sur vos forfaits !<\/strong><\/span><\/p>\n<p>R\u00e9servez votre h\u00e9bergement \u00e0 la semaine sur laclusaz.com et profitez de notre offre exclusive.<\/p>\n"},{"acf_fc_layout":"one-col-content","contenu_1_colonne":"<p><b class=\"dw\">Avantage exclusif :<\/b>\u00a0votre forfait commence un dimanche ?<br class=\"dw\" \/>Nous vous offrons l&#8217;acc\u00e8s au domaine skiable d\u00e8s votre arriv\u00e9e le samedi.<br class=\"dw\" \/>Profitez \u00e9galement d&#8217;avantages inclus dans votre forfait :<\/p>\n<ul class=\"dw\">\n<li class=\"dw\">Une s\u00e9ance de cin\u00e9ma<\/li>\n<li class=\"dw\">Une entr\u00e9e \u00e0 la patinoire<\/li>\n<li class=\"dw\">Une entr\u00e9e au Hameau des Alpes.<\/li>\n<li>Un acc\u00e8s par jour au tout nouveau spectacle son et lumi\u00e8re de l\u2019espace immersif La Gare de Beau Regard.<\/li>\n<\/ul>\n<p class=\"dw\"><i class=\"dw\">Offre valable du 21 d\u00e9cembre 2024\u00a0au 05 janvier 2025 et du 8 f\u00e9vrier au 09 mars 2025.<\/i><\/p>\n<p><em>*par rapport au tarif public de 267\u20ac pour les adultes et 207\u20ac pour les enfants de 5 \u00e0 14 ans, skicartes incluses, tarif sur place.<\/em><\/p>\n"},{"acf_fc_layout":"two-col-content","contenu_gauche":{"type_de_contenu_gauche":"texte","contenu_texte_gauche":"<p><img loading=\"lazy\" decoding=\"async\" class=\"aligncenter size-full wp-image-288916\" src=\"https:\/\/www.laclusaz.com\/app\/uploads\/2024\/11\/LC2022-Pierre-Guilbaud-ski-famille-5-e1731680818772.jpg\" alt=\"\" width=\"1116\" height=\"1365\" srcset=\"https:\/\/www.laclusaz.com\/app\/uploads\/2024\/11\/LC2022-Pierre-Guilbaud-ski-famille-5-e1731680818772.jpg 1116w, https:\/\/www.laclusaz.com\/app\/uploads\/2024\/11\/LC2022-Pierre-Guilbaud-ski-famille-5-e1731680818772-245x300.jpg 245w, https:\/\/www.laclusaz.com\/app\/uploads\/2024\/11\/LC2022-Pierre-Guilbaud-ski-famille-5-e1731680818772-837x1024.jpg 837w, https:\/\/www.laclusaz.com\/app\/uploads\/2024\/11\/LC2022-Pierre-Guilbaud-ski-famille-5-e1731680818772-768x939.jpg 768w, https:\/\/www.laclusaz.com\/app\/uploads\/2024\/11\/LC2022-Pierre-Guilbaud-ski-famille-5-e1731680818772-106x130.jpg 106w\" sizes=\"auto, (max-width: 1116px) 100vw, 1116px\" \/><\/p>\n","contenu_image_gauche":false,"caption":""},"contenu_droite":{"type_de_contenu_droite":"texte","contenu_image_droite":false,"caption":"","contenu_texte_droite":"<p><img loading=\"lazy\" decoding=\"async\" class=\"aligncenter wp-image-288911\" src=\"https:\/\/www.laclusaz.com\/app\/uploads\/2024\/11\/Offres-famille.png\" alt=\"\" width=\"469\" height=\"226\" srcset=\"https:\/\/www.laclusaz.com\/app\/uploads\/2024\/11\/Offres-famille.png 656w, https:\/\/www.laclusaz.com\/app\/uploads\/2024\/11\/Offres-famille-300x145.png 300w, https:\/\/www.laclusaz.com\/app\/uploads\/2024\/11\/Offres-famille-130x63.png 130w\" sizes=\"auto, (max-width: 469px) 100vw, 469px\" \/><\/p>\n<p style=\"text-align: center;\">Pour toute r\u00e9servation d\u2019un h\u00e9bergement sur laclusaz.com<\/p>\n<p style=\"text-align: center;\">6 jours La Clusaz-Manigod &#8211; <strong>2 adultes &amp; 2 enfants<\/strong><\/p>\n<p style=\"text-align: center;\"><span style=\"color: #00e2b4;\"><strong>848 \u20ac<\/strong><\/span> au lieu de\u00a0 <strong><s class=\"strike-text\">948 \u20ac<\/s><\/strong> au tarif public*<\/p>\n<p style=\"text-align: center;\"><a class=\"button-arrow\" href=\"https:\/\/www.laclusaz.com\/reservation\/hebergements\">D\u00e9couvrir nos h\u00e9bergementS<\/a><br class=\"dw\" \/><b class=\"dw\"><\/b><\/p>\n<p>&nbsp;<\/p>\n"}},{"acf_fc_layout":"one-col-content","contenu_1_colonne":"<div class=\"mt-4\">\n<hr \/>\n<h2><span class=\"title-highlighted\">Offre forfaits\u00a0<\/span><\/h2>\n<\/div>\n<p>Du 08 au 15 f\u00e9vrier, pour toute r\u00e9servation d&#8217;un h\u00e9bergement \u00e0 la semaine sur laclusaz.com, profitez de notre domaine skiable La Clusaz &#8211; Manigod en famille gr\u00e2ce \u00e0 notre offre sp\u00e9ciale : 1 forfait enfant 6 jours offert pour 2 forfaits adultes 6 jours achet\u00e9s.<br class=\"dw\" \/>Offrez ainsi \u00e0 votre famille des moments inoubliables sur les pistes, sans compromis sur votre budget !<\/p>\n"},{"acf_fc_layout":"two-col-content","contenu_gauche":{"type_de_contenu_gauche":"texte","contenu_texte_gauche":"<div class=\"infosection-upper\">\n<div class=\"infosection-package-scrollable ng-star-inserted\">\n<div class=\"content-scrollable\">\n<div class=\"ng-star-inserted\">\n<div class=\"mt-4\"><\/div>\n<div><\/div>\n<div class=\"mt-4\"><img loading=\"lazy\" decoding=\"async\" class=\"aligncenter wp-image-288915\" src=\"https:\/\/www.laclusaz.com\/app\/uploads\/2024\/11\/Offres-famille-2.png\" alt=\"\" width=\"397\" height=\"191\" srcset=\"https:\/\/www.laclusaz.com\/app\/uploads\/2024\/11\/Offres-famille-2.png 656w, https:\/\/www.laclusaz.com\/app\/uploads\/2024\/11\/Offres-famille-2-300x145.png 300w, https:\/\/www.laclusaz.com\/app\/uploads\/2024\/11\/Offres-famille-2-130x63.png 130w\" sizes=\"auto, (max-width: 397px) 100vw, 397px\" \/><\/div>\n<p style=\"text-align: center;\">Pour toute r\u00e9servation d\u2019un h\u00e9bergement sur laclusaz.com <strong>du 08\/02 au 15\/02\/2025.<\/strong><\/p>\n<p style=\"text-align: center;\"><span class=\"title-highlighted\">1<\/span> forfait enfant 6 jours <span style=\"color: #00e2b4;\"><strong>OFFERT<\/strong><\/span> pour <span class=\"title-highlighted\">2<\/span>\u00a0 forfaits adultes 6 jours achet\u00e9s.<\/p>\n<p style=\"text-align: center;\"><a class=\"button-arrow\" href=\"https:\/\/www.laclusaz.com\/reservation\/hebergements\">Trouver mon h\u00e9bergement<\/a><\/p>\n<p>&nbsp;<\/p>\n<\/div>\n<\/div>\n<\/div>\n<\/div>\n","contenu_image_gauche":false,"caption":""},"contenu_droite":{"type_de_contenu_droite":"texte","contenu_image_droite":false,"caption":"","contenu_texte_droite":"<p><img loading=\"lazy\" decoding=\"async\" class=\"aligncenter wp-image-288912 size-full\" src=\"https:\/\/www.laclusaz.com\/app\/uploads\/2024\/11\/LC2022-Pierre-Guilbaud-ski-famille-1-e1731669956256.jpg\" alt=\"\" width=\"1116\" height=\"1365\" srcset=\"https:\/\/www.laclusaz.com\/app\/uploads\/2024\/11\/LC2022-Pierre-Guilbaud-ski-famille-1-e1731669956256.jpg 1116w, https:\/\/www.laclusaz.com\/app\/uploads\/2024\/11\/LC2022-Pierre-Guilbaud-ski-famille-1-e1731669956256-245x300.jpg 245w, https:\/\/www.laclusaz.com\/app\/uploads\/2024\/11\/LC2022-Pierre-Guilbaud-ski-famille-1-e1731669956256-837x1024.jpg 837w, https:\/\/www.laclusaz.com\/app\/uploads\/2024\/11\/LC2022-Pierre-Guilbaud-ski-famille-1-e1731669956256-768x939.jpg 768w, https:\/\/www.laclusaz.com\/app\/uploads\/2024\/11\/LC2022-Pierre-Guilbaud-ski-famille-1-e1731669956256-106x130.jpg 106w\" sizes=\"auto, (max-width: 1116px) 100vw, 1116px\" \/><\/p>\n"}},{"acf_fc_layout":"one-col-content","contenu_1_colonne":"<p>En plus, en exclusivit\u00e9 web, vous b\u00e9n\u00e9ficiez des avantages suivants :<\/p>\n<ul>\n<li>Si votre forfait commence un dimanche, <b class=\"dw\">nous vous offrons le samedi d\u2019arriv\u00e9e pour vous \u00e9chauffer<\/b> !<\/li>\n<li>En apr\u00e8s-ski, b\u00e9n\u00e9ficiez durant votre s\u00e9jour d\u2019une\u00a0<b class=\"dw\">entr\u00e9e offerte au cin\u00e9ma, \u00e0 la patinoire et au Hameau des Alpes.<\/b><\/li>\n<li>Un acc\u00e8s par jour au tout nouveau spectacle son et lumi\u00e8re de l\u2019espace immersif La Gare de Beau Regard<\/li>\n<\/ul>\n"},{"acf_fc_layout":"cards-links","cards_block_title":"","cards_list":[{"card_background":214882,"card_link":{"title":"La magie de No\u00ebl en famille","url":"https:\/\/www.laclusaz.com\/la-station\/la-magie-de-noel-en-famille\/","target":"_blank"}},{"card_background":214845,"card_link":{"title":"Alpine familie ski\u00ebn","url":"https:\/\/www.laclusaz.com\/nl\/alpine-familie-skien\/","target":""}},{"card_background":285402,"card_link":{"title":"Winter activiteiten","url":"https:\/\/www.laclusaz.com\/nl\/activiteiten\/winter-activiteiten\/","target":""}}]}],"deskline_show_multifocus_header":true,"deskline_page_blocks_top":[{"acf_fc_layout":"one-col-content","contenu_1_colonne":"<h2 style=\"text-align: center;\">Uw februarivakantie tegen gereduceerde prijzen<\/h2>\n<p class=\"whitespace-break-spaces\" style=\"text-align: center;\"><strong>Bij elke accommodatieboeking van 7 tot 14 februari 2026: koop 2 volwassen 6-daagse skipassen en ontvang <span style=\"color: #00e2b4;\">1 kinder 6-daagse skipas (onder 15 jaar) gratis!*<\/span><\/strong><\/p>\n<p class=\"whitespace-break-spaces\"><strong>VOORDELEN<\/strong><\/p>\n<ul>\n<li>1 toegang tot het Aquatisch Centrum van La Clusaz<\/li>\n<li>1 gratis bioscoopkaartje<\/li>\n<li>1 toegang tot de ijsbaan, inclusief schaatsverhuur<\/li>\n<li>1 toegang tot Hameau des Alpes (ons erfgoedmuseum)<\/li>\n<li>Onbeperkte toegang tot \u2018La Bascule\u2019 \u2013 Reuzenzwaai bovenop Cr\u00eat du Loup<\/li>\n<li>Onbeperkte toegang tot de immersieve ruimte: Gare de Beau Regard<\/li>\n<li>Nieuw: 1 afdaling met de Bosrodel<\/li>\n<\/ul>\n<p><strong>Gratis zaterdag:<\/strong>\u00a0Als uw pas op zondag begint, geniet u van een gratis skidag op zaterdag.<\/p>\n<p>*Aanbiedingen niet geldig voor beginnersskipassen of kinderen onder 5 jaar.<\/p>\n<p>Geen stress bij aankomst: haal uw skipassen op bij aankomst, samen met de sleutels van uw accommodatie.<\/p>\n<div id=\"gtx-trans\" style=\"position: absolute; left: -46px; top: 39.7px;\">\n<div class=\"gtx-trans-icon\"><\/div>\n<\/div>\n"}],"deskline_tosc5id":"b3356f0b-1294-4211-80a1-728355750ec7","deskline_slug":"accommodaties","deskline_language_code":"nl","deskline_page_blocks_bottom":[{"acf_fc_layout":"one-col-content","contenu_1_colonne":"<p><em>Aanbieding geldig voor elke boeking van een verblijf van 7 nachten met accommodatie van 7 tot 14 februari 2026 en gelijktijdige aankoop van een 6-daagse skipas La Clusaz-Manigod op <a class=\"fade-in\" href=\"http:\/\/www.laclusaz.com\" target=\"_blank\" rel=\"nofollow noopener noreferrer external\">www.laclusaz.com<\/a>. Aanbieding is niet retroactief en niet cumuleerbaar met andere lopende promoties.<\/em><\/p>\n"}]},"yoast_head":"<!-- This site is optimized with the Yoast SEO plugin v26.5 - https:\/\/yoast.com\/wordpress\/plugins\/seo\/ -->\n<title>Bon Plan S\u00e9jour Au Ski F\u00e9vrier | La Clusaz<\/title>\n<meta name=\"description\" content=\"D\u00e9couvrez nos offres de s\u00e9jour \u00e0 La Clusaz pour profiter de vos vacances au ski en f\u00e9vrier au meilleur prix.\" \/>\n<meta name=\"robots\" content=\"index, follow, max-snippet:-1, max-image-preview:large, max-video-preview:-1\" \/>\n<link rel=\"canonical\" href=\"https:\/\/www.laclusaz.com\/nl\/boeking\/topdeal-in-februari\/\" \/>\n<meta property=\"og:locale\" content=\"nl_NL\" \/>\n<meta property=\"og:type\" content=\"article\" \/>\n<meta property=\"og:title\" content=\"Bon Plan S\u00e9jour Au Ski F\u00e9vrier | La Clusaz\" \/>\n<meta property=\"og:description\" content=\"D\u00e9couvrez nos offres de s\u00e9jour \u00e0 La Clusaz pour profiter de vos vacances au ski en f\u00e9vrier au meilleur prix.\" \/>\n<meta property=\"og:url\" content=\"https:\/\/www.laclusaz.com\/nl\/boeking\/topdeal-in-februari\/\" \/>\n<meta property=\"og:site_name\" content=\"La Clusaz\" \/>\n<meta property=\"article:publisher\" content=\"https:\/\/www.facebook.com\/LaClusaz\" \/>\n<meta property=\"article:modified_time\" content=\"2025-11-06T16:45:34+00:00\" \/>\n<meta property=\"og:image\" content=\"https:\/\/www.laclusaz.com\/app\/uploads\/2025\/11\/Header-Offre-fevrier-EN-scaled.jpg\" \/>\n\t<meta property=\"og:image:width\" content=\"2560\" \/>\n\t<meta property=\"og:image:height\" content=\"1067\" \/>\n\t<meta property=\"og:image:type\" content=\"image\/jpeg\" \/>\n<meta name=\"twitter:card\" content=\"summary_large_image\" \/>\n<meta name=\"twitter:site\" content=\"@LaClusaz\" \/>\n<meta name=\"twitter:label1\" content=\"Est. reading time\" \/>\n\t<meta name=\"twitter:data1\" content=\"1 minute\" \/>\n<script type=\"application\/ld+json\" class=\"yoast-schema-graph\">{\"@context\":\"https:\/\/schema.org\",\"@graph\":[{\"@type\":\"WebPage\",\"@id\":\"https:\/\/www.laclusaz.com\/nl\/boeking\/topdeal-in-februari\/\",\"url\":\"https:\/\/www.laclusaz.com\/nl\/boeking\/topdeal-in-februari\/\",\"name\":\"Bon Plan S\u00e9jour Au Ski F\u00e9vrier | La Clusaz\",\"isPartOf\":{\"@id\":\"https:\/\/www.laclusaz.com\/nl\/#website\"},\"primaryImageOfPage\":{\"@id\":\"https:\/\/www.laclusaz.com\/nl\/boeking\/topdeal-in-februari\/#primaryimage\"},\"image\":{\"@id\":\"https:\/\/www.laclusaz.com\/nl\/boeking\/topdeal-in-februari\/#primaryimage\"},\"thumbnailUrl\":\"https:\/\/www.laclusaz.com\/app\/uploads\/2025\/11\/Header-Offre-fevrier-EN-scaled.jpg\",\"datePublished\":\"2024-11-15T15:33:10+00:00\",\"dateModified\":\"2025-11-06T16:45:34+00:00\",\"description\":\"D\u00e9couvrez nos offres de s\u00e9jour \u00e0 La Clusaz pour profiter de vos vacances au ski en f\u00e9vrier au meilleur prix.\",\"breadcrumb\":{\"@id\":\"https:\/\/www.laclusaz.com\/nl\/boeking\/topdeal-in-februari\/#breadcrumb\"},\"inLanguage\":\"nl-NL\",\"potentialAction\":[{\"@type\":\"ReadAction\",\"target\":[\"https:\/\/www.laclusaz.com\/nl\/boeking\/topdeal-in-februari\/\"]}]},{\"@type\":\"ImageObject\",\"inLanguage\":\"nl-NL\",\"@id\":\"https:\/\/www.laclusaz.com\/nl\/boeking\/topdeal-in-februari\/#primaryimage\",\"url\":\"https:\/\/www.laclusaz.com\/app\/uploads\/2025\/11\/Header-Offre-fevrier-EN-scaled.jpg\",\"contentUrl\":\"https:\/\/www.laclusaz.com\/app\/uploads\/2025\/11\/Header-Offre-fevrier-EN-scaled.jpg\",\"width\":2560,\"height\":1067},{\"@type\":\"BreadcrumbList\",\"@id\":\"https:\/\/www.laclusaz.com\/nl\/boeking\/topdeal-in-februari\/#breadcrumb\",\"itemListElement\":[{\"@type\":\"ListItem\",\"position\":1,\"name\":\"Startpagina\",\"item\":\"https:\/\/www.laclusaz.com\/nl\/\"},{\"@type\":\"ListItem\",\"position\":2,\"name\":\"Boeking\",\"item\":\"https:\/\/www.laclusaz.com\/nl\/boeking\/\"},{\"@type\":\"ListItem\",\"position\":3,\"name\":\"Topdeal in februari\"}]},{\"@type\":\"WebSite\",\"@id\":\"https:\/\/www.laclusaz.com\/nl\/#website\",\"url\":\"https:\/\/www.laclusaz.com\/nl\/\",\"name\":\"La Clusaz\",\"description\":\"\",\"publisher\":{\"@id\":\"https:\/\/www.laclusaz.com\/nl\/#organization\"},\"potentialAction\":[{\"@type\":\"SearchAction\",\"target\":{\"@type\":\"EntryPoint\",\"urlTemplate\":\"https:\/\/www.laclusaz.com\/nl\/?s={search_term_string}\"},\"query-input\":{\"@type\":\"PropertyValueSpecification\",\"valueRequired\":true,\"valueName\":\"search_term_string\"}}],\"inLanguage\":\"nl-NL\"},{\"@type\":\"Organization\",\"@id\":\"https:\/\/www.laclusaz.com\/nl\/#organization\",\"name\":\"La Clusaz\",\"url\":\"https:\/\/www.laclusaz.com\/nl\/\",\"logo\":{\"@type\":\"ImageObject\",\"inLanguage\":\"nl-NL\",\"@id\":\"https:\/\/www.laclusaz.com\/nl\/#\/schema\/logo\/image\/\",\"url\":\"https:\/\/www.laclusaz.com\/app\/uploads\/2023\/03\/Logo-La-Clusaz-French-Alps-paysage.png\",\"contentUrl\":\"https:\/\/www.laclusaz.com\/app\/uploads\/2023\/03\/Logo-La-Clusaz-French-Alps-paysage.png\",\"width\":1920,\"height\":1018,\"caption\":\"La Clusaz\"},\"image\":{\"@id\":\"https:\/\/www.laclusaz.com\/nl\/#\/schema\/logo\/image\/\"},\"sameAs\":[\"https:\/\/www.facebook.com\/LaClusaz\",\"https:\/\/x.com\/LaClusaz\",\"https:\/\/www.instagram.com\/laclusazskiresort\/\",\"https:\/\/www.youtube.com\/channel\/UC0nXO2GDOebkqOvTCx8gtGA\",\"https:\/\/www.tiktok.com\/@la_clusaz\"]}]}<\/script>\n<!-- \/ Yoast SEO plugin. -->","yoast_head_json":{"title":"Bon Plan S\u00e9jour Au Ski F\u00e9vrier | La Clusaz","description":"D\u00e9couvrez nos offres de s\u00e9jour \u00e0 La Clusaz pour profiter de vos vacances au ski en f\u00e9vrier au meilleur prix.","robots":{"index":"index","follow":"follow","max-snippet":"max-snippet:-1","max-image-preview":"max-image-preview:large","max-video-preview":"max-video-preview:-1"},"canonical":"https:\/\/www.laclusaz.com\/nl\/boeking\/topdeal-in-februari\/","og_locale":"nl_NL","og_type":"article","og_title":"Bon Plan S\u00e9jour Au Ski F\u00e9vrier | La Clusaz","og_description":"D\u00e9couvrez nos offres de s\u00e9jour \u00e0 La Clusaz pour profiter de vos vacances au ski en f\u00e9vrier au meilleur prix.","og_url":"https:\/\/www.laclusaz.com\/nl\/boeking\/topdeal-in-februari\/","og_site_name":"La Clusaz","article_publisher":"https:\/\/www.facebook.com\/LaClusaz","article_modified_time":"2025-11-06T16:45:34+00:00","og_image":[{"width":2560,"height":1067,"url":"https:\/\/www.laclusaz.com\/app\/uploads\/2025\/11\/Header-Offre-fevrier-EN-scaled.jpg","type":"image\/jpeg"}],"twitter_card":"summary_large_image","twitter_site":"@LaClusaz","twitter_misc":{"Est. reading time":"1 minute"},"schema":{"@context":"https:\/\/schema.org","@graph":[{"@type":"WebPage","@id":"https:\/\/www.laclusaz.com\/nl\/boeking\/topdeal-in-februari\/","url":"https:\/\/www.laclusaz.com\/nl\/boeking\/topdeal-in-februari\/","name":"Bon Plan S\u00e9jour Au Ski F\u00e9vrier | La Clusaz","isPartOf":{"@id":"https:\/\/www.laclusaz.com\/nl\/#website"},"primaryImageOfPage":{"@id":"https:\/\/www.laclusaz.com\/nl\/boeking\/topdeal-in-februari\/#primaryimage"},"image":{"@id":"https:\/\/www.laclusaz.com\/nl\/boeking\/topdeal-in-februari\/#primaryimage"},"thumbnailUrl":"https:\/\/www.laclusaz.com\/app\/uploads\/2025\/11\/Header-Offre-fevrier-EN-scaled.jpg","datePublished":"2024-11-15T15:33:10+00:00","dateModified":"2025-11-06T16:45:34+00:00","description":"D\u00e9couvrez nos offres de s\u00e9jour \u00e0 La Clusaz pour profiter de vos vacances au ski en f\u00e9vrier au meilleur prix.","breadcrumb":{"@id":"https:\/\/www.laclusaz.com\/nl\/boeking\/topdeal-in-februari\/#breadcrumb"},"inLanguage":"nl-NL","potentialAction":[{"@type":"ReadAction","target":["https:\/\/www.laclusaz.com\/nl\/boeking\/topdeal-in-februari\/"]}]},{"@type":"ImageObject","inLanguage":"nl-NL","@id":"https:\/\/www.laclusaz.com\/nl\/boeking\/topdeal-in-februari\/#primaryimage","url":"https:\/\/www.laclusaz.com\/app\/uploads\/2025\/11\/Header-Offre-fevrier-EN-scaled.jpg","contentUrl":"https:\/\/www.laclusaz.com\/app\/uploads\/2025\/11\/Header-Offre-fevrier-EN-scaled.jpg","width":2560,"height":1067},{"@type":"BreadcrumbList","@id":"https:\/\/www.laclusaz.com\/nl\/boeking\/topdeal-in-februari\/#breadcrumb","itemListElement":[{"@type":"ListItem","position":1,"name":"Startpagina","item":"https:\/\/www.laclusaz.com\/nl\/"},{"@type":"ListItem","position":2,"name":"Boeking","item":"https:\/\/www.laclusaz.com\/nl\/boeking\/"},{"@type":"ListItem","position":3,"name":"Topdeal in februari"}]},{"@type":"WebSite","@id":"https:\/\/www.laclusaz.com\/nl\/#website","url":"https:\/\/www.laclusaz.com\/nl\/","name":"La Clusaz","description":"","publisher":{"@id":"https:\/\/www.laclusaz.com\/nl\/#organization"},"potentialAction":[{"@type":"SearchAction","target":{"@type":"EntryPoint","urlTemplate":"https:\/\/www.laclusaz.com\/nl\/?s={search_term_string}"},"query-input":{"@type":"PropertyValueSpecification","valueRequired":true,"valueName":"search_term_string"}}],"inLanguage":"nl-NL"},{"@type":"Organization","@id":"https:\/\/www.laclusaz.com\/nl\/#organization","name":"La Clusaz","url":"https:\/\/www.laclusaz.com\/nl\/","logo":{"@type":"ImageObject","inLanguage":"nl-NL","@id":"https:\/\/www.laclusaz.com\/nl\/#\/schema\/logo\/image\/","url":"https:\/\/www.laclusaz.com\/app\/uploads\/2023\/03\/Logo-La-Clusaz-French-Alps-paysage.png","contentUrl":"https:\/\/www.laclusaz.com\/app\/uploads\/2023\/03\/Logo-La-Clusaz-French-Alps-paysage.png","width":1920,"height":1018,"caption":"La Clusaz"},"image":{"@id":"https:\/\/www.laclusaz.com\/nl\/#\/schema\/logo\/image\/"},"sameAs":["https:\/\/www.facebook.com\/LaClusaz","https:\/\/x.com\/LaClusaz","https:\/\/www.instagram.com\/laclusazskiresort\/","https:\/\/www.youtube.com\/channel\/UC0nXO2GDOebkqOvTCx8gtGA","https:\/\/www.tiktok.com\/@la_clusaz"]}]}},"_links":{"self":[{"href":"https:\/\/www.laclusaz.com\/nl\/wp-json\/wp\/v2\/pages\/289075","targetHints":{"allow":["GET"]}}],"collection":[{"href":"https:\/\/www.laclusaz.com\/nl\/wp-json\/wp\/v2\/pages"}],"about":[{"href":"https:\/\/www.laclusaz.com\/nl\/wp-json\/wp\/v2\/types\/page"}],"author":[{"embeddable":true,"href":"https:\/\/www.laclusaz.com\/nl\/wp-json\/wp\/v2\/users\/2"}],"replies":[{"embeddable":true,"href":"https:\/\/www.laclusaz.com\/nl\/wp-json\/wp\/v2\/comments?post=289075"}],"version-history":[{"count":20,"href":"https:\/\/www.laclusaz.com\/nl\/wp-json\/wp\/v2\/pages\/289075\/revisions"}],"predecessor-version":[{"id":365316,"href":"https:\/\/www.laclusaz.com\/nl\/wp-json\/wp\/v2\/pages\/289075\/revisions\/365316"}],"up":[{"embeddable":true,"href":"https:\/\/www.laclusaz.com\/nl\/wp-json\/wp\/v2\/pages\/243344"}],"wp:featuredmedia":[{"embeddable":true,"href":"https:\/\/www.laclusaz.com\/nl\/wp-json\/wp\/v2\/media\/365312"}],"wp:attachment":[{"href":"https:\/\/www.laclusaz.com\/nl\/wp-json\/wp\/v2\/media?parent=289075"}],"curies":[{"name":"wp","href":"https:\/\/api.w.org\/{rel}","templated":true}]}}