{"id":234022,"date":"2023-12-19T15:48:57","date_gmt":"2023-12-19T14:48:57","guid":{"rendered":"https:\/\/www.laclusaz.com\/application-mobile\/"},"modified":"2025-08-27T09:23:15","modified_gmt":"2025-08-27T07:23:15","slug":"interactieve-kaart","status":"publish","type":"page","link":"https:\/\/www.laclusaz.com\/nl\/interactieve-kaart\/","title":{"rendered":"Interactieve kaart"},"content":{"rendered":"<p style=\"text-align: center;\"><strong>Ontdek onze nieuwe La Clusaz-webapp: een interactieve kaart om alles in het dal live te volgen, zoals webcams, shuttles, skipassen, winkels, evenementen en het plannen van routes. Geen papieren kaart meer nodig, je hebt alles in je zak!<\/strong><\/p>\n","protected":false},"excerpt":{"rendered":"<span class=\"excerpt-link\">Lire plus<\/span>","protected":false},"author":7,"featured_media":0,"parent":0,"menu_order":0,"comment_status":"closed","ping_status":"closed","template":"grdn_multifocus.php","meta":{"_acf_changed":false,"inline_featured_image":false,"footnotes":""},"class_list":["post-234022","page","type-page","status-publish","hentry"],"acf":{"page_blocks":[{"acf_fc_layout":"one-col-content","contenu_1_colonne":"<p><!-- The container for the grincat iframe --><\/p>\n<div id=\"grincat-iframe-id\" style=\"width: 100%; height: 90vh;\"><\/div>\n<p><!-- The grincat loader library --><br \/>\n<script src=\"https:\/\/laclusaz.grincat.io\/grincat-loader.js\"><\/script><\/p>\n<p><!-- The script to launch the grincat --><br \/>\n<script>\nconst grincat = new GrincatLoader.GrincatBridge()\ngrincat.initialize({\n    containerId: 'grincat-iframe-id'\n})\n<\/script><\/p>\n"}],"display_antidots_widget":false},"yoast_head":"<!-- This site is optimized with the Yoast SEO plugin v26.5 - https:\/\/yoast.com\/wordpress\/plugins\/seo\/ -->\n<title>Interactieve kaart | La Clusaz<\/title>\n<meta name=\"description\" content=\"Un plan interactif pour suivre en live tout ce qui se passe dans la vall\u00e9e : webcam, navettes, forfaits, commerces, \u00e9v\u00e9nements, cr\u00e9ationDe nieuwe mobiele applicatie van La Clusaz voor Android en iOS is binnenkort hier beschikbaar d&#039;itin\u00e9raires\" \/>\n<meta name=\"robots\" content=\"index, follow, max-snippet:-1, max-image-preview:large, max-video-preview:-1\" \/>\n<link rel=\"canonical\" href=\"https:\/\/www.laclusaz.com\/nl\/interactieve-kaart\/\" \/>\n<meta property=\"og:locale\" content=\"nl_NL\" \/>\n<meta property=\"og:type\" content=\"article\" \/>\n<meta property=\"og:title\" content=\"Interactieve kaart | La Clusaz\" \/>\n<meta property=\"og:description\" content=\"Un plan interactif pour suivre en live tout ce qui se passe dans la vall\u00e9e : webcam, navettes, forfaits, commerces, \u00e9v\u00e9nements, cr\u00e9ationDe nieuwe mobiele applicatie van La Clusaz voor Android en iOS is binnenkort hier beschikbaar d&#039;itin\u00e9raires\" \/>\n<meta property=\"og:url\" content=\"https:\/\/www.laclusaz.com\/nl\/interactieve-kaart\/\" \/>\n<meta property=\"og:site_name\" content=\"La Clusaz\" \/>\n<meta property=\"article:publisher\" content=\"https:\/\/www.facebook.com\/LaClusaz\" \/>\n<meta property=\"article:modified_time\" content=\"2025-08-27T07:23:15+00:00\" \/>\n<meta property=\"og:image\" content=\"https:\/\/www.laclusaz.com\/app\/uploads\/2023\/03\/La_Clusaz-Share.jpg\" \/>\n\t<meta property=\"og:image:width\" content=\"1200\" \/>\n\t<meta property=\"og:image:height\" content=\"630\" \/>\n\t<meta property=\"og:image:type\" content=\"image\/jpeg\" \/>\n<meta name=\"twitter:card\" content=\"summary_large_image\" \/>\n<meta name=\"twitter:site\" content=\"@LaClusaz\" \/>\n<meta name=\"twitter:label1\" content=\"Est. reading time\" \/>\n\t<meta name=\"twitter:data1\" content=\"1 minute\" \/>\n<script type=\"application\/ld+json\" class=\"yoast-schema-graph\">{\"@context\":\"https:\/\/schema.org\",\"@graph\":[{\"@type\":\"WebPage\",\"@id\":\"https:\/\/www.laclusaz.com\/nl\/interactieve-kaart\/\",\"url\":\"https:\/\/www.laclusaz.com\/nl\/interactieve-kaart\/\",\"name\":\"Interactieve kaart | La Clusaz\",\"isPartOf\":{\"@id\":\"https:\/\/www.laclusaz.com\/nl\/#website\"},\"datePublished\":\"2023-12-19T14:48:57+00:00\",\"dateModified\":\"2025-08-27T07:23:15+00:00\",\"description\":\"Un plan interactif pour suivre en live tout ce qui se passe dans la vall\u00e9e : webcam, navettes, forfaits, commerces, \u00e9v\u00e9nements, cr\u00e9ationDe nieuwe mobiele applicatie van La Clusaz voor Android en iOS is binnenkort hier beschikbaar d'itin\u00e9raires\",\"breadcrumb\":{\"@id\":\"https:\/\/www.laclusaz.com\/nl\/interactieve-kaart\/#breadcrumb\"},\"inLanguage\":\"nl-NL\",\"potentialAction\":[{\"@type\":\"ReadAction\",\"target\":[\"https:\/\/www.laclusaz.com\/nl\/interactieve-kaart\/\"]}]},{\"@type\":\"BreadcrumbList\",\"@id\":\"https:\/\/www.laclusaz.com\/nl\/interactieve-kaart\/#breadcrumb\",\"itemListElement\":[{\"@type\":\"ListItem\",\"position\":1,\"name\":\"Startpagina\",\"item\":\"https:\/\/www.laclusaz.com\/nl\/\"},{\"@type\":\"ListItem\",\"position\":2,\"name\":\"Interactieve kaart\"}]},{\"@type\":\"WebSite\",\"@id\":\"https:\/\/www.laclusaz.com\/nl\/#website\",\"url\":\"https:\/\/www.laclusaz.com\/nl\/\",\"name\":\"La Clusaz\",\"description\":\"\",\"publisher\":{\"@id\":\"https:\/\/www.laclusaz.com\/nl\/#organization\"},\"potentialAction\":[{\"@type\":\"SearchAction\",\"target\":{\"@type\":\"EntryPoint\",\"urlTemplate\":\"https:\/\/www.laclusaz.com\/nl\/?s={search_term_string}\"},\"query-input\":{\"@type\":\"PropertyValueSpecification\",\"valueRequired\":true,\"valueName\":\"search_term_string\"}}],\"inLanguage\":\"nl-NL\"},{\"@type\":\"Organization\",\"@id\":\"https:\/\/www.laclusaz.com\/nl\/#organization\",\"name\":\"La Clusaz\",\"url\":\"https:\/\/www.laclusaz.com\/nl\/\",\"logo\":{\"@type\":\"ImageObject\",\"inLanguage\":\"nl-NL\",\"@id\":\"https:\/\/www.laclusaz.com\/nl\/#\/schema\/logo\/image\/\",\"url\":\"https:\/\/www.laclusaz.com\/app\/uploads\/2023\/03\/Logo-La-Clusaz-French-Alps-paysage.png\",\"contentUrl\":\"https:\/\/www.laclusaz.com\/app\/uploads\/2023\/03\/Logo-La-Clusaz-French-Alps-paysage.png\",\"width\":1920,\"height\":1018,\"caption\":\"La Clusaz\"},\"image\":{\"@id\":\"https:\/\/www.laclusaz.com\/nl\/#\/schema\/logo\/image\/\"},\"sameAs\":[\"https:\/\/www.facebook.com\/LaClusaz\",\"https:\/\/x.com\/LaClusaz\",\"https:\/\/www.instagram.com\/laclusazskiresort\/\",\"https:\/\/www.youtube.com\/channel\/UC0nXO2GDOebkqOvTCx8gtGA\",\"https:\/\/www.tiktok.com\/@la_clusaz\"]}]}<\/script>\n<!-- \/ Yoast SEO plugin. -->","yoast_head_json":{"title":"Interactieve kaart | La Clusaz","description":"Un plan interactif pour suivre en live tout ce qui se passe dans la vall\u00e9e : webcam, navettes, forfaits, commerces, \u00e9v\u00e9nements, cr\u00e9ationDe nieuwe mobiele applicatie van La Clusaz voor Android en iOS is binnenkort hier beschikbaar d'itin\u00e9raires","robots":{"index":"index","follow":"follow","max-snippet":"max-snippet:-1","max-image-preview":"max-image-preview:large","max-video-preview":"max-video-preview:-1"},"canonical":"https:\/\/www.laclusaz.com\/nl\/interactieve-kaart\/","og_locale":"nl_NL","og_type":"article","og_title":"Interactieve kaart | La Clusaz","og_description":"Un plan interactif pour suivre en live tout ce qui se passe dans la vall\u00e9e : webcam, navettes, forfaits, commerces, \u00e9v\u00e9nements, cr\u00e9ationDe nieuwe mobiele applicatie van La Clusaz voor Android en iOS is binnenkort hier beschikbaar d'itin\u00e9raires","og_url":"https:\/\/www.laclusaz.com\/nl\/interactieve-kaart\/","og_site_name":"La Clusaz","article_publisher":"https:\/\/www.facebook.com\/LaClusaz","article_modified_time":"2025-08-27T07:23:15+00:00","og_image":[{"width":1200,"height":630,"url":"https:\/\/www.laclusaz.com\/app\/uploads\/2023\/03\/La_Clusaz-Share.jpg","type":"image\/jpeg"}],"twitter_card":"summary_large_image","twitter_site":"@LaClusaz","twitter_misc":{"Est. reading time":"1 minute"},"schema":{"@context":"https:\/\/schema.org","@graph":[{"@type":"WebPage","@id":"https:\/\/www.laclusaz.com\/nl\/interactieve-kaart\/","url":"https:\/\/www.laclusaz.com\/nl\/interactieve-kaart\/","name":"Interactieve kaart | La Clusaz","isPartOf":{"@id":"https:\/\/www.laclusaz.com\/nl\/#website"},"datePublished":"2023-12-19T14:48:57+00:00","dateModified":"2025-08-27T07:23:15+00:00","description":"Un plan interactif pour suivre en live tout ce qui se passe dans la vall\u00e9e : webcam, navettes, forfaits, commerces, \u00e9v\u00e9nements, cr\u00e9ationDe nieuwe mobiele applicatie van La Clusaz voor Android en iOS is binnenkort hier beschikbaar d'itin\u00e9raires","breadcrumb":{"@id":"https:\/\/www.laclusaz.com\/nl\/interactieve-kaart\/#breadcrumb"},"inLanguage":"nl-NL","potentialAction":[{"@type":"ReadAction","target":["https:\/\/www.laclusaz.com\/nl\/interactieve-kaart\/"]}]},{"@type":"BreadcrumbList","@id":"https:\/\/www.laclusaz.com\/nl\/interactieve-kaart\/#breadcrumb","itemListElement":[{"@type":"ListItem","position":1,"name":"Startpagina","item":"https:\/\/www.laclusaz.com\/nl\/"},{"@type":"ListItem","position":2,"name":"Interactieve kaart"}]},{"@type":"WebSite","@id":"https:\/\/www.laclusaz.com\/nl\/#website","url":"https:\/\/www.laclusaz.com\/nl\/","name":"La Clusaz","description":"","publisher":{"@id":"https:\/\/www.laclusaz.com\/nl\/#organization"},"potentialAction":[{"@type":"SearchAction","target":{"@type":"EntryPoint","urlTemplate":"https:\/\/www.laclusaz.com\/nl\/?s={search_term_string}"},"query-input":{"@type":"PropertyValueSpecification","valueRequired":true,"valueName":"search_term_string"}}],"inLanguage":"nl-NL"},{"@type":"Organization","@id":"https:\/\/www.laclusaz.com\/nl\/#organization","name":"La Clusaz","url":"https:\/\/www.laclusaz.com\/nl\/","logo":{"@type":"ImageObject","inLanguage":"nl-NL","@id":"https:\/\/www.laclusaz.com\/nl\/#\/schema\/logo\/image\/","url":"https:\/\/www.laclusaz.com\/app\/uploads\/2023\/03\/Logo-La-Clusaz-French-Alps-paysage.png","contentUrl":"https:\/\/www.laclusaz.com\/app\/uploads\/2023\/03\/Logo-La-Clusaz-French-Alps-paysage.png","width":1920,"height":1018,"caption":"La Clusaz"},"image":{"@id":"https:\/\/www.laclusaz.com\/nl\/#\/schema\/logo\/image\/"},"sameAs":["https:\/\/www.facebook.com\/LaClusaz","https:\/\/x.com\/LaClusaz","https:\/\/www.instagram.com\/laclusazskiresort\/","https:\/\/www.youtube.com\/channel\/UC0nXO2GDOebkqOvTCx8gtGA","https:\/\/www.tiktok.com\/@la_clusaz"]}]}},"_links":{"self":[{"href":"https:\/\/www.laclusaz.com\/nl\/wp-json\/wp\/v2\/pages\/234022","targetHints":{"allow":["GET"]}}],"collection":[{"href":"https:\/\/www.laclusaz.com\/nl\/wp-json\/wp\/v2\/pages"}],"about":[{"href":"https:\/\/www.laclusaz.com\/nl\/wp-json\/wp\/v2\/types\/page"}],"author":[{"embeddable":true,"href":"https:\/\/www.laclusaz.com\/nl\/wp-json\/wp\/v2\/users\/7"}],"replies":[{"embeddable":true,"href":"https:\/\/www.laclusaz.com\/nl\/wp-json\/wp\/v2\/comments?post=234022"}],"version-history":[{"count":13,"href":"https:\/\/www.laclusaz.com\/nl\/wp-json\/wp\/v2\/pages\/234022\/revisions"}],"predecessor-version":[{"id":345270,"href":"https:\/\/www.laclusaz.com\/nl\/wp-json\/wp\/v2\/pages\/234022\/revisions\/345270"}],"wp:attachment":[{"href":"https:\/\/www.laclusaz.com\/nl\/wp-json\/wp\/v2\/media?parent=234022"}],"curies":[{"name":"wp","href":"https:\/\/api.w.org\/{rel}","templated":true}]}}