{"id":232552,"date":"2023-12-11T11:20:36","date_gmt":"2023-12-11T10:20:36","guid":{"rendered":"https:\/\/www.laclusaz.com\/activiteiten\/animations-des-commercants\/"},"modified":"2024-10-15T11:00:12","modified_gmt":"2024-10-15T09:00:12","slug":"animations-des-commercants","status":"publish","type":"page","link":"https:\/\/www.laclusaz.com\/nl\/activiteiten\/animations-des-commercants\/","title":{"rendered":"Activiteiten van de winkeliers en verenigingen"},"content":{"rendered":"<p>Vind hier alle activiteiten van onze winkeliers en verenigingen, of u nu sportief, feestelijk bent of op zoek naar lokale cultuur!<\/p>\n","protected":false},"excerpt":{"rendered":"<span class=\"excerpt-link\">Lire plus<\/span>","protected":false},"author":2,"featured_media":175295,"parent":176562,"menu_order":0,"comment_status":"closed","ping_status":"closed","template":"grdn_multifocus.php","meta":{"_acf_changed":false,"inline_featured_image":false,"footnotes":""},"class_list":["post-232552","page","type-page","status-publish","has-post-thumbnail","hentry"],"acf":{"page_blocks":[{"acf_fc_layout":"two-col-content","contenu_gauche":{"type_de_contenu_gauche":"texte","contenu_texte_gauche":"<h2>feestelijk<\/h2>\n","contenu_image_gauche":false,"caption":""},"contenu_droite":{"type_de_contenu_droite":"texte","contenu_image_droite":false,"caption":"","contenu_texte_droite":"<p><img loading=\"lazy\" decoding=\"async\" class=\"alignnone wp-image-248603 size-large\" src=\"https:\/\/www.laclusaz.com\/app\/uploads\/2024\/05\/champ-platines-laclusaz-841x1024.jpg\" alt=\"\" width=\"640\" height=\"779\" srcset=\"https:\/\/www.laclusaz.com\/app\/uploads\/2024\/05\/champ-platines-laclusaz-841x1024.jpg 841w, https:\/\/www.laclusaz.com\/app\/uploads\/2024\/05\/champ-platines-laclusaz-247x300.jpg 247w, https:\/\/www.laclusaz.com\/app\/uploads\/2024\/05\/champ-platines-laclusaz-768x935.jpg 768w, https:\/\/www.laclusaz.com\/app\/uploads\/2024\/05\/champ-platines-laclusaz-107x130.jpg 107w, https:\/\/www.laclusaz.com\/app\/uploads\/2024\/05\/champ-platines-laclusaz.jpg 1000w\" sizes=\"auto, (max-width: 640px) 100vw, 640px\" \/><\/p>\n"}},{"acf_fc_layout":"two-col-content","contenu_gauche":{"type_de_contenu_gauche":"texte","contenu_texte_gauche":"<p><img loading=\"lazy\" decoding=\"async\" class=\"alignnone wp-image-200439 size-full\" src=\"https:\/\/www.laclusaz.com\/app\/uploads\/2023\/05\/Village-ete.jpg\" alt=\"\" width=\"676\" height=\"956\" srcset=\"https:\/\/www.laclusaz.com\/app\/uploads\/2023\/05\/Village-ete.jpg 676w, https:\/\/www.laclusaz.com\/app\/uploads\/2023\/05\/Village-ete-212x300.jpg 212w, https:\/\/www.laclusaz.com\/app\/uploads\/2023\/05\/Village-ete-92x130.jpg 92w\" sizes=\"auto, (max-width: 676px) 100vw, 676px\" \/><\/p>\n","contenu_image_gauche":false,"caption":""},"contenu_droite":{"type_de_contenu_droite":"texte","contenu_image_droite":false,"caption":"","contenu_texte_droite":"<h2><strong>CULTUREEL<\/strong><\/h2>\n<ul>\n<li><strong>LE BOUILLON &#8211; TIERS-LIEU<\/strong>: Het volledige programma van de Tiers-Lieu is hier te vinden.<\/li>\n<li><strong>BEZOEK AAN DE DISTILLEERDERIJ VAN ARAVIS<\/strong>: Kom de geheimen ontdekken van de productie in de distilleerderij van Aravis en duik in de wereld van de alembiek en zijn authentieke G\u00e9n\u00e9pi-likeur. Groepsbezoeken op aanvraag vanaf 20 personen. Prijs: 6 \u20ac, gratis voor kinderen onder de 12 jaar. Meer informatie.<\/li>\n<\/ul>\n"}},{"acf_fc_layout":"two-col-content","contenu_gauche":{"type_de_contenu_gauche":"texte","contenu_texte_gauche":"<h2><strong>WELZIJN<\/strong><\/h2>\n<ul>\n<li><strong>LE P\u00caLE COWORKING<\/strong>: bekijk de informatie, afspraken en workshops.<\/li>\n<\/ul>\n","contenu_image_gauche":false,"caption":""},"contenu_droite":{"type_de_contenu_droite":"image","contenu_image_droite":{"ID":217665,"id":217665,"title":"\u00a9 Tilby Vattard \u2022 SIMA \u2022 La Clusaz","filename":"spa-payot-scaled.jpg","filesize":303525,"url":"https:\/\/www.laclusaz.com\/app\/uploads\/2023\/10\/spa-payot-scaled.jpg","link":"https:\/\/www.laclusaz.com\/nl\/activites\/ete\/attachment\/tilby-vattard-sima-la-clusaz\/","alt":"","author":"2","description":"","caption":"","name":"tilby-vattard-sima-la-clusaz","status":"inherit","uploaded_to":21678,"date":"2023-10-09 13:57:25","modified":"2024-05-02 08:31:56","menu_order":0,"mime_type":"image\/jpeg","type":"image","subtype":"jpeg","icon":"https:\/\/www.laclusaz.com\/wp\/wp-includes\/images\/media\/default.png","width":1280,"height":1920,"sizes":{"thumbnail":"https:\/\/www.laclusaz.com\/app\/uploads\/2023\/10\/spa-payot-150x150.jpg","thumbnail-width":150,"thumbnail-height":150,"medium":"https:\/\/www.laclusaz.com\/app\/uploads\/2023\/10\/spa-payot-200x300.jpg","medium-width":200,"medium-height":300,"medium_large":"https:\/\/www.laclusaz.com\/app\/uploads\/2023\/10\/spa-payot-768x1152.jpg","medium_large-width":640,"medium_large-height":960,"large":"https:\/\/www.laclusaz.com\/app\/uploads\/2023\/10\/spa-payot-682x1024.jpg","large-width":640,"large-height":961,"galerie_photo":"https:\/\/www.laclusaz.com\/app\/uploads\/2023\/10\/spa-payot-1110x620.jpg","galerie_photo-width":1110,"galerie_photo-height":620,"galerie_photo_large":"https:\/\/www.laclusaz.com\/app\/uploads\/2023\/10\/spa-payot-1333x760.jpg","galerie_photo_large-width":1333,"galerie_photo_large-height":760,"post-thumbnail":"https:\/\/www.laclusaz.com\/app\/uploads\/2023\/10\/spa-payot-350x240.jpg","post-thumbnail-width":350,"post-thumbnail-height":240,"page-thumbnail":"https:\/\/www.laclusaz.com\/app\/uploads\/2023\/10\/spa-payot-475x240.jpg","page-thumbnail-width":475,"page-thumbnail-height":240,"picture_list":"https:\/\/www.laclusaz.com\/app\/uploads\/2023\/10\/spa-payot-540x360.jpg","picture_list-width":540,"picture_list-height":360,"2-3_picture":"https:\/\/www.laclusaz.com\/app\/uploads\/2023\/10\/spa-payot-825x355.jpg","2-3_picture-width":825,"2-3_picture-height":355,"1-3_picture":"https:\/\/www.laclusaz.com\/app\/uploads\/2023\/10\/spa-payot-255x355.jpg","1-3_picture-width":255,"1-3_picture-height":355,"1536x1536":"https:\/\/www.laclusaz.com\/app\/uploads\/2023\/10\/spa-payot-1024x1536.jpg","1536x1536-width":1024,"1536x1536-height":1536,"2048x2048":"https:\/\/www.laclusaz.com\/app\/uploads\/2023\/10\/spa-payot-scaled.jpg","2048x2048-width":1280,"2048x2048-height":1920,"top_page_listing":"https:\/\/www.laclusaz.com\/app\/uploads\/2023\/10\/spa-payot-480x600.jpg","top_page_listing-width":480,"top_page_listing-height":600,"top_page_multifocus":"https:\/\/www.laclusaz.com\/app\/uploads\/2023\/10\/spa-payot-1333x480.jpg","top_page_multifocus-width":1333,"top_page_multifocus-height":480,"post_teaser":"https:\/\/www.laclusaz.com\/app\/uploads\/2023\/10\/spa-payot-680x380.jpg","post_teaser-width":680,"post_teaser-height":380,"cards_links":"https:\/\/www.laclusaz.com\/app\/uploads\/2023\/10\/spa-payot-340x425.jpg","cards_links-width":340,"cards_links-height":425,"cards_square":"https:\/\/www.laclusaz.com\/app\/uploads\/2023\/10\/spa-payot-360x350.jpg","cards_square-width":360,"cards_square-height":350,"deal_thumbnail":"https:\/\/www.laclusaz.com\/app\/uploads\/2023\/10\/spa-payot-220x230.jpg","deal_thumbnail-width":220,"deal_thumbnail-height":230,"card_category":"https:\/\/www.laclusaz.com\/app\/uploads\/2023\/10\/spa-payot-290x375.jpg","card_category-width":290,"card_category-height":375,"card_category_bottom":"https:\/\/www.laclusaz.com\/app\/uploads\/2023\/10\/spa-payot-490x345.jpg","card_category_bottom-width":490,"card_category_bottom-height":345,"apidae_teaser":"https:\/\/www.laclusaz.com\/app\/uploads\/2023\/10\/spa-payot-340x170.jpg","apidae_teaser-width":340,"apidae_teaser-height":170,"apidae_item_slider":"https:\/\/www.laclusaz.com\/app\/uploads\/2023\/10\/spa-payot-890x500.jpg","apidae_item_slider-width":890,"apidae_item_slider-height":500,"partner_logo":"https:\/\/www.laclusaz.com\/app\/uploads\/2023\/10\/spa-payot-87x130.jpg","partner_logo-width":87,"partner_logo-height":130,"apidae_header":"https:\/\/www.laclusaz.com\/app\/uploads\/2023\/10\/spa-payot-1333x650.jpg","apidae_header-width":1333,"apidae_header-height":650}},"caption":"","contenu_texte_droite":"<h2 style=\"text-align: left;\">Bien \u00eatre<\/h2>\n<ul>\n<li><strong>ATELIERS ALPEN PARA : infos &amp; r\u00e9servations 04 38 80 14 85<\/strong><\/li>\n<\/ul>\n<ul>\n<li><strong>LE P\u00caLE COWORKING : <a href=\"https:\/\/www.lepelecoworking.com\/la-vie-du-pele-coworking\" target=\"_blank\" rel=\"noopener\">consulter les infos, rendez-vous et ateliers<\/a>.<\/strong><\/li>\n<\/ul>\n<ul>\n<li><strong>YOGA EN PLEIN AIR &#8211; RESTAURANT LE 1647 :<\/strong> <strong>Tous les mercredis, samedis et dimanches des vacances d&#8217;\u00e9t\u00e9. <\/strong>Yoga vinyasa bilingue, tous niveaux bienvenus. <span style=\"color: #00e2b4;\"><a style=\"color: #00e2b4;\" href=\"https:\/\/www.billetweb.fr\/yoga-en-plein-air\" target=\"_blank\" rel=\"noopener\">Infos &amp; r\u00e9servations<\/a><\/span><\/li>\n<\/ul>\n<ul>\n<li><strong>RETRAITE VITALIT\u00c9 &#8211; RESTAURANT LE 1647 : Les 25 au 26 ao\u00fbt. <\/strong>Rejoignez-nous pour une exp\u00e9rience transformative orchestr\u00e9e par Katy, con\u00e7ue pour revitaliser votre corps et votre esprit.<span style=\"color: #00e2b4;\"> <a style=\"color: #00e2b4;\" href=\"https:\/\/www.le1647.com\/evenements-events\/retraite-vitalit\" target=\"_blank\" rel=\"noopener\">Infos &amp; r\u00e9servations<\/a><\/span><\/li>\n<\/ul>\n"}}],"display_antidots_widget":false},"yoast_head":"<!-- This site is optimized with the Yoast SEO plugin v26.5 - https:\/\/yoast.com\/wordpress\/plugins\/seo\/ -->\n<title>Activiteiten van de winkeliers en verenigingen | La Clusaz<\/title>\n<meta name=\"description\" content=\"Retrouvez ici toutes les animations de nos commer\u00e7ants, que vous soyez sportifs, festifs ou avides de culture locale !\" \/>\n<meta name=\"robots\" content=\"index, follow, max-snippet:-1, max-image-preview:large, max-video-preview:-1\" \/>\n<link rel=\"canonical\" href=\"https:\/\/www.laclusaz.com\/nl\/activiteiten\/animations-des-commercants\/\" \/>\n<meta property=\"og:locale\" content=\"nl_NL\" \/>\n<meta property=\"og:type\" content=\"article\" \/>\n<meta property=\"og:title\" content=\"Activiteiten van de winkeliers en verenigingen | La Clusaz\" \/>\n<meta property=\"og:description\" content=\"Retrouvez ici toutes les animations de nos commer\u00e7ants, que vous soyez sportifs, festifs ou avides de culture locale !\" \/>\n<meta property=\"og:url\" content=\"https:\/\/www.laclusaz.com\/nl\/activiteiten\/animations-des-commercants\/\" \/>\n<meta property=\"og:site_name\" content=\"La Clusaz\" \/>\n<meta property=\"article:publisher\" content=\"https:\/\/www.facebook.com\/LaClusaz\" \/>\n<meta property=\"article:modified_time\" content=\"2024-10-15T09:00:12+00:00\" \/>\n<meta property=\"og:image\" content=\"https:\/\/www.laclusaz.com\/app\/uploads\/2023\/02\/Village-La-Clusaz-de-nuit.jpg\" \/>\n\t<meta property=\"og:image:width\" content=\"1376\" \/>\n\t<meta property=\"og:image:height\" content=\"545\" \/>\n\t<meta property=\"og:image:type\" content=\"image\/jpeg\" \/>\n<meta name=\"twitter:card\" content=\"summary_large_image\" \/>\n<meta name=\"twitter:site\" content=\"@LaClusaz\" \/>\n<meta name=\"twitter:label1\" content=\"Est. reading time\" \/>\n\t<meta name=\"twitter:data1\" content=\"1 minute\" \/>\n<script type=\"application\/ld+json\" class=\"yoast-schema-graph\">{\"@context\":\"https:\/\/schema.org\",\"@graph\":[{\"@type\":\"WebPage\",\"@id\":\"https:\/\/www.laclusaz.com\/nl\/activiteiten\/animations-des-commercants\/\",\"url\":\"https:\/\/www.laclusaz.com\/nl\/activiteiten\/animations-des-commercants\/\",\"name\":\"Activiteiten van de winkeliers en verenigingen | La Clusaz\",\"isPartOf\":{\"@id\":\"https:\/\/www.laclusaz.com\/nl\/#website\"},\"primaryImageOfPage\":{\"@id\":\"https:\/\/www.laclusaz.com\/nl\/activiteiten\/animations-des-commercants\/#primaryimage\"},\"image\":{\"@id\":\"https:\/\/www.laclusaz.com\/nl\/activiteiten\/animations-des-commercants\/#primaryimage\"},\"thumbnailUrl\":\"https:\/\/www.laclusaz.com\/app\/uploads\/2023\/02\/Village-La-Clusaz-de-nuit.jpg\",\"datePublished\":\"2023-12-11T10:20:36+00:00\",\"dateModified\":\"2024-10-15T09:00:12+00:00\",\"description\":\"Retrouvez ici toutes les animations de nos commer\u00e7ants, que vous soyez sportifs, festifs ou avides de culture locale !\",\"breadcrumb\":{\"@id\":\"https:\/\/www.laclusaz.com\/nl\/activiteiten\/animations-des-commercants\/#breadcrumb\"},\"inLanguage\":\"nl-NL\",\"potentialAction\":[{\"@type\":\"ReadAction\",\"target\":[\"https:\/\/www.laclusaz.com\/nl\/activiteiten\/animations-des-commercants\/\"]}]},{\"@type\":\"ImageObject\",\"inLanguage\":\"nl-NL\",\"@id\":\"https:\/\/www.laclusaz.com\/nl\/activiteiten\/animations-des-commercants\/#primaryimage\",\"url\":\"https:\/\/www.laclusaz.com\/app\/uploads\/2023\/02\/Village-La-Clusaz-de-nuit.jpg\",\"contentUrl\":\"https:\/\/www.laclusaz.com\/app\/uploads\/2023\/02\/Village-La-Clusaz-de-nuit.jpg\",\"width\":1376,\"height\":545},{\"@type\":\"BreadcrumbList\",\"@id\":\"https:\/\/www.laclusaz.com\/nl\/activiteiten\/animations-des-commercants\/#breadcrumb\",\"itemListElement\":[{\"@type\":\"ListItem\",\"position\":1,\"name\":\"Startpagina\",\"item\":\"https:\/\/www.laclusaz.com\/nl\/\"},{\"@type\":\"ListItem\",\"position\":2,\"name\":\"Activiteiten\",\"item\":\"https:\/\/www.laclusaz.com\/nl\/activiteiten\/\"},{\"@type\":\"ListItem\",\"position\":3,\"name\":\"Activiteiten van de winkeliers en verenigingen\"}]},{\"@type\":\"WebSite\",\"@id\":\"https:\/\/www.laclusaz.com\/nl\/#website\",\"url\":\"https:\/\/www.laclusaz.com\/nl\/\",\"name\":\"La Clusaz\",\"description\":\"\",\"publisher\":{\"@id\":\"https:\/\/www.laclusaz.com\/nl\/#organization\"},\"potentialAction\":[{\"@type\":\"SearchAction\",\"target\":{\"@type\":\"EntryPoint\",\"urlTemplate\":\"https:\/\/www.laclusaz.com\/nl\/?s={search_term_string}\"},\"query-input\":{\"@type\":\"PropertyValueSpecification\",\"valueRequired\":true,\"valueName\":\"search_term_string\"}}],\"inLanguage\":\"nl-NL\"},{\"@type\":\"Organization\",\"@id\":\"https:\/\/www.laclusaz.com\/nl\/#organization\",\"name\":\"La Clusaz\",\"url\":\"https:\/\/www.laclusaz.com\/nl\/\",\"logo\":{\"@type\":\"ImageObject\",\"inLanguage\":\"nl-NL\",\"@id\":\"https:\/\/www.laclusaz.com\/nl\/#\/schema\/logo\/image\/\",\"url\":\"https:\/\/www.laclusaz.com\/app\/uploads\/2023\/03\/Logo-La-Clusaz-French-Alps-paysage.png\",\"contentUrl\":\"https:\/\/www.laclusaz.com\/app\/uploads\/2023\/03\/Logo-La-Clusaz-French-Alps-paysage.png\",\"width\":1920,\"height\":1018,\"caption\":\"La Clusaz\"},\"image\":{\"@id\":\"https:\/\/www.laclusaz.com\/nl\/#\/schema\/logo\/image\/\"},\"sameAs\":[\"https:\/\/www.facebook.com\/LaClusaz\",\"https:\/\/x.com\/LaClusaz\",\"https:\/\/www.instagram.com\/laclusazskiresort\/\",\"https:\/\/www.youtube.com\/channel\/UC0nXO2GDOebkqOvTCx8gtGA\",\"https:\/\/www.tiktok.com\/@la_clusaz\"]}]}<\/script>\n<!-- \/ Yoast SEO plugin. -->","yoast_head_json":{"title":"Activiteiten van de winkeliers en verenigingen | La Clusaz","description":"Retrouvez ici toutes les animations de nos commer\u00e7ants, que vous soyez sportifs, festifs ou avides de culture locale !","robots":{"index":"index","follow":"follow","max-snippet":"max-snippet:-1","max-image-preview":"max-image-preview:large","max-video-preview":"max-video-preview:-1"},"canonical":"https:\/\/www.laclusaz.com\/nl\/activiteiten\/animations-des-commercants\/","og_locale":"nl_NL","og_type":"article","og_title":"Activiteiten van de winkeliers en verenigingen | La Clusaz","og_description":"Retrouvez ici toutes les animations de nos commer\u00e7ants, que vous soyez sportifs, festifs ou avides de culture locale !","og_url":"https:\/\/www.laclusaz.com\/nl\/activiteiten\/animations-des-commercants\/","og_site_name":"La Clusaz","article_publisher":"https:\/\/www.facebook.com\/LaClusaz","article_modified_time":"2024-10-15T09:00:12+00:00","og_image":[{"width":1376,"height":545,"url":"https:\/\/www.laclusaz.com\/app\/uploads\/2023\/02\/Village-La-Clusaz-de-nuit.jpg","type":"image\/jpeg"}],"twitter_card":"summary_large_image","twitter_site":"@LaClusaz","twitter_misc":{"Est. reading time":"1 minute"},"schema":{"@context":"https:\/\/schema.org","@graph":[{"@type":"WebPage","@id":"https:\/\/www.laclusaz.com\/nl\/activiteiten\/animations-des-commercants\/","url":"https:\/\/www.laclusaz.com\/nl\/activiteiten\/animations-des-commercants\/","name":"Activiteiten van de winkeliers en verenigingen | La Clusaz","isPartOf":{"@id":"https:\/\/www.laclusaz.com\/nl\/#website"},"primaryImageOfPage":{"@id":"https:\/\/www.laclusaz.com\/nl\/activiteiten\/animations-des-commercants\/#primaryimage"},"image":{"@id":"https:\/\/www.laclusaz.com\/nl\/activiteiten\/animations-des-commercants\/#primaryimage"},"thumbnailUrl":"https:\/\/www.laclusaz.com\/app\/uploads\/2023\/02\/Village-La-Clusaz-de-nuit.jpg","datePublished":"2023-12-11T10:20:36+00:00","dateModified":"2024-10-15T09:00:12+00:00","description":"Retrouvez ici toutes les animations de nos commer\u00e7ants, que vous soyez sportifs, festifs ou avides de culture locale !","breadcrumb":{"@id":"https:\/\/www.laclusaz.com\/nl\/activiteiten\/animations-des-commercants\/#breadcrumb"},"inLanguage":"nl-NL","potentialAction":[{"@type":"ReadAction","target":["https:\/\/www.laclusaz.com\/nl\/activiteiten\/animations-des-commercants\/"]}]},{"@type":"ImageObject","inLanguage":"nl-NL","@id":"https:\/\/www.laclusaz.com\/nl\/activiteiten\/animations-des-commercants\/#primaryimage","url":"https:\/\/www.laclusaz.com\/app\/uploads\/2023\/02\/Village-La-Clusaz-de-nuit.jpg","contentUrl":"https:\/\/www.laclusaz.com\/app\/uploads\/2023\/02\/Village-La-Clusaz-de-nuit.jpg","width":1376,"height":545},{"@type":"BreadcrumbList","@id":"https:\/\/www.laclusaz.com\/nl\/activiteiten\/animations-des-commercants\/#breadcrumb","itemListElement":[{"@type":"ListItem","position":1,"name":"Startpagina","item":"https:\/\/www.laclusaz.com\/nl\/"},{"@type":"ListItem","position":2,"name":"Activiteiten","item":"https:\/\/www.laclusaz.com\/nl\/activiteiten\/"},{"@type":"ListItem","position":3,"name":"Activiteiten van de winkeliers en verenigingen"}]},{"@type":"WebSite","@id":"https:\/\/www.laclusaz.com\/nl\/#website","url":"https:\/\/www.laclusaz.com\/nl\/","name":"La Clusaz","description":"","publisher":{"@id":"https:\/\/www.laclusaz.com\/nl\/#organization"},"potentialAction":[{"@type":"SearchAction","target":{"@type":"EntryPoint","urlTemplate":"https:\/\/www.laclusaz.com\/nl\/?s={search_term_string}"},"query-input":{"@type":"PropertyValueSpecification","valueRequired":true,"valueName":"search_term_string"}}],"inLanguage":"nl-NL"},{"@type":"Organization","@id":"https:\/\/www.laclusaz.com\/nl\/#organization","name":"La Clusaz","url":"https:\/\/www.laclusaz.com\/nl\/","logo":{"@type":"ImageObject","inLanguage":"nl-NL","@id":"https:\/\/www.laclusaz.com\/nl\/#\/schema\/logo\/image\/","url":"https:\/\/www.laclusaz.com\/app\/uploads\/2023\/03\/Logo-La-Clusaz-French-Alps-paysage.png","contentUrl":"https:\/\/www.laclusaz.com\/app\/uploads\/2023\/03\/Logo-La-Clusaz-French-Alps-paysage.png","width":1920,"height":1018,"caption":"La Clusaz"},"image":{"@id":"https:\/\/www.laclusaz.com\/nl\/#\/schema\/logo\/image\/"},"sameAs":["https:\/\/www.facebook.com\/LaClusaz","https:\/\/x.com\/LaClusaz","https:\/\/www.instagram.com\/laclusazskiresort\/","https:\/\/www.youtube.com\/channel\/UC0nXO2GDOebkqOvTCx8gtGA","https:\/\/www.tiktok.com\/@la_clusaz"]}]}},"_links":{"self":[{"href":"https:\/\/www.laclusaz.com\/nl\/wp-json\/wp\/v2\/pages\/232552","targetHints":{"allow":["GET"]}}],"collection":[{"href":"https:\/\/www.laclusaz.com\/nl\/wp-json\/wp\/v2\/pages"}],"about":[{"href":"https:\/\/www.laclusaz.com\/nl\/wp-json\/wp\/v2\/types\/page"}],"author":[{"embeddable":true,"href":"https:\/\/www.laclusaz.com\/nl\/wp-json\/wp\/v2\/users\/2"}],"replies":[{"embeddable":true,"href":"https:\/\/www.laclusaz.com\/nl\/wp-json\/wp\/v2\/comments?post=232552"}],"version-history":[{"count":11,"href":"https:\/\/www.laclusaz.com\/nl\/wp-json\/wp\/v2\/pages\/232552\/revisions"}],"predecessor-version":[{"id":284808,"href":"https:\/\/www.laclusaz.com\/nl\/wp-json\/wp\/v2\/pages\/232552\/revisions\/284808"}],"up":[{"embeddable":true,"href":"https:\/\/www.laclusaz.com\/nl\/wp-json\/wp\/v2\/pages\/176562"}],"wp:featuredmedia":[{"embeddable":true,"href":"https:\/\/www.laclusaz.com\/nl\/wp-json\/wp\/v2\/media\/175295"}],"wp:attachment":[{"href":"https:\/\/www.laclusaz.com\/nl\/wp-json\/wp\/v2\/media?parent=232552"}],"curies":[{"name":"wp","href":"https:\/\/api.w.org\/{rel}","templated":true}]}}