{"id":21947,"date":"2022-07-22T15:50:34","date_gmt":"2022-07-22T13:50:34","guid":{"rendered":"https:\/\/www.laclusaz.com\/activiteiten\/"},"modified":"2025-06-24T18:27:46","modified_gmt":"2025-06-24T16:27:46","slug":"zomer-activiteiten","status":"publish","type":"page","link":"https:\/\/www.laclusaz.com\/nl\/activiteiten\/zomer-activiteiten\/","title":{"rendered":"Zomer activiteiten"},"content":{"rendered":"","protected":false},"excerpt":{"rendered":"<span class=\"excerpt-link\">Lire plus<\/span>","protected":false},"author":1,"featured_media":0,"parent":176562,"menu_order":0,"comment_status":"closed","ping_status":"closed","template":"templates\/dispatch.php","meta":{"_acf_changed":false,"inline_featured_image":false,"footnotes":""},"class_list":["post-21947","page","type-page","status-publish","hentry"],"acf":{"top_page_video":"<iframe title=\"La montagne en famille\" width=\"1244\" height=\"700\" src=\"https:\/\/www.youtube.com\/embed\/a53TrF26ejs?feature=oembed\" frameborder=\"0\" allow=\"accelerometer; autoplay; clipboard-write; encrypted-media; gyroscope; picture-in-picture; web-share\" referrerpolicy=\"strict-origin-when-cross-origin\" allowfullscreen><\/iframe>","dispatch_1":{"explore_block_title":"We leggen je hoofd in de wei","explore_bg_color":"white","explore_list":[{"explore_type":"image","explore_tag":"Explore","explore_content_type":"post","explore_post":188310,"explore_title":"Skier avec vue","explore_excerpt":"D\u00e9couvre les meilleurs plans de la station avec Yvette","explore_image":116280,"explore_link":"https:\/\/www.laclusaz.com\/le-mag\/","explore_video":{"explore_video_link":"","explore_video_thumbnail":false}},{"explore_type":"image","explore_tag":"Explore","explore_content_type":"post","explore_post":176522,"explore_title":"Les meilleurs spots de glisse de la station","explore_excerpt":"D\u00e9couvre les meilleurs plans de la station avec Yvette","explore_image":116280,"explore_link":"https:\/\/www.laclusaz.com\/ski\/","explore_video":{"explore_video_link":"","explore_video_thumbnail":false}},{"explore_type":"image","explore_tag":"Explore","explore_content_type":"post","explore_post":176534,"explore_title":"Envie d'une exp\u00e9rience \u00e0 la hauteur?","explore_excerpt":"D\u00e9couvre les meilleurs plans de la station avec Yvette","explore_image":116279,"explore_link":"","explore_video":{"explore_video_link":"","explore_video_thumbnail":false}}]},"dispatch_2_position":"checklist","dispatch_2_checklist":{"checklist_section_title":{"circled":"Checklist","title_highlighted":"time"},"checklist_section_subtitle":"Wij hebben aan alles voor u gedacht!","checklist_row":[{"checklist_link":{"title":"Pass Experience","url":"https:\/\/passexperience.laclusaz.com\/fr\/","target":""}},{"checklist_link":{"title":"Zomerliften","url":"https:\/\/www.laclusaz.com\/nl\/vtt\/zomerliften\/","target":""}},{"checklist_link":{"title":"Plattegronden en kaarten","url":"https:\/\/www.laclusaz.com\/nl\/activiteiten\/activiteitenkaarten-en-pasjes\/","target":""}},{"checklist_link":{"title":"Boek uw activiteiten","url":"https:\/\/www.laclusaz.com\/en\/booking\/experiences","target":""}}]},"dispatch_2_cards_links":{"cards_block_title":"<h2 style=\"text-align: center;\">Er is meer dan <s class=\"strike-text\">ALLEEN SKI\u00cbN<span class=\"replace-span\">in la Clusaz<\/span><\/s><\/h2>\n","cards_list":[{"card_background":335650,"card_link":{"title":"La Clusaz Watercentrum","url":"https:\/\/www.laclusaz.com\/nl\/details\/aravis-aqua-centre\/","target":""}},{"card_background":174166,"card_link":{"title":"Wandelen","url":"https:\/\/www.laclusaz.com\/nl\/activiteiten\/zomer-activiteiten\/wandelen-in-la-clusaz\/","target":""}},{"card_background":174324,"card_link":{"title":"Zomerslee\u00ebn","url":"https:\/\/www.laclusaz.com\/details\/luge-dete\/","target":""}},{"card_background":174333,"card_link":{"title":"Paragliding","url":"https:\/\/www.laclusaz.com\/nl\/activiteiten\/parapente\/","target":""}},{"card_background":174345,"card_link":{"title":"Klimmen en klettersteigen","url":"https:\/\/www.laclusaz.com\/nl\/activiteiten\/zomer-activiteiten\/escalade-et-via-ferrata\/","target":""}},{"card_background":278648,"card_link":{"title":"La Bascule","url":"https:\/\/www.laclusaz.com\/nl\/details\/la-bascule\/","target":""}},{"card_background":313720,"card_link":{"title":"La Grange des Minis","url":"https:\/\/www.laclusaz.com\/en\/details\/la-grange-des-minis\/","target":""}},{"card_background":247878,"card_link":{"title":"Nieuw: Le Hameau des Petits","url":"https:\/\/www.laclusaz.com\/nl\/details\/le-hameau-des-petits\/","target":""}},{"card_background":211775,"card_link":{"title":"Mountainbike","url":"https:\/\/www.laclusaz.com\/nl\/vtt\/","target":""}},{"card_background":176118,"card_link":{"title":"Golf et minigolf","url":"https:\/\/www.laclusaz.com\/activites\/golf-et-mini-golfs\/","target":""}},{"card_background":247050,"card_link":{"title":"Het gehucht van de Alpen","url":"https:\/\/www.laclusaz.com\/nl\/details\/het-gehucht-van-de-alpen\/","target":""}},{"card_background":200437,"card_link":{"title":"Recreatiecentrum","url":"https:\/\/www.laclusaz.com\/nl\/details\/base-de-loisirs-belier-club\/","target":""}},{"card_background":174884,"card_link":{"title":"Paardrijden en koetsrijden","url":"https:\/\/www.laclusaz.com\/nl\/activiteiten\/zomer-activiteiten\/equitation-et-attelage-2\/","target":""}},{"card_background":192348,"card_link":{"title":"Diverse sporten","url":"https:\/\/www.laclusaz.com\/activites\/ete\/sports-divers\/","target":""}},{"card_background":208236,"card_link":{"title":"Bowlen","url":"https:\/\/www.laclusaz.com\/nl\/details\/le-bowling\/","target":""}},{"card_background":247067,"card_link":{"title":"Bioscoop","url":"https:\/\/www.laclusaz.com\/nl\/details\/bioscoop\/","target":""}},{"card_background":217665,"card_link":{"title":"Wellness","url":"https:\/\/www.laclusaz.com\/nl\/activiteiten\/wellness\/","target":""}}]},"dispatch_3":{"dispatch_3_bg":false,"explore_block_title":"Er is nog genoeg voor iedereen.","explore_bg_color":"white","explore_list":[{"explore_type":"image","explore_tag":"Explore","explore_content_type":"post","explore_post":false,"explore_title":"Une semaine en famille sur les pistes","explore_excerpt":"D\u00e9couvre les meilleurs plans de la station avec Yvette","explore_image":121205,"explore_link":"","explore_video":{"explore_video_link":"","explore_video_thumbnail":false}},{"explore_type":"image","explore_tag":"Explore","explore_content_type":"post","explore_post":false,"explore_title":"Le guide pour choisir son mat\u00e9riel","explore_excerpt":"D\u00e9couvre les meilleurs plans de la station avec Yvette","explore_image":121204,"explore_link":"","explore_video":{"explore_video_link":"","explore_video_thumbnail":false}},{"explore_type":"image","explore_tag":"Explore","explore_content_type":"post","explore_post":124073,"explore_title":"Tuto pour bien r\u00e9ussir son Mawc Twist 360\u00b0","explore_excerpt":"D\u00e9couvre les meilleurs plans de la station avec Yvette","explore_image":121203,"explore_link":"","explore_video":{"explore_video_link":"","explore_video_thumbnail":false}}]},"dispatch_4":{"category_ctas_title":"<h2 style=\"text-align: center;\"><span class=\"title-marker-pen\">Wees niet overweldigd<\/span><\/h2>\n","category_ctas":[{"category_cta_img_pos":"bottom","category_cta":{"title":"Boek uw activiteiten","url":"https:\/\/www.laclusaz.com\/en\/booking\/accommodations","target":""},"category_cta_img":243782,"category_cta_subtitle":""},{"category_cta_img_pos":"side","category_cta":{"title":"Boek accommodatie","url":"https:\/\/reservation.laclusaz.com\/","target":""},"category_cta_img":200421,"category_cta_subtitle":"(avec vue sur les pistes)"}]},"dispatch_5":{"deals_bg":false,"deals_listing":false},"dispatch_6":{"geek_posts":[176534,192180,188271]},"dispatch_7":{"cards_duo_section_title":"<h2 style=\"text-align: center;\"><span class=\"title-marker-pen\">Het is nog niet voorbij.<\/span><\/h2>\n","cards_duo_listing":[{"cards_duo_bg":176130,"cards_duo_link":{"title":"D\u00e9couvrez le village","url":"https:\/\/www.laclusaz.com\/la-station\/","target":""}},{"cards_duo_bg":116304,"cards_duo_link":{"title":"Activit\u00e9s toute l'ann\u00e9e","url":"https:\/\/www.laclusaz.com\/activites\/","target":""}}]},"top_page_menu":[{"top_page_menu_link":{"title":"Pass Experience","url":"https:\/\/passexperience.laclusaz.com\/fr\/?_gl=1*hkc40j*_ga*NDM1MDc0NzIwLjE2ODI0MzQzMTQ.*_ga_YZBCKLYWZS*MTY4MzcxOTcyMC45NC4xLjE2ODM3MjA0ODUuMC4wLjA.","target":"_blank"}},{"top_page_menu_link":{"title":"VTT","url":"https:\/\/www.laclusaz.com\/nl\/vtt\/","target":""}},{"top_page_menu_link":{"title":"Het mountainbikegebied","url":"https:\/\/www.laclusaz.com\/nl\/vtt\/het-mountainbikegebied\/","target":""}}]},"yoast_head":"<!-- This site is optimized with the Yoast SEO plugin v26.5 - https:\/\/yoast.com\/wordpress\/plugins\/seo\/ -->\n<title>Zomer activiteiten | La Clusaz<\/title>\n<meta name=\"robots\" content=\"index, follow, max-snippet:-1, max-image-preview:large, max-video-preview:-1\" \/>\n<link rel=\"canonical\" href=\"https:\/\/www.laclusaz.com\/nl\/activiteiten\/zomer-activiteiten\/\" \/>\n<meta property=\"og:locale\" content=\"nl_NL\" \/>\n<meta property=\"og:type\" content=\"article\" \/>\n<meta property=\"og:title\" content=\"Zomer activiteiten | La Clusaz\" \/>\n<meta property=\"og:url\" content=\"https:\/\/www.laclusaz.com\/nl\/activiteiten\/zomer-activiteiten\/\" \/>\n<meta property=\"og:site_name\" content=\"La Clusaz\" \/>\n<meta property=\"article:publisher\" content=\"https:\/\/www.facebook.com\/LaClusaz\" \/>\n<meta property=\"article:modified_time\" content=\"2025-06-24T16:27:46+00:00\" \/>\n<meta property=\"og:image\" content=\"https:\/\/www.laclusaz.com\/app\/uploads\/2023\/03\/La_Clusaz-Share.jpg\" \/>\n\t<meta property=\"og:image:width\" content=\"1200\" \/>\n\t<meta property=\"og:image:height\" content=\"630\" \/>\n\t<meta property=\"og:image:type\" content=\"image\/jpeg\" \/>\n<meta name=\"twitter:card\" content=\"summary_large_image\" \/>\n<meta name=\"twitter:site\" content=\"@LaClusaz\" \/>\n<script type=\"application\/ld+json\" class=\"yoast-schema-graph\">{\"@context\":\"https:\/\/schema.org\",\"@graph\":[{\"@type\":\"WebPage\",\"@id\":\"https:\/\/www.laclusaz.com\/nl\/activiteiten\/zomer-activiteiten\/\",\"url\":\"https:\/\/www.laclusaz.com\/nl\/activiteiten\/zomer-activiteiten\/\",\"name\":\"Zomer activiteiten | La Clusaz\",\"isPartOf\":{\"@id\":\"https:\/\/www.laclusaz.com\/nl\/#website\"},\"datePublished\":\"2022-07-22T13:50:34+00:00\",\"dateModified\":\"2025-06-24T16:27:46+00:00\",\"breadcrumb\":{\"@id\":\"https:\/\/www.laclusaz.com\/nl\/activiteiten\/zomer-activiteiten\/#breadcrumb\"},\"inLanguage\":\"nl-NL\",\"potentialAction\":[{\"@type\":\"ReadAction\",\"target\":[\"https:\/\/www.laclusaz.com\/nl\/activiteiten\/zomer-activiteiten\/\"]}]},{\"@type\":\"BreadcrumbList\",\"@id\":\"https:\/\/www.laclusaz.com\/nl\/activiteiten\/zomer-activiteiten\/#breadcrumb\",\"itemListElement\":[{\"@type\":\"ListItem\",\"position\":1,\"name\":\"Startpagina\",\"item\":\"https:\/\/www.laclusaz.com\/nl\/\"},{\"@type\":\"ListItem\",\"position\":2,\"name\":\"Activiteiten\",\"item\":\"https:\/\/www.laclusaz.com\/nl\/activiteiten\/\"},{\"@type\":\"ListItem\",\"position\":3,\"name\":\"Zomer activiteiten\"}]},{\"@type\":\"WebSite\",\"@id\":\"https:\/\/www.laclusaz.com\/nl\/#website\",\"url\":\"https:\/\/www.laclusaz.com\/nl\/\",\"name\":\"La Clusaz\",\"description\":\"\",\"publisher\":{\"@id\":\"https:\/\/www.laclusaz.com\/nl\/#organization\"},\"potentialAction\":[{\"@type\":\"SearchAction\",\"target\":{\"@type\":\"EntryPoint\",\"urlTemplate\":\"https:\/\/www.laclusaz.com\/nl\/?s={search_term_string}\"},\"query-input\":{\"@type\":\"PropertyValueSpecification\",\"valueRequired\":true,\"valueName\":\"search_term_string\"}}],\"inLanguage\":\"nl-NL\"},{\"@type\":\"Organization\",\"@id\":\"https:\/\/www.laclusaz.com\/nl\/#organization\",\"name\":\"La Clusaz\",\"url\":\"https:\/\/www.laclusaz.com\/nl\/\",\"logo\":{\"@type\":\"ImageObject\",\"inLanguage\":\"nl-NL\",\"@id\":\"https:\/\/www.laclusaz.com\/nl\/#\/schema\/logo\/image\/\",\"url\":\"https:\/\/www.laclusaz.com\/app\/uploads\/2023\/03\/Logo-La-Clusaz-French-Alps-paysage.png\",\"contentUrl\":\"https:\/\/www.laclusaz.com\/app\/uploads\/2023\/03\/Logo-La-Clusaz-French-Alps-paysage.png\",\"width\":1920,\"height\":1018,\"caption\":\"La Clusaz\"},\"image\":{\"@id\":\"https:\/\/www.laclusaz.com\/nl\/#\/schema\/logo\/image\/\"},\"sameAs\":[\"https:\/\/www.facebook.com\/LaClusaz\",\"https:\/\/x.com\/LaClusaz\",\"https:\/\/www.instagram.com\/laclusazskiresort\/\",\"https:\/\/www.youtube.com\/channel\/UC0nXO2GDOebkqOvTCx8gtGA\",\"https:\/\/www.tiktok.com\/@la_clusaz\"]}]}<\/script>\n<!-- \/ Yoast SEO plugin. -->","yoast_head_json":{"title":"Zomer activiteiten | La Clusaz","robots":{"index":"index","follow":"follow","max-snippet":"max-snippet:-1","max-image-preview":"max-image-preview:large","max-video-preview":"max-video-preview:-1"},"canonical":"https:\/\/www.laclusaz.com\/nl\/activiteiten\/zomer-activiteiten\/","og_locale":"nl_NL","og_type":"article","og_title":"Zomer activiteiten | La Clusaz","og_url":"https:\/\/www.laclusaz.com\/nl\/activiteiten\/zomer-activiteiten\/","og_site_name":"La Clusaz","article_publisher":"https:\/\/www.facebook.com\/LaClusaz","article_modified_time":"2025-06-24T16:27:46+00:00","og_image":[{"width":1200,"height":630,"url":"https:\/\/www.laclusaz.com\/app\/uploads\/2023\/03\/La_Clusaz-Share.jpg","type":"image\/jpeg"}],"twitter_card":"summary_large_image","twitter_site":"@LaClusaz","schema":{"@context":"https:\/\/schema.org","@graph":[{"@type":"WebPage","@id":"https:\/\/www.laclusaz.com\/nl\/activiteiten\/zomer-activiteiten\/","url":"https:\/\/www.laclusaz.com\/nl\/activiteiten\/zomer-activiteiten\/","name":"Zomer activiteiten | La Clusaz","isPartOf":{"@id":"https:\/\/www.laclusaz.com\/nl\/#website"},"datePublished":"2022-07-22T13:50:34+00:00","dateModified":"2025-06-24T16:27:46+00:00","breadcrumb":{"@id":"https:\/\/www.laclusaz.com\/nl\/activiteiten\/zomer-activiteiten\/#breadcrumb"},"inLanguage":"nl-NL","potentialAction":[{"@type":"ReadAction","target":["https:\/\/www.laclusaz.com\/nl\/activiteiten\/zomer-activiteiten\/"]}]},{"@type":"BreadcrumbList","@id":"https:\/\/www.laclusaz.com\/nl\/activiteiten\/zomer-activiteiten\/#breadcrumb","itemListElement":[{"@type":"ListItem","position":1,"name":"Startpagina","item":"https:\/\/www.laclusaz.com\/nl\/"},{"@type":"ListItem","position":2,"name":"Activiteiten","item":"https:\/\/www.laclusaz.com\/nl\/activiteiten\/"},{"@type":"ListItem","position":3,"name":"Zomer activiteiten"}]},{"@type":"WebSite","@id":"https:\/\/www.laclusaz.com\/nl\/#website","url":"https:\/\/www.laclusaz.com\/nl\/","name":"La Clusaz","description":"","publisher":{"@id":"https:\/\/www.laclusaz.com\/nl\/#organization"},"potentialAction":[{"@type":"SearchAction","target":{"@type":"EntryPoint","urlTemplate":"https:\/\/www.laclusaz.com\/nl\/?s={search_term_string}"},"query-input":{"@type":"PropertyValueSpecification","valueRequired":true,"valueName":"search_term_string"}}],"inLanguage":"nl-NL"},{"@type":"Organization","@id":"https:\/\/www.laclusaz.com\/nl\/#organization","name":"La Clusaz","url":"https:\/\/www.laclusaz.com\/nl\/","logo":{"@type":"ImageObject","inLanguage":"nl-NL","@id":"https:\/\/www.laclusaz.com\/nl\/#\/schema\/logo\/image\/","url":"https:\/\/www.laclusaz.com\/app\/uploads\/2023\/03\/Logo-La-Clusaz-French-Alps-paysage.png","contentUrl":"https:\/\/www.laclusaz.com\/app\/uploads\/2023\/03\/Logo-La-Clusaz-French-Alps-paysage.png","width":1920,"height":1018,"caption":"La Clusaz"},"image":{"@id":"https:\/\/www.laclusaz.com\/nl\/#\/schema\/logo\/image\/"},"sameAs":["https:\/\/www.facebook.com\/LaClusaz","https:\/\/x.com\/LaClusaz","https:\/\/www.instagram.com\/laclusazskiresort\/","https:\/\/www.youtube.com\/channel\/UC0nXO2GDOebkqOvTCx8gtGA","https:\/\/www.tiktok.com\/@la_clusaz"]}]}},"_links":{"self":[{"href":"https:\/\/www.laclusaz.com\/nl\/wp-json\/wp\/v2\/pages\/21947","targetHints":{"allow":["GET"]}}],"collection":[{"href":"https:\/\/www.laclusaz.com\/nl\/wp-json\/wp\/v2\/pages"}],"about":[{"href":"https:\/\/www.laclusaz.com\/nl\/wp-json\/wp\/v2\/types\/page"}],"author":[{"embeddable":true,"href":"https:\/\/www.laclusaz.com\/nl\/wp-json\/wp\/v2\/users\/1"}],"replies":[{"embeddable":true,"href":"https:\/\/www.laclusaz.com\/nl\/wp-json\/wp\/v2\/comments?post=21947"}],"version-history":[{"count":18,"href":"https:\/\/www.laclusaz.com\/nl\/wp-json\/wp\/v2\/pages\/21947\/revisions"}],"predecessor-version":[{"id":336532,"href":"https:\/\/www.laclusaz.com\/nl\/wp-json\/wp\/v2\/pages\/21947\/revisions\/336532"}],"up":[{"embeddable":true,"href":"https:\/\/www.laclusaz.com\/nl\/wp-json\/wp\/v2\/pages\/176562"}],"wp:attachment":[{"href":"https:\/\/www.laclusaz.com\/nl\/wp-json\/wp\/v2\/media?parent=21947"}],"curies":[{"name":"wp","href":"https:\/\/api.w.org\/{rel}","templated":true}]}}