{"id":188673,"date":"2022-06-20T17:17:20","date_gmt":"2022-06-20T15:17:20","guid":{"rendered":"https:\/\/www.laclusaz.com\/?page_id=188673"},"modified":"2025-12-31T16:08:45","modified_gmt":"2025-12-31T15:08:45","slug":"home-2","status":"publish","type":"page","link":"https:\/\/www.laclusaz.com\/nl\/","title":{"rendered":"Home"},"content":{"rendered":"","protected":false},"excerpt":{"rendered":"<span class=\"excerpt-link\">Lire plus<\/span>","protected":false},"author":1,"featured_media":0,"parent":0,"menu_order":0,"comment_status":"closed","ping_status":"closed","template":"templates\/homepage.php","meta":{"_acf_changed":false,"inline_featured_image":false,"footnotes":""},"class_list":["post-188673","page","type-page","status-publish","hentry"],"acf":{"explore_video_thumbnail":false,"cards_list":[{"card_background":358472,"card_link":{"title":"Sneeuwactiviteiten","url":"https:\/\/www.laclusaz.com\/nl\/activiteiten\/winter-activiteiten\/sneeuwactiviteiten\/","target":""}},{"card_background":296261,"card_link":{"title":"Bijzondere activiteiten","url":"https:\/\/www.laclusaz.com\/nl\/activiteiten\/winter-activiteiten\/bijzondere-activiteiten\/","target":""}},{"card_background":358921,"card_link":{"title":"Wateractiviteiten","url":"https:\/\/www.laclusaz.com\/nl\/activiteiten\/winter-activiteiten\/activites-aquatiques\/","target":""}},{"card_background":174199,"card_link":{"title":"Culturele activiteiten","url":"https:\/\/www.laclusaz.com\/nl\/activiteiten\/winter-activiteiten\/culturele-activiteiten\/","target":""}},{"card_background":358902,"card_link":{"title":"Kinderenactiviteiten","url":"https:\/\/www.laclusaz.com\/nl\/activiteiten\/winter-activiteiten\/kinderenactiviteiten\/","target":""}},{"card_background":217665,"card_link":{"title":"Wellness","url":"https:\/\/www.laclusaz.com\/nl\/activiteiten\/wellness\/","target":"_blank"}},{"card_background":358941,"card_link":{"title":"Luchtactiviteiten","url":"https:\/\/www.laclusaz.com\/nl\/activiteiten\/winter-activiteiten\/luchtactiviteiten\/","target":""}},{"card_background":358906,"card_link":{"title":"Ludieke en vermakelijke activiteiten","url":"https:\/\/www.laclusaz.com\/nl\/activiteiten\/winter-activiteiten\/ludieke-en-vermakelijke-activiteiten\/","target":""}}],"explore_bg_color":"black","explore_list":[{"explore_type":"image","explore_tag":"No story No Future","explore_content_type":"post","explore_post":385970,"explore_title":"YVETTE PERILLAT, actrice centrale de La Clusaz","explore_excerpt":"D\u00e9couvre les meilleurs plans de la station avec Yvette","explore_image":174371,"explore_link":"https:\/\/www.laclusaz.com\/agenda\/pestacles-du-pere-noel\/","explore_video":{"explore_video_link":"https:\/\/google.fr","explore_video_thumbnail":116293}},{"explore_type":"image","explore_tag":"Nieuwtjes","explore_content_type":"post","explore_post":388056,"explore_title":"Astrid & Edgar Chelyus font parler la poudre !","explore_excerpt":"","explore_image":175746,"explore_link":"https:\/\/passexperience.laclusaz.com\/fr\/activites","explore_video":{"explore_video_link":"https:\/\/google.fr","explore_video_thumbnail":116293}},{"explore_type":"image","explore_tag":"Inspiratie","explore_content_type":"post","explore_post":363164,"explore_title":"Le Pass Exp\u00e9rience est de retour","explore_excerpt":"De nombreuses activit\u00e9s en illimit\u00e9 et \u00e0 prix r\u00e9duits. R\u00e9servez votre Pass ici","explore_image":174371,"explore_link":"https:\/\/www.laclusaz.com\/agenda\/pestacles-du-pere-noel\/","explore_video":{"explore_video_link":"https:\/\/www.youtube.com\/watch?v=aWOsHCZW9eM&t=2s","explore_video_thumbnail":116293}},{"explore_type":"image","explore_tag":"Inspiratie","explore_content_type":"post","explore_post":309683,"explore_title":"","explore_excerpt":"","explore_image":false,"explore_link":"","explore_video":{"explore_video_link":"","explore_video_thumbnail":false}}],"explore_type":"video","explore_video":{"explore_video_link":"","explore_video_thumbnail":false},"explore_video_link":"","cards_block_title":"<h2 style=\"text-align: center;\"><span class=\"title-highlighted\">Activiteiten<br \/>\n<\/span><br \/>\nHet gaat niet alleen om ski\u00ebn<\/h2>\n","home_video_url":"<iframe title=\"La Clusaz - Hiver 2026\" width=\"693\" height=\"390\" src=\"https:\/\/www.youtube.com\/embed\/0KhJ7AX6Lqg?feature=oembed\" frameborder=\"0\" allow=\"accelerometer; autoplay; clipboard-write; encrypted-media; gyroscope; picture-in-picture; web-share\" referrerpolicy=\"strict-origin-when-cross-origin\" allowfullscreen><\/iframe>","home_title":"<h1><span class=\"title-highlighted\" style=\"color: #ffffff;\">Welkom<\/span><br \/>\n<span class=\"title-highlighted\" style=\"color: #ffffff;\"> in<\/span><br \/>\n<span class=\"title-highlighted\">La Clusaz<\/span><\/h1>\n","home_lodging_posts":[{"ID":176867,"post_author":"2","post_date":"2023-01-20 09:40:29","post_date_gmt":"2023-01-20 08:40:29","post_content":"Hier vindt u alle essenti\u00eble informatie om uw beste weekend, uw beste vakantie... kortom, uw beste herinneringen door te brengen!","post_title":"Praktische informatie","post_excerpt":"","post_status":"publish","comment_status":"closed","ping_status":"closed","post_password":"","post_name":"praktische-informatie","to_ping":"","pinged":"","post_modified":"2025-10-03 10:31:48","post_modified_gmt":"2025-10-03 08:31:48","post_content_filtered":"","post_parent":176838,"guid":"https:\/\/www.laclusaz.com\/het-station\/informations-pratiques\/","menu_order":0,"post_type":"page","post_mime_type":"","comment_count":"0","filter":"raw"},{"ID":176873,"post_author":"2","post_date":"2023-01-20 09:42:25","post_date_gmt":"2023-01-20 08:42:25","post_content":"","post_title":"Toegang tot het resort en vervoer","post_excerpt":"","post_status":"publish","comment_status":"closed","ping_status":"closed","post_password":"","post_name":"toegang-tot-het-resort-en-vervoer","to_ping":"","pinged":"","post_modified":"2025-10-24 16:02:27","post_modified_gmt":"2025-10-24 14:02:27","post_content_filtered":"","post_parent":176867,"guid":"https:\/\/www.laclusaz.com\/het-station\/praktische-informatie\/acces-station-et-transports\/","menu_order":0,"post_type":"page","post_mime_type":"","comment_count":"0","filter":"raw"}],"home_lodging_booking_cta":{"text":"The best offers, all the facilities...","button_text":"Access to the reservation center"},"home_events_display":true,"home_blog_title":"<h2 style=\"text-align: center;\"><span class=\"title-highlighted\">Stories<\/span><br \/>\nLeven van hier <s class=\"strike-text\">en elders<\/s><\/h2>\n","home_posts_custom":false,"home_blog_cta":{"bg_img":200873,"cta_text":"Bekijk al het nieuws"},"category_ctas_title":"<h2 style=\"text-align: center;\">ORGANISEREN<\/h2>\n<p style=\"text-align: center;\"><span class=\"title-highlighted\">Mijn verblijf<\/span><\/p>\n<p style=\"text-align: center;\">Maak een reservering&#8230;<\/p>\n","category_ctas":[{"category_cta_img_pos":"side","category_cta":{"title":"Accommodatie","url":"https:\/\/www.laclusaz.com\/nl\/boeking\/accommodations","target":""},"category_cta_img":353993,"category_cta_subtitle":""},{"category_cta_img_pos":"side","category_cta":{"title":"Activiteiten","url":"https:\/\/www.laclusaz.com\/nl\/boeking\/experiences","target":""},"category_cta_img":289551,"category_cta_subtitle":""}],"home_blog_bg":{"hiver":"https:\/\/www.laclusaz.com\/app\/uploads\/2022\/10\/blog-home-bg-hiver.png","ete":false},"partners_types":false,"menu_item_bg":false,"home_social_links":["facebook","twitter","instagram","youtube","tiktok"],"shortcode_instagram_feed":"[instagram-feed feed=4]","home_mobile_cta":"global_accommodation_link","home_desktop_img":351130,"home_mobile_img":192556},"yoast_head":"<!-- This site is optimized with the Yoast SEO plugin v26.5 - https:\/\/yoast.com\/wordpress\/plugins\/seo\/ -->\n<title>La Clusaz | Uw bestemming in het hart van de Alpen<\/title>\n<meta name=\"description\" content=\"Welkom in een authentiek en dynamisch bergdorp. In het hart van de Haute-Savoie combineert La Clusaz &quot;ride-culture&quot;, tradities en weidse ruimtes\" \/>\n<meta name=\"robots\" content=\"index, follow, max-snippet:-1, max-image-preview:large, max-video-preview:-1\" \/>\n<link rel=\"canonical\" href=\"https:\/\/www.laclusaz.com\/nl\/\" \/>\n<meta property=\"og:locale\" content=\"nl_NL\" \/>\n<meta property=\"og:type\" content=\"article\" \/>\n<meta property=\"og:title\" content=\"La Clusaz | Uw bestemming in het hart van de Alpen\" \/>\n<meta property=\"og:description\" content=\"Welkom in een authentiek en dynamisch bergdorp. In het hart van de Haute-Savoie combineert La Clusaz &quot;ride-culture&quot;, tradities en weidse ruimtes\" \/>\n<meta property=\"og:url\" content=\"https:\/\/www.laclusaz.com\/nl\/\" \/>\n<meta property=\"og:site_name\" content=\"La Clusaz\" \/>\n<meta property=\"article:publisher\" content=\"https:\/\/www.facebook.com\/LaClusaz\" \/>\n<meta property=\"article:modified_time\" content=\"2025-12-31T15:08:45+00:00\" \/>\n<meta property=\"og:image\" content=\"https:\/\/www.laclusaz.com\/app\/uploads\/2023\/03\/La_Clusaz-Share.jpg\" \/>\n\t<meta property=\"og:image:width\" content=\"1200\" \/>\n\t<meta property=\"og:image:height\" content=\"630\" \/>\n\t<meta property=\"og:image:type\" content=\"image\/jpeg\" \/>\n<meta name=\"twitter:card\" content=\"summary_large_image\" \/>\n<meta name=\"twitter:site\" content=\"@LaClusaz\" \/>\n<script type=\"application\/ld+json\" class=\"yoast-schema-graph\">{\"@context\":\"https:\/\/schema.org\",\"@graph\":[{\"@type\":\"WebPage\",\"@id\":\"https:\/\/www.laclusaz.com\/nl\/\",\"url\":\"https:\/\/www.laclusaz.com\/nl\/\",\"name\":\"La Clusaz | Uw bestemming in het hart van de Alpen\",\"isPartOf\":{\"@id\":\"https:\/\/www.laclusaz.com\/nl\/#website\"},\"datePublished\":\"2022-06-20T15:17:20+00:00\",\"dateModified\":\"2025-12-31T15:08:45+00:00\",\"description\":\"Welkom in een authentiek en dynamisch bergdorp. In het hart van de Haute-Savoie combineert La Clusaz \\\"ride-culture\\\", tradities en weidse ruimtes\",\"breadcrumb\":{\"@id\":\"https:\/\/www.laclusaz.com\/nl\/#breadcrumb\"},\"inLanguage\":\"nl-NL\",\"potentialAction\":[{\"@type\":\"ReadAction\",\"target\":[\"https:\/\/www.laclusaz.com\/nl\/\"]}]},{\"@type\":\"BreadcrumbList\",\"@id\":\"https:\/\/www.laclusaz.com\/nl\/#breadcrumb\",\"itemListElement\":[{\"@type\":\"ListItem\",\"position\":1,\"name\":\"Startpagina\",\"item\":\"https:\/\/www.laclusaz.com\/nl\/\"},{\"@type\":\"ListItem\",\"position\":2,\"name\":\"Home\"}]},{\"@type\":\"WebSite\",\"@id\":\"https:\/\/www.laclusaz.com\/nl\/#website\",\"url\":\"https:\/\/www.laclusaz.com\/nl\/\",\"name\":\"La Clusaz\",\"description\":\"\",\"publisher\":{\"@id\":\"https:\/\/www.laclusaz.com\/nl\/#organization\"},\"potentialAction\":[{\"@type\":\"SearchAction\",\"target\":{\"@type\":\"EntryPoint\",\"urlTemplate\":\"https:\/\/www.laclusaz.com\/nl\/?s={search_term_string}\"},\"query-input\":{\"@type\":\"PropertyValueSpecification\",\"valueRequired\":true,\"valueName\":\"search_term_string\"}}],\"inLanguage\":\"nl-NL\"},{\"@type\":\"Organization\",\"@id\":\"https:\/\/www.laclusaz.com\/nl\/#organization\",\"name\":\"La Clusaz\",\"url\":\"https:\/\/www.laclusaz.com\/nl\/\",\"logo\":{\"@type\":\"ImageObject\",\"inLanguage\":\"nl-NL\",\"@id\":\"https:\/\/www.laclusaz.com\/nl\/#\/schema\/logo\/image\/\",\"url\":\"https:\/\/www.laclusaz.com\/app\/uploads\/2023\/03\/Logo-La-Clusaz-French-Alps-paysage.png\",\"contentUrl\":\"https:\/\/www.laclusaz.com\/app\/uploads\/2023\/03\/Logo-La-Clusaz-French-Alps-paysage.png\",\"width\":1920,\"height\":1018,\"caption\":\"La Clusaz\"},\"image\":{\"@id\":\"https:\/\/www.laclusaz.com\/nl\/#\/schema\/logo\/image\/\"},\"sameAs\":[\"https:\/\/www.facebook.com\/LaClusaz\",\"https:\/\/x.com\/LaClusaz\",\"https:\/\/www.instagram.com\/laclusazskiresort\/\",\"https:\/\/www.youtube.com\/channel\/UC0nXO2GDOebkqOvTCx8gtGA\",\"https:\/\/www.tiktok.com\/@la_clusaz\"]}]}<\/script>\n<!-- \/ Yoast SEO plugin. -->","yoast_head_json":{"title":"La Clusaz | Uw bestemming in het hart van de Alpen","description":"Welkom in een authentiek en dynamisch bergdorp. In het hart van de Haute-Savoie combineert La Clusaz \"ride-culture\", tradities en weidse ruimtes","robots":{"index":"index","follow":"follow","max-snippet":"max-snippet:-1","max-image-preview":"max-image-preview:large","max-video-preview":"max-video-preview:-1"},"canonical":"https:\/\/www.laclusaz.com\/nl\/","og_locale":"nl_NL","og_type":"article","og_title":"La Clusaz | Uw bestemming in het hart van de Alpen","og_description":"Welkom in een authentiek en dynamisch bergdorp. In het hart van de Haute-Savoie combineert La Clusaz \"ride-culture\", tradities en weidse ruimtes","og_url":"https:\/\/www.laclusaz.com\/nl\/","og_site_name":"La Clusaz","article_publisher":"https:\/\/www.facebook.com\/LaClusaz","article_modified_time":"2025-12-31T15:08:45+00:00","og_image":[{"width":1200,"height":630,"url":"https:\/\/www.laclusaz.com\/app\/uploads\/2023\/03\/La_Clusaz-Share.jpg","type":"image\/jpeg"}],"twitter_card":"summary_large_image","twitter_site":"@LaClusaz","schema":{"@context":"https:\/\/schema.org","@graph":[{"@type":"WebPage","@id":"https:\/\/www.laclusaz.com\/nl\/","url":"https:\/\/www.laclusaz.com\/nl\/","name":"La Clusaz | Uw bestemming in het hart van de Alpen","isPartOf":{"@id":"https:\/\/www.laclusaz.com\/nl\/#website"},"datePublished":"2022-06-20T15:17:20+00:00","dateModified":"2025-12-31T15:08:45+00:00","description":"Welkom in een authentiek en dynamisch bergdorp. In het hart van de Haute-Savoie combineert La Clusaz \"ride-culture\", tradities en weidse ruimtes","breadcrumb":{"@id":"https:\/\/www.laclusaz.com\/nl\/#breadcrumb"},"inLanguage":"nl-NL","potentialAction":[{"@type":"ReadAction","target":["https:\/\/www.laclusaz.com\/nl\/"]}]},{"@type":"BreadcrumbList","@id":"https:\/\/www.laclusaz.com\/nl\/#breadcrumb","itemListElement":[{"@type":"ListItem","position":1,"name":"Startpagina","item":"https:\/\/www.laclusaz.com\/nl\/"},{"@type":"ListItem","position":2,"name":"Home"}]},{"@type":"WebSite","@id":"https:\/\/www.laclusaz.com\/nl\/#website","url":"https:\/\/www.laclusaz.com\/nl\/","name":"La Clusaz","description":"","publisher":{"@id":"https:\/\/www.laclusaz.com\/nl\/#organization"},"potentialAction":[{"@type":"SearchAction","target":{"@type":"EntryPoint","urlTemplate":"https:\/\/www.laclusaz.com\/nl\/?s={search_term_string}"},"query-input":{"@type":"PropertyValueSpecification","valueRequired":true,"valueName":"search_term_string"}}],"inLanguage":"nl-NL"},{"@type":"Organization","@id":"https:\/\/www.laclusaz.com\/nl\/#organization","name":"La Clusaz","url":"https:\/\/www.laclusaz.com\/nl\/","logo":{"@type":"ImageObject","inLanguage":"nl-NL","@id":"https:\/\/www.laclusaz.com\/nl\/#\/schema\/logo\/image\/","url":"https:\/\/www.laclusaz.com\/app\/uploads\/2023\/03\/Logo-La-Clusaz-French-Alps-paysage.png","contentUrl":"https:\/\/www.laclusaz.com\/app\/uploads\/2023\/03\/Logo-La-Clusaz-French-Alps-paysage.png","width":1920,"height":1018,"caption":"La Clusaz"},"image":{"@id":"https:\/\/www.laclusaz.com\/nl\/#\/schema\/logo\/image\/"},"sameAs":["https:\/\/www.facebook.com\/LaClusaz","https:\/\/x.com\/LaClusaz","https:\/\/www.instagram.com\/laclusazskiresort\/","https:\/\/www.youtube.com\/channel\/UC0nXO2GDOebkqOvTCx8gtGA","https:\/\/www.tiktok.com\/@la_clusaz"]}]}},"_links":{"self":[{"href":"https:\/\/www.laclusaz.com\/nl\/wp-json\/wp\/v2\/pages\/188673","targetHints":{"allow":["GET"]}}],"collection":[{"href":"https:\/\/www.laclusaz.com\/nl\/wp-json\/wp\/v2\/pages"}],"about":[{"href":"https:\/\/www.laclusaz.com\/nl\/wp-json\/wp\/v2\/types\/page"}],"author":[{"embeddable":true,"href":"https:\/\/www.laclusaz.com\/nl\/wp-json\/wp\/v2\/users\/1"}],"replies":[{"embeddable":true,"href":"https:\/\/www.laclusaz.com\/nl\/wp-json\/wp\/v2\/comments?post=188673"}],"version-history":[{"count":62,"href":"https:\/\/www.laclusaz.com\/nl\/wp-json\/wp\/v2\/pages\/188673\/revisions"}],"predecessor-version":[{"id":388063,"href":"https:\/\/www.laclusaz.com\/nl\/wp-json\/wp\/v2\/pages\/188673\/revisions\/388063"}],"wp:attachment":[{"href":"https:\/\/www.laclusaz.com\/nl\/wp-json\/wp\/v2\/media?parent=188673"}],"curies":[{"name":"wp","href":"https:\/\/api.w.org\/{rel}","templated":true}]}}