{"id":177084,"date":"2022-12-28T15:34:58","date_gmt":"2022-12-28T14:34:58","guid":{"rendered":"https:\/\/www.laclusaz.com\/ski\/alpine-skien\/assurances\/"},"modified":"2024-08-20T18:04:30","modified_gmt":"2024-08-20T16:04:30","slug":"hulp-en-verzekering","status":"publish","type":"page","link":"https:\/\/www.laclusaz.com\/nl\/ski\/hulp-en-verzekering\/","title":{"rendered":"Hulp en verzekering"},"content":{"rendered":"<p><a class=\"button-arrow\" href=\"https:\/\/www.laclusaz.com\/app\/uploads\/2024\/02\/TARIFS-SECOURS-23-24.pdf\" target=\"_blank\" rel=\"noopener\">noodtarieven<\/a><\/p>\n","protected":false},"excerpt":{"rendered":"<span class=\"excerpt-link\">Lire plus<\/span>","protected":false},"author":2,"featured_media":177083,"parent":177037,"menu_order":0,"comment_status":"closed","ping_status":"closed","template":"grdn_multifocus.php","meta":{"_acf_changed":false,"inline_featured_image":false,"footnotes":""},"class_list":["post-177084","page","type-page","status-publish","has-post-thumbnail","hentry"],"acf":{"page_blocks":[{"acf_fc_layout":"two-col-content","contenu_gauche":{"type_de_contenu_gauche":"image","contenu_texte_gauche":"<header>\n<h2 style=\"text-align: left;\">Assurances<\/h2>\n<div id=\"description-rubrique\"><strong style=\"color: var(--c-default); font-size: 1.125em;\">Pour votre s\u00e9curit\u00e9, choisissez une assurance d\u00e8s votre arriv\u00e9e :<\/strong><\/div>\n<\/header>\n<section id=\"page-pageinfo-assurances\" class=\"page first\">\n<article id=\"page-pageinfo-assurances-ligne-1\" class=\"page-ligne first sans_images\">\n<div class=\"page-pave\">\n<ul>\n<li>Licence Carte Neige, adh\u00e9sion annuelle et assistance ou<\/li>\n<li>Ticket Aravis S\u00e9curit\u00e9, assurance journ\u00e9e et multiples journ\u00e9es.<\/li>\n<\/ul>\n<p>Ils garantissent le remboursement des frais m\u00e9dicaux, des forfaits de Remont\u00e9es M\u00e9caniques et des cours de ski, une prise en charge int\u00e9grale des frais d\u2019\u00e9vacuation et de recherche&#8230;<\/p>\n<h2><strong>Tarifs hiver 2022 \/ 2023<\/strong><\/h2>\n<p>Carte Neige &#8211; Assurance annuelle (valable jusqu&#8217;au 14 octobre 2023)<\/p>\n<ul>\n<li>alpin adulte (n\u00e9 en 2007 et avant) : 81,00 \u20ac<\/li>\n<li>alpin enfants (n\u00e9 en 2008 et apr\u00e8s)\u00a0: 71,00 \u20ac<\/li>\n<li>fond adulte (n\u00e9 en 2007 et avant) : 57,00 \u20ac<\/li>\n<li>fond enfant (n\u00e9 en 2008 et apr\u00e8s) : 49,00 \u20ac<\/li>\n<li>familiale (pour 4 cartes ou plus) : 235,00 \u20ac<\/li>\n<\/ul>\n<p>\u00ab\u00a0Aravis S\u00e9curit\u00e9 Saison\u00a0\u00bb (<strong><u>assurance ski saison<\/u><\/strong>\u00a0\u2013 valable jusqu\u2019au 15 mai 2023)<\/p>\n<ul>\n<li>individuelle\u00a0: 45,00 \u20ac<\/li>\n<li>famille\u00a0(3 \u00e0 6 personnes) : 115,00 \u20ac<\/li>\n<\/ul>\n<p>\u00ab\u00a0Ticket Aravis S\u00e9curit\u00e9\u00a0\u00bb (<strong><u>assurance ski journ\u00e9e<\/u><\/strong>)<\/p>\n<ul>\n<li>journ\u00e9e : 3,50 \u20ac (assurance ski seule)<\/li>\n<li>3,90 \u20ac (assurance ski + annulation s\u00e9jour)<\/li>\n<\/ul>\n<p>Produits \u00ab\u00a0Ticket Aravis S\u00e9curit\u00e9\u00a0&#8211; Ski de fond \u00bb (<strong><u>assurance ski journ\u00e9e<\/u><\/strong>)\u00a0:<\/p>\n<ul>\n<li>2,00\u20ac (assurance ski seule)<\/li>\n<\/ul>\n<h2><strong>O\u00f9 Acheter mon assurance ?<\/strong><\/h2>\n<ul>\n<li>Club des sports<\/li>\n<li>Caisse centrale<\/li>\n<li>Achat en ligne sur\u00a0<a href=\"https:\/\/www.aravis-securite.com\/souscrire.php\">aravis-securit\u00e9<\/a><\/li>\n<\/ul>\n<\/div>\n<\/article>\n<\/section>\n","contenu_image_gauche":{"ID":150093,"id":150093,"title":"assurance-ski","filename":"assurance-ski.jpg","filesize":9875,"url":"https:\/\/www.laclusaz.com\/app\/uploads\/2023\/02\/assurance-ski.jpg","link":"https:\/\/www.laclusaz.com\/nl\/ski\/assurances\/attachment\/assurance-ski\/","alt":"","author":"6","description":"","caption":"","name":"assurance-ski","status":"inherit","uploaded_to":123118,"date":"2023-02-03 08:44:49","modified":"2023-02-03 08:44:49","menu_order":0,"mime_type":"image\/jpeg","type":"image","subtype":"jpeg","icon":"https:\/\/www.laclusaz.com\/wp\/wp-includes\/images\/media\/default.png","width":192,"height":192,"sizes":{"thumbnail":"https:\/\/www.laclusaz.com\/app\/uploads\/2023\/02\/assurance-ski-150x150.jpg","thumbnail-width":150,"thumbnail-height":150,"medium":"https:\/\/www.laclusaz.com\/app\/uploads\/2023\/02\/assurance-ski.jpg","medium-width":192,"medium-height":192,"medium_large":"https:\/\/www.laclusaz.com\/app\/uploads\/2023\/02\/assurance-ski.jpg","medium_large-width":192,"medium_large-height":192,"large":"https:\/\/www.laclusaz.com\/app\/uploads\/2023\/02\/assurance-ski.jpg","large-width":192,"large-height":192,"galerie_photo":"https:\/\/www.laclusaz.com\/app\/uploads\/2023\/02\/assurance-ski.jpg","galerie_photo-width":192,"galerie_photo-height":192,"galerie_photo_large":"https:\/\/www.laclusaz.com\/app\/uploads\/2023\/02\/assurance-ski.jpg","galerie_photo_large-width":192,"galerie_photo_large-height":192,"post-thumbnail":"https:\/\/www.laclusaz.com\/app\/uploads\/2023\/02\/assurance-ski.jpg","post-thumbnail-width":192,"post-thumbnail-height":192,"page-thumbnail":"https:\/\/www.laclusaz.com\/app\/uploads\/2023\/02\/assurance-ski.jpg","page-thumbnail-width":192,"page-thumbnail-height":192,"picture_list":"https:\/\/www.laclusaz.com\/app\/uploads\/2023\/02\/assurance-ski.jpg","picture_list-width":192,"picture_list-height":192,"2-3_picture":"https:\/\/www.laclusaz.com\/app\/uploads\/2023\/02\/assurance-ski.jpg","2-3_picture-width":192,"2-3_picture-height":192,"1-3_picture":"https:\/\/www.laclusaz.com\/app\/uploads\/2023\/02\/assurance-ski.jpg","1-3_picture-width":192,"1-3_picture-height":192,"1536x1536":"https:\/\/www.laclusaz.com\/app\/uploads\/2023\/02\/assurance-ski.jpg","1536x1536-width":192,"1536x1536-height":192,"2048x2048":"https:\/\/www.laclusaz.com\/app\/uploads\/2023\/02\/assurance-ski.jpg","2048x2048-width":192,"2048x2048-height":192,"top_page_listing":"https:\/\/www.laclusaz.com\/app\/uploads\/2023\/02\/assurance-ski.jpg","top_page_listing-width":192,"top_page_listing-height":192,"top_page_multifocus":"https:\/\/www.laclusaz.com\/app\/uploads\/2023\/02\/assurance-ski.jpg","top_page_multifocus-width":192,"top_page_multifocus-height":192,"post_teaser":"https:\/\/www.laclusaz.com\/app\/uploads\/2023\/02\/assurance-ski.jpg","post_teaser-width":192,"post_teaser-height":192,"cards_links":"https:\/\/www.laclusaz.com\/app\/uploads\/2023\/02\/assurance-ski.jpg","cards_links-width":192,"cards_links-height":192,"cards_square":"https:\/\/www.laclusaz.com\/app\/uploads\/2023\/02\/assurance-ski.jpg","cards_square-width":192,"cards_square-height":192,"deal_thumbnail":"https:\/\/www.laclusaz.com\/app\/uploads\/2023\/02\/assurance-ski.jpg","deal_thumbnail-width":192,"deal_thumbnail-height":192,"card_category":"https:\/\/www.laclusaz.com\/app\/uploads\/2023\/02\/assurance-ski.jpg","card_category-width":192,"card_category-height":192,"card_category_bottom":"https:\/\/www.laclusaz.com\/app\/uploads\/2023\/02\/assurance-ski.jpg","card_category_bottom-width":192,"card_category_bottom-height":192,"apidae_teaser":"https:\/\/www.laclusaz.com\/app\/uploads\/2023\/02\/assurance-ski-192x170.jpg","apidae_teaser-width":192,"apidae_teaser-height":170,"apidae_item_slider":"https:\/\/www.laclusaz.com\/app\/uploads\/2023\/02\/assurance-ski.jpg","apidae_item_slider-width":192,"apidae_item_slider-height":192,"partner_logo":"https:\/\/www.laclusaz.com\/app\/uploads\/2023\/02\/assurance-ski-130x130.jpg","partner_logo-width":130,"partner_logo-height":130,"apidae_header":"https:\/\/www.laclusaz.com\/app\/uploads\/2023\/02\/assurance-ski.jpg","apidae_header-width":192,"apidae_header-height":192}},"caption":""},"contenu_droite":{"type_de_contenu_droite":"texte","contenu_image_droite":false,"caption":"","contenu_texte_droite":"<header>\n<h2>VERZEKERING<\/h2>\n<p><strong>Kies voor uw veiligheid een verzekering bij aankomst:<\/strong><\/p>\n<ul>\n<li>Carte Neige licentie, jaarabonnement en bijstand of<\/li>\n<li>Ticket Aravis S\u00e9curit\u00e9, dagverzekering en meerdere dagen.<\/li>\n<\/ul>\n<p>Zij garanderen de terugbetaling van medische kosten, skipassen en skilessen, volledige dekking van evacuatie- en zoekkosten&#8230;<\/p>\n<\/header>\n"}},{"acf_fc_layout":"two-col-content","contenu_gauche":{"type_de_contenu_gauche":"texte","contenu_texte_gauche":"<h2>WINTERTARIEVEN 2023 \/ 2024<\/h2>\n<p>INBEGREPEN IN DE VERZEKERING: Dekt alle bergsportactiviteiten het hele jaar door: ski\u00ebn in het buitenland, toerski\u00ebn, wandelen, zomerski\u00ebn, enz.<\/p>\n<p>VERKOOPPUNTEN: Online en bij de Sportclub van La Clusaz.<\/p>\n<ul>\n<li>Alpineski\u00ebn voor volwassenen (geboren in 2008 en daarvoor): \u20ac 84,00<\/li>\n<li>Alpineski\u00ebn voor kinderen (geboren in 2009 en later): \u20ac74,00<\/li>\n<li>Volwassenen langlaufen (geboren in 2008 en daarvoor): \u20ac59,00<\/li>\n<li>Langlaufen voor kinderen (geboren in 2009 en later): \u20ac51,00<\/li>\n<li>Alpine Ski Family (voor 4 of meer kaarten uit hetzelfde belastinghuishouden): \u20ac245,00<br \/>\nindividueel: \u20ac45,0 gezin (3 tot 6 personen): \u20ac115,00<\/li>\n<\/ul>\n<p><span class=\"green-under\"><strong>Producten &#8221; Ticket Aravis S\u00e9curit\u00e9 &#8211; Ski de fond &#8221; (verzekering ski dag) :<\/strong><\/span><\/p>\n<ul>\n<li>2,00 \u20ac (alleen skiverzekering)<\/li>\n<\/ul>\n","contenu_image_gauche":false,"caption":""},"contenu_droite":{"type_de_contenu_droite":"image","contenu_image_droite":{"ID":150100,"id":150100,"title":"service-pistes-laclusaz","filename":"service-pistes-laclusaz.jpg","filesize":24298,"url":"https:\/\/www.laclusaz.com\/app\/uploads\/2023\/02\/service-pistes-laclusaz.jpg","link":"https:\/\/www.laclusaz.com\/nl\/ski\/assurances\/attachment\/service-pistes-laclusaz\/","alt":"","author":"6","description":"","caption":"","name":"service-pistes-laclusaz","status":"inherit","uploaded_to":123118,"date":"2023-02-03 09:54:09","modified":"2023-02-03 09:54:09","menu_order":0,"mime_type":"image\/jpeg","type":"image","subtype":"jpeg","icon":"https:\/\/www.laclusaz.com\/wp\/wp-includes\/images\/media\/default.png","width":340,"height":425,"sizes":{"thumbnail":"https:\/\/www.laclusaz.com\/app\/uploads\/2023\/02\/service-pistes-laclusaz-150x150.jpg","thumbnail-width":150,"thumbnail-height":150,"medium":"https:\/\/www.laclusaz.com\/app\/uploads\/2023\/02\/service-pistes-laclusaz-240x300.jpg","medium-width":240,"medium-height":300,"medium_large":"https:\/\/www.laclusaz.com\/app\/uploads\/2023\/02\/service-pistes-laclusaz.jpg","medium_large-width":340,"medium_large-height":425,"large":"https:\/\/www.laclusaz.com\/app\/uploads\/2023\/02\/service-pistes-laclusaz.jpg","large-width":340,"large-height":425,"galerie_photo":"https:\/\/www.laclusaz.com\/app\/uploads\/2023\/02\/service-pistes-laclusaz.jpg","galerie_photo-width":340,"galerie_photo-height":425,"galerie_photo_large":"https:\/\/www.laclusaz.com\/app\/uploads\/2023\/02\/service-pistes-laclusaz.jpg","galerie_photo_large-width":340,"galerie_photo_large-height":425,"post-thumbnail":"https:\/\/www.laclusaz.com\/app\/uploads\/2023\/02\/service-pistes-laclusaz-340x240.jpg","post-thumbnail-width":340,"post-thumbnail-height":240,"page-thumbnail":"https:\/\/www.laclusaz.com\/app\/uploads\/2023\/02\/service-pistes-laclusaz-340x240.jpg","page-thumbnail-width":340,"page-thumbnail-height":240,"picture_list":"https:\/\/www.laclusaz.com\/app\/uploads\/2023\/02\/service-pistes-laclusaz-340x360.jpg","picture_list-width":340,"picture_list-height":360,"2-3_picture":"https:\/\/www.laclusaz.com\/app\/uploads\/2023\/02\/service-pistes-laclusaz-340x355.jpg","2-3_picture-width":340,"2-3_picture-height":355,"1-3_picture":"https:\/\/www.laclusaz.com\/app\/uploads\/2023\/02\/service-pistes-laclusaz-255x355.jpg","1-3_picture-width":255,"1-3_picture-height":355,"1536x1536":"https:\/\/www.laclusaz.com\/app\/uploads\/2023\/02\/service-pistes-laclusaz.jpg","1536x1536-width":340,"1536x1536-height":425,"2048x2048":"https:\/\/www.laclusaz.com\/app\/uploads\/2023\/02\/service-pistes-laclusaz.jpg","2048x2048-width":340,"2048x2048-height":425,"top_page_listing":"https:\/\/www.laclusaz.com\/app\/uploads\/2023\/02\/service-pistes-laclusaz.jpg","top_page_listing-width":340,"top_page_listing-height":425,"top_page_multifocus":"https:\/\/www.laclusaz.com\/app\/uploads\/2023\/02\/service-pistes-laclusaz.jpg","top_page_multifocus-width":340,"top_page_multifocus-height":425,"post_teaser":"https:\/\/www.laclusaz.com\/app\/uploads\/2023\/02\/service-pistes-laclusaz-340x380.jpg","post_teaser-width":340,"post_teaser-height":380,"cards_links":"https:\/\/www.laclusaz.com\/app\/uploads\/2023\/02\/service-pistes-laclusaz-340x425.jpg","cards_links-width":340,"cards_links-height":425,"cards_square":"https:\/\/www.laclusaz.com\/app\/uploads\/2023\/02\/service-pistes-laclusaz-340x350.jpg","cards_square-width":340,"cards_square-height":350,"deal_thumbnail":"https:\/\/www.laclusaz.com\/app\/uploads\/2023\/02\/service-pistes-laclusaz-220x230.jpg","deal_thumbnail-width":220,"deal_thumbnail-height":230,"card_category":"https:\/\/www.laclusaz.com\/app\/uploads\/2023\/02\/service-pistes-laclusaz-290x375.jpg","card_category-width":290,"card_category-height":375,"card_category_bottom":"https:\/\/www.laclusaz.com\/app\/uploads\/2023\/02\/service-pistes-laclusaz-340x345.jpg","card_category_bottom-width":340,"card_category_bottom-height":345,"apidae_teaser":"https:\/\/www.laclusaz.com\/app\/uploads\/2023\/02\/service-pistes-laclusaz-340x170.jpg","apidae_teaser-width":340,"apidae_teaser-height":170,"apidae_item_slider":"https:\/\/www.laclusaz.com\/app\/uploads\/2023\/02\/service-pistes-laclusaz.jpg","apidae_item_slider-width":340,"apidae_item_slider-height":425,"partner_logo":"https:\/\/www.laclusaz.com\/app\/uploads\/2023\/02\/service-pistes-laclusaz-104x130.jpg","partner_logo-width":104,"partner_logo-height":130,"apidae_header":"https:\/\/www.laclusaz.com\/app\/uploads\/2023\/02\/service-pistes-laclusaz.jpg","apidae_header-width":340,"apidae_header-height":425}},"caption":"","contenu_texte_droite":""}},{"acf_fc_layout":"one-col-content","contenu_1_colonne":"<h2>WAAR KOOP IK MIJN VERZEKERING?<\/h2>\n<ul>\n<li>Sportclub<\/li>\n<li>Centrale kassa<\/li>\n<li>Koop online bij :<\/li>\n<\/ul>\n<p><a class=\"button-arrow\" href=\"https:\/\/www.aravis-securite.com\/english\/\" target=\"_blank\" rel=\"noopener\">ARAVIS-SECURIT\u00c9<\/a><\/p>\n"},{"acf_fc_layout":"cards-apidae","title":"","items":[{"apidae_item":false,"apidae_item_saison":"default"}]}],"display_antidots_widget":false},"yoast_head":"<!-- This site is optimized with the Yoast SEO plugin v26.5 - https:\/\/yoast.com\/wordpress\/plugins\/seo\/ -->\n<title>Hulp en verzekering | La Clusaz<\/title>\n<meta name=\"robots\" content=\"index, follow, max-snippet:-1, max-image-preview:large, max-video-preview:-1\" \/>\n<link rel=\"canonical\" href=\"https:\/\/www.laclusaz.com\/nl\/ski\/hulp-en-verzekering\/\" \/>\n<meta property=\"og:locale\" content=\"nl_NL\" \/>\n<meta property=\"og:type\" content=\"article\" \/>\n<meta property=\"og:title\" content=\"Hulp en verzekering | La Clusaz\" \/>\n<meta property=\"og:description\" content=\"noodtarieven\" \/>\n<meta property=\"og:url\" content=\"https:\/\/www.laclusaz.com\/nl\/ski\/hulp-en-verzekering\/\" \/>\n<meta property=\"og:site_name\" content=\"La Clusaz\" \/>\n<meta property=\"article:publisher\" content=\"https:\/\/www.facebook.com\/LaClusaz\" \/>\n<meta property=\"article:modified_time\" content=\"2024-08-20T16:04:30+00:00\" \/>\n<meta property=\"og:image\" content=\"https:\/\/www.laclusaz.com\/app\/uploads\/2023\/03\/telesiege.jpg\" \/>\n\t<meta property=\"og:image:width\" content=\"1376\" \/>\n\t<meta property=\"og:image:height\" content=\"545\" \/>\n\t<meta property=\"og:image:type\" content=\"image\/jpeg\" \/>\n<meta name=\"twitter:card\" content=\"summary_large_image\" \/>\n<meta name=\"twitter:site\" content=\"@LaClusaz\" \/>\n<meta name=\"twitter:label1\" content=\"Est. reading time\" \/>\n\t<meta name=\"twitter:data1\" content=\"1 minute\" \/>\n<script type=\"application\/ld+json\" class=\"yoast-schema-graph\">{\"@context\":\"https:\/\/schema.org\",\"@graph\":[{\"@type\":\"WebPage\",\"@id\":\"https:\/\/www.laclusaz.com\/nl\/ski\/hulp-en-verzekering\/\",\"url\":\"https:\/\/www.laclusaz.com\/nl\/ski\/hulp-en-verzekering\/\",\"name\":\"Hulp en verzekering | La Clusaz\",\"isPartOf\":{\"@id\":\"https:\/\/www.laclusaz.com\/nl\/#website\"},\"primaryImageOfPage\":{\"@id\":\"https:\/\/www.laclusaz.com\/nl\/ski\/hulp-en-verzekering\/#primaryimage\"},\"image\":{\"@id\":\"https:\/\/www.laclusaz.com\/nl\/ski\/hulp-en-verzekering\/#primaryimage\"},\"thumbnailUrl\":\"https:\/\/www.laclusaz.com\/app\/uploads\/2023\/03\/telesiege.jpg\",\"datePublished\":\"2022-12-28T14:34:58+00:00\",\"dateModified\":\"2024-08-20T16:04:30+00:00\",\"breadcrumb\":{\"@id\":\"https:\/\/www.laclusaz.com\/nl\/ski\/hulp-en-verzekering\/#breadcrumb\"},\"inLanguage\":\"nl-NL\",\"potentialAction\":[{\"@type\":\"ReadAction\",\"target\":[\"https:\/\/www.laclusaz.com\/nl\/ski\/hulp-en-verzekering\/\"]}]},{\"@type\":\"ImageObject\",\"inLanguage\":\"nl-NL\",\"@id\":\"https:\/\/www.laclusaz.com\/nl\/ski\/hulp-en-verzekering\/#primaryimage\",\"url\":\"https:\/\/www.laclusaz.com\/app\/uploads\/2023\/03\/telesiege.jpg\",\"contentUrl\":\"https:\/\/www.laclusaz.com\/app\/uploads\/2023\/03\/telesiege.jpg\",\"width\":1376,\"height\":545},{\"@type\":\"BreadcrumbList\",\"@id\":\"https:\/\/www.laclusaz.com\/nl\/ski\/hulp-en-verzekering\/#breadcrumb\",\"itemListElement\":[{\"@type\":\"ListItem\",\"position\":1,\"name\":\"Startpagina\",\"item\":\"https:\/\/www.laclusaz.com\/nl\/\"},{\"@type\":\"ListItem\",\"position\":2,\"name\":\"Ski\",\"item\":\"https:\/\/www.laclusaz.com\/nl\/ski\/\"},{\"@type\":\"ListItem\",\"position\":3,\"name\":\"Hulp en verzekering\"}]},{\"@type\":\"WebSite\",\"@id\":\"https:\/\/www.laclusaz.com\/nl\/#website\",\"url\":\"https:\/\/www.laclusaz.com\/nl\/\",\"name\":\"La Clusaz\",\"description\":\"\",\"publisher\":{\"@id\":\"https:\/\/www.laclusaz.com\/nl\/#organization\"},\"potentialAction\":[{\"@type\":\"SearchAction\",\"target\":{\"@type\":\"EntryPoint\",\"urlTemplate\":\"https:\/\/www.laclusaz.com\/nl\/?s={search_term_string}\"},\"query-input\":{\"@type\":\"PropertyValueSpecification\",\"valueRequired\":true,\"valueName\":\"search_term_string\"}}],\"inLanguage\":\"nl-NL\"},{\"@type\":\"Organization\",\"@id\":\"https:\/\/www.laclusaz.com\/nl\/#organization\",\"name\":\"La Clusaz\",\"url\":\"https:\/\/www.laclusaz.com\/nl\/\",\"logo\":{\"@type\":\"ImageObject\",\"inLanguage\":\"nl-NL\",\"@id\":\"https:\/\/www.laclusaz.com\/nl\/#\/schema\/logo\/image\/\",\"url\":\"https:\/\/www.laclusaz.com\/app\/uploads\/2023\/03\/Logo-La-Clusaz-French-Alps-paysage.png\",\"contentUrl\":\"https:\/\/www.laclusaz.com\/app\/uploads\/2023\/03\/Logo-La-Clusaz-French-Alps-paysage.png\",\"width\":1920,\"height\":1018,\"caption\":\"La Clusaz\"},\"image\":{\"@id\":\"https:\/\/www.laclusaz.com\/nl\/#\/schema\/logo\/image\/\"},\"sameAs\":[\"https:\/\/www.facebook.com\/LaClusaz\",\"https:\/\/x.com\/LaClusaz\",\"https:\/\/www.instagram.com\/laclusazskiresort\/\",\"https:\/\/www.youtube.com\/channel\/UC0nXO2GDOebkqOvTCx8gtGA\",\"https:\/\/www.tiktok.com\/@la_clusaz\"]}]}<\/script>\n<!-- \/ Yoast SEO plugin. -->","yoast_head_json":{"title":"Hulp en verzekering | La Clusaz","robots":{"index":"index","follow":"follow","max-snippet":"max-snippet:-1","max-image-preview":"max-image-preview:large","max-video-preview":"max-video-preview:-1"},"canonical":"https:\/\/www.laclusaz.com\/nl\/ski\/hulp-en-verzekering\/","og_locale":"nl_NL","og_type":"article","og_title":"Hulp en verzekering | La Clusaz","og_description":"noodtarieven","og_url":"https:\/\/www.laclusaz.com\/nl\/ski\/hulp-en-verzekering\/","og_site_name":"La Clusaz","article_publisher":"https:\/\/www.facebook.com\/LaClusaz","article_modified_time":"2024-08-20T16:04:30+00:00","og_image":[{"width":1376,"height":545,"url":"https:\/\/www.laclusaz.com\/app\/uploads\/2023\/03\/telesiege.jpg","type":"image\/jpeg"}],"twitter_card":"summary_large_image","twitter_site":"@LaClusaz","twitter_misc":{"Est. reading time":"1 minute"},"schema":{"@context":"https:\/\/schema.org","@graph":[{"@type":"WebPage","@id":"https:\/\/www.laclusaz.com\/nl\/ski\/hulp-en-verzekering\/","url":"https:\/\/www.laclusaz.com\/nl\/ski\/hulp-en-verzekering\/","name":"Hulp en verzekering | La Clusaz","isPartOf":{"@id":"https:\/\/www.laclusaz.com\/nl\/#website"},"primaryImageOfPage":{"@id":"https:\/\/www.laclusaz.com\/nl\/ski\/hulp-en-verzekering\/#primaryimage"},"image":{"@id":"https:\/\/www.laclusaz.com\/nl\/ski\/hulp-en-verzekering\/#primaryimage"},"thumbnailUrl":"https:\/\/www.laclusaz.com\/app\/uploads\/2023\/03\/telesiege.jpg","datePublished":"2022-12-28T14:34:58+00:00","dateModified":"2024-08-20T16:04:30+00:00","breadcrumb":{"@id":"https:\/\/www.laclusaz.com\/nl\/ski\/hulp-en-verzekering\/#breadcrumb"},"inLanguage":"nl-NL","potentialAction":[{"@type":"ReadAction","target":["https:\/\/www.laclusaz.com\/nl\/ski\/hulp-en-verzekering\/"]}]},{"@type":"ImageObject","inLanguage":"nl-NL","@id":"https:\/\/www.laclusaz.com\/nl\/ski\/hulp-en-verzekering\/#primaryimage","url":"https:\/\/www.laclusaz.com\/app\/uploads\/2023\/03\/telesiege.jpg","contentUrl":"https:\/\/www.laclusaz.com\/app\/uploads\/2023\/03\/telesiege.jpg","width":1376,"height":545},{"@type":"BreadcrumbList","@id":"https:\/\/www.laclusaz.com\/nl\/ski\/hulp-en-verzekering\/#breadcrumb","itemListElement":[{"@type":"ListItem","position":1,"name":"Startpagina","item":"https:\/\/www.laclusaz.com\/nl\/"},{"@type":"ListItem","position":2,"name":"Ski","item":"https:\/\/www.laclusaz.com\/nl\/ski\/"},{"@type":"ListItem","position":3,"name":"Hulp en verzekering"}]},{"@type":"WebSite","@id":"https:\/\/www.laclusaz.com\/nl\/#website","url":"https:\/\/www.laclusaz.com\/nl\/","name":"La Clusaz","description":"","publisher":{"@id":"https:\/\/www.laclusaz.com\/nl\/#organization"},"potentialAction":[{"@type":"SearchAction","target":{"@type":"EntryPoint","urlTemplate":"https:\/\/www.laclusaz.com\/nl\/?s={search_term_string}"},"query-input":{"@type":"PropertyValueSpecification","valueRequired":true,"valueName":"search_term_string"}}],"inLanguage":"nl-NL"},{"@type":"Organization","@id":"https:\/\/www.laclusaz.com\/nl\/#organization","name":"La Clusaz","url":"https:\/\/www.laclusaz.com\/nl\/","logo":{"@type":"ImageObject","inLanguage":"nl-NL","@id":"https:\/\/www.laclusaz.com\/nl\/#\/schema\/logo\/image\/","url":"https:\/\/www.laclusaz.com\/app\/uploads\/2023\/03\/Logo-La-Clusaz-French-Alps-paysage.png","contentUrl":"https:\/\/www.laclusaz.com\/app\/uploads\/2023\/03\/Logo-La-Clusaz-French-Alps-paysage.png","width":1920,"height":1018,"caption":"La Clusaz"},"image":{"@id":"https:\/\/www.laclusaz.com\/nl\/#\/schema\/logo\/image\/"},"sameAs":["https:\/\/www.facebook.com\/LaClusaz","https:\/\/x.com\/LaClusaz","https:\/\/www.instagram.com\/laclusazskiresort\/","https:\/\/www.youtube.com\/channel\/UC0nXO2GDOebkqOvTCx8gtGA","https:\/\/www.tiktok.com\/@la_clusaz"]}]}},"_links":{"self":[{"href":"https:\/\/www.laclusaz.com\/nl\/wp-json\/wp\/v2\/pages\/177084","targetHints":{"allow":["GET"]}}],"collection":[{"href":"https:\/\/www.laclusaz.com\/nl\/wp-json\/wp\/v2\/pages"}],"about":[{"href":"https:\/\/www.laclusaz.com\/nl\/wp-json\/wp\/v2\/types\/page"}],"author":[{"embeddable":true,"href":"https:\/\/www.laclusaz.com\/nl\/wp-json\/wp\/v2\/users\/2"}],"replies":[{"embeddable":true,"href":"https:\/\/www.laclusaz.com\/nl\/wp-json\/wp\/v2\/comments?post=177084"}],"version-history":[{"count":6,"href":"https:\/\/www.laclusaz.com\/nl\/wp-json\/wp\/v2\/pages\/177084\/revisions"}],"predecessor-version":[{"id":280394,"href":"https:\/\/www.laclusaz.com\/nl\/wp-json\/wp\/v2\/pages\/177084\/revisions\/280394"}],"up":[{"embeddable":true,"href":"https:\/\/www.laclusaz.com\/nl\/wp-json\/wp\/v2\/pages\/177037"}],"wp:featuredmedia":[{"embeddable":true,"href":"https:\/\/www.laclusaz.com\/nl\/wp-json\/wp\/v2\/media\/177083"}],"wp:attachment":[{"href":"https:\/\/www.laclusaz.com\/nl\/wp-json\/wp\/v2\/media?parent=177084"}],"curies":[{"name":"wp","href":"https:\/\/api.w.org\/{rel}","templated":true}]}}