{"id":177041,"date":"2022-12-28T15:23:49","date_gmt":"2022-12-28T14:23:49","guid":{"rendered":"https:\/\/www.laclusaz.com\/ski\/freeski\/"},"modified":"2024-08-21T12:08:36","modified_gmt":"2024-08-21T10:08:36","slug":"freeski","status":"publish","type":"page","link":"https:\/\/www.laclusaz.com\/nl\/ski\/freeski\/","title":{"rendered":"Freeski"},"content":{"rendered":"","protected":false},"excerpt":{"rendered":"<span class=\"excerpt-link\">Lire plus<\/span>","protected":false},"author":2,"featured_media":176232,"parent":177037,"menu_order":0,"comment_status":"closed","ping_status":"closed","template":"grdn_multifocus.php","meta":{"_acf_changed":false,"inline_featured_image":false,"footnotes":""},"class_list":["post-177041","page","type-page","status-publish","has-post-thumbnail","hentry"],"acf":{"page_blocks":[{"acf_fc_layout":"video","liste_des_dimensions_pour_la_video":"video-large","lien_de_la_video":"<iframe title=\"Rendez-vous sur les pistes...\" width=\"640\" height=\"360\" src=\"https:\/\/www.youtube.com\/embed\/hzlTs_a5rtI?feature=oembed\" frameborder=\"0\" allow=\"accelerometer; autoplay; clipboard-write; encrypted-media; gyroscope; picture-in-picture; web-share\" referrerpolicy=\"strict-origin-when-cross-origin\" allowfullscreen><\/iframe>","description_de_la_video":""},{"acf_fc_layout":"one-col-content","contenu_1_colonne":"<p>La Clusaz, een paradijs voor freeski\u00ebrs, is het bastion van freestyle, freeride, backcountry en freerando. Als pionier van het freestyleski\u00ebn sinds het einde van de jaren 1980 is het een wereldreferentie op het gebied van freeski\u00ebn en cultiveert het deze cultuur via de LCZ-gemeenschap.<\/p>\n"},{"acf_fc_layout":"one-col-content","contenu_1_colonne":"<h2>LCZ : DE GEMEENSCHAP VAN RIJDERS<\/h2>\n<p>Al meer dan 30 jaar is La Clusaz het mekka van het Freestyle en Freeride ski\u00ebn. Haar kampioenen, van Edgar Grospiron tot Candide Thovex, zijn nooit gestopt met het ontwikkelen van hun disciplines en de wereld van het ski\u00ebn in het algemeen. De ski\u00ebrs en snowboarders van La Clusaz, uit het verleden, het heden en de toekomst, hebben daarom besloten zich te verenigen om hun passie te delen en hun sport naar de top te brengen. LCZ is een gemeenschap waar alle amateurs, jong en oud, beginners of ervaren, hun praktijk kunnen uitwisselen en delen.<\/p>\n<p>Volg de renners en lever je eigen bijdrage op <a href=\"https:\/\/www.instagram.com\/laclusazskiresort\/?hl=nl\">de sociale netwerken!<\/a><\/p>\n"},{"acf_fc_layout":"cards-links","cards_block_title":"<h3><span class=\"title-highlighted\">Er is meer in het leven dan alleen freeski\u00ebn!<\/span><\/h3>\n","cards_list":[{"card_background":169167,"card_link":{"title":"Alpine Ski\u00ebn","url":"https:\/\/www.laclusaz.com\/nl\/ski\/alpine-skien\/","target":""}},{"card_background":121204,"card_link":{"title":"Noords ski\u00ebn","url":"https:\/\/www.laclusaz.com\/nl\/ski\/noords-skien\/","target":""}},{"card_background":121205,"card_link":{"title":"Skitochten","url":"https:\/\/www.laclusaz.com\/nl\/ski\/skitochten\/","target":""}}]}],"display_antidots_widget":false},"yoast_head":"<!-- This site is optimized with the Yoast SEO plugin v26.5 - https:\/\/yoast.com\/wordpress\/plugins\/seo\/ -->\n<title>Freeski | La Clusaz<\/title>\n<meta name=\"robots\" content=\"index, follow, max-snippet:-1, max-image-preview:large, max-video-preview:-1\" \/>\n<link rel=\"canonical\" href=\"https:\/\/www.laclusaz.com\/nl\/ski\/freeski\/\" \/>\n<meta property=\"og:locale\" content=\"nl_NL\" \/>\n<meta property=\"og:type\" content=\"article\" \/>\n<meta property=\"og:title\" content=\"Freeski | La Clusaz\" \/>\n<meta property=\"og:url\" content=\"https:\/\/www.laclusaz.com\/nl\/ski\/freeski\/\" \/>\n<meta property=\"og:site_name\" content=\"La Clusaz\" \/>\n<meta property=\"article:publisher\" content=\"https:\/\/www.facebook.com\/LaClusaz\" \/>\n<meta property=\"article:modified_time\" content=\"2024-08-21T10:08:36+00:00\" \/>\n<meta property=\"og:image\" content=\"https:\/\/www.laclusaz.com\/app\/uploads\/2023\/03\/Freeski.jpg\" \/>\n\t<meta property=\"og:image:width\" content=\"1376\" \/>\n\t<meta property=\"og:image:height\" content=\"545\" \/>\n\t<meta property=\"og:image:type\" content=\"image\/jpeg\" \/>\n<meta name=\"twitter:card\" content=\"summary_large_image\" \/>\n<meta name=\"twitter:site\" content=\"@LaClusaz\" \/>\n<meta name=\"twitter:label1\" content=\"Est. reading time\" \/>\n\t<meta name=\"twitter:data1\" content=\"1 minute\" \/>\n<script type=\"application\/ld+json\" class=\"yoast-schema-graph\">{\"@context\":\"https:\/\/schema.org\",\"@graph\":[{\"@type\":\"WebPage\",\"@id\":\"https:\/\/www.laclusaz.com\/nl\/ski\/freeski\/\",\"url\":\"https:\/\/www.laclusaz.com\/nl\/ski\/freeski\/\",\"name\":\"Freeski | La Clusaz\",\"isPartOf\":{\"@id\":\"https:\/\/www.laclusaz.com\/nl\/#website\"},\"primaryImageOfPage\":{\"@id\":\"https:\/\/www.laclusaz.com\/nl\/ski\/freeski\/#primaryimage\"},\"image\":{\"@id\":\"https:\/\/www.laclusaz.com\/nl\/ski\/freeski\/#primaryimage\"},\"thumbnailUrl\":\"https:\/\/www.laclusaz.com\/app\/uploads\/2023\/03\/Freeski.jpg\",\"datePublished\":\"2022-12-28T14:23:49+00:00\",\"dateModified\":\"2024-08-21T10:08:36+00:00\",\"breadcrumb\":{\"@id\":\"https:\/\/www.laclusaz.com\/nl\/ski\/freeski\/#breadcrumb\"},\"inLanguage\":\"nl-NL\",\"potentialAction\":[{\"@type\":\"ReadAction\",\"target\":[\"https:\/\/www.laclusaz.com\/nl\/ski\/freeski\/\"]}]},{\"@type\":\"ImageObject\",\"inLanguage\":\"nl-NL\",\"@id\":\"https:\/\/www.laclusaz.com\/nl\/ski\/freeski\/#primaryimage\",\"url\":\"https:\/\/www.laclusaz.com\/app\/uploads\/2023\/03\/Freeski.jpg\",\"contentUrl\":\"https:\/\/www.laclusaz.com\/app\/uploads\/2023\/03\/Freeski.jpg\",\"width\":1376,\"height\":545},{\"@type\":\"BreadcrumbList\",\"@id\":\"https:\/\/www.laclusaz.com\/nl\/ski\/freeski\/#breadcrumb\",\"itemListElement\":[{\"@type\":\"ListItem\",\"position\":1,\"name\":\"Startpagina\",\"item\":\"https:\/\/www.laclusaz.com\/nl\/\"},{\"@type\":\"ListItem\",\"position\":2,\"name\":\"Ski\",\"item\":\"https:\/\/www.laclusaz.com\/nl\/ski\/\"},{\"@type\":\"ListItem\",\"position\":3,\"name\":\"Freeski\"}]},{\"@type\":\"WebSite\",\"@id\":\"https:\/\/www.laclusaz.com\/nl\/#website\",\"url\":\"https:\/\/www.laclusaz.com\/nl\/\",\"name\":\"La Clusaz\",\"description\":\"\",\"publisher\":{\"@id\":\"https:\/\/www.laclusaz.com\/nl\/#organization\"},\"potentialAction\":[{\"@type\":\"SearchAction\",\"target\":{\"@type\":\"EntryPoint\",\"urlTemplate\":\"https:\/\/www.laclusaz.com\/nl\/?s={search_term_string}\"},\"query-input\":{\"@type\":\"PropertyValueSpecification\",\"valueRequired\":true,\"valueName\":\"search_term_string\"}}],\"inLanguage\":\"nl-NL\"},{\"@type\":\"Organization\",\"@id\":\"https:\/\/www.laclusaz.com\/nl\/#organization\",\"name\":\"La Clusaz\",\"url\":\"https:\/\/www.laclusaz.com\/nl\/\",\"logo\":{\"@type\":\"ImageObject\",\"inLanguage\":\"nl-NL\",\"@id\":\"https:\/\/www.laclusaz.com\/nl\/#\/schema\/logo\/image\/\",\"url\":\"https:\/\/www.laclusaz.com\/app\/uploads\/2023\/03\/Logo-La-Clusaz-French-Alps-paysage.png\",\"contentUrl\":\"https:\/\/www.laclusaz.com\/app\/uploads\/2023\/03\/Logo-La-Clusaz-French-Alps-paysage.png\",\"width\":1920,\"height\":1018,\"caption\":\"La Clusaz\"},\"image\":{\"@id\":\"https:\/\/www.laclusaz.com\/nl\/#\/schema\/logo\/image\/\"},\"sameAs\":[\"https:\/\/www.facebook.com\/LaClusaz\",\"https:\/\/x.com\/LaClusaz\",\"https:\/\/www.instagram.com\/laclusazskiresort\/\",\"https:\/\/www.youtube.com\/channel\/UC0nXO2GDOebkqOvTCx8gtGA\",\"https:\/\/www.tiktok.com\/@la_clusaz\"]}]}<\/script>\n<!-- \/ Yoast SEO plugin. -->","yoast_head_json":{"title":"Freeski | La Clusaz","robots":{"index":"index","follow":"follow","max-snippet":"max-snippet:-1","max-image-preview":"max-image-preview:large","max-video-preview":"max-video-preview:-1"},"canonical":"https:\/\/www.laclusaz.com\/nl\/ski\/freeski\/","og_locale":"nl_NL","og_type":"article","og_title":"Freeski | La Clusaz","og_url":"https:\/\/www.laclusaz.com\/nl\/ski\/freeski\/","og_site_name":"La Clusaz","article_publisher":"https:\/\/www.facebook.com\/LaClusaz","article_modified_time":"2024-08-21T10:08:36+00:00","og_image":[{"width":1376,"height":545,"url":"https:\/\/www.laclusaz.com\/app\/uploads\/2023\/03\/Freeski.jpg","type":"image\/jpeg"}],"twitter_card":"summary_large_image","twitter_site":"@LaClusaz","twitter_misc":{"Est. reading time":"1 minute"},"schema":{"@context":"https:\/\/schema.org","@graph":[{"@type":"WebPage","@id":"https:\/\/www.laclusaz.com\/nl\/ski\/freeski\/","url":"https:\/\/www.laclusaz.com\/nl\/ski\/freeski\/","name":"Freeski | La Clusaz","isPartOf":{"@id":"https:\/\/www.laclusaz.com\/nl\/#website"},"primaryImageOfPage":{"@id":"https:\/\/www.laclusaz.com\/nl\/ski\/freeski\/#primaryimage"},"image":{"@id":"https:\/\/www.laclusaz.com\/nl\/ski\/freeski\/#primaryimage"},"thumbnailUrl":"https:\/\/www.laclusaz.com\/app\/uploads\/2023\/03\/Freeski.jpg","datePublished":"2022-12-28T14:23:49+00:00","dateModified":"2024-08-21T10:08:36+00:00","breadcrumb":{"@id":"https:\/\/www.laclusaz.com\/nl\/ski\/freeski\/#breadcrumb"},"inLanguage":"nl-NL","potentialAction":[{"@type":"ReadAction","target":["https:\/\/www.laclusaz.com\/nl\/ski\/freeski\/"]}]},{"@type":"ImageObject","inLanguage":"nl-NL","@id":"https:\/\/www.laclusaz.com\/nl\/ski\/freeski\/#primaryimage","url":"https:\/\/www.laclusaz.com\/app\/uploads\/2023\/03\/Freeski.jpg","contentUrl":"https:\/\/www.laclusaz.com\/app\/uploads\/2023\/03\/Freeski.jpg","width":1376,"height":545},{"@type":"BreadcrumbList","@id":"https:\/\/www.laclusaz.com\/nl\/ski\/freeski\/#breadcrumb","itemListElement":[{"@type":"ListItem","position":1,"name":"Startpagina","item":"https:\/\/www.laclusaz.com\/nl\/"},{"@type":"ListItem","position":2,"name":"Ski","item":"https:\/\/www.laclusaz.com\/nl\/ski\/"},{"@type":"ListItem","position":3,"name":"Freeski"}]},{"@type":"WebSite","@id":"https:\/\/www.laclusaz.com\/nl\/#website","url":"https:\/\/www.laclusaz.com\/nl\/","name":"La Clusaz","description":"","publisher":{"@id":"https:\/\/www.laclusaz.com\/nl\/#organization"},"potentialAction":[{"@type":"SearchAction","target":{"@type":"EntryPoint","urlTemplate":"https:\/\/www.laclusaz.com\/nl\/?s={search_term_string}"},"query-input":{"@type":"PropertyValueSpecification","valueRequired":true,"valueName":"search_term_string"}}],"inLanguage":"nl-NL"},{"@type":"Organization","@id":"https:\/\/www.laclusaz.com\/nl\/#organization","name":"La Clusaz","url":"https:\/\/www.laclusaz.com\/nl\/","logo":{"@type":"ImageObject","inLanguage":"nl-NL","@id":"https:\/\/www.laclusaz.com\/nl\/#\/schema\/logo\/image\/","url":"https:\/\/www.laclusaz.com\/app\/uploads\/2023\/03\/Logo-La-Clusaz-French-Alps-paysage.png","contentUrl":"https:\/\/www.laclusaz.com\/app\/uploads\/2023\/03\/Logo-La-Clusaz-French-Alps-paysage.png","width":1920,"height":1018,"caption":"La Clusaz"},"image":{"@id":"https:\/\/www.laclusaz.com\/nl\/#\/schema\/logo\/image\/"},"sameAs":["https:\/\/www.facebook.com\/LaClusaz","https:\/\/x.com\/LaClusaz","https:\/\/www.instagram.com\/laclusazskiresort\/","https:\/\/www.youtube.com\/channel\/UC0nXO2GDOebkqOvTCx8gtGA","https:\/\/www.tiktok.com\/@la_clusaz"]}]}},"_links":{"self":[{"href":"https:\/\/www.laclusaz.com\/nl\/wp-json\/wp\/v2\/pages\/177041","targetHints":{"allow":["GET"]}}],"collection":[{"href":"https:\/\/www.laclusaz.com\/nl\/wp-json\/wp\/v2\/pages"}],"about":[{"href":"https:\/\/www.laclusaz.com\/nl\/wp-json\/wp\/v2\/types\/page"}],"author":[{"embeddable":true,"href":"https:\/\/www.laclusaz.com\/nl\/wp-json\/wp\/v2\/users\/2"}],"replies":[{"embeddable":true,"href":"https:\/\/www.laclusaz.com\/nl\/wp-json\/wp\/v2\/comments?post=177041"}],"version-history":[{"count":3,"href":"https:\/\/www.laclusaz.com\/nl\/wp-json\/wp\/v2\/pages\/177041\/revisions"}],"predecessor-version":[{"id":280611,"href":"https:\/\/www.laclusaz.com\/nl\/wp-json\/wp\/v2\/pages\/177041\/revisions\/280611"}],"up":[{"embeddable":true,"href":"https:\/\/www.laclusaz.com\/nl\/wp-json\/wp\/v2\/pages\/177037"}],"wp:featuredmedia":[{"embeddable":true,"href":"https:\/\/www.laclusaz.com\/nl\/wp-json\/wp\/v2\/media\/176232"}],"wp:attachment":[{"href":"https:\/\/www.laclusaz.com\/nl\/wp-json\/wp\/v2\/media?parent=177041"}],"curies":[{"name":"wp","href":"https:\/\/api.w.org\/{rel}","templated":true}]}}