{"id":176966,"date":"2023-01-25T14:15:06","date_gmt":"2023-01-25T13:15:06","guid":{"rendered":"https:\/\/www.laclusaz.com\/labels\/"},"modified":"2023-03-22T11:38:58","modified_gmt":"2023-03-22T10:38:58","slug":"labels","status":"publish","type":"page","link":"https:\/\/www.laclusaz.com\/nl\/labels\/","title":{"rendered":"Labels"},"content":{"rendered":"","protected":false},"excerpt":{"rendered":"<span class=\"excerpt-link\">Lire plus<\/span>","protected":false},"author":2,"featured_media":176965,"parent":0,"menu_order":0,"comment_status":"closed","ping_status":"closed","template":"grdn_multifocus.php","meta":{"_acf_changed":false,"inline_featured_image":false,"footnotes":""},"class_list":["post-176966","page","type-page","status-publish","has-post-thumbnail","hentry"],"acf":{"page_blocks":[{"acf_fc_layout":"one-col-content","contenu_1_colonne":"<p><img loading=\"lazy\" decoding=\"async\" class=\"size-medium wp-image-124378 aligncenter\" src=\"https:\/\/www.laclusaz.com\/app\/uploads\/2023\/01\/engagement-qt-412-246x300.jpg\" alt=\"\" width=\"246\" height=\"300\" srcset=\"https:\/\/www.laclusaz.com\/app\/uploads\/2023\/01\/engagement-qt-412-246x300.jpg 246w, https:\/\/www.laclusaz.com\/app\/uploads\/2023\/01\/engagement-qt-412-107x130.jpg 107w, https:\/\/www.laclusaz.com\/app\/uploads\/2023\/01\/engagement-qt-412.jpg 400w\" sizes=\"auto, (max-width: 246px) 100vw, 246px\" \/><\/p>\n<p>De SEML Soci\u00e9t\u00e9 de gestion des activit\u00e9s touristiques de La Clusaz zet zich in voor een kwaliteitslabel om zo goed mogelijk aan de verwachtingen en behoeften van haar klanten en partners te voldoen. Het gekozen keurmerk is &#8220;Qualit\u00e9 Tourisme&#8221;, beschouwd als een referentie voor de VVV-kantoren.<\/p>\n<p>In 2013 werd het toeristenbureau van La Clusaz het derde toeristenbureau in de Haute-Savoie dat het label &#8220;<strong>Qualit\u00e9 Tourisme<\/strong>&#8221; kreeg. Het heeft nu de hoogste onderscheiding, categorie n\u00b01. Dit beloont de inzet van het bureau voor de kwaliteit van de ontvangst en de dienstverlening, het professionalisme en de promotie van de lokale middelen. De garantie van een geslaagd verblijf voor zijn klanten, van een knowhow en een kwaliteitsservice.<\/p>\n<p>Lees meer over de doelstellingen en verplichtingen van de SEML La Clusaz in onze brief over kwaliteitsverbintenissen.<\/p>\n<p><a class=\"button-arrow\" href=\"https:\/\/www.laclusaz.com\/app\/uploads\/2023\/01\/lettre-engagement-qualita-1011.pdf\" target=\"_blank\" rel=\"noopener\">BRIEF MET KWALITEITSVERPLICHTINGEN<\/a><\/p>\n<p><a class=\"button-arrow\" href=\"https:\/\/www.laclusaz.com\/app\/uploads\/2023\/01\/engagement-cata-gorie-i-900.pdf\" target=\"_blank\" rel=\"noopener\">VERBINTENIS CATEGORIE I<\/a><\/p>\n"}],"display_antidots_widget":false},"yoast_head":"<!-- This site is optimized with the Yoast SEO plugin v26.5 - https:\/\/yoast.com\/wordpress\/plugins\/seo\/ -->\n<title>Labels | La Clusaz<\/title>\n<meta name=\"robots\" content=\"index, follow, max-snippet:-1, max-image-preview:large, max-video-preview:-1\" \/>\n<link rel=\"canonical\" href=\"https:\/\/www.laclusaz.com\/nl\/labels\/\" \/>\n<meta property=\"og:locale\" content=\"nl_NL\" \/>\n<meta property=\"og:type\" content=\"article\" \/>\n<meta property=\"og:title\" content=\"Labels | La Clusaz\" \/>\n<meta property=\"og:url\" content=\"https:\/\/www.laclusaz.com\/nl\/labels\/\" \/>\n<meta property=\"og:site_name\" content=\"La Clusaz\" \/>\n<meta property=\"article:publisher\" content=\"https:\/\/www.facebook.com\/LaClusaz\" \/>\n<meta property=\"article:modified_time\" content=\"2023-03-22T10:38:58+00:00\" \/>\n<meta property=\"og:image\" content=\"https:\/\/www.laclusaz.com\/app\/uploads\/2023\/03\/label.jpg\" \/>\n\t<meta property=\"og:image:width\" content=\"246\" \/>\n\t<meta property=\"og:image:height\" content=\"300\" \/>\n\t<meta property=\"og:image:type\" content=\"image\/jpeg\" \/>\n<meta name=\"twitter:card\" content=\"summary_large_image\" \/>\n<meta name=\"twitter:site\" content=\"@LaClusaz\" \/>\n<script type=\"application\/ld+json\" class=\"yoast-schema-graph\">{\"@context\":\"https:\/\/schema.org\",\"@graph\":[{\"@type\":\"WebPage\",\"@id\":\"https:\/\/www.laclusaz.com\/nl\/labels\/\",\"url\":\"https:\/\/www.laclusaz.com\/nl\/labels\/\",\"name\":\"Labels | La Clusaz\",\"isPartOf\":{\"@id\":\"https:\/\/www.laclusaz.com\/nl\/#website\"},\"primaryImageOfPage\":{\"@id\":\"https:\/\/www.laclusaz.com\/nl\/labels\/#primaryimage\"},\"image\":{\"@id\":\"https:\/\/www.laclusaz.com\/nl\/labels\/#primaryimage\"},\"thumbnailUrl\":\"https:\/\/www.laclusaz.com\/app\/uploads\/2023\/03\/label.jpg\",\"datePublished\":\"2023-01-25T13:15:06+00:00\",\"dateModified\":\"2023-03-22T10:38:58+00:00\",\"breadcrumb\":{\"@id\":\"https:\/\/www.laclusaz.com\/nl\/labels\/#breadcrumb\"},\"inLanguage\":\"nl-NL\",\"potentialAction\":[{\"@type\":\"ReadAction\",\"target\":[\"https:\/\/www.laclusaz.com\/nl\/labels\/\"]}]},{\"@type\":\"ImageObject\",\"inLanguage\":\"nl-NL\",\"@id\":\"https:\/\/www.laclusaz.com\/nl\/labels\/#primaryimage\",\"url\":\"https:\/\/www.laclusaz.com\/app\/uploads\/2023\/03\/label.jpg\",\"contentUrl\":\"https:\/\/www.laclusaz.com\/app\/uploads\/2023\/03\/label.jpg\",\"width\":246,\"height\":300},{\"@type\":\"BreadcrumbList\",\"@id\":\"https:\/\/www.laclusaz.com\/nl\/labels\/#breadcrumb\",\"itemListElement\":[{\"@type\":\"ListItem\",\"position\":1,\"name\":\"Startpagina\",\"item\":\"https:\/\/www.laclusaz.com\/nl\/\"},{\"@type\":\"ListItem\",\"position\":2,\"name\":\"Labels\"}]},{\"@type\":\"WebSite\",\"@id\":\"https:\/\/www.laclusaz.com\/nl\/#website\",\"url\":\"https:\/\/www.laclusaz.com\/nl\/\",\"name\":\"La Clusaz\",\"description\":\"\",\"publisher\":{\"@id\":\"https:\/\/www.laclusaz.com\/nl\/#organization\"},\"potentialAction\":[{\"@type\":\"SearchAction\",\"target\":{\"@type\":\"EntryPoint\",\"urlTemplate\":\"https:\/\/www.laclusaz.com\/nl\/?s={search_term_string}\"},\"query-input\":{\"@type\":\"PropertyValueSpecification\",\"valueRequired\":true,\"valueName\":\"search_term_string\"}}],\"inLanguage\":\"nl-NL\"},{\"@type\":\"Organization\",\"@id\":\"https:\/\/www.laclusaz.com\/nl\/#organization\",\"name\":\"La Clusaz\",\"url\":\"https:\/\/www.laclusaz.com\/nl\/\",\"logo\":{\"@type\":\"ImageObject\",\"inLanguage\":\"nl-NL\",\"@id\":\"https:\/\/www.laclusaz.com\/nl\/#\/schema\/logo\/image\/\",\"url\":\"https:\/\/www.laclusaz.com\/app\/uploads\/2023\/03\/Logo-La-Clusaz-French-Alps-paysage.png\",\"contentUrl\":\"https:\/\/www.laclusaz.com\/app\/uploads\/2023\/03\/Logo-La-Clusaz-French-Alps-paysage.png\",\"width\":1920,\"height\":1018,\"caption\":\"La Clusaz\"},\"image\":{\"@id\":\"https:\/\/www.laclusaz.com\/nl\/#\/schema\/logo\/image\/\"},\"sameAs\":[\"https:\/\/www.facebook.com\/LaClusaz\",\"https:\/\/x.com\/LaClusaz\",\"https:\/\/www.instagram.com\/laclusazskiresort\/\",\"https:\/\/www.youtube.com\/channel\/UC0nXO2GDOebkqOvTCx8gtGA\",\"https:\/\/www.tiktok.com\/@la_clusaz\"]}]}<\/script>\n<!-- \/ Yoast SEO plugin. -->","yoast_head_json":{"title":"Labels | La Clusaz","robots":{"index":"index","follow":"follow","max-snippet":"max-snippet:-1","max-image-preview":"max-image-preview:large","max-video-preview":"max-video-preview:-1"},"canonical":"https:\/\/www.laclusaz.com\/nl\/labels\/","og_locale":"nl_NL","og_type":"article","og_title":"Labels | La Clusaz","og_url":"https:\/\/www.laclusaz.com\/nl\/labels\/","og_site_name":"La Clusaz","article_publisher":"https:\/\/www.facebook.com\/LaClusaz","article_modified_time":"2023-03-22T10:38:58+00:00","og_image":[{"width":246,"height":300,"url":"https:\/\/www.laclusaz.com\/app\/uploads\/2023\/03\/label.jpg","type":"image\/jpeg"}],"twitter_card":"summary_large_image","twitter_site":"@LaClusaz","schema":{"@context":"https:\/\/schema.org","@graph":[{"@type":"WebPage","@id":"https:\/\/www.laclusaz.com\/nl\/labels\/","url":"https:\/\/www.laclusaz.com\/nl\/labels\/","name":"Labels | La Clusaz","isPartOf":{"@id":"https:\/\/www.laclusaz.com\/nl\/#website"},"primaryImageOfPage":{"@id":"https:\/\/www.laclusaz.com\/nl\/labels\/#primaryimage"},"image":{"@id":"https:\/\/www.laclusaz.com\/nl\/labels\/#primaryimage"},"thumbnailUrl":"https:\/\/www.laclusaz.com\/app\/uploads\/2023\/03\/label.jpg","datePublished":"2023-01-25T13:15:06+00:00","dateModified":"2023-03-22T10:38:58+00:00","breadcrumb":{"@id":"https:\/\/www.laclusaz.com\/nl\/labels\/#breadcrumb"},"inLanguage":"nl-NL","potentialAction":[{"@type":"ReadAction","target":["https:\/\/www.laclusaz.com\/nl\/labels\/"]}]},{"@type":"ImageObject","inLanguage":"nl-NL","@id":"https:\/\/www.laclusaz.com\/nl\/labels\/#primaryimage","url":"https:\/\/www.laclusaz.com\/app\/uploads\/2023\/03\/label.jpg","contentUrl":"https:\/\/www.laclusaz.com\/app\/uploads\/2023\/03\/label.jpg","width":246,"height":300},{"@type":"BreadcrumbList","@id":"https:\/\/www.laclusaz.com\/nl\/labels\/#breadcrumb","itemListElement":[{"@type":"ListItem","position":1,"name":"Startpagina","item":"https:\/\/www.laclusaz.com\/nl\/"},{"@type":"ListItem","position":2,"name":"Labels"}]},{"@type":"WebSite","@id":"https:\/\/www.laclusaz.com\/nl\/#website","url":"https:\/\/www.laclusaz.com\/nl\/","name":"La Clusaz","description":"","publisher":{"@id":"https:\/\/www.laclusaz.com\/nl\/#organization"},"potentialAction":[{"@type":"SearchAction","target":{"@type":"EntryPoint","urlTemplate":"https:\/\/www.laclusaz.com\/nl\/?s={search_term_string}"},"query-input":{"@type":"PropertyValueSpecification","valueRequired":true,"valueName":"search_term_string"}}],"inLanguage":"nl-NL"},{"@type":"Organization","@id":"https:\/\/www.laclusaz.com\/nl\/#organization","name":"La Clusaz","url":"https:\/\/www.laclusaz.com\/nl\/","logo":{"@type":"ImageObject","inLanguage":"nl-NL","@id":"https:\/\/www.laclusaz.com\/nl\/#\/schema\/logo\/image\/","url":"https:\/\/www.laclusaz.com\/app\/uploads\/2023\/03\/Logo-La-Clusaz-French-Alps-paysage.png","contentUrl":"https:\/\/www.laclusaz.com\/app\/uploads\/2023\/03\/Logo-La-Clusaz-French-Alps-paysage.png","width":1920,"height":1018,"caption":"La Clusaz"},"image":{"@id":"https:\/\/www.laclusaz.com\/nl\/#\/schema\/logo\/image\/"},"sameAs":["https:\/\/www.facebook.com\/LaClusaz","https:\/\/x.com\/LaClusaz","https:\/\/www.instagram.com\/laclusazskiresort\/","https:\/\/www.youtube.com\/channel\/UC0nXO2GDOebkqOvTCx8gtGA","https:\/\/www.tiktok.com\/@la_clusaz"]}]}},"_links":{"self":[{"href":"https:\/\/www.laclusaz.com\/nl\/wp-json\/wp\/v2\/pages\/176966","targetHints":{"allow":["GET"]}}],"collection":[{"href":"https:\/\/www.laclusaz.com\/nl\/wp-json\/wp\/v2\/pages"}],"about":[{"href":"https:\/\/www.laclusaz.com\/nl\/wp-json\/wp\/v2\/types\/page"}],"author":[{"embeddable":true,"href":"https:\/\/www.laclusaz.com\/nl\/wp-json\/wp\/v2\/users\/2"}],"replies":[{"embeddable":true,"href":"https:\/\/www.laclusaz.com\/nl\/wp-json\/wp\/v2\/comments?post=176966"}],"version-history":[{"count":2,"href":"https:\/\/www.laclusaz.com\/nl\/wp-json\/wp\/v2\/pages\/176966\/revisions"}],"predecessor-version":[{"id":192585,"href":"https:\/\/www.laclusaz.com\/nl\/wp-json\/wp\/v2\/pages\/176966\/revisions\/192585"}],"wp:featuredmedia":[{"embeddable":true,"href":"https:\/\/www.laclusaz.com\/nl\/wp-json\/wp\/v2\/media\/176965"}],"wp:attachment":[{"href":"https:\/\/www.laclusaz.com\/nl\/wp-json\/wp\/v2\/media?parent=176966"}],"curies":[{"name":"wp","href":"https:\/\/api.w.org\/{rel}","templated":true}]}}