{"id":176722,"date":"2023-01-23T14:32:26","date_gmt":"2023-01-23T13:32:26","guid":{"rendered":"https:\/\/www.laclusaz.com\/cartes-et-pass-activites\/"},"modified":"2023-03-07T09:08:47","modified_gmt":"2023-03-07T08:08:47","slug":"activiteitenkaarten-en-pasjes","status":"publish","type":"page","link":"https:\/\/www.laclusaz.com\/nl\/activiteiten\/activiteitenkaarten-en-pasjes\/","title":{"rendered":"Activiteitenkaarten en pasjes"},"content":{"rendered":"<p>Profiteer van de voordelen van de verschillende passen voor een groot aantal activiteiten voor alle leeftijden en praktijken!<\/p>\n","protected":false},"excerpt":{"rendered":"<span class=\"excerpt-link\">Lire plus<\/span>","protected":false},"author":2,"featured_media":174319,"parent":176562,"menu_order":0,"comment_status":"closed","ping_status":"closed","template":"grdn_multifocus.php","meta":{"_acf_changed":false,"inline_featured_image":false,"footnotes":""},"class_list":["post-176722","page","type-page","status-publish","has-post-thumbnail","hentry"],"acf":{"page_blocks":[{"acf_fc_layout":"two-col-content","contenu_gauche":{"type_de_contenu_gauche":"texte","contenu_texte_gauche":"<div class=\"page-pave\">\n<h2>ERVARINGSPAS<\/h2>\n<p>Dankzij de &#8220;PASS EXPERIENCE&#8221; heeft u toegang tot vele activiteiten in La Clusaz, zonder extra kosten en zo vaak als mogelijk, evenals gereduceerde tarieven voor activiteiten onder toezicht van het gidsenbureau.<\/p>\n<\/div>\n","contenu_image_gauche":false,"caption":""},"contenu_droite":{"type_de_contenu_droite":"image","contenu_image_droite":{"ID":174303,"id":174303,"title":"Logo_2022_PassExperience","filename":"Logo_2022_PassExperience-.png","filesize":9347,"url":"https:\/\/www.laclusaz.com\/app\/uploads\/2023\/02\/Logo_2022_PassExperience-.png","link":"https:\/\/www.laclusaz.com\/nl\/activites\/cartes-et-pass-activites\/attachment\/logo_2022_passexperience\/","alt":"Pass activit\u00e9s montagne \u00e9t\u00e9","author":"6","description":"","caption":"","name":"logo_2022_passexperience","status":"inherit","uploaded_to":124070,"date":"2023-02-10 15:53:28","modified":"2023-07-13 08:31:55","menu_order":0,"mime_type":"image\/png","type":"image","subtype":"png","icon":"https:\/\/www.laclusaz.com\/wp\/wp-includes\/images\/media\/default.png","width":1000,"height":317,"sizes":{"thumbnail":"https:\/\/www.laclusaz.com\/app\/uploads\/2023\/02\/Logo_2022_PassExperience--150x150.png","thumbnail-width":150,"thumbnail-height":150,"medium":"https:\/\/www.laclusaz.com\/app\/uploads\/2023\/02\/Logo_2022_PassExperience--300x95.png","medium-width":300,"medium-height":95,"medium_large":"https:\/\/www.laclusaz.com\/app\/uploads\/2023\/02\/Logo_2022_PassExperience--768x243.png","medium_large-width":640,"medium_large-height":203,"large":"https:\/\/www.laclusaz.com\/app\/uploads\/2023\/02\/Logo_2022_PassExperience-.png","large-width":640,"large-height":203,"galerie_photo":"https:\/\/www.laclusaz.com\/app\/uploads\/2023\/02\/Logo_2022_PassExperience-.png","galerie_photo-width":1000,"galerie_photo-height":317,"galerie_photo_large":"https:\/\/www.laclusaz.com\/app\/uploads\/2023\/02\/Logo_2022_PassExperience-.png","galerie_photo_large-width":1000,"galerie_photo_large-height":317,"post-thumbnail":"https:\/\/www.laclusaz.com\/app\/uploads\/2023\/02\/Logo_2022_PassExperience--350x240.png","post-thumbnail-width":350,"post-thumbnail-height":240,"page-thumbnail":"https:\/\/www.laclusaz.com\/app\/uploads\/2023\/02\/Logo_2022_PassExperience--475x240.png","page-thumbnail-width":475,"page-thumbnail-height":240,"picture_list":"https:\/\/www.laclusaz.com\/app\/uploads\/2023\/02\/Logo_2022_PassExperience--540x317.png","picture_list-width":540,"picture_list-height":317,"2-3_picture":"https:\/\/www.laclusaz.com\/app\/uploads\/2023\/02\/Logo_2022_PassExperience--825x317.png","2-3_picture-width":825,"2-3_picture-height":317,"1-3_picture":"https:\/\/www.laclusaz.com\/app\/uploads\/2023\/02\/Logo_2022_PassExperience--255x317.png","1-3_picture-width":255,"1-3_picture-height":317,"1536x1536":"https:\/\/www.laclusaz.com\/app\/uploads\/2023\/02\/Logo_2022_PassExperience-.png","1536x1536-width":1000,"1536x1536-height":317,"2048x2048":"https:\/\/www.laclusaz.com\/app\/uploads\/2023\/02\/Logo_2022_PassExperience-.png","2048x2048-width":1000,"2048x2048-height":317,"top_page_listing":"https:\/\/www.laclusaz.com\/app\/uploads\/2023\/02\/Logo_2022_PassExperience--480x317.png","top_page_listing-width":480,"top_page_listing-height":317,"top_page_multifocus":"https:\/\/www.laclusaz.com\/app\/uploads\/2023\/02\/Logo_2022_PassExperience-.png","top_page_multifocus-width":1000,"top_page_multifocus-height":317,"post_teaser":"https:\/\/www.laclusaz.com\/app\/uploads\/2023\/02\/Logo_2022_PassExperience--680x317.png","post_teaser-width":680,"post_teaser-height":317,"cards_links":"https:\/\/www.laclusaz.com\/app\/uploads\/2023\/02\/Logo_2022_PassExperience--340x317.png","cards_links-width":340,"cards_links-height":317,"cards_square":"https:\/\/www.laclusaz.com\/app\/uploads\/2023\/02\/Logo_2022_PassExperience--360x317.png","cards_square-width":360,"cards_square-height":317,"deal_thumbnail":"https:\/\/www.laclusaz.com\/app\/uploads\/2023\/02\/Logo_2022_PassExperience--220x230.png","deal_thumbnail-width":220,"deal_thumbnail-height":230,"card_category":"https:\/\/www.laclusaz.com\/app\/uploads\/2023\/02\/Logo_2022_PassExperience--290x317.png","card_category-width":290,"card_category-height":317,"card_category_bottom":"https:\/\/www.laclusaz.com\/app\/uploads\/2023\/02\/Logo_2022_PassExperience--490x317.png","card_category_bottom-width":490,"card_category_bottom-height":317,"apidae_teaser":"https:\/\/www.laclusaz.com\/app\/uploads\/2023\/02\/Logo_2022_PassExperience--340x170.png","apidae_teaser-width":340,"apidae_teaser-height":170,"apidae_item_slider":"https:\/\/www.laclusaz.com\/app\/uploads\/2023\/02\/Logo_2022_PassExperience--890x317.png","apidae_item_slider-width":890,"apidae_item_slider-height":317,"partner_logo":"https:\/\/www.laclusaz.com\/app\/uploads\/2023\/02\/Logo_2022_PassExperience--130x41.png","partner_logo-width":130,"partner_logo-height":41,"apidae_header":"https:\/\/www.laclusaz.com\/app\/uploads\/2023\/02\/Logo_2022_PassExperience-.png","apidae_header-width":1000,"apidae_header-height":317}},"caption":"","contenu_texte_droite":""}},{"acf_fc_layout":"one-col-content","contenu_1_colonne":"<p><strong>+ PRAKTISCH<\/strong>: \u00e9\u00e9n kaart voor toegang tot alle activiteiten<br \/>\n<strong>+ GRATIS<\/strong>: beheer uw activiteiten zoals u wilt<br \/>\n<strong>+ OPEN<\/strong>: nieuwe activiteiten uitproberen en naar believen opnieuw beginnen<br \/>\n<strong>+ ECONOMISCH<\/strong>: bespaar tijd en geld<\/p>\n<p>&nbsp;<\/p>\n<p><a class=\"button-arrow\" href=\"https:\/\/passexperience.laclusaz.com\/fr\/\">MEER LEREN<\/a><\/p>\n"},{"acf_fc_layout":"two-col-content","contenu_gauche":{"type_de_contenu_gauche":"image","contenu_texte_gauche":"","contenu_image_gauche":{"ID":174316,"id":174316,"title":"club-sports-laclusaz","filename":"club-sports-laclusaz-e1714633697531.jpg","filesize":117286,"url":"https:\/\/www.laclusaz.com\/app\/uploads\/2023\/02\/club-sports-laclusaz-e1714633697531.jpg","link":"https:\/\/www.laclusaz.com\/nl\/activites\/cartes-et-pass-activites\/attachment\/club-sports-laclusaz\/","alt":"","author":"6","description":"","caption":"","name":"club-sports-laclusaz","status":"inherit","uploaded_to":124070,"date":"2023-02-10 16:06:44","modified":"2023-02-10 16:06:44","menu_order":0,"mime_type":"image\/jpeg","type":"image","subtype":"jpeg","icon":"https:\/\/www.laclusaz.com\/wp\/wp-includes\/images\/media\/default.png","width":425,"height":425,"sizes":{"thumbnail":"https:\/\/www.laclusaz.com\/app\/uploads\/2023\/02\/club-sports-laclusaz-150x150.jpg","thumbnail-width":150,"thumbnail-height":150,"medium":"https:\/\/www.laclusaz.com\/app\/uploads\/2023\/02\/club-sports-laclusaz-300x300.jpg","medium-width":300,"medium-height":300,"medium_large":"https:\/\/www.laclusaz.com\/app\/uploads\/2023\/02\/club-sports-laclusaz-768x768.jpg","medium_large-width":640,"medium_large-height":640,"large":"https:\/\/www.laclusaz.com\/app\/uploads\/2023\/02\/club-sports-laclusaz-e1714633697531.jpg","large-width":425,"large-height":425,"galerie_photo":"https:\/\/www.laclusaz.com\/app\/uploads\/2023\/02\/club-sports-laclusaz-1000x620.jpg","galerie_photo-width":1000,"galerie_photo-height":620,"galerie_photo_large":"https:\/\/www.laclusaz.com\/app\/uploads\/2023\/02\/club-sports-laclusaz-1000x760.jpg","galerie_photo_large-width":1000,"galerie_photo_large-height":760,"post-thumbnail":"https:\/\/www.laclusaz.com\/app\/uploads\/2023\/02\/club-sports-laclusaz-350x240.jpg","post-thumbnail-width":350,"post-thumbnail-height":240,"page-thumbnail":"https:\/\/www.laclusaz.com\/app\/uploads\/2023\/02\/club-sports-laclusaz-475x240.jpg","page-thumbnail-width":475,"page-thumbnail-height":240,"picture_list":"https:\/\/www.laclusaz.com\/app\/uploads\/2023\/02\/club-sports-laclusaz-540x360.jpg","picture_list-width":540,"picture_list-height":360,"2-3_picture":"https:\/\/www.laclusaz.com\/app\/uploads\/2023\/02\/club-sports-laclusaz-825x355.jpg","2-3_picture-width":825,"2-3_picture-height":355,"1-3_picture":"https:\/\/www.laclusaz.com\/app\/uploads\/2023\/02\/club-sports-laclusaz-255x355.jpg","1-3_picture-width":255,"1-3_picture-height":355,"1536x1536":"https:\/\/www.laclusaz.com\/app\/uploads\/2023\/02\/club-sports-laclusaz-e1714633697531.jpg","1536x1536-width":425,"1536x1536-height":425,"2048x2048":"https:\/\/www.laclusaz.com\/app\/uploads\/2023\/02\/club-sports-laclusaz-e1714633697531.jpg","2048x2048-width":425,"2048x2048-height":425,"top_page_listing":"https:\/\/www.laclusaz.com\/app\/uploads\/2023\/02\/club-sports-laclusaz-480x600.jpg","top_page_listing-width":480,"top_page_listing-height":600,"top_page_multifocus":"https:\/\/www.laclusaz.com\/app\/uploads\/2023\/02\/club-sports-laclusaz-1000x480.jpg","top_page_multifocus-width":1000,"top_page_multifocus-height":480,"post_teaser":"https:\/\/www.laclusaz.com\/app\/uploads\/2023\/02\/club-sports-laclusaz-680x380.jpg","post_teaser-width":680,"post_teaser-height":380,"cards_links":"https:\/\/www.laclusaz.com\/app\/uploads\/2023\/02\/club-sports-laclusaz-340x425.jpg","cards_links-width":340,"cards_links-height":425,"cards_square":"https:\/\/www.laclusaz.com\/app\/uploads\/2023\/02\/club-sports-laclusaz-360x350.jpg","cards_square-width":360,"cards_square-height":350,"deal_thumbnail":"https:\/\/www.laclusaz.com\/app\/uploads\/2023\/02\/club-sports-laclusaz-220x230.jpg","deal_thumbnail-width":220,"deal_thumbnail-height":230,"card_category":"https:\/\/www.laclusaz.com\/app\/uploads\/2023\/02\/club-sports-laclusaz-290x375.jpg","card_category-width":290,"card_category-height":375,"card_category_bottom":"https:\/\/www.laclusaz.com\/app\/uploads\/2023\/02\/club-sports-laclusaz-490x345.jpg","card_category_bottom-width":490,"card_category_bottom-height":345,"apidae_teaser":"https:\/\/www.laclusaz.com\/app\/uploads\/2023\/02\/club-sports-laclusaz-340x170.jpg","apidae_teaser-width":340,"apidae_teaser-height":170,"apidae_item_slider":"https:\/\/www.laclusaz.com\/app\/uploads\/2023\/02\/club-sports-laclusaz-890x500.jpg","apidae_item_slider-width":890,"apidae_item_slider-height":500,"partner_logo":"https:\/\/www.laclusaz.com\/app\/uploads\/2023\/02\/club-sports-laclusaz-130x130.jpg","partner_logo-width":130,"partner_logo-height":130,"apidae_header":"https:\/\/www.laclusaz.com\/app\/uploads\/2023\/02\/club-sports-laclusaz-1000x650.jpg","apidae_header-width":1000,"apidae_header-height":650}},"caption":""},"contenu_droite":{"type_de_contenu_droite":"texte","contenu_image_droite":false,"caption":"","contenu_texte_droite":"<h2>ARAVIS VRIJETIJDSPAS<\/h2>\n<p>Betalen met de Pass Loisirs betekent<strong> kortingen voor al uw activiteiten<\/strong>! Met deze pas profiteert u van kortingen tot <strong>30% op de publieke<\/strong> tarieven van meer dan 50 activiteiten en andere vrijetijdsbestedingen.<\/p>\n<p>Verkrijgbaar in alle VVV-kantoren van het Aravis (Saint-Jean de Sixt, Th\u00f4nes, le Grand-Bornand, la Clusaz en Manigod) en <strong>GRATIS<\/strong>.<\/p>\n<p>&nbsp;<\/p>\n<p><a class=\"button-arrow\" href=\"https:\/\/www.laclusaz.com\/app\/uploads\/2023\/02\/brochure-loisir-2022-print-1285.pdf\" target=\"_blank\" rel=\"noopener\">ZOMER 2022 FOLDERS<\/a><\/p>\n<p><a class=\"button-arrow\" href=\"https:\/\/www.laclusaz.com\/app\/uploads\/2023\/02\/depliant-loisirs-hiver22-23-web-1-1325.pdf\" target=\"_blank\" rel=\"noopener\">Winter 2022\/2023 folders<\/a><\/p>\n"}}],"display_antidots_widget":false},"yoast_head":"<!-- This site is optimized with the Yoast SEO plugin v26.5 - https:\/\/yoast.com\/wordpress\/plugins\/seo\/ -->\n<title>Activiteitenkaarten en pasjes | La Clusaz<\/title>\n<meta name=\"robots\" content=\"index, follow, max-snippet:-1, max-image-preview:large, max-video-preview:-1\" \/>\n<link rel=\"canonical\" href=\"https:\/\/www.laclusaz.com\/nl\/activiteiten\/activiteitenkaarten-en-pasjes\/\" \/>\n<meta property=\"og:locale\" content=\"nl_NL\" \/>\n<meta property=\"og:type\" content=\"article\" \/>\n<meta property=\"og:title\" content=\"Activiteitenkaarten en pasjes | La Clusaz\" \/>\n<meta property=\"og:description\" content=\"Profiteer van de voordelen van de verschillende passen voor een groot aantal activiteiten voor alle leeftijden en praktijken!\" \/>\n<meta property=\"og:url\" content=\"https:\/\/www.laclusaz.com\/nl\/activiteiten\/activiteitenkaarten-en-pasjes\/\" \/>\n<meta property=\"og:site_name\" content=\"La Clusaz\" \/>\n<meta property=\"article:publisher\" content=\"https:\/\/www.facebook.com\/LaClusaz\" \/>\n<meta property=\"article:modified_time\" content=\"2023-03-07T08:08:47+00:00\" \/>\n<meta property=\"og:image\" content=\"https:\/\/www.laclusaz.com\/app\/uploads\/2023\/02\/carte-pass-activites.jpg\" \/>\n\t<meta property=\"og:image:width\" content=\"1376\" \/>\n\t<meta property=\"og:image:height\" content=\"545\" \/>\n\t<meta property=\"og:image:type\" content=\"image\/jpeg\" \/>\n<meta name=\"twitter:card\" content=\"summary_large_image\" \/>\n<meta name=\"twitter:site\" content=\"@LaClusaz\" \/>\n<meta name=\"twitter:label1\" content=\"Est. reading time\" \/>\n\t<meta name=\"twitter:data1\" content=\"1 minute\" \/>\n<script type=\"application\/ld+json\" class=\"yoast-schema-graph\">{\"@context\":\"https:\/\/schema.org\",\"@graph\":[{\"@type\":\"WebPage\",\"@id\":\"https:\/\/www.laclusaz.com\/nl\/activiteiten\/activiteitenkaarten-en-pasjes\/\",\"url\":\"https:\/\/www.laclusaz.com\/nl\/activiteiten\/activiteitenkaarten-en-pasjes\/\",\"name\":\"Activiteitenkaarten en pasjes | La Clusaz\",\"isPartOf\":{\"@id\":\"https:\/\/www.laclusaz.com\/nl\/#website\"},\"primaryImageOfPage\":{\"@id\":\"https:\/\/www.laclusaz.com\/nl\/activiteiten\/activiteitenkaarten-en-pasjes\/#primaryimage\"},\"image\":{\"@id\":\"https:\/\/www.laclusaz.com\/nl\/activiteiten\/activiteitenkaarten-en-pasjes\/#primaryimage\"},\"thumbnailUrl\":\"https:\/\/www.laclusaz.com\/app\/uploads\/2023\/02\/carte-pass-activites.jpg\",\"datePublished\":\"2023-01-23T13:32:26+00:00\",\"dateModified\":\"2023-03-07T08:08:47+00:00\",\"breadcrumb\":{\"@id\":\"https:\/\/www.laclusaz.com\/nl\/activiteiten\/activiteitenkaarten-en-pasjes\/#breadcrumb\"},\"inLanguage\":\"nl-NL\",\"potentialAction\":[{\"@type\":\"ReadAction\",\"target\":[\"https:\/\/www.laclusaz.com\/nl\/activiteiten\/activiteitenkaarten-en-pasjes\/\"]}]},{\"@type\":\"ImageObject\",\"inLanguage\":\"nl-NL\",\"@id\":\"https:\/\/www.laclusaz.com\/nl\/activiteiten\/activiteitenkaarten-en-pasjes\/#primaryimage\",\"url\":\"https:\/\/www.laclusaz.com\/app\/uploads\/2023\/02\/carte-pass-activites.jpg\",\"contentUrl\":\"https:\/\/www.laclusaz.com\/app\/uploads\/2023\/02\/carte-pass-activites.jpg\",\"width\":1376,\"height\":545},{\"@type\":\"BreadcrumbList\",\"@id\":\"https:\/\/www.laclusaz.com\/nl\/activiteiten\/activiteitenkaarten-en-pasjes\/#breadcrumb\",\"itemListElement\":[{\"@type\":\"ListItem\",\"position\":1,\"name\":\"Startpagina\",\"item\":\"https:\/\/www.laclusaz.com\/nl\/\"},{\"@type\":\"ListItem\",\"position\":2,\"name\":\"Activiteiten\",\"item\":\"https:\/\/www.laclusaz.com\/nl\/activiteiten\/\"},{\"@type\":\"ListItem\",\"position\":3,\"name\":\"Activiteitenkaarten en pasjes\"}]},{\"@type\":\"WebSite\",\"@id\":\"https:\/\/www.laclusaz.com\/nl\/#website\",\"url\":\"https:\/\/www.laclusaz.com\/nl\/\",\"name\":\"La Clusaz\",\"description\":\"\",\"publisher\":{\"@id\":\"https:\/\/www.laclusaz.com\/nl\/#organization\"},\"potentialAction\":[{\"@type\":\"SearchAction\",\"target\":{\"@type\":\"EntryPoint\",\"urlTemplate\":\"https:\/\/www.laclusaz.com\/nl\/?s={search_term_string}\"},\"query-input\":{\"@type\":\"PropertyValueSpecification\",\"valueRequired\":true,\"valueName\":\"search_term_string\"}}],\"inLanguage\":\"nl-NL\"},{\"@type\":\"Organization\",\"@id\":\"https:\/\/www.laclusaz.com\/nl\/#organization\",\"name\":\"La Clusaz\",\"url\":\"https:\/\/www.laclusaz.com\/nl\/\",\"logo\":{\"@type\":\"ImageObject\",\"inLanguage\":\"nl-NL\",\"@id\":\"https:\/\/www.laclusaz.com\/nl\/#\/schema\/logo\/image\/\",\"url\":\"https:\/\/www.laclusaz.com\/app\/uploads\/2023\/03\/Logo-La-Clusaz-French-Alps-paysage.png\",\"contentUrl\":\"https:\/\/www.laclusaz.com\/app\/uploads\/2023\/03\/Logo-La-Clusaz-French-Alps-paysage.png\",\"width\":1920,\"height\":1018,\"caption\":\"La Clusaz\"},\"image\":{\"@id\":\"https:\/\/www.laclusaz.com\/nl\/#\/schema\/logo\/image\/\"},\"sameAs\":[\"https:\/\/www.facebook.com\/LaClusaz\",\"https:\/\/x.com\/LaClusaz\",\"https:\/\/www.instagram.com\/laclusazskiresort\/\",\"https:\/\/www.youtube.com\/channel\/UC0nXO2GDOebkqOvTCx8gtGA\",\"https:\/\/www.tiktok.com\/@la_clusaz\"]}]}<\/script>\n<!-- \/ Yoast SEO plugin. -->","yoast_head_json":{"title":"Activiteitenkaarten en pasjes | La Clusaz","robots":{"index":"index","follow":"follow","max-snippet":"max-snippet:-1","max-image-preview":"max-image-preview:large","max-video-preview":"max-video-preview:-1"},"canonical":"https:\/\/www.laclusaz.com\/nl\/activiteiten\/activiteitenkaarten-en-pasjes\/","og_locale":"nl_NL","og_type":"article","og_title":"Activiteitenkaarten en pasjes | La Clusaz","og_description":"Profiteer van de voordelen van de verschillende passen voor een groot aantal activiteiten voor alle leeftijden en praktijken!","og_url":"https:\/\/www.laclusaz.com\/nl\/activiteiten\/activiteitenkaarten-en-pasjes\/","og_site_name":"La Clusaz","article_publisher":"https:\/\/www.facebook.com\/LaClusaz","article_modified_time":"2023-03-07T08:08:47+00:00","og_image":[{"width":1376,"height":545,"url":"https:\/\/www.laclusaz.com\/app\/uploads\/2023\/02\/carte-pass-activites.jpg","type":"image\/jpeg"}],"twitter_card":"summary_large_image","twitter_site":"@LaClusaz","twitter_misc":{"Est. reading time":"1 minute"},"schema":{"@context":"https:\/\/schema.org","@graph":[{"@type":"WebPage","@id":"https:\/\/www.laclusaz.com\/nl\/activiteiten\/activiteitenkaarten-en-pasjes\/","url":"https:\/\/www.laclusaz.com\/nl\/activiteiten\/activiteitenkaarten-en-pasjes\/","name":"Activiteitenkaarten en pasjes | La Clusaz","isPartOf":{"@id":"https:\/\/www.laclusaz.com\/nl\/#website"},"primaryImageOfPage":{"@id":"https:\/\/www.laclusaz.com\/nl\/activiteiten\/activiteitenkaarten-en-pasjes\/#primaryimage"},"image":{"@id":"https:\/\/www.laclusaz.com\/nl\/activiteiten\/activiteitenkaarten-en-pasjes\/#primaryimage"},"thumbnailUrl":"https:\/\/www.laclusaz.com\/app\/uploads\/2023\/02\/carte-pass-activites.jpg","datePublished":"2023-01-23T13:32:26+00:00","dateModified":"2023-03-07T08:08:47+00:00","breadcrumb":{"@id":"https:\/\/www.laclusaz.com\/nl\/activiteiten\/activiteitenkaarten-en-pasjes\/#breadcrumb"},"inLanguage":"nl-NL","potentialAction":[{"@type":"ReadAction","target":["https:\/\/www.laclusaz.com\/nl\/activiteiten\/activiteitenkaarten-en-pasjes\/"]}]},{"@type":"ImageObject","inLanguage":"nl-NL","@id":"https:\/\/www.laclusaz.com\/nl\/activiteiten\/activiteitenkaarten-en-pasjes\/#primaryimage","url":"https:\/\/www.laclusaz.com\/app\/uploads\/2023\/02\/carte-pass-activites.jpg","contentUrl":"https:\/\/www.laclusaz.com\/app\/uploads\/2023\/02\/carte-pass-activites.jpg","width":1376,"height":545},{"@type":"BreadcrumbList","@id":"https:\/\/www.laclusaz.com\/nl\/activiteiten\/activiteitenkaarten-en-pasjes\/#breadcrumb","itemListElement":[{"@type":"ListItem","position":1,"name":"Startpagina","item":"https:\/\/www.laclusaz.com\/nl\/"},{"@type":"ListItem","position":2,"name":"Activiteiten","item":"https:\/\/www.laclusaz.com\/nl\/activiteiten\/"},{"@type":"ListItem","position":3,"name":"Activiteitenkaarten en pasjes"}]},{"@type":"WebSite","@id":"https:\/\/www.laclusaz.com\/nl\/#website","url":"https:\/\/www.laclusaz.com\/nl\/","name":"La Clusaz","description":"","publisher":{"@id":"https:\/\/www.laclusaz.com\/nl\/#organization"},"potentialAction":[{"@type":"SearchAction","target":{"@type":"EntryPoint","urlTemplate":"https:\/\/www.laclusaz.com\/nl\/?s={search_term_string}"},"query-input":{"@type":"PropertyValueSpecification","valueRequired":true,"valueName":"search_term_string"}}],"inLanguage":"nl-NL"},{"@type":"Organization","@id":"https:\/\/www.laclusaz.com\/nl\/#organization","name":"La Clusaz","url":"https:\/\/www.laclusaz.com\/nl\/","logo":{"@type":"ImageObject","inLanguage":"nl-NL","@id":"https:\/\/www.laclusaz.com\/nl\/#\/schema\/logo\/image\/","url":"https:\/\/www.laclusaz.com\/app\/uploads\/2023\/03\/Logo-La-Clusaz-French-Alps-paysage.png","contentUrl":"https:\/\/www.laclusaz.com\/app\/uploads\/2023\/03\/Logo-La-Clusaz-French-Alps-paysage.png","width":1920,"height":1018,"caption":"La Clusaz"},"image":{"@id":"https:\/\/www.laclusaz.com\/nl\/#\/schema\/logo\/image\/"},"sameAs":["https:\/\/www.facebook.com\/LaClusaz","https:\/\/x.com\/LaClusaz","https:\/\/www.instagram.com\/laclusazskiresort\/","https:\/\/www.youtube.com\/channel\/UC0nXO2GDOebkqOvTCx8gtGA","https:\/\/www.tiktok.com\/@la_clusaz"]}]}},"_links":{"self":[{"href":"https:\/\/www.laclusaz.com\/nl\/wp-json\/wp\/v2\/pages\/176722","targetHints":{"allow":["GET"]}}],"collection":[{"href":"https:\/\/www.laclusaz.com\/nl\/wp-json\/wp\/v2\/pages"}],"about":[{"href":"https:\/\/www.laclusaz.com\/nl\/wp-json\/wp\/v2\/types\/page"}],"author":[{"embeddable":true,"href":"https:\/\/www.laclusaz.com\/nl\/wp-json\/wp\/v2\/users\/2"}],"replies":[{"embeddable":true,"href":"https:\/\/www.laclusaz.com\/nl\/wp-json\/wp\/v2\/comments?post=176722"}],"version-history":[{"count":3,"href":"https:\/\/www.laclusaz.com\/nl\/wp-json\/wp\/v2\/pages\/176722\/revisions"}],"predecessor-version":[{"id":176727,"href":"https:\/\/www.laclusaz.com\/nl\/wp-json\/wp\/v2\/pages\/176722\/revisions\/176727"}],"up":[{"embeddable":true,"href":"https:\/\/www.laclusaz.com\/nl\/wp-json\/wp\/v2\/pages\/176562"}],"wp:featuredmedia":[{"embeddable":true,"href":"https:\/\/www.laclusaz.com\/nl\/wp-json\/wp\/v2\/media\/174319"}],"wp:attachment":[{"href":"https:\/\/www.laclusaz.com\/nl\/wp-json\/wp\/v2\/media?parent=176722"}],"curies":[{"name":"wp","href":"https:\/\/api.w.org\/{rel}","templated":true}]}}