{"id":176664,"date":"2022-10-17T21:16:45","date_gmt":"2022-10-17T19:16:45","guid":{"rendered":"https:\/\/www.laclusaz.com\/activites-hiver\/"},"modified":"2025-12-31T16:41:31","modified_gmt":"2025-12-31T15:41:31","slug":"winter-activiteiten","status":"publish","type":"page","link":"https:\/\/www.laclusaz.com\/nl\/activiteiten\/winter-activiteiten\/","title":{"rendered":"Winter activiteiten"},"content":{"rendered":"","protected":false},"excerpt":{"rendered":"<span class=\"excerpt-link\">Lire plus<\/span>","protected":false},"author":1,"featured_media":282716,"parent":176562,"menu_order":0,"comment_status":"closed","ping_status":"closed","template":"templates\/dispatch.php","meta":{"_acf_changed":false,"inline_featured_image":false,"footnotes":""},"class_list":["post-176664","page","type-page","status-publish","has-post-thumbnail","hentry"],"acf":{"dispatch_1":{"explore_block_title":"We stoppen je hoofd in het poeder","explore_bg_color":"black","explore_list":[{"explore_type":"image","explore_tag":"Inspiratie","explore_content_type":"post","explore_post":309683,"explore_title":"","explore_excerpt":"","explore_image":false,"explore_link":"","explore_video":{"explore_video_link":"","explore_video_thumbnail":false}},{"explore_type":"image","explore_tag":"Inspiratie","explore_content_type":"post","explore_post":363164,"explore_title":"","explore_excerpt":"","explore_image":false,"explore_link":"","explore_video":{"explore_video_link":"","explore_video_thumbnail":false}},{"explore_type":"image","explore_tag":"Nieuwtjes","explore_content_type":"post","explore_post":388056,"explore_title":"","explore_excerpt":"","explore_image":false,"explore_link":"","explore_video":{"explore_video_link":"","explore_video_thumbnail":false}},{"explore_type":"image","explore_tag":"Inspiratie","explore_content_type":"post","explore_post":318779,"explore_title":"","explore_excerpt":"","explore_image":false,"explore_link":"","explore_video":{"explore_video_link":"","explore_video_thumbnail":false}}]},"dispatch_2_position":"cards_links","dispatch_2_checklist":{"checklist_section_title":{"circled":"Checklist","title_highlighted":"time"},"checklist_section_subtitle":"Wij hebben aan alles voor u gedacht!","checklist_row":false},"dispatch_2_cards_links":{"cards_block_title":"<h2 style=\"text-align: center;\">Er is meer in het leven <s class=\"strike-text\">dan ski<span class=\"replace-span\">in la Clusaz<\/span><\/s><\/h2>\n","cards_list":[{"card_background":358472,"card_link":{"title":"Sneeuwactiviteiten","url":"https:\/\/www.laclusaz.com\/nl\/activiteiten\/winter-activiteiten\/sneeuwactiviteiten\/","target":""}},{"card_background":358906,"card_link":{"title":"Ludieke en vermakelijke activiteiten","url":"https:\/\/www.laclusaz.com\/nl\/activiteiten\/winter-activiteiten\/ludieke-en-vermakelijke-activiteiten\/","target":""}},{"card_background":292481,"card_link":{"title":"Wateractiviteiten","url":"https:\/\/www.laclusaz.com\/nl\/activiteiten\/winter-activiteiten\/activites-aquatiques\/","target":""}},{"card_background":358941,"card_link":{"title":"Luchtactiviteiten","url":"https:\/\/www.laclusaz.com\/nl\/activiteiten\/winter-activiteiten\/luchtactiviteiten\/","target":""}},{"card_background":296261,"card_link":{"title":"Bijzondere activiteiten","url":"https:\/\/www.laclusaz.com\/nl\/activiteiten\/winter-activiteiten\/bijzondere-activiteiten\/","target":""}},{"card_background":174199,"card_link":{"title":"Culturele activiteiten","url":"https:\/\/www.laclusaz.com\/nl\/activiteiten\/winter-activiteiten\/culturele-activiteiten\/","target":""}},{"card_background":217665,"card_link":{"title":"Wellness","url":"https:\/\/www.laclusaz.com\/nl\/activiteiten\/wellness\/","target":""}},{"card_background":153620,"card_link":{"title":"Activiteiten voor kinderen","url":"https:\/\/www.laclusaz.com\/nl\/activiteiten\/winter-activiteiten\/kinderenactiviteiten\/","target":""}}]},"dispatch_3":{"dispatch_3_bg":false,"explore_block_title":"Levenskunst \"A la Chave\"","explore_bg_color":"white","explore_list":[{"explore_type":"image","explore_tag":"Explore","explore_content_type":"post","explore_post":194651,"explore_title":"","explore_excerpt":"","explore_image":false,"explore_link":"","explore_video":{"explore_video_link":"","explore_video_thumbnail":false}},{"explore_type":"image","explore_tag":"Explore","explore_content_type":"post","explore_post":176522,"explore_title":"","explore_excerpt":"","explore_image":false,"explore_link":"","explore_video":{"explore_video_link":"","explore_video_thumbnail":false}},{"explore_type":"image","explore_tag":"Explore","explore_content_type":"post","explore_post":192180,"explore_title":"","explore_excerpt":"","explore_image":false,"explore_link":"","explore_video":{"explore_video_link":"","explore_video_thumbnail":false}}]},"dispatch_4":{"category_ctas_title":"","category_ctas":false},"dispatch_5":{"deals_bg":false,"deals_listing":false},"dispatch_6":{"geek_posts":null},"dispatch_7":{"cards_duo_section_title":"","cards_duo_listing":false},"top_page_menu":[{"top_page_menu_link":{"title":"Alpine Ski\u00ebn","url":"https:\/\/www.laclusaz.com\/nl\/ski\/alpine-skien\/","target":""}},{"top_page_menu_link":{"title":"Noords Skien","url":"https:\/\/www.laclusaz.com\/nl\/ski\/noords-skien\/","target":""}},{"top_page_menu_link":{"title":"Skitochten","url":"https:\/\/www.laclusaz.com\/nl\/ski\/skitochten\/","target":""}}]},"yoast_head":"<!-- This site is optimized with the Yoast SEO plugin v26.5 - https:\/\/yoast.com\/wordpress\/plugins\/seo\/ -->\n<title>Winter activiteiten | La Clusaz<\/title>\n<meta name=\"description\" content=\"Gr\u00e2ce \u00e0 un \u00e9ventail d&#039;activit\u00e9s, vous ferez le plein d&#039;\u00e9motion et vous repartirez de La Clusaz avec la t\u00eate pleine de souvenirs.\" \/>\n<meta name=\"robots\" content=\"index, follow, max-snippet:-1, max-image-preview:large, max-video-preview:-1\" \/>\n<link rel=\"canonical\" href=\"https:\/\/www.laclusaz.com\/nl\/activiteiten\/winter-activiteiten\/\" \/>\n<meta property=\"og:locale\" content=\"nl_NL\" \/>\n<meta property=\"og:type\" content=\"article\" \/>\n<meta property=\"og:title\" content=\"Winter activiteiten | La Clusaz\" \/>\n<meta property=\"og:description\" content=\"Gr\u00e2ce \u00e0 un \u00e9ventail d&#039;activit\u00e9s, vous ferez le plein d&#039;\u00e9motion et vous repartirez de La Clusaz avec la t\u00eate pleine de souvenirs.\" \/>\n<meta property=\"og:url\" content=\"https:\/\/www.laclusaz.com\/nl\/activiteiten\/winter-activiteiten\/\" \/>\n<meta property=\"og:site_name\" content=\"La Clusaz\" \/>\n<meta property=\"article:publisher\" content=\"https:\/\/www.facebook.com\/LaClusaz\" \/>\n<meta property=\"article:modified_time\" content=\"2025-12-31T15:41:31+00:00\" \/>\n<meta property=\"og:image\" content=\"https:\/\/www.laclusaz.com\/app\/uploads\/2024\/09\/Tilby-Vattard_SIMA-hiver-2023_La-Clusaz_Parapente_010-min-scaled.jpg\" \/>\n\t<meta property=\"og:image:width\" content=\"1707\" \/>\n\t<meta property=\"og:image:height\" content=\"2560\" \/>\n\t<meta property=\"og:image:type\" content=\"image\/jpeg\" \/>\n<meta name=\"twitter:card\" content=\"summary_large_image\" \/>\n<meta name=\"twitter:site\" content=\"@LaClusaz\" \/>\n<meta name=\"twitter:label1\" content=\"Est. reading time\" \/>\n\t<meta name=\"twitter:data1\" content=\"1 minute\" \/>\n<script type=\"application\/ld+json\" class=\"yoast-schema-graph\">{\"@context\":\"https:\/\/schema.org\",\"@graph\":[{\"@type\":\"WebPage\",\"@id\":\"https:\/\/www.laclusaz.com\/nl\/activiteiten\/winter-activiteiten\/\",\"url\":\"https:\/\/www.laclusaz.com\/nl\/activiteiten\/winter-activiteiten\/\",\"name\":\"Winter activiteiten | La Clusaz\",\"isPartOf\":{\"@id\":\"https:\/\/www.laclusaz.com\/nl\/#website\"},\"primaryImageOfPage\":{\"@id\":\"https:\/\/www.laclusaz.com\/nl\/activiteiten\/winter-activiteiten\/#primaryimage\"},\"image\":{\"@id\":\"https:\/\/www.laclusaz.com\/nl\/activiteiten\/winter-activiteiten\/#primaryimage\"},\"thumbnailUrl\":\"https:\/\/www.laclusaz.com\/app\/uploads\/2024\/09\/Tilby-Vattard_SIMA-hiver-2023_La-Clusaz_Parapente_010-min-scaled.jpg\",\"datePublished\":\"2022-10-17T19:16:45+00:00\",\"dateModified\":\"2025-12-31T15:41:31+00:00\",\"description\":\"Gr\u00e2ce \u00e0 un \u00e9ventail d'activit\u00e9s, vous ferez le plein d'\u00e9motion et vous repartirez de La Clusaz avec la t\u00eate pleine de souvenirs.\",\"breadcrumb\":{\"@id\":\"https:\/\/www.laclusaz.com\/nl\/activiteiten\/winter-activiteiten\/#breadcrumb\"},\"inLanguage\":\"nl-NL\",\"potentialAction\":[{\"@type\":\"ReadAction\",\"target\":[\"https:\/\/www.laclusaz.com\/nl\/activiteiten\/winter-activiteiten\/\"]}]},{\"@type\":\"ImageObject\",\"inLanguage\":\"nl-NL\",\"@id\":\"https:\/\/www.laclusaz.com\/nl\/activiteiten\/winter-activiteiten\/#primaryimage\",\"url\":\"https:\/\/www.laclusaz.com\/app\/uploads\/2024\/09\/Tilby-Vattard_SIMA-hiver-2023_La-Clusaz_Parapente_010-min-scaled.jpg\",\"contentUrl\":\"https:\/\/www.laclusaz.com\/app\/uploads\/2024\/09\/Tilby-Vattard_SIMA-hiver-2023_La-Clusaz_Parapente_010-min-scaled.jpg\",\"width\":1707,\"height\":2560},{\"@type\":\"BreadcrumbList\",\"@id\":\"https:\/\/www.laclusaz.com\/nl\/activiteiten\/winter-activiteiten\/#breadcrumb\",\"itemListElement\":[{\"@type\":\"ListItem\",\"position\":1,\"name\":\"Startpagina\",\"item\":\"https:\/\/www.laclusaz.com\/nl\/\"},{\"@type\":\"ListItem\",\"position\":2,\"name\":\"Activiteiten\",\"item\":\"https:\/\/www.laclusaz.com\/nl\/activiteiten\/\"},{\"@type\":\"ListItem\",\"position\":3,\"name\":\"Winter activiteiten\"}]},{\"@type\":\"WebSite\",\"@id\":\"https:\/\/www.laclusaz.com\/nl\/#website\",\"url\":\"https:\/\/www.laclusaz.com\/nl\/\",\"name\":\"La Clusaz\",\"description\":\"\",\"publisher\":{\"@id\":\"https:\/\/www.laclusaz.com\/nl\/#organization\"},\"potentialAction\":[{\"@type\":\"SearchAction\",\"target\":{\"@type\":\"EntryPoint\",\"urlTemplate\":\"https:\/\/www.laclusaz.com\/nl\/?s={search_term_string}\"},\"query-input\":{\"@type\":\"PropertyValueSpecification\",\"valueRequired\":true,\"valueName\":\"search_term_string\"}}],\"inLanguage\":\"nl-NL\"},{\"@type\":\"Organization\",\"@id\":\"https:\/\/www.laclusaz.com\/nl\/#organization\",\"name\":\"La Clusaz\",\"url\":\"https:\/\/www.laclusaz.com\/nl\/\",\"logo\":{\"@type\":\"ImageObject\",\"inLanguage\":\"nl-NL\",\"@id\":\"https:\/\/www.laclusaz.com\/nl\/#\/schema\/logo\/image\/\",\"url\":\"https:\/\/www.laclusaz.com\/app\/uploads\/2023\/03\/Logo-La-Clusaz-French-Alps-paysage.png\",\"contentUrl\":\"https:\/\/www.laclusaz.com\/app\/uploads\/2023\/03\/Logo-La-Clusaz-French-Alps-paysage.png\",\"width\":1920,\"height\":1018,\"caption\":\"La Clusaz\"},\"image\":{\"@id\":\"https:\/\/www.laclusaz.com\/nl\/#\/schema\/logo\/image\/\"},\"sameAs\":[\"https:\/\/www.facebook.com\/LaClusaz\",\"https:\/\/x.com\/LaClusaz\",\"https:\/\/www.instagram.com\/laclusazskiresort\/\",\"https:\/\/www.youtube.com\/channel\/UC0nXO2GDOebkqOvTCx8gtGA\",\"https:\/\/www.tiktok.com\/@la_clusaz\"]}]}<\/script>\n<!-- \/ Yoast SEO plugin. -->","yoast_head_json":{"title":"Winter activiteiten | La Clusaz","description":"Gr\u00e2ce \u00e0 un \u00e9ventail d'activit\u00e9s, vous ferez le plein d'\u00e9motion et vous repartirez de La Clusaz avec la t\u00eate pleine de souvenirs.","robots":{"index":"index","follow":"follow","max-snippet":"max-snippet:-1","max-image-preview":"max-image-preview:large","max-video-preview":"max-video-preview:-1"},"canonical":"https:\/\/www.laclusaz.com\/nl\/activiteiten\/winter-activiteiten\/","og_locale":"nl_NL","og_type":"article","og_title":"Winter activiteiten | La Clusaz","og_description":"Gr\u00e2ce \u00e0 un \u00e9ventail d'activit\u00e9s, vous ferez le plein d'\u00e9motion et vous repartirez de La Clusaz avec la t\u00eate pleine de souvenirs.","og_url":"https:\/\/www.laclusaz.com\/nl\/activiteiten\/winter-activiteiten\/","og_site_name":"La Clusaz","article_publisher":"https:\/\/www.facebook.com\/LaClusaz","article_modified_time":"2025-12-31T15:41:31+00:00","og_image":[{"width":1707,"height":2560,"url":"https:\/\/www.laclusaz.com\/app\/uploads\/2024\/09\/Tilby-Vattard_SIMA-hiver-2023_La-Clusaz_Parapente_010-min-scaled.jpg","type":"image\/jpeg"}],"twitter_card":"summary_large_image","twitter_site":"@LaClusaz","twitter_misc":{"Est. reading time":"1 minute"},"schema":{"@context":"https:\/\/schema.org","@graph":[{"@type":"WebPage","@id":"https:\/\/www.laclusaz.com\/nl\/activiteiten\/winter-activiteiten\/","url":"https:\/\/www.laclusaz.com\/nl\/activiteiten\/winter-activiteiten\/","name":"Winter activiteiten | La Clusaz","isPartOf":{"@id":"https:\/\/www.laclusaz.com\/nl\/#website"},"primaryImageOfPage":{"@id":"https:\/\/www.laclusaz.com\/nl\/activiteiten\/winter-activiteiten\/#primaryimage"},"image":{"@id":"https:\/\/www.laclusaz.com\/nl\/activiteiten\/winter-activiteiten\/#primaryimage"},"thumbnailUrl":"https:\/\/www.laclusaz.com\/app\/uploads\/2024\/09\/Tilby-Vattard_SIMA-hiver-2023_La-Clusaz_Parapente_010-min-scaled.jpg","datePublished":"2022-10-17T19:16:45+00:00","dateModified":"2025-12-31T15:41:31+00:00","description":"Gr\u00e2ce \u00e0 un \u00e9ventail d'activit\u00e9s, vous ferez le plein d'\u00e9motion et vous repartirez de La Clusaz avec la t\u00eate pleine de souvenirs.","breadcrumb":{"@id":"https:\/\/www.laclusaz.com\/nl\/activiteiten\/winter-activiteiten\/#breadcrumb"},"inLanguage":"nl-NL","potentialAction":[{"@type":"ReadAction","target":["https:\/\/www.laclusaz.com\/nl\/activiteiten\/winter-activiteiten\/"]}]},{"@type":"ImageObject","inLanguage":"nl-NL","@id":"https:\/\/www.laclusaz.com\/nl\/activiteiten\/winter-activiteiten\/#primaryimage","url":"https:\/\/www.laclusaz.com\/app\/uploads\/2024\/09\/Tilby-Vattard_SIMA-hiver-2023_La-Clusaz_Parapente_010-min-scaled.jpg","contentUrl":"https:\/\/www.laclusaz.com\/app\/uploads\/2024\/09\/Tilby-Vattard_SIMA-hiver-2023_La-Clusaz_Parapente_010-min-scaled.jpg","width":1707,"height":2560},{"@type":"BreadcrumbList","@id":"https:\/\/www.laclusaz.com\/nl\/activiteiten\/winter-activiteiten\/#breadcrumb","itemListElement":[{"@type":"ListItem","position":1,"name":"Startpagina","item":"https:\/\/www.laclusaz.com\/nl\/"},{"@type":"ListItem","position":2,"name":"Activiteiten","item":"https:\/\/www.laclusaz.com\/nl\/activiteiten\/"},{"@type":"ListItem","position":3,"name":"Winter activiteiten"}]},{"@type":"WebSite","@id":"https:\/\/www.laclusaz.com\/nl\/#website","url":"https:\/\/www.laclusaz.com\/nl\/","name":"La Clusaz","description":"","publisher":{"@id":"https:\/\/www.laclusaz.com\/nl\/#organization"},"potentialAction":[{"@type":"SearchAction","target":{"@type":"EntryPoint","urlTemplate":"https:\/\/www.laclusaz.com\/nl\/?s={search_term_string}"},"query-input":{"@type":"PropertyValueSpecification","valueRequired":true,"valueName":"search_term_string"}}],"inLanguage":"nl-NL"},{"@type":"Organization","@id":"https:\/\/www.laclusaz.com\/nl\/#organization","name":"La Clusaz","url":"https:\/\/www.laclusaz.com\/nl\/","logo":{"@type":"ImageObject","inLanguage":"nl-NL","@id":"https:\/\/www.laclusaz.com\/nl\/#\/schema\/logo\/image\/","url":"https:\/\/www.laclusaz.com\/app\/uploads\/2023\/03\/Logo-La-Clusaz-French-Alps-paysage.png","contentUrl":"https:\/\/www.laclusaz.com\/app\/uploads\/2023\/03\/Logo-La-Clusaz-French-Alps-paysage.png","width":1920,"height":1018,"caption":"La Clusaz"},"image":{"@id":"https:\/\/www.laclusaz.com\/nl\/#\/schema\/logo\/image\/"},"sameAs":["https:\/\/www.facebook.com\/LaClusaz","https:\/\/x.com\/LaClusaz","https:\/\/www.instagram.com\/laclusazskiresort\/","https:\/\/www.youtube.com\/channel\/UC0nXO2GDOebkqOvTCx8gtGA","https:\/\/www.tiktok.com\/@la_clusaz"]}]}},"_links":{"self":[{"href":"https:\/\/www.laclusaz.com\/nl\/wp-json\/wp\/v2\/pages\/176664","targetHints":{"allow":["GET"]}}],"collection":[{"href":"https:\/\/www.laclusaz.com\/nl\/wp-json\/wp\/v2\/pages"}],"about":[{"href":"https:\/\/www.laclusaz.com\/nl\/wp-json\/wp\/v2\/types\/page"}],"author":[{"embeddable":true,"href":"https:\/\/www.laclusaz.com\/nl\/wp-json\/wp\/v2\/users\/1"}],"replies":[{"embeddable":true,"href":"https:\/\/www.laclusaz.com\/nl\/wp-json\/wp\/v2\/comments?post=176664"}],"version-history":[{"count":22,"href":"https:\/\/www.laclusaz.com\/nl\/wp-json\/wp\/v2\/pages\/176664\/revisions"}],"predecessor-version":[{"id":388070,"href":"https:\/\/www.laclusaz.com\/nl\/wp-json\/wp\/v2\/pages\/176664\/revisions\/388070"}],"up":[{"embeddable":true,"href":"https:\/\/www.laclusaz.com\/nl\/wp-json\/wp\/v2\/pages\/176562"}],"wp:featuredmedia":[{"embeddable":true,"href":"https:\/\/www.laclusaz.com\/nl\/wp-json\/wp\/v2\/media\/282716"}],"wp:attachment":[{"href":"https:\/\/www.laclusaz.com\/nl\/wp-json\/wp\/v2\/media?parent=176664"}],"curies":[{"name":"wp","href":"https:\/\/api.w.org\/{rel}","templated":true}]}}