{"id":176591,"date":"2023-02-08T10:17:02","date_gmt":"2023-02-08T09:17:02","guid":{"rendered":"https:\/\/www.laclusaz.com\/activiteiten\/equitation-et-attelage-2\/"},"modified":"2023-03-06T14:58:55","modified_gmt":"2023-03-06T13:58:55","slug":"equitation-et-attelage-2","status":"publish","type":"page","link":"https:\/\/www.laclusaz.com\/nl\/activiteiten\/zomer-activiteiten\/equitation-et-attelage-2\/","title":{"rendered":"Paardrijden en koetsrijden"},"content":{"rendered":"<p>Tochten te paard, pony of ezel&#8230; Kom de geneugten van het paardrijden ontdekken en geniet van het panorama van La Clusaz!<\/p>\n","protected":false},"excerpt":{"rendered":"<span class=\"excerpt-link\">Lire plus<\/span>","protected":false},"author":2,"featured_media":174884,"parent":21947,"menu_order":0,"comment_status":"closed","ping_status":"closed","template":"templates\/listing-apidae.php","meta":{"_acf_changed":false,"inline_featured_image":false,"footnotes":""},"class_list":["post-176591","page","type-page","status-publish","has-post-thumbnail","hentry"],"acf":{"apidae_taxonomy":"apidae_selection","apidae_selection":[1359]},"yoast_head":"<!-- This site is optimized with the Yoast SEO plugin v26.5 - https:\/\/yoast.com\/wordpress\/plugins\/seo\/ -->\n<title>Paardrijden en koetsrijden | La Clusaz<\/title>\n<meta name=\"description\" content=\"Et si on allait faire un tour au ranch ? Les clairi\u00e8res et les prairies de La Clusaz se pr\u00eatent si bien \u00e0 la balade \u00e0 cheval ou poney !\" \/>\n<meta name=\"robots\" content=\"index, follow, max-snippet:-1, max-image-preview:large, max-video-preview:-1\" \/>\n<link rel=\"canonical\" href=\"https:\/\/www.laclusaz.com\/nl\/activiteiten\/zomer-activiteiten\/equitation-et-attelage-2\/\" \/>\n<meta property=\"og:locale\" content=\"nl_NL\" \/>\n<meta property=\"og:type\" content=\"article\" \/>\n<meta property=\"og:title\" content=\"Paardrijden en koetsrijden | La Clusaz\" \/>\n<meta property=\"og:description\" content=\"Et si on allait faire un tour au ranch ? Les clairi\u00e8res et les prairies de La Clusaz se pr\u00eatent si bien \u00e0 la balade \u00e0 cheval ou poney !\" \/>\n<meta property=\"og:url\" content=\"https:\/\/www.laclusaz.com\/nl\/activiteiten\/zomer-activiteiten\/equitation-et-attelage-2\/\" \/>\n<meta property=\"og:site_name\" content=\"La Clusaz\" \/>\n<meta property=\"article:publisher\" content=\"https:\/\/www.facebook.com\/LaClusaz\" \/>\n<meta property=\"article:modified_time\" content=\"2023-03-06T13:58:55+00:00\" \/>\n<meta property=\"og:image\" content=\"https:\/\/www.laclusaz.com\/app\/uploads\/2023\/02\/equitation-ete.jpg\" \/>\n\t<meta property=\"og:image:width\" content=\"482\" \/>\n\t<meta property=\"og:image:height\" content=\"601\" \/>\n\t<meta property=\"og:image:type\" content=\"image\/jpeg\" \/>\n<meta name=\"twitter:card\" content=\"summary_large_image\" \/>\n<meta name=\"twitter:site\" content=\"@LaClusaz\" \/>\n<meta name=\"twitter:label1\" content=\"Est. reading time\" \/>\n\t<meta name=\"twitter:data1\" content=\"1 minute\" \/>\n<script type=\"application\/ld+json\" class=\"yoast-schema-graph\">{\"@context\":\"https:\/\/schema.org\",\"@graph\":[{\"@type\":\"WebPage\",\"@id\":\"https:\/\/www.laclusaz.com\/nl\/activiteiten\/zomer-activiteiten\/equitation-et-attelage-2\/\",\"url\":\"https:\/\/www.laclusaz.com\/nl\/activiteiten\/zomer-activiteiten\/equitation-et-attelage-2\/\",\"name\":\"Paardrijden en koetsrijden | La Clusaz\",\"isPartOf\":{\"@id\":\"https:\/\/www.laclusaz.com\/nl\/#website\"},\"primaryImageOfPage\":{\"@id\":\"https:\/\/www.laclusaz.com\/nl\/activiteiten\/zomer-activiteiten\/equitation-et-attelage-2\/#primaryimage\"},\"image\":{\"@id\":\"https:\/\/www.laclusaz.com\/nl\/activiteiten\/zomer-activiteiten\/equitation-et-attelage-2\/#primaryimage\"},\"thumbnailUrl\":\"https:\/\/www.laclusaz.com\/app\/uploads\/2023\/02\/equitation-ete.jpg\",\"datePublished\":\"2023-02-08T09:17:02+00:00\",\"dateModified\":\"2023-03-06T13:58:55+00:00\",\"description\":\"Et si on allait faire un tour au ranch ? Les clairi\u00e8res et les prairies de La Clusaz se pr\u00eatent si bien \u00e0 la balade \u00e0 cheval ou poney !\",\"breadcrumb\":{\"@id\":\"https:\/\/www.laclusaz.com\/nl\/activiteiten\/zomer-activiteiten\/equitation-et-attelage-2\/#breadcrumb\"},\"inLanguage\":\"nl-NL\",\"potentialAction\":[{\"@type\":\"ReadAction\",\"target\":[\"https:\/\/www.laclusaz.com\/nl\/activiteiten\/zomer-activiteiten\/equitation-et-attelage-2\/\"]}]},{\"@type\":\"ImageObject\",\"inLanguage\":\"nl-NL\",\"@id\":\"https:\/\/www.laclusaz.com\/nl\/activiteiten\/zomer-activiteiten\/equitation-et-attelage-2\/#primaryimage\",\"url\":\"https:\/\/www.laclusaz.com\/app\/uploads\/2023\/02\/equitation-ete.jpg\",\"contentUrl\":\"https:\/\/www.laclusaz.com\/app\/uploads\/2023\/02\/equitation-ete.jpg\",\"width\":482,\"height\":601},{\"@type\":\"BreadcrumbList\",\"@id\":\"https:\/\/www.laclusaz.com\/nl\/activiteiten\/zomer-activiteiten\/equitation-et-attelage-2\/#breadcrumb\",\"itemListElement\":[{\"@type\":\"ListItem\",\"position\":1,\"name\":\"Startpagina\",\"item\":\"https:\/\/www.laclusaz.com\/nl\/\"},{\"@type\":\"ListItem\",\"position\":2,\"name\":\"Activiteiten\",\"item\":\"https:\/\/www.laclusaz.com\/nl\/activiteiten\/\"},{\"@type\":\"ListItem\",\"position\":3,\"name\":\"Zomer activiteiten\",\"item\":\"https:\/\/www.laclusaz.com\/nl\/activiteiten\/zomer-activiteiten\/\"},{\"@type\":\"ListItem\",\"position\":4,\"name\":\"Paardrijden en koetsrijden\"}]},{\"@type\":\"WebSite\",\"@id\":\"https:\/\/www.laclusaz.com\/nl\/#website\",\"url\":\"https:\/\/www.laclusaz.com\/nl\/\",\"name\":\"La Clusaz\",\"description\":\"\",\"publisher\":{\"@id\":\"https:\/\/www.laclusaz.com\/nl\/#organization\"},\"potentialAction\":[{\"@type\":\"SearchAction\",\"target\":{\"@type\":\"EntryPoint\",\"urlTemplate\":\"https:\/\/www.laclusaz.com\/nl\/?s={search_term_string}\"},\"query-input\":{\"@type\":\"PropertyValueSpecification\",\"valueRequired\":true,\"valueName\":\"search_term_string\"}}],\"inLanguage\":\"nl-NL\"},{\"@type\":\"Organization\",\"@id\":\"https:\/\/www.laclusaz.com\/nl\/#organization\",\"name\":\"La Clusaz\",\"url\":\"https:\/\/www.laclusaz.com\/nl\/\",\"logo\":{\"@type\":\"ImageObject\",\"inLanguage\":\"nl-NL\",\"@id\":\"https:\/\/www.laclusaz.com\/nl\/#\/schema\/logo\/image\/\",\"url\":\"https:\/\/www.laclusaz.com\/app\/uploads\/2023\/03\/Logo-La-Clusaz-French-Alps-paysage.png\",\"contentUrl\":\"https:\/\/www.laclusaz.com\/app\/uploads\/2023\/03\/Logo-La-Clusaz-French-Alps-paysage.png\",\"width\":1920,\"height\":1018,\"caption\":\"La Clusaz\"},\"image\":{\"@id\":\"https:\/\/www.laclusaz.com\/nl\/#\/schema\/logo\/image\/\"},\"sameAs\":[\"https:\/\/www.facebook.com\/LaClusaz\",\"https:\/\/x.com\/LaClusaz\",\"https:\/\/www.instagram.com\/laclusazskiresort\/\",\"https:\/\/www.youtube.com\/channel\/UC0nXO2GDOebkqOvTCx8gtGA\",\"https:\/\/www.tiktok.com\/@la_clusaz\"]}]}<\/script>\n<!-- \/ Yoast SEO plugin. -->","yoast_head_json":{"title":"Paardrijden en koetsrijden | La Clusaz","description":"Et si on allait faire un tour au ranch ? Les clairi\u00e8res et les prairies de La Clusaz se pr\u00eatent si bien \u00e0 la balade \u00e0 cheval ou poney !","robots":{"index":"index","follow":"follow","max-snippet":"max-snippet:-1","max-image-preview":"max-image-preview:large","max-video-preview":"max-video-preview:-1"},"canonical":"https:\/\/www.laclusaz.com\/nl\/activiteiten\/zomer-activiteiten\/equitation-et-attelage-2\/","og_locale":"nl_NL","og_type":"article","og_title":"Paardrijden en koetsrijden | La Clusaz","og_description":"Et si on allait faire un tour au ranch ? Les clairi\u00e8res et les prairies de La Clusaz se pr\u00eatent si bien \u00e0 la balade \u00e0 cheval ou poney !","og_url":"https:\/\/www.laclusaz.com\/nl\/activiteiten\/zomer-activiteiten\/equitation-et-attelage-2\/","og_site_name":"La Clusaz","article_publisher":"https:\/\/www.facebook.com\/LaClusaz","article_modified_time":"2023-03-06T13:58:55+00:00","og_image":[{"width":482,"height":601,"url":"https:\/\/www.laclusaz.com\/app\/uploads\/2023\/02\/equitation-ete.jpg","type":"image\/jpeg"}],"twitter_card":"summary_large_image","twitter_site":"@LaClusaz","twitter_misc":{"Est. reading time":"1 minute"},"schema":{"@context":"https:\/\/schema.org","@graph":[{"@type":"WebPage","@id":"https:\/\/www.laclusaz.com\/nl\/activiteiten\/zomer-activiteiten\/equitation-et-attelage-2\/","url":"https:\/\/www.laclusaz.com\/nl\/activiteiten\/zomer-activiteiten\/equitation-et-attelage-2\/","name":"Paardrijden en koetsrijden | La Clusaz","isPartOf":{"@id":"https:\/\/www.laclusaz.com\/nl\/#website"},"primaryImageOfPage":{"@id":"https:\/\/www.laclusaz.com\/nl\/activiteiten\/zomer-activiteiten\/equitation-et-attelage-2\/#primaryimage"},"image":{"@id":"https:\/\/www.laclusaz.com\/nl\/activiteiten\/zomer-activiteiten\/equitation-et-attelage-2\/#primaryimage"},"thumbnailUrl":"https:\/\/www.laclusaz.com\/app\/uploads\/2023\/02\/equitation-ete.jpg","datePublished":"2023-02-08T09:17:02+00:00","dateModified":"2023-03-06T13:58:55+00:00","description":"Et si on allait faire un tour au ranch ? Les clairi\u00e8res et les prairies de La Clusaz se pr\u00eatent si bien \u00e0 la balade \u00e0 cheval ou poney !","breadcrumb":{"@id":"https:\/\/www.laclusaz.com\/nl\/activiteiten\/zomer-activiteiten\/equitation-et-attelage-2\/#breadcrumb"},"inLanguage":"nl-NL","potentialAction":[{"@type":"ReadAction","target":["https:\/\/www.laclusaz.com\/nl\/activiteiten\/zomer-activiteiten\/equitation-et-attelage-2\/"]}]},{"@type":"ImageObject","inLanguage":"nl-NL","@id":"https:\/\/www.laclusaz.com\/nl\/activiteiten\/zomer-activiteiten\/equitation-et-attelage-2\/#primaryimage","url":"https:\/\/www.laclusaz.com\/app\/uploads\/2023\/02\/equitation-ete.jpg","contentUrl":"https:\/\/www.laclusaz.com\/app\/uploads\/2023\/02\/equitation-ete.jpg","width":482,"height":601},{"@type":"BreadcrumbList","@id":"https:\/\/www.laclusaz.com\/nl\/activiteiten\/zomer-activiteiten\/equitation-et-attelage-2\/#breadcrumb","itemListElement":[{"@type":"ListItem","position":1,"name":"Startpagina","item":"https:\/\/www.laclusaz.com\/nl\/"},{"@type":"ListItem","position":2,"name":"Activiteiten","item":"https:\/\/www.laclusaz.com\/nl\/activiteiten\/"},{"@type":"ListItem","position":3,"name":"Zomer activiteiten","item":"https:\/\/www.laclusaz.com\/nl\/activiteiten\/zomer-activiteiten\/"},{"@type":"ListItem","position":4,"name":"Paardrijden en koetsrijden"}]},{"@type":"WebSite","@id":"https:\/\/www.laclusaz.com\/nl\/#website","url":"https:\/\/www.laclusaz.com\/nl\/","name":"La Clusaz","description":"","publisher":{"@id":"https:\/\/www.laclusaz.com\/nl\/#organization"},"potentialAction":[{"@type":"SearchAction","target":{"@type":"EntryPoint","urlTemplate":"https:\/\/www.laclusaz.com\/nl\/?s={search_term_string}"},"query-input":{"@type":"PropertyValueSpecification","valueRequired":true,"valueName":"search_term_string"}}],"inLanguage":"nl-NL"},{"@type":"Organization","@id":"https:\/\/www.laclusaz.com\/nl\/#organization","name":"La Clusaz","url":"https:\/\/www.laclusaz.com\/nl\/","logo":{"@type":"ImageObject","inLanguage":"nl-NL","@id":"https:\/\/www.laclusaz.com\/nl\/#\/schema\/logo\/image\/","url":"https:\/\/www.laclusaz.com\/app\/uploads\/2023\/03\/Logo-La-Clusaz-French-Alps-paysage.png","contentUrl":"https:\/\/www.laclusaz.com\/app\/uploads\/2023\/03\/Logo-La-Clusaz-French-Alps-paysage.png","width":1920,"height":1018,"caption":"La Clusaz"},"image":{"@id":"https:\/\/www.laclusaz.com\/nl\/#\/schema\/logo\/image\/"},"sameAs":["https:\/\/www.facebook.com\/LaClusaz","https:\/\/x.com\/LaClusaz","https:\/\/www.instagram.com\/laclusazskiresort\/","https:\/\/www.youtube.com\/channel\/UC0nXO2GDOebkqOvTCx8gtGA","https:\/\/www.tiktok.com\/@la_clusaz"]}]}},"_links":{"self":[{"href":"https:\/\/www.laclusaz.com\/nl\/wp-json\/wp\/v2\/pages\/176591","targetHints":{"allow":["GET"]}}],"collection":[{"href":"https:\/\/www.laclusaz.com\/nl\/wp-json\/wp\/v2\/pages"}],"about":[{"href":"https:\/\/www.laclusaz.com\/nl\/wp-json\/wp\/v2\/types\/page"}],"author":[{"embeddable":true,"href":"https:\/\/www.laclusaz.com\/nl\/wp-json\/wp\/v2\/users\/2"}],"replies":[{"embeddable":true,"href":"https:\/\/www.laclusaz.com\/nl\/wp-json\/wp\/v2\/comments?post=176591"}],"version-history":[{"count":1,"href":"https:\/\/www.laclusaz.com\/nl\/wp-json\/wp\/v2\/pages\/176591\/revisions"}],"predecessor-version":[{"id":176593,"href":"https:\/\/www.laclusaz.com\/nl\/wp-json\/wp\/v2\/pages\/176591\/revisions\/176593"}],"up":[{"embeddable":true,"href":"https:\/\/www.laclusaz.com\/nl\/wp-json\/wp\/v2\/pages\/21947"}],"wp:featuredmedia":[{"embeddable":true,"href":"https:\/\/www.laclusaz.com\/nl\/wp-json\/wp\/v2\/media\/174884"}],"wp:attachment":[{"href":"https:\/\/www.laclusaz.com\/nl\/wp-json\/wp\/v2\/media?parent=176591"}],"curies":[{"name":"wp","href":"https:\/\/api.w.org\/{rel}","templated":true}]}}