{"id":21945,"date":"2022-07-22T15:50:34","date_gmt":"2022-07-22T13:50:34","guid":{"rendered":"https:\/\/www.laclusaz.com\/activities\/"},"modified":"2026-01-27T14:31:12","modified_gmt":"2026-01-27T13:31:12","slug":"summer","status":"publish","type":"page","link":"https:\/\/www.laclusaz.com\/en\/activites\/summer\/","title":{"rendered":"Summer Activities"},"content":{"rendered":"","protected":false},"excerpt":{"rendered":"<span class=\"excerpt-link\">Lire plus<\/span>","protected":false},"author":1,"featured_media":116280,"parent":176513,"menu_order":0,"comment_status":"closed","ping_status":"closed","template":"templates\/dispatch.php","meta":{"_acf_changed":false,"inline_featured_image":false,"footnotes":""},"class_list":["post-21945","page","type-page","status-publish","has-post-thumbnail","hentry"],"acf":{"top_page_video":"<iframe title=\"La montagne en famille\" width=\"1244\" height=\"700\" src=\"https:\/\/www.youtube.com\/embed\/a53TrF26ejs?feature=oembed\" frameborder=\"0\" allow=\"accelerometer; autoplay; clipboard-write; encrypted-media; gyroscope; picture-in-picture; web-share\" referrerpolicy=\"strict-origin-when-cross-origin\" allowfullscreen><\/iframe>","dispatch_1":{"explore_block_title":"We put your head in the meadow","explore_bg_color":"black","explore_list":[{"explore_type":"image","explore_tag":"Explore","explore_content_type":"post","explore_post":280352,"explore_title":"Skier avec vue","explore_excerpt":"D\u00e9couvre les meilleurs plans de la station avec Yvette","explore_image":116280,"explore_link":"https:\/\/www.laclusaz.com\/le-mag\/","explore_video":{"explore_video_link":"","explore_video_thumbnail":false}},{"explore_type":"image","explore_tag":"Explore","explore_content_type":"post","explore_post":280356,"explore_title":"Les meilleurs spots de glisse de la station","explore_excerpt":"D\u00e9couvre les meilleurs plans de la station avec Yvette","explore_image":116280,"explore_link":"https:\/\/www.laclusaz.com\/ski\/","explore_video":{"explore_video_link":"","explore_video_thumbnail":false}},{"explore_type":"image","explore_tag":"Explore","explore_content_type":"post","explore_post":278657,"explore_title":"Envie d'une exp\u00e9rience \u00e0 la hauteur?","explore_excerpt":"D\u00e9couvre les meilleurs plans de la station avec Yvette","explore_image":116279,"explore_link":"","explore_video":{"explore_video_link":"","explore_video_thumbnail":false}}]},"dispatch_2_position":"checklist","dispatch_2_checklist":{"checklist_section_title":{"circled":"Checklist","title_highlighted":"time"},"checklist_section_subtitle":"We have thought of everything for you!","checklist_row":[{"checklist_link":{"title":"Book your activities","url":"https:\/\/www.laclusaz.com\/en\/booking\/experiences","target":"_blank"}},{"checklist_link":{"title":"Pass Experience","url":"https:\/\/passexperience.laclusaz.com\/fr\/","target":""}},{"checklist_link":{"title":"Summer lifts","url":"https:\/\/www.laclusaz.com\/en\/activites\/summer\/summer-lifts\/","target":""}},{"checklist_link":{"title":"Brochures","url":"https:\/\/www.laclusaz.com\/en\/the-resort\/practical-information\/brochures\/","target":""}}]},"dispatch_2_cards_links":{"cards_block_title":"<h2 style=\"text-align: center;\">There&#8217;s more to life than mountain biking<br \/>\n<s class=\"strike-text\"><span class=\"replace-span\">in la Clusaz<\/span><\/s><\/h2>\n","cards_list":[{"card_background":278904,"card_link":{"title":"Aqua Centre","url":"https:\/\/www.laclusaz.com\/en\/details\/la-clusaz-aquatic-center\/","target":""}},{"card_background":174166,"card_link":{"title":"Hiking","url":"https:\/\/www.laclusaz.com\/en\/activites\/summer\/hiking-in-la-clusaz\/","target":""}},{"card_background":174324,"card_link":{"title":"Summer sledding","url":"https:\/\/www.laclusaz.com\/en\/details\/summer-luge-run\/","target":""}},{"card_background":174333,"card_link":{"title":"Paragliding","url":"https:\/\/www.laclusaz.com\/en\/activites\/parapente\/","target":""}},{"card_background":174345,"card_link":{"title":"Climbing and via ferrata","url":"https:\/\/www.laclusaz.com\/en\/activites\/summer\/climbing-and-via-ferrata\/","target":""}},{"card_background":278648,"card_link":{"title":"La Bascule","url":"https:\/\/www.laclusaz.com\/en\/details\/la-bascule\/","target":""}},{"card_background":313720,"card_link":{"title":"La Grange des minis","url":"https:\/\/www.laclusaz.com\/en\/details\/la-grange-des-minis\/","target":""}},{"card_background":247878,"card_link":{"title":"NEW: Le Hameau des Petits","url":"https:\/\/www.laclusaz.com\/en\/details\/le-hameau-des-petits\/","target":""}},{"card_background":211775,"card_link":{"title":"Moutain Bike","url":"https:\/\/www.laclusaz.com\/en\/moutain-bike\/","target":""}},{"card_background":176118,"card_link":{"title":"Golf and mini golfs","url":"https:\/\/www.laclusaz.com\/en\/activites\/golf-and-mini-golfs\/","target":""}},{"card_background":200437,"card_link":{"title":"Activities center","url":"https:\/\/www.laclusaz.com\/en\/details\/belier-club-recreation-area-2\/","target":""}},{"card_background":174884,"card_link":{"title":"Horseback riding and carriages","url":"https:\/\/www.laclusaz.com\/en\/activites\/summer\/equitation-et-attelage-2\/","target":""}},{"card_background":192348,"card_link":{"title":"Various sports","url":"https:\/\/www.laclusaz.com\/en\/activites\/summer\/various-sports\/","target":""}},{"card_background":247050,"card_link":{"title":"THE \u201cHAMEAU\u201d OF THE ALPS","url":"https:\/\/www.laclusaz.com\/en\/details\/the-hameau-of-the-alps\/","target":""}},{"card_background":247067,"card_link":{"title":"Cinema","url":"https:\/\/www.laclusaz.com\/en\/details\/cinema\/","target":""}},{"card_background":208236,"card_link":{"title":"Bowling","url":"https:\/\/www.laclusaz.com\/en\/details\/le-bowling\/","target":""}},{"card_background":217665,"card_link":{"title":"Wellness","url":"https:\/\/www.laclusaz.com\/en\/activites\/wellness\/","target":""}}]},"dispatch_3":{"dispatch_3_bg":false,"explore_block_title":"We still have some under our feet","explore_bg_color":"white","explore_list":[{"explore_type":"image","explore_tag":"Explore","explore_content_type":"post","explore_post":198340,"explore_title":"Une semaine en famille sur les pistes","explore_excerpt":"D\u00e9couvre les meilleurs plans de la station avec Yvette","explore_image":121205,"explore_link":"","explore_video":{"explore_video_link":"","explore_video_thumbnail":false}},{"explore_type":"image","explore_tag":"Explore","explore_content_type":"post","explore_post":188311,"explore_title":"Le guide pour choisir son mat\u00e9riel","explore_excerpt":"D\u00e9couvre les meilleurs plans de la station avec Yvette","explore_image":121204,"explore_link":"","explore_video":{"explore_video_link":"","explore_video_thumbnail":false}},{"explore_type":"image","explore_tag":"Explore","explore_content_type":"post","explore_post":177166,"explore_title":"Tuto pour bien r\u00e9ussir son Mawc Twist 360\u00b0","explore_excerpt":"D\u00e9couvre les meilleurs plans de la station avec Yvette","explore_image":121203,"explore_link":"","explore_video":{"explore_video_link":"","explore_video_thumbnail":false}}]},"dispatch_4":{"category_ctas_title":"<h2 style=\"text-align: center;\"><span class=\"title-marker-pen\">Don&#8217;t be overwhelmed<\/span><\/h2>\n","category_ctas":[{"category_cta_img_pos":"bottom","category_cta":{"title":"Buy your pass","url":"https:\/\/forfait.laclusaz.com\/fr\/","target":""},"category_cta_img":243782,"category_cta_subtitle":""},{"category_cta_img_pos":"side","category_cta":{"title":"Book an accommodation","url":"https:\/\/www.laclusaz.com\/en\/booking\/accommodations","target":""},"category_cta_img":200421,"category_cta_subtitle":"(with view on the slopes)"}]},"dispatch_5":{"deals_bg":false,"deals_listing":false},"dispatch_6":{"geek_posts":[176517,176526]},"dispatch_7":{"cards_duo_section_title":"<h2 style=\"text-align: center;\"><span class=\"title-marker-pen\">It&#8217;s not over yet<\/span><\/h2>\n","cards_duo_listing":[{"cards_duo_bg":176130,"cards_duo_link":{"title":"D\u00e9couvrez le village","url":"https:\/\/www.laclusaz.com\/la-station\/","target":""}},{"cards_duo_bg":116304,"cards_duo_link":{"title":"Activit\u00e9s toute l'ann\u00e9e","url":"https:\/\/www.laclusaz.com\/activites\/","target":""}}]},"top_page_menu":[{"top_page_menu_link":{"title":"Pass Experience","url":"https:\/\/passexperience.laclusaz.com\/fr\/?_gl=1*hkc40j*_ga*NDM1MDc0NzIwLjE2ODI0MzQzMTQ.*_ga_YZBCKLYWZS*MTY4MzcxOTcyMC45NC4xLjE2ODM3MjA0ODUuMC4wLjA.","target":"_blank"}},{"top_page_menu_link":{"title":"Mountain Bike","url":"https:\/\/www.laclusaz.com\/en\/mountain-bike\/","target":""}},{"top_page_menu_link":{"title":"Bike Area","url":"https:\/\/www.laclusaz.com\/en\/mountain-bike\/the-mountain-bike-area\/","target":""}},{"top_page_menu_link":{"title":"Hiking in La Clusaz","url":"https:\/\/www.laclusaz.com\/en\/activites\/summer\/hiking-in-la-clusaz\/","target":""}}]},"yoast_head":"<!-- This site is optimized with the Yoast SEO plugin v26.5 - https:\/\/yoast.com\/wordpress\/plugins\/seo\/ -->\n<title>Summer Activities | La Clusaz<\/title>\n<meta name=\"robots\" content=\"index, follow, max-snippet:-1, max-image-preview:large, max-video-preview:-1\" \/>\n<link rel=\"canonical\" href=\"https:\/\/www.laclusaz.com\/en\/activites\/summer\/\" \/>\n<meta property=\"og:locale\" content=\"en_US\" \/>\n<meta property=\"og:type\" content=\"article\" \/>\n<meta property=\"og:title\" content=\"Summer Activities | La Clusaz\" \/>\n<meta property=\"og:url\" content=\"https:\/\/www.laclusaz.com\/en\/activites\/summer\/\" \/>\n<meta property=\"og:site_name\" content=\"La Clusaz\" \/>\n<meta property=\"article:publisher\" content=\"https:\/\/www.facebook.com\/LaClusaz\" \/>\n<meta property=\"article:modified_time\" content=\"2026-01-27T13:31:12+00:00\" \/>\n<meta property=\"og:image\" content=\"https:\/\/www.laclusaz.com\/app\/uploads\/2022\/09\/Via-Ferrata-La-Clusaz-2019-BD\u00a9C.HUDRY-0875.jpg\" \/>\n\t<meta property=\"og:image:width\" content=\"1921\" \/>\n\t<meta property=\"og:image:height\" content=\"700\" \/>\n\t<meta property=\"og:image:type\" content=\"image\/jpeg\" \/>\n<meta name=\"twitter:card\" content=\"summary_large_image\" \/>\n<meta name=\"twitter:site\" content=\"@LaClusaz\" \/>\n<meta name=\"twitter:label1\" content=\"Est. reading time\" \/>\n\t<meta name=\"twitter:data1\" content=\"1 minute\" \/>\n<script type=\"application\/ld+json\" class=\"yoast-schema-graph\">{\"@context\":\"https:\/\/schema.org\",\"@graph\":[{\"@type\":\"WebPage\",\"@id\":\"https:\/\/www.laclusaz.com\/en\/activites\/summer\/\",\"url\":\"https:\/\/www.laclusaz.com\/en\/activites\/summer\/\",\"name\":\"Summer Activities | La Clusaz\",\"isPartOf\":{\"@id\":\"https:\/\/www.laclusaz.com\/en\/#website\"},\"primaryImageOfPage\":{\"@id\":\"https:\/\/www.laclusaz.com\/en\/activites\/summer\/#primaryimage\"},\"image\":{\"@id\":\"https:\/\/www.laclusaz.com\/en\/activites\/summer\/#primaryimage\"},\"thumbnailUrl\":\"https:\/\/www.laclusaz.com\/app\/uploads\/2022\/09\/Via-Ferrata-La-Clusaz-2019-BD\u00a9C.HUDRY-0875.jpg\",\"datePublished\":\"2022-07-22T13:50:34+00:00\",\"dateModified\":\"2026-01-27T13:31:12+00:00\",\"breadcrumb\":{\"@id\":\"https:\/\/www.laclusaz.com\/en\/activites\/summer\/#breadcrumb\"},\"inLanguage\":\"en-US\",\"potentialAction\":[{\"@type\":\"ReadAction\",\"target\":[\"https:\/\/www.laclusaz.com\/en\/activites\/summer\/\"]}]},{\"@type\":\"ImageObject\",\"inLanguage\":\"en-US\",\"@id\":\"https:\/\/www.laclusaz.com\/en\/activites\/summer\/#primaryimage\",\"url\":\"https:\/\/www.laclusaz.com\/app\/uploads\/2022\/09\/Via-Ferrata-La-Clusaz-2019-BD\u00a9C.HUDRY-0875.jpg\",\"contentUrl\":\"https:\/\/www.laclusaz.com\/app\/uploads\/2022\/09\/Via-Ferrata-La-Clusaz-2019-BD\u00a9C.HUDRY-0875.jpg\",\"width\":1921,\"height\":700},{\"@type\":\"BreadcrumbList\",\"@id\":\"https:\/\/www.laclusaz.com\/en\/activites\/summer\/#breadcrumb\",\"itemListElement\":[{\"@type\":\"ListItem\",\"position\":1,\"name\":\"Home\",\"item\":\"https:\/\/www.laclusaz.com\/en\/\"},{\"@type\":\"ListItem\",\"position\":2,\"name\":\"Activities\",\"item\":\"https:\/\/www.laclusaz.com\/en\/activites\/\"},{\"@type\":\"ListItem\",\"position\":3,\"name\":\"Summer Activities\"}]},{\"@type\":\"WebSite\",\"@id\":\"https:\/\/www.laclusaz.com\/en\/#website\",\"url\":\"https:\/\/www.laclusaz.com\/en\/\",\"name\":\"La Clusaz\",\"description\":\"\",\"publisher\":{\"@id\":\"https:\/\/www.laclusaz.com\/en\/#organization\"},\"potentialAction\":[{\"@type\":\"SearchAction\",\"target\":{\"@type\":\"EntryPoint\",\"urlTemplate\":\"https:\/\/www.laclusaz.com\/en\/?s={search_term_string}\"},\"query-input\":{\"@type\":\"PropertyValueSpecification\",\"valueRequired\":true,\"valueName\":\"search_term_string\"}}],\"inLanguage\":\"en-US\"},{\"@type\":\"Organization\",\"@id\":\"https:\/\/www.laclusaz.com\/en\/#organization\",\"name\":\"La Clusaz\",\"url\":\"https:\/\/www.laclusaz.com\/en\/\",\"logo\":{\"@type\":\"ImageObject\",\"inLanguage\":\"en-US\",\"@id\":\"https:\/\/www.laclusaz.com\/en\/#\/schema\/logo\/image\/\",\"url\":\"https:\/\/www.laclusaz.com\/app\/uploads\/2023\/03\/Logo-La-Clusaz-French-Alps-paysage.png\",\"contentUrl\":\"https:\/\/www.laclusaz.com\/app\/uploads\/2023\/03\/Logo-La-Clusaz-French-Alps-paysage.png\",\"width\":1920,\"height\":1018,\"caption\":\"La Clusaz\"},\"image\":{\"@id\":\"https:\/\/www.laclusaz.com\/en\/#\/schema\/logo\/image\/\"},\"sameAs\":[\"https:\/\/www.facebook.com\/LaClusaz\",\"https:\/\/x.com\/LaClusaz\",\"https:\/\/www.instagram.com\/laclusazskiresort\/\",\"https:\/\/www.youtube.com\/channel\/UC0nXO2GDOebkqOvTCx8gtGA\",\"https:\/\/www.tiktok.com\/@la_clusaz\"]}]}<\/script>\n<!-- \/ Yoast SEO plugin. -->","yoast_head_json":{"title":"Summer Activities | La Clusaz","robots":{"index":"index","follow":"follow","max-snippet":"max-snippet:-1","max-image-preview":"max-image-preview:large","max-video-preview":"max-video-preview:-1"},"canonical":"https:\/\/www.laclusaz.com\/en\/activites\/summer\/","og_locale":"en_US","og_type":"article","og_title":"Summer Activities | La Clusaz","og_url":"https:\/\/www.laclusaz.com\/en\/activites\/summer\/","og_site_name":"La Clusaz","article_publisher":"https:\/\/www.facebook.com\/LaClusaz","article_modified_time":"2026-01-27T13:31:12+00:00","og_image":[{"width":1921,"height":700,"url":"https:\/\/www.laclusaz.com\/app\/uploads\/2022\/09\/Via-Ferrata-La-Clusaz-2019-BD\u00a9C.HUDRY-0875.jpg","type":"image\/jpeg"}],"twitter_card":"summary_large_image","twitter_site":"@LaClusaz","twitter_misc":{"Est. reading time":"1 minute"},"schema":{"@context":"https:\/\/schema.org","@graph":[{"@type":"WebPage","@id":"https:\/\/www.laclusaz.com\/en\/activites\/summer\/","url":"https:\/\/www.laclusaz.com\/en\/activites\/summer\/","name":"Summer Activities | La Clusaz","isPartOf":{"@id":"https:\/\/www.laclusaz.com\/en\/#website"},"primaryImageOfPage":{"@id":"https:\/\/www.laclusaz.com\/en\/activites\/summer\/#primaryimage"},"image":{"@id":"https:\/\/www.laclusaz.com\/en\/activites\/summer\/#primaryimage"},"thumbnailUrl":"https:\/\/www.laclusaz.com\/app\/uploads\/2022\/09\/Via-Ferrata-La-Clusaz-2019-BD\u00a9C.HUDRY-0875.jpg","datePublished":"2022-07-22T13:50:34+00:00","dateModified":"2026-01-27T13:31:12+00:00","breadcrumb":{"@id":"https:\/\/www.laclusaz.com\/en\/activites\/summer\/#breadcrumb"},"inLanguage":"en-US","potentialAction":[{"@type":"ReadAction","target":["https:\/\/www.laclusaz.com\/en\/activites\/summer\/"]}]},{"@type":"ImageObject","inLanguage":"en-US","@id":"https:\/\/www.laclusaz.com\/en\/activites\/summer\/#primaryimage","url":"https:\/\/www.laclusaz.com\/app\/uploads\/2022\/09\/Via-Ferrata-La-Clusaz-2019-BD\u00a9C.HUDRY-0875.jpg","contentUrl":"https:\/\/www.laclusaz.com\/app\/uploads\/2022\/09\/Via-Ferrata-La-Clusaz-2019-BD\u00a9C.HUDRY-0875.jpg","width":1921,"height":700},{"@type":"BreadcrumbList","@id":"https:\/\/www.laclusaz.com\/en\/activites\/summer\/#breadcrumb","itemListElement":[{"@type":"ListItem","position":1,"name":"Home","item":"https:\/\/www.laclusaz.com\/en\/"},{"@type":"ListItem","position":2,"name":"Activities","item":"https:\/\/www.laclusaz.com\/en\/activites\/"},{"@type":"ListItem","position":3,"name":"Summer Activities"}]},{"@type":"WebSite","@id":"https:\/\/www.laclusaz.com\/en\/#website","url":"https:\/\/www.laclusaz.com\/en\/","name":"La Clusaz","description":"","publisher":{"@id":"https:\/\/www.laclusaz.com\/en\/#organization"},"potentialAction":[{"@type":"SearchAction","target":{"@type":"EntryPoint","urlTemplate":"https:\/\/www.laclusaz.com\/en\/?s={search_term_string}"},"query-input":{"@type":"PropertyValueSpecification","valueRequired":true,"valueName":"search_term_string"}}],"inLanguage":"en-US"},{"@type":"Organization","@id":"https:\/\/www.laclusaz.com\/en\/#organization","name":"La Clusaz","url":"https:\/\/www.laclusaz.com\/en\/","logo":{"@type":"ImageObject","inLanguage":"en-US","@id":"https:\/\/www.laclusaz.com\/en\/#\/schema\/logo\/image\/","url":"https:\/\/www.laclusaz.com\/app\/uploads\/2023\/03\/Logo-La-Clusaz-French-Alps-paysage.png","contentUrl":"https:\/\/www.laclusaz.com\/app\/uploads\/2023\/03\/Logo-La-Clusaz-French-Alps-paysage.png","width":1920,"height":1018,"caption":"La Clusaz"},"image":{"@id":"https:\/\/www.laclusaz.com\/en\/#\/schema\/logo\/image\/"},"sameAs":["https:\/\/www.facebook.com\/LaClusaz","https:\/\/x.com\/LaClusaz","https:\/\/www.instagram.com\/laclusazskiresort\/","https:\/\/www.youtube.com\/channel\/UC0nXO2GDOebkqOvTCx8gtGA","https:\/\/www.tiktok.com\/@la_clusaz"]}]}},"_links":{"self":[{"href":"https:\/\/www.laclusaz.com\/en\/wp-json\/wp\/v2\/pages\/21945","targetHints":{"allow":["GET"]}}],"collection":[{"href":"https:\/\/www.laclusaz.com\/en\/wp-json\/wp\/v2\/pages"}],"about":[{"href":"https:\/\/www.laclusaz.com\/en\/wp-json\/wp\/v2\/types\/page"}],"author":[{"embeddable":true,"href":"https:\/\/www.laclusaz.com\/en\/wp-json\/wp\/v2\/users\/1"}],"replies":[{"embeddable":true,"href":"https:\/\/www.laclusaz.com\/en\/wp-json\/wp\/v2\/comments?post=21945"}],"version-history":[{"count":43,"href":"https:\/\/www.laclusaz.com\/en\/wp-json\/wp\/v2\/pages\/21945\/revisions"}],"predecessor-version":[{"id":396576,"href":"https:\/\/www.laclusaz.com\/en\/wp-json\/wp\/v2\/pages\/21945\/revisions\/396576"}],"up":[{"embeddable":true,"href":"https:\/\/www.laclusaz.com\/en\/wp-json\/wp\/v2\/pages\/176513"}],"wp:featuredmedia":[{"embeddable":true,"href":"https:\/\/www.laclusaz.com\/en\/wp-json\/wp\/v2\/media\/116280"}],"wp:attachment":[{"href":"https:\/\/www.laclusaz.com\/en\/wp-json\/wp\/v2\/media?parent=21945"}],"curies":[{"name":"wp","href":"https:\/\/api.w.org\/{rel}","templated":true}]}}