{"id":210823,"date":"2023-07-25T14:57:12","date_gmt":"2023-07-25T12:57:12","guid":{"rendered":"https:\/\/www.laclusaz.com\/moutain-bike\/bikepark\/"},"modified":"2025-07-17T17:21:07","modified_gmt":"2025-07-17T15:21:07","slug":"bikepark","status":"publish","type":"page","link":"https:\/\/www.laclusaz.com\/en\/mountain-bike\/bikepark\/","title":{"rendered":"Bike Park"},"content":{"rendered":"<p>Welcome to the <strong>La Clusaz Bikepark<\/strong>, where adrenaline and adventure come to life in the heart of the Alps, in Haute-Savoie. With its varied trails for all levels, from beginner to expert, come and experience intense sensations and push your limits. Get ready to discover a true paradise for mountain biking enthusiasts, where laughter, thrills, and unforgettable memories await you around the spectacular slopes of our mountain kingdom.<\/p>\n","protected":false},"excerpt":{"rendered":"<span class=\"excerpt-link\">Lire plus<\/span>","protected":false},"author":2,"featured_media":176368,"parent":177135,"menu_order":0,"comment_status":"closed","ping_status":"closed","template":"grdn_multifocus.php","meta":{"_acf_changed":false,"inline_featured_image":false,"footnotes":""},"class_list":["post-210823","page","type-page","status-publish","has-post-thumbnail","hentry"],"acf":{"page_blocks":[{"acf_fc_layout":"video","liste_des_dimensions_pour_la_video":"video-medium","lien_de_la_video":"<iframe title=\"La Clusaz Bike Park\" width=\"640\" height=\"360\" src=\"https:\/\/www.youtube.com\/embed\/gEWbIKpuxRY?feature=oembed\" frameborder=\"0\" allow=\"accelerometer; autoplay; clipboard-write; encrypted-media; gyroscope; picture-in-picture; web-share\" referrerpolicy=\"strict-origin-when-cross-origin\" allowfullscreen><\/iframe>","description_de_la_video":""},{"acf_fc_layout":"one-col-content","contenu_1_colonne":"<p dir=\"auto\"><span class=\"green-under\">The La Clusaz Bike Park will be open continuously from July 2nd to August 31st, 2025, <\/span><\/p>\n<p dir=\"auto\">and also on the weekends of June 14th &amp; 15th, June 21st &amp; 22nd, June 28th &amp; 29th, September 6th &amp; 7th, September 13th &amp; 14th, and September 20th &amp; 21st.<\/p>\n<p dir=\"auto\">A comprehensive paper guide of the mountain biking routes (including Cross Country (XC), Downhill (DH), Enduro, and E-bike) is available for purchase at the Tourist Office for 3\u20ac. The routes can also be downloaded for free on the geo-guiding app &#8220;Vir\u00e9es en Aravis.<\/p>\n"},{"acf_fc_layout":"two-col-content","contenu_gauche":{"type_de_contenu_gauche":"texte","contenu_texte_gauche":"<h2>Les pistes et \u00e9quipements du Bike Park<\/h2>\n<ul>\n<li><strong>6 Pistes DH<\/strong> \u2013 2 piste verte, 2 pistes bleues, 1 piste rouge (+ 1 variante piste noire)<\/li>\n<li><strong>5 Pistes Enduro<\/strong> \u2013 1 piste bleue, 3 pistes rouges, 1 piste noire<\/li>\n<li><strong>2 Spots Techniques<\/strong> (Wall ride, North Shore)<\/li>\n<li><strong>3 remont\u00e9es m\u00e9caniques : <\/strong>Beauregard, cr\u00eat du Merle, cr\u00eat du Loup<\/li>\n<li><strong>Nouveaut\u00e9 2025<\/strong> : Nouvelle piste verte de DH de type flowline de 900 m de long et avec une pente moyenne de 6% sur le Family Run.<\/li>\n<\/ul>\n<p dir=\"auto\">Here is the information about the trails and facilities of the Bike Park:<\/p>\n<h3>Trails and lifts<\/h3>\n<p dir=\"auto\"><strong>Downhill (DH) Trails: 6<\/strong><\/p>\n<ul>\n<li>2 Green Trails<\/li>\n<li>2 Blue Trails<\/li>\n<li>1 Red Trail<\/li>\n<li>1 Black Trail (variant)<\/li>\n<\/ul>\n<p dir=\"auto\"><strong>Enduro Trails: 5<\/strong><\/p>\n<ul>\n<li>1 Blue Trail<\/li>\n<li>3 Red Trails<\/li>\n<li>1 Black Trail<\/li>\n<\/ul>\n<p dir=\"auto\"><strong>Technical Spots:\u00a0<\/strong><\/p>\n<ul>\n<li>Wall Ride<\/li>\n<li>North Shore<\/li>\n<\/ul>\n<p><strong>Mechanical Lifts: 3<\/strong><\/p>\n<p>Beauregard<\/p>\n<p>Cr\u00eat du Merle<\/p>\n<p>Cr\u00eat du Loup<\/p>\n<h3>New for 2025<\/h3>\n<p><strong>New Green DH Trail:<\/strong>\u00a0A new 900-meter-long flowline-type green trail with an average slope of 6% on the Family Run.<\/p>\n","contenu_image_gauche":false,"caption":""},"contenu_droite":{"type_de_contenu_droite":"image","contenu_image_droite":{"ID":340052,"id":340052,"title":"LCZ-Enduro-2025\u252c\u00aeC.HUDRY-18","filename":"LCZ-Enduro-2025\u252c\u00aeC.HUDRY-18-scaled-e1752760772702.jpg","filesize":442257,"url":"https:\/\/www.laclusaz.com\/app\/uploads\/2025\/07\/LCZ-Enduro-2025\u252c\u00aeC.HUDRY-18-scaled-e1752760772702.jpg","link":"https:\/\/www.laclusaz.com\/en\/vtt\/bikepark\/attachment\/lcz-enduro-2025%e2%94%acc-hudry-18\/","alt":"","author":"2","description":"","caption":"","name":"lcz-enduro-2025%e2%94%acc-hudry-18","status":"inherit","uploaded_to":210498,"date":"2025-07-16 15:16:15","modified":"2025-07-16 15:16:15","menu_order":0,"mime_type":"image\/jpeg","type":"image","subtype":"jpeg","icon":"https:\/\/www.laclusaz.com\/wp\/wp-includes\/images\/media\/default.png","width":1829,"height":1646,"sizes":{"thumbnail":"https:\/\/www.laclusaz.com\/app\/uploads\/2025\/07\/LCZ-Enduro-2025\u252c\u00aeC.HUDRY-18-scaled-e1752760772702-150x150.jpg","thumbnail-width":150,"thumbnail-height":150,"medium":"https:\/\/www.laclusaz.com\/app\/uploads\/2025\/07\/LCZ-Enduro-2025\u252c\u00aeC.HUDRY-18-scaled-e1752760772702-300x270.jpg","medium-width":300,"medium-height":270,"medium_large":"https:\/\/www.laclusaz.com\/app\/uploads\/2025\/07\/LCZ-Enduro-2025\u252c\u00aeC.HUDRY-18-scaled-e1752760772702-768x691.jpg","medium_large-width":640,"medium_large-height":576,"large":"https:\/\/www.laclusaz.com\/app\/uploads\/2025\/07\/LCZ-Enduro-2025\u252c\u00aeC.HUDRY-18-scaled-e1752760772702-1024x922.jpg","large-width":640,"large-height":576,"galerie_photo":"https:\/\/www.laclusaz.com\/app\/uploads\/2025\/07\/LCZ-Enduro-2025\u252c\u00aeC.HUDRY-18-scaled-e1752760772702-1110x620.jpg","galerie_photo-width":1110,"galerie_photo-height":620,"galerie_photo_large":"https:\/\/www.laclusaz.com\/app\/uploads\/2025\/07\/LCZ-Enduro-2025\u252c\u00aeC.HUDRY-18-scaled-e1752760772702-1829x760.jpg","galerie_photo_large-width":1829,"galerie_photo_large-height":760,"post-thumbnail":"https:\/\/www.laclusaz.com\/app\/uploads\/2025\/07\/LCZ-Enduro-2025\u252c\u00aeC.HUDRY-18-scaled-e1752760772702-350x240.jpg","post-thumbnail-width":350,"post-thumbnail-height":240,"page-thumbnail":"https:\/\/www.laclusaz.com\/app\/uploads\/2025\/07\/LCZ-Enduro-2025\u252c\u00aeC.HUDRY-18-scaled-e1752760772702-475x240.jpg","page-thumbnail-width":475,"page-thumbnail-height":240,"picture_list":"https:\/\/www.laclusaz.com\/app\/uploads\/2025\/07\/LCZ-Enduro-2025\u252c\u00aeC.HUDRY-18-scaled-e1752760772702-540x360.jpg","picture_list-width":540,"picture_list-height":360,"2-3_picture":"https:\/\/www.laclusaz.com\/app\/uploads\/2025\/07\/LCZ-Enduro-2025\u252c\u00aeC.HUDRY-18-scaled-e1752760772702-825x355.jpg","2-3_picture-width":825,"2-3_picture-height":355,"1-3_picture":"https:\/\/www.laclusaz.com\/app\/uploads\/2025\/07\/LCZ-Enduro-2025\u252c\u00aeC.HUDRY-18-scaled-e1752760772702-255x355.jpg","1-3_picture-width":255,"1-3_picture-height":355,"1536x1536":"https:\/\/www.laclusaz.com\/app\/uploads\/2025\/07\/LCZ-Enduro-2025\u252c\u00aeC.HUDRY-18-scaled-e1752760772702-1536x1382.jpg","1536x1536-width":1536,"1536x1536-height":1382,"2048x2048":"https:\/\/www.laclusaz.com\/app\/uploads\/2025\/07\/LCZ-Enduro-2025\u252c\u00aeC.HUDRY-18-1463x2048.jpg","2048x2048-width":1463,"2048x2048-height":2048,"top_page_listing":"https:\/\/www.laclusaz.com\/app\/uploads\/2025\/07\/LCZ-Enduro-2025\u252c\u00aeC.HUDRY-18-scaled-e1752760772702-480x600.jpg","top_page_listing-width":480,"top_page_listing-height":600,"top_page_multifocus":"https:\/\/www.laclusaz.com\/app\/uploads\/2025\/07\/LCZ-Enduro-2025\u252c\u00aeC.HUDRY-18-scaled-e1752760772702-1400x480.jpg","top_page_multifocus-width":1400,"top_page_multifocus-height":480,"post_teaser":"https:\/\/www.laclusaz.com\/app\/uploads\/2025\/07\/LCZ-Enduro-2025\u252c\u00aeC.HUDRY-18-scaled-e1752760772702-680x380.jpg","post_teaser-width":680,"post_teaser-height":380,"cards_links":"https:\/\/www.laclusaz.com\/app\/uploads\/2025\/07\/LCZ-Enduro-2025\u252c\u00aeC.HUDRY-18-scaled-e1752760772702-340x425.jpg","cards_links-width":340,"cards_links-height":425,"cards_square":"https:\/\/www.laclusaz.com\/app\/uploads\/2025\/07\/LCZ-Enduro-2025\u252c\u00aeC.HUDRY-18-scaled-e1752760772702-360x350.jpg","cards_square-width":360,"cards_square-height":350,"deal_thumbnail":"https:\/\/www.laclusaz.com\/app\/uploads\/2025\/07\/LCZ-Enduro-2025\u252c\u00aeC.HUDRY-18-scaled-e1752760772702-220x230.jpg","deal_thumbnail-width":220,"deal_thumbnail-height":230,"card_category":"https:\/\/www.laclusaz.com\/app\/uploads\/2025\/07\/LCZ-Enduro-2025\u252c\u00aeC.HUDRY-18-scaled-e1752760772702-290x375.jpg","card_category-width":290,"card_category-height":375,"card_category_bottom":"https:\/\/www.laclusaz.com\/app\/uploads\/2025\/07\/LCZ-Enduro-2025\u252c\u00aeC.HUDRY-18-scaled-e1752760772702-490x345.jpg","card_category_bottom-width":490,"card_category_bottom-height":345,"apidae_teaser":"https:\/\/www.laclusaz.com\/app\/uploads\/2025\/07\/LCZ-Enduro-2025\u252c\u00aeC.HUDRY-18-scaled-e1752760772702-340x170.jpg","apidae_teaser-width":340,"apidae_teaser-height":170,"apidae_item_slider":"https:\/\/www.laclusaz.com\/app\/uploads\/2025\/07\/LCZ-Enduro-2025\u252c\u00aeC.HUDRY-18-scaled-e1752760772702-890x500.jpg","apidae_item_slider-width":890,"apidae_item_slider-height":500,"partner_logo":"https:\/\/www.laclusaz.com\/app\/uploads\/2025\/07\/LCZ-Enduro-2025\u252c\u00aeC.HUDRY-18-scaled-e1752760772702-130x117.jpg","partner_logo-width":130,"partner_logo-height":117,"apidae_header":"https:\/\/www.laclusaz.com\/app\/uploads\/2025\/07\/LCZ-Enduro-2025\u252c\u00aeC.HUDRY-18-scaled-e1752760772702-1829x650.jpg","apidae_header-width":1829,"apidae_header-height":650}},"caption":"","contenu_texte_droite":""}},{"acf_fc_layout":"one-col-content","contenu_1_colonne":"<h2>REMONT\u00c9ES M\u00c9CANIQUES<\/h2>\n<p><strong>June<\/strong><\/p>\n<ul>\n<li>Open on weekends: June 14 &amp; 15, June 21 &amp; 22, June 28 &amp; 29<\/li>\n<\/ul>\n<p><strong>July &#8211; August<\/strong><\/p>\n<ul>\n<li>Continuously open from July 2 to August 31<\/li>\n<\/ul>\n<p><strong>September<\/strong><\/p>\n<ul>\n<li>Open on weekends: September 6 &amp; 7, September 13 &amp; 14, September 20 &amp; 21<\/li>\n<\/ul>\n<p dir=\"auto\">These dates outline when the mechanical lifts will be operational for visitors.<\/p>\n<p><a class=\"button-arrow\" href=\"https:\/\/forfait.laclusaz.com\/en\/horaires-ouverture-ete\">Detailed schedules of the mechanical lifts.<\/a><\/p>\n<div id=\"gtx-trans\" style=\"position: absolute; left: 513px; top: 404.4px;\">\n<div class=\"gtx-trans-icon\"><\/div>\n<\/div>\n"},{"acf_fc_layout":"one-col-content","contenu_1_colonne":"<h2 style=\"text-align: center;\">Trail Map<\/h2>\n<p><!-- The container for the grincat iframe --><\/p>\n<div id=\"grincat-iframe-id\" style=\"width: 100%; height: 90vh;\"><\/div>\n<p><!-- The grincat loader library --><br \/>\n<script src=\"https:\/\/laclusaz.grincat.io\/grincat-loader.js\"><\/script><\/p>\n<p><!-- grincat launch script--><br \/>\n<script> \nconst grincat = new GrincatLoader.GrincatBridge(); \ngrincat.initialize({ \ncontainerId: 'grincat-iframe-id' \n}); \n<\/script><\/p>\n<p style=\"text-align: center;\"><a class=\"button-arrow\" href=\"https:\/\/www.laclusaz.com\/app\/uploads\/2025\/07\/PLAN-XC-EBIKE-LCZ-ETE-2025-web.pdf\" target=\"_blank\" rel=\"noopener\">DOWNLOAD THE BIKE PARK MAP<\/a><\/p>\n<div id=\"gtx-trans\" style=\"position: absolute; left: 612px; top: 537.4px;\">\n<div class=\"gtx-trans-icon\"><\/div>\n<\/div>\n"},{"acf_fc_layout":"cards-links","cards_block_title":"","cards_list":[{"card_background":173555,"card_link":{"title":"Webcams","url":"https:\/\/www.laclusaz.com\/webcams\/","target":""}},{"card_background":174323,"card_link":{"title":"MTB Rental","url":"https:\/\/www.laclusaz.com\/en\/mountain-bike\/mtb-rental\/","target":""}},{"card_background":280030,"card_link":{"title":"Mountain bike schools","url":"https:\/\/www.laclusaz.com\/en\/mountain-bike\/mountain-bike-schools\/","target":""}},{"card_background":176383,"card_link":null},{"card_background":210631,"card_link":null}]},{"acf_fc_layout":"cards-apidae","title":"More into Downhill?","items":[{"apidae_item":false,"apidae_item_saison":"default"},{"apidae_item":false,"apidae_item_saison":"default"},{"apidae_item":false,"apidae_item_saison":"default"},{"apidae_item":false,"apidae_item_saison":"default"},{"apidae_item":false,"apidae_item_saison":"default"}]},{"acf_fc_layout":"cards-apidae","title":"More into Enduro?","items":[{"apidae_item":false,"apidae_item_saison":"default"},{"apidae_item":false,"apidae_item_saison":"default"},{"apidae_item":false,"apidae_item_saison":"default"},{"apidae_item":false,"apidae_item_saison":"default"},{"apidae_item":false,"apidae_item_saison":"default"}]}],"display_antidots_widget":false},"yoast_head":"<!-- This site is optimized with the Yoast SEO plugin v26.5 - https:\/\/yoast.com\/wordpress\/plugins\/seo\/ -->\n<title>Bike Park | La Clusaz, Haute-Savoie<\/title>\n<meta name=\"description\" content=\"D\u00e9couvrez le Bike Park de La Clusaz, un v\u00e9ritable paradis pour les passionn\u00e9s de VTT en Haute-Savoie, au c\u0153ur des Alpes.\" \/>\n<meta name=\"robots\" content=\"index, follow, max-snippet:-1, max-image-preview:large, max-video-preview:-1\" \/>\n<link rel=\"canonical\" href=\"https:\/\/www.laclusaz.com\/en\/mountain-bike\/bikepark\/\" \/>\n<meta property=\"og:locale\" content=\"en_US\" \/>\n<meta property=\"og:type\" content=\"article\" \/>\n<meta property=\"og:title\" content=\"Bike Park | La Clusaz, Haute-Savoie\" \/>\n<meta property=\"og:description\" content=\"D\u00e9couvrez le Bike Park de La Clusaz, un v\u00e9ritable paradis pour les passionn\u00e9s de VTT en Haute-Savoie, au c\u0153ur des Alpes.\" \/>\n<meta property=\"og:url\" content=\"https:\/\/www.laclusaz.com\/en\/mountain-bike\/bikepark\/\" \/>\n<meta property=\"og:site_name\" content=\"La Clusaz\" \/>\n<meta property=\"article:publisher\" content=\"https:\/\/www.facebook.com\/LaClusaz\" \/>\n<meta property=\"article:modified_time\" content=\"2025-07-17T15:21:07+00:00\" \/>\n<meta property=\"og:image\" content=\"https:\/\/www.laclusaz.com\/app\/uploads\/2023\/03\/laclusazbikepark___pierremaullet.jpg\" \/>\n\t<meta property=\"og:image:width\" content=\"1376\" \/>\n\t<meta property=\"og:image:height\" content=\"545\" \/>\n\t<meta property=\"og:image:type\" content=\"image\/jpeg\" \/>\n<meta name=\"twitter:card\" content=\"summary_large_image\" \/>\n<meta name=\"twitter:site\" content=\"@LaClusaz\" \/>\n<meta name=\"twitter:label1\" content=\"Est. reading time\" \/>\n\t<meta name=\"twitter:data1\" content=\"1 minute\" \/>\n<script type=\"application\/ld+json\" class=\"yoast-schema-graph\">{\"@context\":\"https:\/\/schema.org\",\"@graph\":[{\"@type\":\"WebPage\",\"@id\":\"https:\/\/www.laclusaz.com\/en\/mountain-bike\/bikepark\/\",\"url\":\"https:\/\/www.laclusaz.com\/en\/mountain-bike\/bikepark\/\",\"name\":\"Bike Park | La Clusaz, Haute-Savoie\",\"isPartOf\":{\"@id\":\"https:\/\/www.laclusaz.com\/en\/#website\"},\"primaryImageOfPage\":{\"@id\":\"https:\/\/www.laclusaz.com\/en\/mountain-bike\/bikepark\/#primaryimage\"},\"image\":{\"@id\":\"https:\/\/www.laclusaz.com\/en\/mountain-bike\/bikepark\/#primaryimage\"},\"thumbnailUrl\":\"https:\/\/www.laclusaz.com\/app\/uploads\/2023\/03\/laclusazbikepark___pierremaullet.jpg\",\"datePublished\":\"2023-07-25T12:57:12+00:00\",\"dateModified\":\"2025-07-17T15:21:07+00:00\",\"description\":\"D\u00e9couvrez le Bike Park de La Clusaz, un v\u00e9ritable paradis pour les passionn\u00e9s de VTT en Haute-Savoie, au c\u0153ur des Alpes.\",\"breadcrumb\":{\"@id\":\"https:\/\/www.laclusaz.com\/en\/mountain-bike\/bikepark\/#breadcrumb\"},\"inLanguage\":\"en-US\",\"potentialAction\":[{\"@type\":\"ReadAction\",\"target\":[\"https:\/\/www.laclusaz.com\/en\/mountain-bike\/bikepark\/\"]}]},{\"@type\":\"ImageObject\",\"inLanguage\":\"en-US\",\"@id\":\"https:\/\/www.laclusaz.com\/en\/mountain-bike\/bikepark\/#primaryimage\",\"url\":\"https:\/\/www.laclusaz.com\/app\/uploads\/2023\/03\/laclusazbikepark___pierremaullet.jpg\",\"contentUrl\":\"https:\/\/www.laclusaz.com\/app\/uploads\/2023\/03\/laclusazbikepark___pierremaullet.jpg\",\"width\":1376,\"height\":545,\"caption\":\"V\u00e9lo tout-terrain dans le Bike Park de La Clusaz en Haute-Savoie\"},{\"@type\":\"BreadcrumbList\",\"@id\":\"https:\/\/www.laclusaz.com\/en\/mountain-bike\/bikepark\/#breadcrumb\",\"itemListElement\":[{\"@type\":\"ListItem\",\"position\":1,\"name\":\"Home\",\"item\":\"https:\/\/www.laclusaz.com\/en\/\"},{\"@type\":\"ListItem\",\"position\":2,\"name\":\"Mountain Bike\",\"item\":\"https:\/\/www.laclusaz.com\/en\/mountain-bike\/\"},{\"@type\":\"ListItem\",\"position\":3,\"name\":\"Bike Park\"}]},{\"@type\":\"WebSite\",\"@id\":\"https:\/\/www.laclusaz.com\/en\/#website\",\"url\":\"https:\/\/www.laclusaz.com\/en\/\",\"name\":\"La Clusaz\",\"description\":\"\",\"publisher\":{\"@id\":\"https:\/\/www.laclusaz.com\/en\/#organization\"},\"potentialAction\":[{\"@type\":\"SearchAction\",\"target\":{\"@type\":\"EntryPoint\",\"urlTemplate\":\"https:\/\/www.laclusaz.com\/en\/?s={search_term_string}\"},\"query-input\":{\"@type\":\"PropertyValueSpecification\",\"valueRequired\":true,\"valueName\":\"search_term_string\"}}],\"inLanguage\":\"en-US\"},{\"@type\":\"Organization\",\"@id\":\"https:\/\/www.laclusaz.com\/en\/#organization\",\"name\":\"La Clusaz\",\"url\":\"https:\/\/www.laclusaz.com\/en\/\",\"logo\":{\"@type\":\"ImageObject\",\"inLanguage\":\"en-US\",\"@id\":\"https:\/\/www.laclusaz.com\/en\/#\/schema\/logo\/image\/\",\"url\":\"https:\/\/www.laclusaz.com\/app\/uploads\/2023\/03\/Logo-La-Clusaz-French-Alps-paysage.png\",\"contentUrl\":\"https:\/\/www.laclusaz.com\/app\/uploads\/2023\/03\/Logo-La-Clusaz-French-Alps-paysage.png\",\"width\":1920,\"height\":1018,\"caption\":\"La Clusaz\"},\"image\":{\"@id\":\"https:\/\/www.laclusaz.com\/en\/#\/schema\/logo\/image\/\"},\"sameAs\":[\"https:\/\/www.facebook.com\/LaClusaz\",\"https:\/\/x.com\/LaClusaz\",\"https:\/\/www.instagram.com\/laclusazskiresort\/\",\"https:\/\/www.youtube.com\/channel\/UC0nXO2GDOebkqOvTCx8gtGA\",\"https:\/\/www.tiktok.com\/@la_clusaz\"]}]}<\/script>\n<!-- \/ Yoast SEO plugin. -->","yoast_head_json":{"title":"Bike Park | La Clusaz, Haute-Savoie","description":"D\u00e9couvrez le Bike Park de La Clusaz, un v\u00e9ritable paradis pour les passionn\u00e9s de VTT en Haute-Savoie, au c\u0153ur des Alpes.","robots":{"index":"index","follow":"follow","max-snippet":"max-snippet:-1","max-image-preview":"max-image-preview:large","max-video-preview":"max-video-preview:-1"},"canonical":"https:\/\/www.laclusaz.com\/en\/mountain-bike\/bikepark\/","og_locale":"en_US","og_type":"article","og_title":"Bike Park | La Clusaz, Haute-Savoie","og_description":"D\u00e9couvrez le Bike Park de La Clusaz, un v\u00e9ritable paradis pour les passionn\u00e9s de VTT en Haute-Savoie, au c\u0153ur des Alpes.","og_url":"https:\/\/www.laclusaz.com\/en\/mountain-bike\/bikepark\/","og_site_name":"La Clusaz","article_publisher":"https:\/\/www.facebook.com\/LaClusaz","article_modified_time":"2025-07-17T15:21:07+00:00","og_image":[{"width":1376,"height":545,"url":"https:\/\/www.laclusaz.com\/app\/uploads\/2023\/03\/laclusazbikepark___pierremaullet.jpg","type":"image\/jpeg"}],"twitter_card":"summary_large_image","twitter_site":"@LaClusaz","twitter_misc":{"Est. reading time":"1 minute"},"schema":{"@context":"https:\/\/schema.org","@graph":[{"@type":"WebPage","@id":"https:\/\/www.laclusaz.com\/en\/mountain-bike\/bikepark\/","url":"https:\/\/www.laclusaz.com\/en\/mountain-bike\/bikepark\/","name":"Bike Park | La Clusaz, Haute-Savoie","isPartOf":{"@id":"https:\/\/www.laclusaz.com\/en\/#website"},"primaryImageOfPage":{"@id":"https:\/\/www.laclusaz.com\/en\/mountain-bike\/bikepark\/#primaryimage"},"image":{"@id":"https:\/\/www.laclusaz.com\/en\/mountain-bike\/bikepark\/#primaryimage"},"thumbnailUrl":"https:\/\/www.laclusaz.com\/app\/uploads\/2023\/03\/laclusazbikepark___pierremaullet.jpg","datePublished":"2023-07-25T12:57:12+00:00","dateModified":"2025-07-17T15:21:07+00:00","description":"D\u00e9couvrez le Bike Park de La Clusaz, un v\u00e9ritable paradis pour les passionn\u00e9s de VTT en Haute-Savoie, au c\u0153ur des Alpes.","breadcrumb":{"@id":"https:\/\/www.laclusaz.com\/en\/mountain-bike\/bikepark\/#breadcrumb"},"inLanguage":"en-US","potentialAction":[{"@type":"ReadAction","target":["https:\/\/www.laclusaz.com\/en\/mountain-bike\/bikepark\/"]}]},{"@type":"ImageObject","inLanguage":"en-US","@id":"https:\/\/www.laclusaz.com\/en\/mountain-bike\/bikepark\/#primaryimage","url":"https:\/\/www.laclusaz.com\/app\/uploads\/2023\/03\/laclusazbikepark___pierremaullet.jpg","contentUrl":"https:\/\/www.laclusaz.com\/app\/uploads\/2023\/03\/laclusazbikepark___pierremaullet.jpg","width":1376,"height":545,"caption":"V\u00e9lo tout-terrain dans le Bike Park de La Clusaz en Haute-Savoie"},{"@type":"BreadcrumbList","@id":"https:\/\/www.laclusaz.com\/en\/mountain-bike\/bikepark\/#breadcrumb","itemListElement":[{"@type":"ListItem","position":1,"name":"Home","item":"https:\/\/www.laclusaz.com\/en\/"},{"@type":"ListItem","position":2,"name":"Mountain Bike","item":"https:\/\/www.laclusaz.com\/en\/mountain-bike\/"},{"@type":"ListItem","position":3,"name":"Bike Park"}]},{"@type":"WebSite","@id":"https:\/\/www.laclusaz.com\/en\/#website","url":"https:\/\/www.laclusaz.com\/en\/","name":"La Clusaz","description":"","publisher":{"@id":"https:\/\/www.laclusaz.com\/en\/#organization"},"potentialAction":[{"@type":"SearchAction","target":{"@type":"EntryPoint","urlTemplate":"https:\/\/www.laclusaz.com\/en\/?s={search_term_string}"},"query-input":{"@type":"PropertyValueSpecification","valueRequired":true,"valueName":"search_term_string"}}],"inLanguage":"en-US"},{"@type":"Organization","@id":"https:\/\/www.laclusaz.com\/en\/#organization","name":"La Clusaz","url":"https:\/\/www.laclusaz.com\/en\/","logo":{"@type":"ImageObject","inLanguage":"en-US","@id":"https:\/\/www.laclusaz.com\/en\/#\/schema\/logo\/image\/","url":"https:\/\/www.laclusaz.com\/app\/uploads\/2023\/03\/Logo-La-Clusaz-French-Alps-paysage.png","contentUrl":"https:\/\/www.laclusaz.com\/app\/uploads\/2023\/03\/Logo-La-Clusaz-French-Alps-paysage.png","width":1920,"height":1018,"caption":"La Clusaz"},"image":{"@id":"https:\/\/www.laclusaz.com\/en\/#\/schema\/logo\/image\/"},"sameAs":["https:\/\/www.facebook.com\/LaClusaz","https:\/\/x.com\/LaClusaz","https:\/\/www.instagram.com\/laclusazskiresort\/","https:\/\/www.youtube.com\/channel\/UC0nXO2GDOebkqOvTCx8gtGA","https:\/\/www.tiktok.com\/@la_clusaz"]}]}},"_links":{"self":[{"href":"https:\/\/www.laclusaz.com\/en\/wp-json\/wp\/v2\/pages\/210823","targetHints":{"allow":["GET"]}}],"collection":[{"href":"https:\/\/www.laclusaz.com\/en\/wp-json\/wp\/v2\/pages"}],"about":[{"href":"https:\/\/www.laclusaz.com\/en\/wp-json\/wp\/v2\/types\/page"}],"author":[{"embeddable":true,"href":"https:\/\/www.laclusaz.com\/en\/wp-json\/wp\/v2\/users\/2"}],"replies":[{"embeddable":true,"href":"https:\/\/www.laclusaz.com\/en\/wp-json\/wp\/v2\/comments?post=210823"}],"version-history":[{"count":8,"href":"https:\/\/www.laclusaz.com\/en\/wp-json\/wp\/v2\/pages\/210823\/revisions"}],"predecessor-version":[{"id":340156,"href":"https:\/\/www.laclusaz.com\/en\/wp-json\/wp\/v2\/pages\/210823\/revisions\/340156"}],"up":[{"embeddable":true,"href":"https:\/\/www.laclusaz.com\/en\/wp-json\/wp\/v2\/pages\/177135"}],"wp:featuredmedia":[{"embeddable":true,"href":"https:\/\/www.laclusaz.com\/en\/wp-json\/wp\/v2\/media\/176368"}],"wp:attachment":[{"href":"https:\/\/www.laclusaz.com\/en\/wp-json\/wp\/v2\/media?parent=210823"}],"curies":[{"name":"wp","href":"https:\/\/api.w.org\/{rel}","templated":true}]}}