{"id":176967,"date":"2023-01-25T14:15:06","date_gmt":"2023-01-25T13:15:06","guid":{"rendered":"https:\/\/www.laclusaz.com\/labels\/"},"modified":"2023-03-22T11:38:10","modified_gmt":"2023-03-22T10:38:10","slug":"labels","status":"publish","type":"page","link":"https:\/\/www.laclusaz.com\/en\/labels\/","title":{"rendered":"Labels"},"content":{"rendered":"","protected":false},"excerpt":{"rendered":"<span class=\"excerpt-link\">Lire plus<\/span>","protected":false},"author":2,"featured_media":176965,"parent":0,"menu_order":0,"comment_status":"closed","ping_status":"closed","template":"grdn_multifocus.php","meta":{"_acf_changed":false,"inline_featured_image":false,"footnotes":""},"class_list":["post-176967","page","type-page","status-publish","has-post-thumbnail","hentry"],"acf":{"page_blocks":[{"acf_fc_layout":"one-col-content","contenu_1_colonne":"<p><img loading=\"lazy\" decoding=\"async\" class=\"size-medium wp-image-124378 aligncenter\" src=\"https:\/\/www.laclusaz.com\/app\/uploads\/2023\/01\/engagement-qt-412-246x300.jpg\" alt=\"\" width=\"246\" height=\"300\" srcset=\"https:\/\/www.laclusaz.com\/app\/uploads\/2023\/01\/engagement-qt-412-246x300.jpg 246w, https:\/\/www.laclusaz.com\/app\/uploads\/2023\/01\/engagement-qt-412-107x130.jpg 107w, https:\/\/www.laclusaz.com\/app\/uploads\/2023\/01\/engagement-qt-412.jpg 400w\" sizes=\"auto, (max-width: 246px) 100vw, 246px\" \/><\/p>\n<p>The SEML Soci\u00e9t\u00e9 de gestion des activit\u00e9s touristiques de La Clusaz is committed to a Quality labeling process to better meet the expectations and needs of its customers and partners. The mark chosen is &#8220;Qualit\u00e9 Tourisme&#8221; considered as a reference for Tourist Offices.<\/p>\n<p>In 2013, La Clusaz Tourist Office became the 3rd tourist office in Haute-Savoie to obtain the &#8220;<strong>Qualit\u00e9 Tourisme<\/strong>&#8221; label. It now holds the highest distinction which is the Category n\u00b01. It rewards the commitments of the establishment in the quality of the reception and the services, its professionalism and the development of its local resources. The guarantee of a successful stay for its customers, of a know-how and a quality service.<\/p>\n<p>Find in our quality commitment letter the objectives and commitments of the SEML La Clusaz.<\/p>\n<p><a class=\"button-arrow\" href=\"https:\/\/www.laclusaz.com\/app\/uploads\/2023\/01\/lettre-engagement-qualita-1011.pdf\" target=\"_blank\" rel=\"noopener\">QUALITY COMMITMENT LETTER<\/a><\/p>\n<p><a class=\"button-arrow\" href=\"https:\/\/www.laclusaz.com\/app\/uploads\/2023\/01\/engagement-cata-gorie-i-900.pdf\" target=\"_blank\" rel=\"noopener\">COMMITMENT CATEGORY I<\/a><\/p>\n<p style=\"text-align: center;\">\n"}],"display_antidots_widget":false},"yoast_head":"<!-- This site is optimized with the Yoast SEO plugin v26.5 - https:\/\/yoast.com\/wordpress\/plugins\/seo\/ -->\n<title>Labels | La Clusaz<\/title>\n<meta name=\"robots\" content=\"index, follow, max-snippet:-1, max-image-preview:large, max-video-preview:-1\" \/>\n<link rel=\"canonical\" href=\"https:\/\/www.laclusaz.com\/en\/labels\/\" \/>\n<meta property=\"og:locale\" content=\"en_US\" \/>\n<meta property=\"og:type\" content=\"article\" \/>\n<meta property=\"og:title\" content=\"Labels | La Clusaz\" \/>\n<meta property=\"og:url\" content=\"https:\/\/www.laclusaz.com\/en\/labels\/\" \/>\n<meta property=\"og:site_name\" content=\"La Clusaz\" \/>\n<meta property=\"article:publisher\" content=\"https:\/\/www.facebook.com\/LaClusaz\" \/>\n<meta property=\"article:modified_time\" content=\"2023-03-22T10:38:10+00:00\" \/>\n<meta property=\"og:image\" content=\"https:\/\/www.laclusaz.com\/app\/uploads\/2023\/03\/label.jpg\" \/>\n\t<meta property=\"og:image:width\" content=\"246\" \/>\n\t<meta property=\"og:image:height\" content=\"300\" \/>\n\t<meta property=\"og:image:type\" content=\"image\/jpeg\" \/>\n<meta name=\"twitter:card\" content=\"summary_large_image\" \/>\n<meta name=\"twitter:site\" content=\"@LaClusaz\" \/>\n<script type=\"application\/ld+json\" class=\"yoast-schema-graph\">{\"@context\":\"https:\/\/schema.org\",\"@graph\":[{\"@type\":\"WebPage\",\"@id\":\"https:\/\/www.laclusaz.com\/en\/labels\/\",\"url\":\"https:\/\/www.laclusaz.com\/en\/labels\/\",\"name\":\"Labels | La Clusaz\",\"isPartOf\":{\"@id\":\"https:\/\/www.laclusaz.com\/en\/#website\"},\"primaryImageOfPage\":{\"@id\":\"https:\/\/www.laclusaz.com\/en\/labels\/#primaryimage\"},\"image\":{\"@id\":\"https:\/\/www.laclusaz.com\/en\/labels\/#primaryimage\"},\"thumbnailUrl\":\"https:\/\/www.laclusaz.com\/app\/uploads\/2023\/03\/label.jpg\",\"datePublished\":\"2023-01-25T13:15:06+00:00\",\"dateModified\":\"2023-03-22T10:38:10+00:00\",\"breadcrumb\":{\"@id\":\"https:\/\/www.laclusaz.com\/en\/labels\/#breadcrumb\"},\"inLanguage\":\"en-US\",\"potentialAction\":[{\"@type\":\"ReadAction\",\"target\":[\"https:\/\/www.laclusaz.com\/en\/labels\/\"]}]},{\"@type\":\"ImageObject\",\"inLanguage\":\"en-US\",\"@id\":\"https:\/\/www.laclusaz.com\/en\/labels\/#primaryimage\",\"url\":\"https:\/\/www.laclusaz.com\/app\/uploads\/2023\/03\/label.jpg\",\"contentUrl\":\"https:\/\/www.laclusaz.com\/app\/uploads\/2023\/03\/label.jpg\",\"width\":246,\"height\":300},{\"@type\":\"BreadcrumbList\",\"@id\":\"https:\/\/www.laclusaz.com\/en\/labels\/#breadcrumb\",\"itemListElement\":[{\"@type\":\"ListItem\",\"position\":1,\"name\":\"Home\",\"item\":\"https:\/\/www.laclusaz.com\/en\/\"},{\"@type\":\"ListItem\",\"position\":2,\"name\":\"Labels\"}]},{\"@type\":\"WebSite\",\"@id\":\"https:\/\/www.laclusaz.com\/en\/#website\",\"url\":\"https:\/\/www.laclusaz.com\/en\/\",\"name\":\"La Clusaz\",\"description\":\"\",\"publisher\":{\"@id\":\"https:\/\/www.laclusaz.com\/en\/#organization\"},\"potentialAction\":[{\"@type\":\"SearchAction\",\"target\":{\"@type\":\"EntryPoint\",\"urlTemplate\":\"https:\/\/www.laclusaz.com\/en\/?s={search_term_string}\"},\"query-input\":{\"@type\":\"PropertyValueSpecification\",\"valueRequired\":true,\"valueName\":\"search_term_string\"}}],\"inLanguage\":\"en-US\"},{\"@type\":\"Organization\",\"@id\":\"https:\/\/www.laclusaz.com\/en\/#organization\",\"name\":\"La Clusaz\",\"url\":\"https:\/\/www.laclusaz.com\/en\/\",\"logo\":{\"@type\":\"ImageObject\",\"inLanguage\":\"en-US\",\"@id\":\"https:\/\/www.laclusaz.com\/en\/#\/schema\/logo\/image\/\",\"url\":\"https:\/\/www.laclusaz.com\/app\/uploads\/2023\/03\/Logo-La-Clusaz-French-Alps-paysage.png\",\"contentUrl\":\"https:\/\/www.laclusaz.com\/app\/uploads\/2023\/03\/Logo-La-Clusaz-French-Alps-paysage.png\",\"width\":1920,\"height\":1018,\"caption\":\"La Clusaz\"},\"image\":{\"@id\":\"https:\/\/www.laclusaz.com\/en\/#\/schema\/logo\/image\/\"},\"sameAs\":[\"https:\/\/www.facebook.com\/LaClusaz\",\"https:\/\/x.com\/LaClusaz\",\"https:\/\/www.instagram.com\/laclusazskiresort\/\",\"https:\/\/www.youtube.com\/channel\/UC0nXO2GDOebkqOvTCx8gtGA\",\"https:\/\/www.tiktok.com\/@la_clusaz\"]}]}<\/script>\n<!-- \/ Yoast SEO plugin. -->","yoast_head_json":{"title":"Labels | La Clusaz","robots":{"index":"index","follow":"follow","max-snippet":"max-snippet:-1","max-image-preview":"max-image-preview:large","max-video-preview":"max-video-preview:-1"},"canonical":"https:\/\/www.laclusaz.com\/en\/labels\/","og_locale":"en_US","og_type":"article","og_title":"Labels | La Clusaz","og_url":"https:\/\/www.laclusaz.com\/en\/labels\/","og_site_name":"La Clusaz","article_publisher":"https:\/\/www.facebook.com\/LaClusaz","article_modified_time":"2023-03-22T10:38:10+00:00","og_image":[{"width":246,"height":300,"url":"https:\/\/www.laclusaz.com\/app\/uploads\/2023\/03\/label.jpg","type":"image\/jpeg"}],"twitter_card":"summary_large_image","twitter_site":"@LaClusaz","schema":{"@context":"https:\/\/schema.org","@graph":[{"@type":"WebPage","@id":"https:\/\/www.laclusaz.com\/en\/labels\/","url":"https:\/\/www.laclusaz.com\/en\/labels\/","name":"Labels | La Clusaz","isPartOf":{"@id":"https:\/\/www.laclusaz.com\/en\/#website"},"primaryImageOfPage":{"@id":"https:\/\/www.laclusaz.com\/en\/labels\/#primaryimage"},"image":{"@id":"https:\/\/www.laclusaz.com\/en\/labels\/#primaryimage"},"thumbnailUrl":"https:\/\/www.laclusaz.com\/app\/uploads\/2023\/03\/label.jpg","datePublished":"2023-01-25T13:15:06+00:00","dateModified":"2023-03-22T10:38:10+00:00","breadcrumb":{"@id":"https:\/\/www.laclusaz.com\/en\/labels\/#breadcrumb"},"inLanguage":"en-US","potentialAction":[{"@type":"ReadAction","target":["https:\/\/www.laclusaz.com\/en\/labels\/"]}]},{"@type":"ImageObject","inLanguage":"en-US","@id":"https:\/\/www.laclusaz.com\/en\/labels\/#primaryimage","url":"https:\/\/www.laclusaz.com\/app\/uploads\/2023\/03\/label.jpg","contentUrl":"https:\/\/www.laclusaz.com\/app\/uploads\/2023\/03\/label.jpg","width":246,"height":300},{"@type":"BreadcrumbList","@id":"https:\/\/www.laclusaz.com\/en\/labels\/#breadcrumb","itemListElement":[{"@type":"ListItem","position":1,"name":"Home","item":"https:\/\/www.laclusaz.com\/en\/"},{"@type":"ListItem","position":2,"name":"Labels"}]},{"@type":"WebSite","@id":"https:\/\/www.laclusaz.com\/en\/#website","url":"https:\/\/www.laclusaz.com\/en\/","name":"La Clusaz","description":"","publisher":{"@id":"https:\/\/www.laclusaz.com\/en\/#organization"},"potentialAction":[{"@type":"SearchAction","target":{"@type":"EntryPoint","urlTemplate":"https:\/\/www.laclusaz.com\/en\/?s={search_term_string}"},"query-input":{"@type":"PropertyValueSpecification","valueRequired":true,"valueName":"search_term_string"}}],"inLanguage":"en-US"},{"@type":"Organization","@id":"https:\/\/www.laclusaz.com\/en\/#organization","name":"La Clusaz","url":"https:\/\/www.laclusaz.com\/en\/","logo":{"@type":"ImageObject","inLanguage":"en-US","@id":"https:\/\/www.laclusaz.com\/en\/#\/schema\/logo\/image\/","url":"https:\/\/www.laclusaz.com\/app\/uploads\/2023\/03\/Logo-La-Clusaz-French-Alps-paysage.png","contentUrl":"https:\/\/www.laclusaz.com\/app\/uploads\/2023\/03\/Logo-La-Clusaz-French-Alps-paysage.png","width":1920,"height":1018,"caption":"La Clusaz"},"image":{"@id":"https:\/\/www.laclusaz.com\/en\/#\/schema\/logo\/image\/"},"sameAs":["https:\/\/www.facebook.com\/LaClusaz","https:\/\/x.com\/LaClusaz","https:\/\/www.instagram.com\/laclusazskiresort\/","https:\/\/www.youtube.com\/channel\/UC0nXO2GDOebkqOvTCx8gtGA","https:\/\/www.tiktok.com\/@la_clusaz"]}]}},"_links":{"self":[{"href":"https:\/\/www.laclusaz.com\/en\/wp-json\/wp\/v2\/pages\/176967","targetHints":{"allow":["GET"]}}],"collection":[{"href":"https:\/\/www.laclusaz.com\/en\/wp-json\/wp\/v2\/pages"}],"about":[{"href":"https:\/\/www.laclusaz.com\/en\/wp-json\/wp\/v2\/types\/page"}],"author":[{"embeddable":true,"href":"https:\/\/www.laclusaz.com\/en\/wp-json\/wp\/v2\/users\/2"}],"replies":[{"embeddable":true,"href":"https:\/\/www.laclusaz.com\/en\/wp-json\/wp\/v2\/comments?post=176967"}],"version-history":[{"count":2,"href":"https:\/\/www.laclusaz.com\/en\/wp-json\/wp\/v2\/pages\/176967\/revisions"}],"predecessor-version":[{"id":192582,"href":"https:\/\/www.laclusaz.com\/en\/wp-json\/wp\/v2\/pages\/176967\/revisions\/192582"}],"wp:featuredmedia":[{"embeddable":true,"href":"https:\/\/www.laclusaz.com\/en\/wp-json\/wp\/v2\/media\/176965"}],"wp:attachment":[{"href":"https:\/\/www.laclusaz.com\/en\/wp-json\/wp\/v2\/media?parent=176967"}],"curies":[{"name":"wp","href":"https:\/\/api.w.org\/{rel}","templated":true}]}}