{"id":176938,"date":"2023-01-20T09:45:31","date_gmt":"2023-01-20T08:45:31","guid":{"rendered":"https:\/\/www.laclusaz.com\/the-resort\/sorties\/"},"modified":"2024-07-25T17:26:58","modified_gmt":"2024-07-25T15:26:58","slug":"leisures","status":"publish","type":"page","link":"https:\/\/www.laclusaz.com\/en\/the-resort\/leisures\/","title":{"rendered":"Leisures"},"content":{"rendered":"<p><strong>After the effort, the comfort! Whether they are located in the heart of the village or on the slopes, there is no lack of places to go. La Clusaz offers warm and friendly atmospheres for those special moments of vacation. So many beautiful addresses for beautiful moments.<\/strong><\/p>\n","protected":false},"excerpt":{"rendered":"<span class=\"excerpt-link\">Lire plus<\/span>","protected":false},"author":2,"featured_media":173534,"parent":176839,"menu_order":0,"comment_status":"closed","ping_status":"closed","template":"grdn_multifocus.php","meta":{"_acf_changed":false,"inline_featured_image":false,"footnotes":""},"class_list":["post-176938","page","type-page","status-publish","has-post-thumbnail","hentry"],"acf":{"apidae_taxonomy":"apidae_selection","apidae_selection":[1306],"page_blocks":[{"acf_fc_layout":"cards-links","cards_block_title":"","cards_list":[{"card_background":174627,"card_link":{"title":"Bars and pubs","url":"https:\/\/www.laclusaz.com\/la-station\/sorties\/bars-et-pubs\/","target":""}},{"card_background":174628,"card_link":{"title":"Cafes and tea room","url":"https:\/\/www.laclusaz.com\/la-station\/sorties\/cafes-et-salons-de-the\/","target":""}},{"card_background":174631,"card_link":{"title":"Restaurants","url":"https:\/\/www.laclusaz.com\/la-station\/sorties\/restaurants\/","target":""}},{"card_background":174633,"card_link":{"title":"On-slope restaurants","url":"https:\/\/www.laclusaz.com\/ski\/ski-alpin\/restaurants-sur-les-pistes\/","target":""}}]}],"display_antidots_widget":false},"yoast_head":"<!-- This site is optimized with the Yoast SEO plugin v26.5 - https:\/\/yoast.com\/wordpress\/plugins\/seo\/ -->\n<title>Leisures | La Clusaz<\/title>\n<meta name=\"description\" content=\"Qu&#039;ils soient situ\u00e9s au c\u0153ur du village ou sur les pistes, les lieux ne manquent pas. La Clusaz propose des atmosph\u00e8res chaleureuses et conviviales pour ces moments privil\u00e9gi\u00e9s propres aux vacances. Autant de belles adresses pour de beaux moments.\" \/>\n<meta name=\"robots\" content=\"index, follow, max-snippet:-1, max-image-preview:large, max-video-preview:-1\" \/>\n<link rel=\"canonical\" href=\"https:\/\/www.laclusaz.com\/en\/the-resort\/leisures\/\" \/>\n<meta property=\"og:locale\" content=\"en_US\" \/>\n<meta property=\"og:type\" content=\"article\" \/>\n<meta property=\"og:title\" content=\"Leisures | La Clusaz\" \/>\n<meta property=\"og:description\" content=\"Qu&#039;ils soient situ\u00e9s au c\u0153ur du village ou sur les pistes, les lieux ne manquent pas. La Clusaz propose des atmosph\u00e8res chaleureuses et conviviales pour ces moments privil\u00e9gi\u00e9s propres aux vacances. Autant de belles adresses pour de beaux moments.\" \/>\n<meta property=\"og:url\" content=\"https:\/\/www.laclusaz.com\/en\/the-resort\/leisures\/\" \/>\n<meta property=\"og:site_name\" content=\"La Clusaz\" \/>\n<meta property=\"article:publisher\" content=\"https:\/\/www.facebook.com\/LaClusaz\" \/>\n<meta property=\"article:modified_time\" content=\"2024-07-25T15:26:58+00:00\" \/>\n<meta property=\"og:image\" content=\"https:\/\/www.laclusaz.com\/app\/uploads\/2023\/02\/sorties-laclusaz.jpg\" \/>\n\t<meta property=\"og:image:width\" content=\"1376\" \/>\n\t<meta property=\"og:image:height\" content=\"545\" \/>\n\t<meta property=\"og:image:type\" content=\"image\/jpeg\" \/>\n<meta name=\"twitter:card\" content=\"summary_large_image\" \/>\n<meta name=\"twitter:site\" content=\"@LaClusaz\" \/>\n<meta name=\"twitter:label1\" content=\"Est. reading time\" \/>\n\t<meta name=\"twitter:data1\" content=\"1 minute\" \/>\n<script type=\"application\/ld+json\" class=\"yoast-schema-graph\">{\"@context\":\"https:\/\/schema.org\",\"@graph\":[{\"@type\":\"WebPage\",\"@id\":\"https:\/\/www.laclusaz.com\/en\/the-resort\/leisures\/\",\"url\":\"https:\/\/www.laclusaz.com\/en\/the-resort\/leisures\/\",\"name\":\"Leisures | La Clusaz\",\"isPartOf\":{\"@id\":\"https:\/\/www.laclusaz.com\/en\/#website\"},\"primaryImageOfPage\":{\"@id\":\"https:\/\/www.laclusaz.com\/en\/the-resort\/leisures\/#primaryimage\"},\"image\":{\"@id\":\"https:\/\/www.laclusaz.com\/en\/the-resort\/leisures\/#primaryimage\"},\"thumbnailUrl\":\"https:\/\/www.laclusaz.com\/app\/uploads\/2023\/02\/sorties-laclusaz.jpg\",\"datePublished\":\"2023-01-20T08:45:31+00:00\",\"dateModified\":\"2024-07-25T15:26:58+00:00\",\"description\":\"Qu'ils soient situ\u00e9s au c\u0153ur du village ou sur les pistes, les lieux ne manquent pas. La Clusaz propose des atmosph\u00e8res chaleureuses et conviviales pour ces moments privil\u00e9gi\u00e9s propres aux vacances. Autant de belles adresses pour de beaux moments.\",\"breadcrumb\":{\"@id\":\"https:\/\/www.laclusaz.com\/en\/the-resort\/leisures\/#breadcrumb\"},\"inLanguage\":\"en-US\",\"potentialAction\":[{\"@type\":\"ReadAction\",\"target\":[\"https:\/\/www.laclusaz.com\/en\/the-resort\/leisures\/\"]}]},{\"@type\":\"ImageObject\",\"inLanguage\":\"en-US\",\"@id\":\"https:\/\/www.laclusaz.com\/en\/the-resort\/leisures\/#primaryimage\",\"url\":\"https:\/\/www.laclusaz.com\/app\/uploads\/2023\/02\/sorties-laclusaz.jpg\",\"contentUrl\":\"https:\/\/www.laclusaz.com\/app\/uploads\/2023\/02\/sorties-laclusaz.jpg\",\"width\":1376,\"height\":545},{\"@type\":\"BreadcrumbList\",\"@id\":\"https:\/\/www.laclusaz.com\/en\/the-resort\/leisures\/#breadcrumb\",\"itemListElement\":[{\"@type\":\"ListItem\",\"position\":1,\"name\":\"Home\",\"item\":\"https:\/\/www.laclusaz.com\/en\/\"},{\"@type\":\"ListItem\",\"position\":2,\"name\":\"The Village\",\"item\":\"https:\/\/www.laclusaz.com\/en\/the-resort\/\"},{\"@type\":\"ListItem\",\"position\":3,\"name\":\"Leisures\"}]},{\"@type\":\"WebSite\",\"@id\":\"https:\/\/www.laclusaz.com\/en\/#website\",\"url\":\"https:\/\/www.laclusaz.com\/en\/\",\"name\":\"La Clusaz\",\"description\":\"\",\"publisher\":{\"@id\":\"https:\/\/www.laclusaz.com\/en\/#organization\"},\"potentialAction\":[{\"@type\":\"SearchAction\",\"target\":{\"@type\":\"EntryPoint\",\"urlTemplate\":\"https:\/\/www.laclusaz.com\/en\/?s={search_term_string}\"},\"query-input\":{\"@type\":\"PropertyValueSpecification\",\"valueRequired\":true,\"valueName\":\"search_term_string\"}}],\"inLanguage\":\"en-US\"},{\"@type\":\"Organization\",\"@id\":\"https:\/\/www.laclusaz.com\/en\/#organization\",\"name\":\"La Clusaz\",\"url\":\"https:\/\/www.laclusaz.com\/en\/\",\"logo\":{\"@type\":\"ImageObject\",\"inLanguage\":\"en-US\",\"@id\":\"https:\/\/www.laclusaz.com\/en\/#\/schema\/logo\/image\/\",\"url\":\"https:\/\/www.laclusaz.com\/app\/uploads\/2023\/03\/Logo-La-Clusaz-French-Alps-paysage.png\",\"contentUrl\":\"https:\/\/www.laclusaz.com\/app\/uploads\/2023\/03\/Logo-La-Clusaz-French-Alps-paysage.png\",\"width\":1920,\"height\":1018,\"caption\":\"La Clusaz\"},\"image\":{\"@id\":\"https:\/\/www.laclusaz.com\/en\/#\/schema\/logo\/image\/\"},\"sameAs\":[\"https:\/\/www.facebook.com\/LaClusaz\",\"https:\/\/x.com\/LaClusaz\",\"https:\/\/www.instagram.com\/laclusazskiresort\/\",\"https:\/\/www.youtube.com\/channel\/UC0nXO2GDOebkqOvTCx8gtGA\",\"https:\/\/www.tiktok.com\/@la_clusaz\"]}]}<\/script>\n<!-- \/ Yoast SEO plugin. -->","yoast_head_json":{"title":"Leisures | La Clusaz","description":"Qu'ils soient situ\u00e9s au c\u0153ur du village ou sur les pistes, les lieux ne manquent pas. La Clusaz propose des atmosph\u00e8res chaleureuses et conviviales pour ces moments privil\u00e9gi\u00e9s propres aux vacances. Autant de belles adresses pour de beaux moments.","robots":{"index":"index","follow":"follow","max-snippet":"max-snippet:-1","max-image-preview":"max-image-preview:large","max-video-preview":"max-video-preview:-1"},"canonical":"https:\/\/www.laclusaz.com\/en\/the-resort\/leisures\/","og_locale":"en_US","og_type":"article","og_title":"Leisures | La Clusaz","og_description":"Qu'ils soient situ\u00e9s au c\u0153ur du village ou sur les pistes, les lieux ne manquent pas. La Clusaz propose des atmosph\u00e8res chaleureuses et conviviales pour ces moments privil\u00e9gi\u00e9s propres aux vacances. Autant de belles adresses pour de beaux moments.","og_url":"https:\/\/www.laclusaz.com\/en\/the-resort\/leisures\/","og_site_name":"La Clusaz","article_publisher":"https:\/\/www.facebook.com\/LaClusaz","article_modified_time":"2024-07-25T15:26:58+00:00","og_image":[{"width":1376,"height":545,"url":"https:\/\/www.laclusaz.com\/app\/uploads\/2023\/02\/sorties-laclusaz.jpg","type":"image\/jpeg"}],"twitter_card":"summary_large_image","twitter_site":"@LaClusaz","twitter_misc":{"Est. reading time":"1 minute"},"schema":{"@context":"https:\/\/schema.org","@graph":[{"@type":"WebPage","@id":"https:\/\/www.laclusaz.com\/en\/the-resort\/leisures\/","url":"https:\/\/www.laclusaz.com\/en\/the-resort\/leisures\/","name":"Leisures | La Clusaz","isPartOf":{"@id":"https:\/\/www.laclusaz.com\/en\/#website"},"primaryImageOfPage":{"@id":"https:\/\/www.laclusaz.com\/en\/the-resort\/leisures\/#primaryimage"},"image":{"@id":"https:\/\/www.laclusaz.com\/en\/the-resort\/leisures\/#primaryimage"},"thumbnailUrl":"https:\/\/www.laclusaz.com\/app\/uploads\/2023\/02\/sorties-laclusaz.jpg","datePublished":"2023-01-20T08:45:31+00:00","dateModified":"2024-07-25T15:26:58+00:00","description":"Qu'ils soient situ\u00e9s au c\u0153ur du village ou sur les pistes, les lieux ne manquent pas. La Clusaz propose des atmosph\u00e8res chaleureuses et conviviales pour ces moments privil\u00e9gi\u00e9s propres aux vacances. Autant de belles adresses pour de beaux moments.","breadcrumb":{"@id":"https:\/\/www.laclusaz.com\/en\/the-resort\/leisures\/#breadcrumb"},"inLanguage":"en-US","potentialAction":[{"@type":"ReadAction","target":["https:\/\/www.laclusaz.com\/en\/the-resort\/leisures\/"]}]},{"@type":"ImageObject","inLanguage":"en-US","@id":"https:\/\/www.laclusaz.com\/en\/the-resort\/leisures\/#primaryimage","url":"https:\/\/www.laclusaz.com\/app\/uploads\/2023\/02\/sorties-laclusaz.jpg","contentUrl":"https:\/\/www.laclusaz.com\/app\/uploads\/2023\/02\/sorties-laclusaz.jpg","width":1376,"height":545},{"@type":"BreadcrumbList","@id":"https:\/\/www.laclusaz.com\/en\/the-resort\/leisures\/#breadcrumb","itemListElement":[{"@type":"ListItem","position":1,"name":"Home","item":"https:\/\/www.laclusaz.com\/en\/"},{"@type":"ListItem","position":2,"name":"The Village","item":"https:\/\/www.laclusaz.com\/en\/the-resort\/"},{"@type":"ListItem","position":3,"name":"Leisures"}]},{"@type":"WebSite","@id":"https:\/\/www.laclusaz.com\/en\/#website","url":"https:\/\/www.laclusaz.com\/en\/","name":"La Clusaz","description":"","publisher":{"@id":"https:\/\/www.laclusaz.com\/en\/#organization"},"potentialAction":[{"@type":"SearchAction","target":{"@type":"EntryPoint","urlTemplate":"https:\/\/www.laclusaz.com\/en\/?s={search_term_string}"},"query-input":{"@type":"PropertyValueSpecification","valueRequired":true,"valueName":"search_term_string"}}],"inLanguage":"en-US"},{"@type":"Organization","@id":"https:\/\/www.laclusaz.com\/en\/#organization","name":"La Clusaz","url":"https:\/\/www.laclusaz.com\/en\/","logo":{"@type":"ImageObject","inLanguage":"en-US","@id":"https:\/\/www.laclusaz.com\/en\/#\/schema\/logo\/image\/","url":"https:\/\/www.laclusaz.com\/app\/uploads\/2023\/03\/Logo-La-Clusaz-French-Alps-paysage.png","contentUrl":"https:\/\/www.laclusaz.com\/app\/uploads\/2023\/03\/Logo-La-Clusaz-French-Alps-paysage.png","width":1920,"height":1018,"caption":"La Clusaz"},"image":{"@id":"https:\/\/www.laclusaz.com\/en\/#\/schema\/logo\/image\/"},"sameAs":["https:\/\/www.facebook.com\/LaClusaz","https:\/\/x.com\/LaClusaz","https:\/\/www.instagram.com\/laclusazskiresort\/","https:\/\/www.youtube.com\/channel\/UC0nXO2GDOebkqOvTCx8gtGA","https:\/\/www.tiktok.com\/@la_clusaz"]}]}},"_links":{"self":[{"href":"https:\/\/www.laclusaz.com\/en\/wp-json\/wp\/v2\/pages\/176938","targetHints":{"allow":["GET"]}}],"collection":[{"href":"https:\/\/www.laclusaz.com\/en\/wp-json\/wp\/v2\/pages"}],"about":[{"href":"https:\/\/www.laclusaz.com\/en\/wp-json\/wp\/v2\/types\/page"}],"author":[{"embeddable":true,"href":"https:\/\/www.laclusaz.com\/en\/wp-json\/wp\/v2\/users\/2"}],"replies":[{"embeddable":true,"href":"https:\/\/www.laclusaz.com\/en\/wp-json\/wp\/v2\/comments?post=176938"}],"version-history":[{"count":4,"href":"https:\/\/www.laclusaz.com\/en\/wp-json\/wp\/v2\/pages\/176938\/revisions"}],"predecessor-version":[{"id":279235,"href":"https:\/\/www.laclusaz.com\/en\/wp-json\/wp\/v2\/pages\/176938\/revisions\/279235"}],"up":[{"embeddable":true,"href":"https:\/\/www.laclusaz.com\/en\/wp-json\/wp\/v2\/pages\/176839"}],"wp:featuredmedia":[{"embeddable":true,"href":"https:\/\/www.laclusaz.com\/en\/wp-json\/wp\/v2\/media\/173534"}],"wp:attachment":[{"href":"https:\/\/www.laclusaz.com\/en\/wp-json\/wp\/v2\/media?parent=176938"}],"curies":[{"name":"wp","href":"https:\/\/api.w.org\/{rel}","templated":true}]}}