{"id":176723,"date":"2023-01-23T14:32:26","date_gmt":"2023-01-23T13:32:26","guid":{"rendered":"https:\/\/www.laclusaz.com\/cartes-et-pass-activites\/"},"modified":"2025-06-11T10:49:27","modified_gmt":"2025-06-11T08:49:27","slug":"cards-and-activity-passes","status":"publish","type":"page","link":"https:\/\/www.laclusaz.com\/en\/activites\/cards-and-activity-passes\/","title":{"rendered":"Cards and activity passes"},"content":{"rendered":"<p>Enjoy the benefits offered by the various passes on a wide range of activities suitable for all ages and interests!<\/p>\n","protected":false},"excerpt":{"rendered":"<span class=\"excerpt-link\">Lire plus<\/span>","protected":false},"author":2,"featured_media":174319,"parent":176513,"menu_order":0,"comment_status":"closed","ping_status":"closed","template":"grdn_multifocus.php","meta":{"_acf_changed":false,"inline_featured_image":false,"footnotes":""},"class_list":["post-176723","page","type-page","status-publish","has-post-thumbnail","hentry"],"acf":{"page_blocks":[{"acf_fc_layout":"two-col-content","contenu_gauche":{"type_de_contenu_gauche":"texte","contenu_texte_gauche":"<div class=\"page-pave\">\n<h2 data-start=\"0\" data-end=\"19\"><strong data-start=\"0\" data-end=\"19\">PASS EXPERIENCE<\/strong><\/h2>\n<p data-start=\"21\" data-end=\"292\">With the Pass Experience, enjoy <strong>unlimited access to 16 activities<\/strong> and <strong>get discounted rates on a selection of guided outings<\/strong>. Whether you&#8217;re after adrenaline, cultural discovery, or peaceful contemplation, planning a program for the whole family has never been easier.<\/p>\n<p data-start=\"294\" data-end=\"335\" data-is-last-node=\"\" data-is-only-node=\"\">No one will blame you for doing too much!<\/p>\n<p data-start=\"294\" data-end=\"335\" data-is-last-node=\"\" data-is-only-node=\"\"><a class=\"button-arrow\" href=\"https:\/\/passexperience.laclusaz.com\/en\/\">More info<\/a><\/p>\n<\/div>\n","contenu_image_gauche":false,"caption":""},"contenu_droite":{"type_de_contenu_droite":"image","contenu_image_droite":{"ID":174303,"id":174303,"title":"Logo_2022_PassExperience","filename":"Logo_2022_PassExperience-.png","filesize":9347,"url":"https:\/\/www.laclusaz.com\/app\/uploads\/2023\/02\/Logo_2022_PassExperience-.png","link":"https:\/\/www.laclusaz.com\/en\/activites\/cartes-et-pass-activites\/attachment\/logo_2022_passexperience\/","alt":"Pass activit\u00e9s montagne \u00e9t\u00e9","author":"6","description":"","caption":"","name":"logo_2022_passexperience","status":"inherit","uploaded_to":124070,"date":"2023-02-10 15:53:28","modified":"2023-07-13 08:31:55","menu_order":0,"mime_type":"image\/png","type":"image","subtype":"png","icon":"https:\/\/www.laclusaz.com\/wp\/wp-includes\/images\/media\/default.png","width":1000,"height":317,"sizes":{"thumbnail":"https:\/\/www.laclusaz.com\/app\/uploads\/2023\/02\/Logo_2022_PassExperience--150x150.png","thumbnail-width":150,"thumbnail-height":150,"medium":"https:\/\/www.laclusaz.com\/app\/uploads\/2023\/02\/Logo_2022_PassExperience--300x95.png","medium-width":300,"medium-height":95,"medium_large":"https:\/\/www.laclusaz.com\/app\/uploads\/2023\/02\/Logo_2022_PassExperience--768x243.png","medium_large-width":640,"medium_large-height":203,"large":"https:\/\/www.laclusaz.com\/app\/uploads\/2023\/02\/Logo_2022_PassExperience-.png","large-width":640,"large-height":203,"galerie_photo":"https:\/\/www.laclusaz.com\/app\/uploads\/2023\/02\/Logo_2022_PassExperience-.png","galerie_photo-width":1000,"galerie_photo-height":317,"galerie_photo_large":"https:\/\/www.laclusaz.com\/app\/uploads\/2023\/02\/Logo_2022_PassExperience-.png","galerie_photo_large-width":1000,"galerie_photo_large-height":317,"post-thumbnail":"https:\/\/www.laclusaz.com\/app\/uploads\/2023\/02\/Logo_2022_PassExperience--350x240.png","post-thumbnail-width":350,"post-thumbnail-height":240,"page-thumbnail":"https:\/\/www.laclusaz.com\/app\/uploads\/2023\/02\/Logo_2022_PassExperience--475x240.png","page-thumbnail-width":475,"page-thumbnail-height":240,"picture_list":"https:\/\/www.laclusaz.com\/app\/uploads\/2023\/02\/Logo_2022_PassExperience--540x317.png","picture_list-width":540,"picture_list-height":317,"2-3_picture":"https:\/\/www.laclusaz.com\/app\/uploads\/2023\/02\/Logo_2022_PassExperience--825x317.png","2-3_picture-width":825,"2-3_picture-height":317,"1-3_picture":"https:\/\/www.laclusaz.com\/app\/uploads\/2023\/02\/Logo_2022_PassExperience--255x317.png","1-3_picture-width":255,"1-3_picture-height":317,"1536x1536":"https:\/\/www.laclusaz.com\/app\/uploads\/2023\/02\/Logo_2022_PassExperience-.png","1536x1536-width":1000,"1536x1536-height":317,"2048x2048":"https:\/\/www.laclusaz.com\/app\/uploads\/2023\/02\/Logo_2022_PassExperience-.png","2048x2048-width":1000,"2048x2048-height":317,"top_page_listing":"https:\/\/www.laclusaz.com\/app\/uploads\/2023\/02\/Logo_2022_PassExperience--480x317.png","top_page_listing-width":480,"top_page_listing-height":317,"top_page_multifocus":"https:\/\/www.laclusaz.com\/app\/uploads\/2023\/02\/Logo_2022_PassExperience-.png","top_page_multifocus-width":1000,"top_page_multifocus-height":317,"post_teaser":"https:\/\/www.laclusaz.com\/app\/uploads\/2023\/02\/Logo_2022_PassExperience--680x317.png","post_teaser-width":680,"post_teaser-height":317,"cards_links":"https:\/\/www.laclusaz.com\/app\/uploads\/2023\/02\/Logo_2022_PassExperience--340x317.png","cards_links-width":340,"cards_links-height":317,"cards_square":"https:\/\/www.laclusaz.com\/app\/uploads\/2023\/02\/Logo_2022_PassExperience--360x317.png","cards_square-width":360,"cards_square-height":317,"deal_thumbnail":"https:\/\/www.laclusaz.com\/app\/uploads\/2023\/02\/Logo_2022_PassExperience--220x230.png","deal_thumbnail-width":220,"deal_thumbnail-height":230,"card_category":"https:\/\/www.laclusaz.com\/app\/uploads\/2023\/02\/Logo_2022_PassExperience--290x317.png","card_category-width":290,"card_category-height":317,"card_category_bottom":"https:\/\/www.laclusaz.com\/app\/uploads\/2023\/02\/Logo_2022_PassExperience--490x317.png","card_category_bottom-width":490,"card_category_bottom-height":317,"apidae_teaser":"https:\/\/www.laclusaz.com\/app\/uploads\/2023\/02\/Logo_2022_PassExperience--340x170.png","apidae_teaser-width":340,"apidae_teaser-height":170,"apidae_item_slider":"https:\/\/www.laclusaz.com\/app\/uploads\/2023\/02\/Logo_2022_PassExperience--890x317.png","apidae_item_slider-width":890,"apidae_item_slider-height":317,"partner_logo":"https:\/\/www.laclusaz.com\/app\/uploads\/2023\/02\/Logo_2022_PassExperience--130x41.png","partner_logo-width":130,"partner_logo-height":41,"apidae_header":"https:\/\/www.laclusaz.com\/app\/uploads\/2023\/02\/Logo_2022_PassExperience-.png","apidae_header-width":1000,"apidae_header-height":317}},"caption":"","contenu_texte_droite":""}},{"acf_fc_layout":"one-col-content","contenu_1_colonne":"<p data-start=\"0\" data-end=\"48\"><strong data-start=\"0\" data-end=\"48\"><span style=\"color: #00e2b4;\">Special Offer:<\/span> 30% Off Your Pass Experience!<\/strong><\/p>\n<p data-start=\"50\" data-end=\"343\">Book accommodation for 7 nights or more between July 5 and August 31 through La Clusaz&#8217;s Booking Center and <strong>get 30% off<\/strong> your Pass Experience. Take this opportunity to enjoy La Clusaz&#8217;s summer activities at a great price. Don\u2019t miss your chance to live a unique experience in La Clusaz!<\/p>\n<p data-start=\"345\" data-end=\"376\" data-is-last-node=\"\" data-is-only-node=\"\">Offer valid until May 31, 2025.<\/p>\n<p><a class=\"button-arrow\" href=\"https:\/\/www.laclusaz.com\/en\/booking\/accommodations\">FIND YOUR ACCOMMODATION<\/a><\/p>\n"},{"acf_fc_layout":"two-col-content","contenu_gauche":{"type_de_contenu_gauche":"image","contenu_texte_gauche":"","contenu_image_gauche":{"ID":241738,"id":241738,"title":"006Aravis-TilbyVattard-LaClusaz-Luge-\u00e9t\u00e9-E22","filename":"006Aravis-TilbyVattard-LaClusaz-Luge-ete-E22-scaled.jpg","filesize":272430,"url":"https:\/\/www.laclusaz.com\/app\/uploads\/2024\/03\/006Aravis-TilbyVattard-LaClusaz-Luge-ete-E22-scaled.jpg","link":"https:\/\/www.laclusaz.com\/en\/activites\/cartes-et-pass-activites\/attachment\/006aravis-tilbyvattard-laclusaz-luge-ete-e22-16\/","alt":"","author":"2","description":"","caption":"","name":"006aravis-tilbyvattard-laclusaz-luge-ete-e22-16","status":"inherit","uploaded_to":124070,"date":"2024-03-07 16:09:11","modified":"2024-03-07 16:09:11","menu_order":0,"mime_type":"image\/jpeg","type":"image","subtype":"jpeg","icon":"https:\/\/www.laclusaz.com\/wp\/wp-includes\/images\/media\/default.png","width":1280,"height":1920,"sizes":{"thumbnail":"https:\/\/www.laclusaz.com\/app\/uploads\/2024\/03\/006Aravis-TilbyVattard-LaClusaz-Luge-ete-E22-150x150.jpg","thumbnail-width":150,"thumbnail-height":150,"medium":"https:\/\/www.laclusaz.com\/app\/uploads\/2024\/03\/006Aravis-TilbyVattard-LaClusaz-Luge-ete-E22-200x300.jpg","medium-width":200,"medium-height":300,"medium_large":"https:\/\/www.laclusaz.com\/app\/uploads\/2024\/03\/006Aravis-TilbyVattard-LaClusaz-Luge-ete-E22-768x1152.jpg","medium_large-width":640,"medium_large-height":960,"large":"https:\/\/www.laclusaz.com\/app\/uploads\/2024\/03\/006Aravis-TilbyVattard-LaClusaz-Luge-ete-E22-683x1024.jpg","large-width":640,"large-height":960,"galerie_photo":"https:\/\/www.laclusaz.com\/app\/uploads\/2024\/03\/006Aravis-TilbyVattard-LaClusaz-Luge-ete-E22-1110x620.jpg","galerie_photo-width":1110,"galerie_photo-height":620,"galerie_photo_large":"https:\/\/www.laclusaz.com\/app\/uploads\/2024\/03\/006Aravis-TilbyVattard-LaClusaz-Luge-ete-E22-1500x760.jpg","galerie_photo_large-width":1500,"galerie_photo_large-height":760,"post-thumbnail":"https:\/\/www.laclusaz.com\/app\/uploads\/2024\/03\/006Aravis-TilbyVattard-LaClusaz-Luge-ete-E22-350x240.jpg","post-thumbnail-width":350,"post-thumbnail-height":240,"page-thumbnail":"https:\/\/www.laclusaz.com\/app\/uploads\/2024\/03\/006Aravis-TilbyVattard-LaClusaz-Luge-ete-E22-475x240.jpg","page-thumbnail-width":475,"page-thumbnail-height":240,"picture_list":"https:\/\/www.laclusaz.com\/app\/uploads\/2024\/03\/006Aravis-TilbyVattard-LaClusaz-Luge-ete-E22-540x360.jpg","picture_list-width":540,"picture_list-height":360,"2-3_picture":"https:\/\/www.laclusaz.com\/app\/uploads\/2024\/03\/006Aravis-TilbyVattard-LaClusaz-Luge-ete-E22-825x355.jpg","2-3_picture-width":825,"2-3_picture-height":355,"1-3_picture":"https:\/\/www.laclusaz.com\/app\/uploads\/2024\/03\/006Aravis-TilbyVattard-LaClusaz-Luge-ete-E22-255x355.jpg","1-3_picture-width":255,"1-3_picture-height":355,"1536x1536":"https:\/\/www.laclusaz.com\/app\/uploads\/2024\/03\/006Aravis-TilbyVattard-LaClusaz-Luge-ete-E22-1024x1536.jpg","1536x1536-width":1024,"1536x1536-height":1536,"2048x2048":"https:\/\/www.laclusaz.com\/app\/uploads\/2024\/03\/006Aravis-TilbyVattard-LaClusaz-Luge-ete-E22-1365x2048.jpg","2048x2048-width":1365,"2048x2048-height":2048,"top_page_listing":"https:\/\/www.laclusaz.com\/app\/uploads\/2024\/03\/006Aravis-TilbyVattard-LaClusaz-Luge-ete-E22-480x600.jpg","top_page_listing-width":480,"top_page_listing-height":600,"top_page_multifocus":"https:\/\/www.laclusaz.com\/app\/uploads\/2024\/03\/006Aravis-TilbyVattard-LaClusaz-Luge-ete-E22-1400x480.jpg","top_page_multifocus-width":1400,"top_page_multifocus-height":480,"post_teaser":"https:\/\/www.laclusaz.com\/app\/uploads\/2024\/03\/006Aravis-TilbyVattard-LaClusaz-Luge-ete-E22-680x380.jpg","post_teaser-width":680,"post_teaser-height":380,"cards_links":"https:\/\/www.laclusaz.com\/app\/uploads\/2024\/03\/006Aravis-TilbyVattard-LaClusaz-Luge-ete-E22-340x425.jpg","cards_links-width":340,"cards_links-height":425,"cards_square":"https:\/\/www.laclusaz.com\/app\/uploads\/2024\/03\/006Aravis-TilbyVattard-LaClusaz-Luge-ete-E22-360x350.jpg","cards_square-width":360,"cards_square-height":350,"deal_thumbnail":"https:\/\/www.laclusaz.com\/app\/uploads\/2024\/03\/006Aravis-TilbyVattard-LaClusaz-Luge-ete-E22-220x230.jpg","deal_thumbnail-width":220,"deal_thumbnail-height":230,"card_category":"https:\/\/www.laclusaz.com\/app\/uploads\/2024\/03\/006Aravis-TilbyVattard-LaClusaz-Luge-ete-E22-290x375.jpg","card_category-width":290,"card_category-height":375,"card_category_bottom":"https:\/\/www.laclusaz.com\/app\/uploads\/2024\/03\/006Aravis-TilbyVattard-LaClusaz-Luge-ete-E22-490x345.jpg","card_category_bottom-width":490,"card_category_bottom-height":345,"apidae_teaser":"https:\/\/www.laclusaz.com\/app\/uploads\/2024\/03\/006Aravis-TilbyVattard-LaClusaz-Luge-ete-E22-340x170.jpg","apidae_teaser-width":340,"apidae_teaser-height":170,"apidae_item_slider":"https:\/\/www.laclusaz.com\/app\/uploads\/2024\/03\/006Aravis-TilbyVattard-LaClusaz-Luge-ete-E22-890x500.jpg","apidae_item_slider-width":890,"apidae_item_slider-height":500,"partner_logo":"https:\/\/www.laclusaz.com\/app\/uploads\/2024\/03\/006Aravis-TilbyVattard-LaClusaz-Luge-ete-E22-87x130.jpg","partner_logo-width":87,"partner_logo-height":130,"apidae_header":"https:\/\/www.laclusaz.com\/app\/uploads\/2024\/03\/006Aravis-TilbyVattard-LaClusaz-Luge-ete-E22-1500x650.jpg","apidae_header-width":1500,"apidae_header-height":650}},"caption":""},"contenu_droite":{"type_de_contenu_droite":"texte","contenu_image_droite":false,"caption":"","contenu_texte_droite":"<h2 data-start=\"0\" data-end=\"23\"><strong data-start=\"0\" data-end=\"23\">ARAVIS LEISURE PASS<\/strong><\/h2>\n<p data-start=\"25\" data-end=\"60\">Enjoy its benefits all summer long!<\/p>\n<p data-start=\"62\" data-end=\"327\">Get your Aravis Leisure Pass for free from a sales point (Tourist Office or Sports Club) and load it as much as you like to pay for many activities at discounted rates in La Clusaz and neighboring villages. Unused units remain valid or refundable for up to 3 years.<\/p>\n<p data-start=\"329\" data-end=\"355\">For even more flexibility:<\/p>\n<ul>\n<li>Visit www.passloisirsaravis.com<\/li>\n<li>Create your customer account by entering the card number provided at the sales point.<\/li>\n<\/ul>\n<p data-start=\"514\" data-end=\"666\">At any time, you can check your balance and transaction history, view opening periods and activity schedules, and top up your card as often as you like!<\/p>\n<p data-start=\"668\" data-end=\"776\" data-is-last-node=\"\" data-is-only-node=\"\">Unit refunds are preferably done at a sales point if you wish to return the card and reclaim the \u20ac4 deposit.<\/p>\n<p><a class=\"button-arrow\" href=\"https:\/\/www.passloisirsaravis.com\/fr\/\" target=\"_blank\" rel=\"noopener\">Top up your card<\/a><\/p>\n<p><a class=\"button-arrow\" href=\"https:\/\/www.laclusaz.com\/app\/uploads\/2025\/06\/livret_2025_web.pdf\" target=\"_blank\" rel=\"noopener\">LIST OF DISCOUNTS FOR SUMMER 2025<\/a><\/p>\n"}}],"display_antidots_widget":false},"yoast_head":"<!-- This site is optimized with the Yoast SEO plugin v26.5 - https:\/\/yoast.com\/wordpress\/plugins\/seo\/ -->\n<title>Cards and activity passes | La Clusaz<\/title>\n<meta name=\"robots\" content=\"index, follow, max-snippet:-1, max-image-preview:large, max-video-preview:-1\" \/>\n<link rel=\"canonical\" href=\"https:\/\/www.laclusaz.com\/en\/activites\/cards-and-activity-passes\/\" \/>\n<meta property=\"og:locale\" content=\"en_US\" \/>\n<meta property=\"og:type\" content=\"article\" \/>\n<meta property=\"og:title\" content=\"Cards and activity passes | La Clusaz\" \/>\n<meta property=\"og:description\" content=\"Enjoy the benefits offered by the various passes on a wide range of activities suitable for all ages and interests!\" \/>\n<meta property=\"og:url\" content=\"https:\/\/www.laclusaz.com\/en\/activites\/cards-and-activity-passes\/\" \/>\n<meta property=\"og:site_name\" content=\"La Clusaz\" \/>\n<meta property=\"article:publisher\" content=\"https:\/\/www.facebook.com\/LaClusaz\" \/>\n<meta property=\"article:modified_time\" content=\"2025-06-11T08:49:27+00:00\" \/>\n<meta property=\"og:image\" content=\"https:\/\/www.laclusaz.com\/app\/uploads\/2023\/02\/carte-pass-activites.jpg\" \/>\n\t<meta property=\"og:image:width\" content=\"1376\" \/>\n\t<meta property=\"og:image:height\" content=\"545\" \/>\n\t<meta property=\"og:image:type\" content=\"image\/jpeg\" \/>\n<meta name=\"twitter:card\" content=\"summary_large_image\" \/>\n<meta name=\"twitter:site\" content=\"@LaClusaz\" \/>\n<meta name=\"twitter:label1\" content=\"Est. reading time\" \/>\n\t<meta name=\"twitter:data1\" content=\"1 minute\" \/>\n<script type=\"application\/ld+json\" class=\"yoast-schema-graph\">{\"@context\":\"https:\/\/schema.org\",\"@graph\":[{\"@type\":\"WebPage\",\"@id\":\"https:\/\/www.laclusaz.com\/en\/activites\/cards-and-activity-passes\/\",\"url\":\"https:\/\/www.laclusaz.com\/en\/activites\/cards-and-activity-passes\/\",\"name\":\"Cards and activity passes | La Clusaz\",\"isPartOf\":{\"@id\":\"https:\/\/www.laclusaz.com\/en\/#website\"},\"primaryImageOfPage\":{\"@id\":\"https:\/\/www.laclusaz.com\/en\/activites\/cards-and-activity-passes\/#primaryimage\"},\"image\":{\"@id\":\"https:\/\/www.laclusaz.com\/en\/activites\/cards-and-activity-passes\/#primaryimage\"},\"thumbnailUrl\":\"https:\/\/www.laclusaz.com\/app\/uploads\/2023\/02\/carte-pass-activites.jpg\",\"datePublished\":\"2023-01-23T13:32:26+00:00\",\"dateModified\":\"2025-06-11T08:49:27+00:00\",\"breadcrumb\":{\"@id\":\"https:\/\/www.laclusaz.com\/en\/activites\/cards-and-activity-passes\/#breadcrumb\"},\"inLanguage\":\"en-US\",\"potentialAction\":[{\"@type\":\"ReadAction\",\"target\":[\"https:\/\/www.laclusaz.com\/en\/activites\/cards-and-activity-passes\/\"]}]},{\"@type\":\"ImageObject\",\"inLanguage\":\"en-US\",\"@id\":\"https:\/\/www.laclusaz.com\/en\/activites\/cards-and-activity-passes\/#primaryimage\",\"url\":\"https:\/\/www.laclusaz.com\/app\/uploads\/2023\/02\/carte-pass-activites.jpg\",\"contentUrl\":\"https:\/\/www.laclusaz.com\/app\/uploads\/2023\/02\/carte-pass-activites.jpg\",\"width\":1376,\"height\":545},{\"@type\":\"BreadcrumbList\",\"@id\":\"https:\/\/www.laclusaz.com\/en\/activites\/cards-and-activity-passes\/#breadcrumb\",\"itemListElement\":[{\"@type\":\"ListItem\",\"position\":1,\"name\":\"Home\",\"item\":\"https:\/\/www.laclusaz.com\/en\/\"},{\"@type\":\"ListItem\",\"position\":2,\"name\":\"Activities\",\"item\":\"https:\/\/www.laclusaz.com\/en\/activites\/\"},{\"@type\":\"ListItem\",\"position\":3,\"name\":\"Cards and activity passes\"}]},{\"@type\":\"WebSite\",\"@id\":\"https:\/\/www.laclusaz.com\/en\/#website\",\"url\":\"https:\/\/www.laclusaz.com\/en\/\",\"name\":\"La Clusaz\",\"description\":\"\",\"publisher\":{\"@id\":\"https:\/\/www.laclusaz.com\/en\/#organization\"},\"potentialAction\":[{\"@type\":\"SearchAction\",\"target\":{\"@type\":\"EntryPoint\",\"urlTemplate\":\"https:\/\/www.laclusaz.com\/en\/?s={search_term_string}\"},\"query-input\":{\"@type\":\"PropertyValueSpecification\",\"valueRequired\":true,\"valueName\":\"search_term_string\"}}],\"inLanguage\":\"en-US\"},{\"@type\":\"Organization\",\"@id\":\"https:\/\/www.laclusaz.com\/en\/#organization\",\"name\":\"La Clusaz\",\"url\":\"https:\/\/www.laclusaz.com\/en\/\",\"logo\":{\"@type\":\"ImageObject\",\"inLanguage\":\"en-US\",\"@id\":\"https:\/\/www.laclusaz.com\/en\/#\/schema\/logo\/image\/\",\"url\":\"https:\/\/www.laclusaz.com\/app\/uploads\/2023\/03\/Logo-La-Clusaz-French-Alps-paysage.png\",\"contentUrl\":\"https:\/\/www.laclusaz.com\/app\/uploads\/2023\/03\/Logo-La-Clusaz-French-Alps-paysage.png\",\"width\":1920,\"height\":1018,\"caption\":\"La Clusaz\"},\"image\":{\"@id\":\"https:\/\/www.laclusaz.com\/en\/#\/schema\/logo\/image\/\"},\"sameAs\":[\"https:\/\/www.facebook.com\/LaClusaz\",\"https:\/\/x.com\/LaClusaz\",\"https:\/\/www.instagram.com\/laclusazskiresort\/\",\"https:\/\/www.youtube.com\/channel\/UC0nXO2GDOebkqOvTCx8gtGA\",\"https:\/\/www.tiktok.com\/@la_clusaz\"]}]}<\/script>\n<!-- \/ Yoast SEO plugin. -->","yoast_head_json":{"title":"Cards and activity passes | La Clusaz","robots":{"index":"index","follow":"follow","max-snippet":"max-snippet:-1","max-image-preview":"max-image-preview:large","max-video-preview":"max-video-preview:-1"},"canonical":"https:\/\/www.laclusaz.com\/en\/activites\/cards-and-activity-passes\/","og_locale":"en_US","og_type":"article","og_title":"Cards and activity passes | La Clusaz","og_description":"Enjoy the benefits offered by the various passes on a wide range of activities suitable for all ages and interests!","og_url":"https:\/\/www.laclusaz.com\/en\/activites\/cards-and-activity-passes\/","og_site_name":"La Clusaz","article_publisher":"https:\/\/www.facebook.com\/LaClusaz","article_modified_time":"2025-06-11T08:49:27+00:00","og_image":[{"width":1376,"height":545,"url":"https:\/\/www.laclusaz.com\/app\/uploads\/2023\/02\/carte-pass-activites.jpg","type":"image\/jpeg"}],"twitter_card":"summary_large_image","twitter_site":"@LaClusaz","twitter_misc":{"Est. reading time":"1 minute"},"schema":{"@context":"https:\/\/schema.org","@graph":[{"@type":"WebPage","@id":"https:\/\/www.laclusaz.com\/en\/activites\/cards-and-activity-passes\/","url":"https:\/\/www.laclusaz.com\/en\/activites\/cards-and-activity-passes\/","name":"Cards and activity passes | La Clusaz","isPartOf":{"@id":"https:\/\/www.laclusaz.com\/en\/#website"},"primaryImageOfPage":{"@id":"https:\/\/www.laclusaz.com\/en\/activites\/cards-and-activity-passes\/#primaryimage"},"image":{"@id":"https:\/\/www.laclusaz.com\/en\/activites\/cards-and-activity-passes\/#primaryimage"},"thumbnailUrl":"https:\/\/www.laclusaz.com\/app\/uploads\/2023\/02\/carte-pass-activites.jpg","datePublished":"2023-01-23T13:32:26+00:00","dateModified":"2025-06-11T08:49:27+00:00","breadcrumb":{"@id":"https:\/\/www.laclusaz.com\/en\/activites\/cards-and-activity-passes\/#breadcrumb"},"inLanguage":"en-US","potentialAction":[{"@type":"ReadAction","target":["https:\/\/www.laclusaz.com\/en\/activites\/cards-and-activity-passes\/"]}]},{"@type":"ImageObject","inLanguage":"en-US","@id":"https:\/\/www.laclusaz.com\/en\/activites\/cards-and-activity-passes\/#primaryimage","url":"https:\/\/www.laclusaz.com\/app\/uploads\/2023\/02\/carte-pass-activites.jpg","contentUrl":"https:\/\/www.laclusaz.com\/app\/uploads\/2023\/02\/carte-pass-activites.jpg","width":1376,"height":545},{"@type":"BreadcrumbList","@id":"https:\/\/www.laclusaz.com\/en\/activites\/cards-and-activity-passes\/#breadcrumb","itemListElement":[{"@type":"ListItem","position":1,"name":"Home","item":"https:\/\/www.laclusaz.com\/en\/"},{"@type":"ListItem","position":2,"name":"Activities","item":"https:\/\/www.laclusaz.com\/en\/activites\/"},{"@type":"ListItem","position":3,"name":"Cards and activity passes"}]},{"@type":"WebSite","@id":"https:\/\/www.laclusaz.com\/en\/#website","url":"https:\/\/www.laclusaz.com\/en\/","name":"La Clusaz","description":"","publisher":{"@id":"https:\/\/www.laclusaz.com\/en\/#organization"},"potentialAction":[{"@type":"SearchAction","target":{"@type":"EntryPoint","urlTemplate":"https:\/\/www.laclusaz.com\/en\/?s={search_term_string}"},"query-input":{"@type":"PropertyValueSpecification","valueRequired":true,"valueName":"search_term_string"}}],"inLanguage":"en-US"},{"@type":"Organization","@id":"https:\/\/www.laclusaz.com\/en\/#organization","name":"La Clusaz","url":"https:\/\/www.laclusaz.com\/en\/","logo":{"@type":"ImageObject","inLanguage":"en-US","@id":"https:\/\/www.laclusaz.com\/en\/#\/schema\/logo\/image\/","url":"https:\/\/www.laclusaz.com\/app\/uploads\/2023\/03\/Logo-La-Clusaz-French-Alps-paysage.png","contentUrl":"https:\/\/www.laclusaz.com\/app\/uploads\/2023\/03\/Logo-La-Clusaz-French-Alps-paysage.png","width":1920,"height":1018,"caption":"La Clusaz"},"image":{"@id":"https:\/\/www.laclusaz.com\/en\/#\/schema\/logo\/image\/"},"sameAs":["https:\/\/www.facebook.com\/LaClusaz","https:\/\/x.com\/LaClusaz","https:\/\/www.instagram.com\/laclusazskiresort\/","https:\/\/www.youtube.com\/channel\/UC0nXO2GDOebkqOvTCx8gtGA","https:\/\/www.tiktok.com\/@la_clusaz"]}]}},"_links":{"self":[{"href":"https:\/\/www.laclusaz.com\/en\/wp-json\/wp\/v2\/pages\/176723","targetHints":{"allow":["GET"]}}],"collection":[{"href":"https:\/\/www.laclusaz.com\/en\/wp-json\/wp\/v2\/pages"}],"about":[{"href":"https:\/\/www.laclusaz.com\/en\/wp-json\/wp\/v2\/types\/page"}],"author":[{"embeddable":true,"href":"https:\/\/www.laclusaz.com\/en\/wp-json\/wp\/v2\/users\/2"}],"replies":[{"embeddable":true,"href":"https:\/\/www.laclusaz.com\/en\/wp-json\/wp\/v2\/comments?post=176723"}],"version-history":[{"count":4,"href":"https:\/\/www.laclusaz.com\/en\/wp-json\/wp\/v2\/pages\/176723\/revisions"}],"predecessor-version":[{"id":334799,"href":"https:\/\/www.laclusaz.com\/en\/wp-json\/wp\/v2\/pages\/176723\/revisions\/334799"}],"up":[{"embeddable":true,"href":"https:\/\/www.laclusaz.com\/en\/wp-json\/wp\/v2\/pages\/176513"}],"wp:featuredmedia":[{"embeddable":true,"href":"https:\/\/www.laclusaz.com\/en\/wp-json\/wp\/v2\/media\/174319"}],"wp:attachment":[{"href":"https:\/\/www.laclusaz.com\/en\/wp-json\/wp\/v2\/media?parent=176723"}],"curies":[{"name":"wp","href":"https:\/\/api.w.org\/{rel}","templated":true}]}}