{"id":176674,"date":"2023-02-08T10:17:02","date_gmt":"2023-02-08T09:17:02","guid":{"rendered":"https:\/\/www.laclusaz.com\/winter-activities\/equitation-et-attelage\/"},"modified":"2024-09-23T15:54:12","modified_gmt":"2024-09-23T13:54:12","slug":"horseback-riding-and-carriages","status":"publish","type":"page","link":"https:\/\/www.laclusaz.com\/en\/activites\/winter\/horseback-riding-and-carriages\/","title":{"rendered":"Horseback riding and carriages"},"content":{"rendered":"<p>Horse-drawn carriage rides, horse riding lessons&#8230; Come to discover new sensations of sliding and enjoy the panorama of La Clusaz!<\/p>\n","protected":false},"excerpt":{"rendered":"<span class=\"excerpt-link\">Lire plus<\/span>","protected":false},"author":2,"featured_media":0,"parent":176665,"menu_order":0,"comment_status":"closed","ping_status":"closed","template":"templates\/listing-apidae.php","meta":{"_acf_changed":false,"inline_featured_image":false,"footnotes":""},"class_list":["post-176674","page","type-page","status-publish","hentry"],"acf":{"apidae_taxonomy":"apidae_selection","apidae_selection":[1373]},"yoast_head":"<!-- This site is optimized with the Yoast SEO plugin v26.5 - https:\/\/yoast.com\/wordpress\/plugins\/seo\/ -->\n<title>Horseback riding and carriages | La Clusaz<\/title>\n<meta name=\"description\" content=\"Balade \u00e0 cal\u00e8che, ski-jo\u00ebring\u2026 Venez d\u00e9couvrir de nouvelles sensations de glisse et profitez du panorama de La Clusaz !\" \/>\n<meta name=\"robots\" content=\"index, follow, max-snippet:-1, max-image-preview:large, max-video-preview:-1\" \/>\n<link rel=\"canonical\" href=\"https:\/\/www.laclusaz.com\/en\/activites\/winter\/horseback-riding-and-carriages\/\" \/>\n<meta property=\"og:locale\" content=\"en_US\" \/>\n<meta property=\"og:type\" content=\"article\" \/>\n<meta property=\"og:title\" content=\"Horseback riding and carriages | La Clusaz\" \/>\n<meta property=\"og:description\" content=\"Balade \u00e0 cal\u00e8che, ski-jo\u00ebring\u2026 Venez d\u00e9couvrir de nouvelles sensations de glisse et profitez du panorama de La Clusaz !\" \/>\n<meta property=\"og:url\" content=\"https:\/\/www.laclusaz.com\/en\/activites\/winter\/horseback-riding-and-carriages\/\" \/>\n<meta property=\"og:site_name\" content=\"La Clusaz\" \/>\n<meta property=\"article:publisher\" content=\"https:\/\/www.facebook.com\/LaClusaz\" \/>\n<meta property=\"article:modified_time\" content=\"2024-09-23T13:54:12+00:00\" \/>\n<meta property=\"og:image\" content=\"https:\/\/www.laclusaz.com\/app\/uploads\/2023\/02\/ski-joering-.jpg\" \/>\n\t<meta property=\"og:image:width\" content=\"482\" \/>\n\t<meta property=\"og:image:height\" content=\"601\" \/>\n\t<meta property=\"og:image:type\" content=\"image\/jpeg\" \/>\n<meta name=\"twitter:card\" content=\"summary_large_image\" \/>\n<meta name=\"twitter:site\" content=\"@LaClusaz\" \/>\n<meta name=\"twitter:label1\" content=\"Est. reading time\" \/>\n\t<meta name=\"twitter:data1\" content=\"1 minute\" \/>\n<script type=\"application\/ld+json\" class=\"yoast-schema-graph\">{\"@context\":\"https:\/\/schema.org\",\"@graph\":[{\"@type\":\"WebPage\",\"@id\":\"https:\/\/www.laclusaz.com\/en\/activites\/winter\/horseback-riding-and-carriages\/\",\"url\":\"https:\/\/www.laclusaz.com\/en\/activites\/winter\/horseback-riding-and-carriages\/\",\"name\":\"Horseback riding and carriages | La Clusaz\",\"isPartOf\":{\"@id\":\"https:\/\/www.laclusaz.com\/en\/#website\"},\"datePublished\":\"2023-02-08T09:17:02+00:00\",\"dateModified\":\"2024-09-23T13:54:12+00:00\",\"description\":\"Balade \u00e0 cal\u00e8che, ski-jo\u00ebring\u2026 Venez d\u00e9couvrir de nouvelles sensations de glisse et profitez du panorama de La Clusaz !\",\"breadcrumb\":{\"@id\":\"https:\/\/www.laclusaz.com\/en\/activites\/winter\/horseback-riding-and-carriages\/#breadcrumb\"},\"inLanguage\":\"en-US\",\"potentialAction\":[{\"@type\":\"ReadAction\",\"target\":[\"https:\/\/www.laclusaz.com\/en\/activites\/winter\/horseback-riding-and-carriages\/\"]}]},{\"@type\":\"BreadcrumbList\",\"@id\":\"https:\/\/www.laclusaz.com\/en\/activites\/winter\/horseback-riding-and-carriages\/#breadcrumb\",\"itemListElement\":[{\"@type\":\"ListItem\",\"position\":1,\"name\":\"Home\",\"item\":\"https:\/\/www.laclusaz.com\/en\/\"},{\"@type\":\"ListItem\",\"position\":2,\"name\":\"Activities\",\"item\":\"https:\/\/www.laclusaz.com\/en\/activites\/\"},{\"@type\":\"ListItem\",\"position\":3,\"name\":\"Winter Activities\",\"item\":\"https:\/\/www.laclusaz.com\/en\/activites\/winter\/\"},{\"@type\":\"ListItem\",\"position\":4,\"name\":\"Horseback riding and carriages\"}]},{\"@type\":\"WebSite\",\"@id\":\"https:\/\/www.laclusaz.com\/en\/#website\",\"url\":\"https:\/\/www.laclusaz.com\/en\/\",\"name\":\"La Clusaz\",\"description\":\"\",\"publisher\":{\"@id\":\"https:\/\/www.laclusaz.com\/en\/#organization\"},\"potentialAction\":[{\"@type\":\"SearchAction\",\"target\":{\"@type\":\"EntryPoint\",\"urlTemplate\":\"https:\/\/www.laclusaz.com\/en\/?s={search_term_string}\"},\"query-input\":{\"@type\":\"PropertyValueSpecification\",\"valueRequired\":true,\"valueName\":\"search_term_string\"}}],\"inLanguage\":\"en-US\"},{\"@type\":\"Organization\",\"@id\":\"https:\/\/www.laclusaz.com\/en\/#organization\",\"name\":\"La Clusaz\",\"url\":\"https:\/\/www.laclusaz.com\/en\/\",\"logo\":{\"@type\":\"ImageObject\",\"inLanguage\":\"en-US\",\"@id\":\"https:\/\/www.laclusaz.com\/en\/#\/schema\/logo\/image\/\",\"url\":\"https:\/\/www.laclusaz.com\/app\/uploads\/2023\/03\/Logo-La-Clusaz-French-Alps-paysage.png\",\"contentUrl\":\"https:\/\/www.laclusaz.com\/app\/uploads\/2023\/03\/Logo-La-Clusaz-French-Alps-paysage.png\",\"width\":1920,\"height\":1018,\"caption\":\"La Clusaz\"},\"image\":{\"@id\":\"https:\/\/www.laclusaz.com\/en\/#\/schema\/logo\/image\/\"},\"sameAs\":[\"https:\/\/www.facebook.com\/LaClusaz\",\"https:\/\/x.com\/LaClusaz\",\"https:\/\/www.instagram.com\/laclusazskiresort\/\",\"https:\/\/www.youtube.com\/channel\/UC0nXO2GDOebkqOvTCx8gtGA\",\"https:\/\/www.tiktok.com\/@la_clusaz\"]}]}<\/script>\n<!-- \/ Yoast SEO plugin. -->","yoast_head_json":{"title":"Horseback riding and carriages | La Clusaz","description":"Balade \u00e0 cal\u00e8che, ski-jo\u00ebring\u2026 Venez d\u00e9couvrir de nouvelles sensations de glisse et profitez du panorama de La Clusaz !","robots":{"index":"index","follow":"follow","max-snippet":"max-snippet:-1","max-image-preview":"max-image-preview:large","max-video-preview":"max-video-preview:-1"},"canonical":"https:\/\/www.laclusaz.com\/en\/activites\/winter\/horseback-riding-and-carriages\/","og_locale":"en_US","og_type":"article","og_title":"Horseback riding and carriages | La Clusaz","og_description":"Balade \u00e0 cal\u00e8che, ski-jo\u00ebring\u2026 Venez d\u00e9couvrir de nouvelles sensations de glisse et profitez du panorama de La Clusaz !","og_url":"https:\/\/www.laclusaz.com\/en\/activites\/winter\/horseback-riding-and-carriages\/","og_site_name":"La Clusaz","article_publisher":"https:\/\/www.facebook.com\/LaClusaz","article_modified_time":"2024-09-23T13:54:12+00:00","og_image":[{"width":482,"height":601,"url":"https:\/\/www.laclusaz.com\/app\/uploads\/2023\/02\/ski-joering-.jpg","type":"image\/jpeg"}],"twitter_card":"summary_large_image","twitter_site":"@LaClusaz","twitter_misc":{"Est. reading time":"1 minute"},"schema":{"@context":"https:\/\/schema.org","@graph":[{"@type":"WebPage","@id":"https:\/\/www.laclusaz.com\/en\/activites\/winter\/horseback-riding-and-carriages\/","url":"https:\/\/www.laclusaz.com\/en\/activites\/winter\/horseback-riding-and-carriages\/","name":"Horseback riding and carriages | La Clusaz","isPartOf":{"@id":"https:\/\/www.laclusaz.com\/en\/#website"},"datePublished":"2023-02-08T09:17:02+00:00","dateModified":"2024-09-23T13:54:12+00:00","description":"Balade \u00e0 cal\u00e8che, ski-jo\u00ebring\u2026 Venez d\u00e9couvrir de nouvelles sensations de glisse et profitez du panorama de La Clusaz !","breadcrumb":{"@id":"https:\/\/www.laclusaz.com\/en\/activites\/winter\/horseback-riding-and-carriages\/#breadcrumb"},"inLanguage":"en-US","potentialAction":[{"@type":"ReadAction","target":["https:\/\/www.laclusaz.com\/en\/activites\/winter\/horseback-riding-and-carriages\/"]}]},{"@type":"BreadcrumbList","@id":"https:\/\/www.laclusaz.com\/en\/activites\/winter\/horseback-riding-and-carriages\/#breadcrumb","itemListElement":[{"@type":"ListItem","position":1,"name":"Home","item":"https:\/\/www.laclusaz.com\/en\/"},{"@type":"ListItem","position":2,"name":"Activities","item":"https:\/\/www.laclusaz.com\/en\/activites\/"},{"@type":"ListItem","position":3,"name":"Winter Activities","item":"https:\/\/www.laclusaz.com\/en\/activites\/winter\/"},{"@type":"ListItem","position":4,"name":"Horseback riding and carriages"}]},{"@type":"WebSite","@id":"https:\/\/www.laclusaz.com\/en\/#website","url":"https:\/\/www.laclusaz.com\/en\/","name":"La Clusaz","description":"","publisher":{"@id":"https:\/\/www.laclusaz.com\/en\/#organization"},"potentialAction":[{"@type":"SearchAction","target":{"@type":"EntryPoint","urlTemplate":"https:\/\/www.laclusaz.com\/en\/?s={search_term_string}"},"query-input":{"@type":"PropertyValueSpecification","valueRequired":true,"valueName":"search_term_string"}}],"inLanguage":"en-US"},{"@type":"Organization","@id":"https:\/\/www.laclusaz.com\/en\/#organization","name":"La Clusaz","url":"https:\/\/www.laclusaz.com\/en\/","logo":{"@type":"ImageObject","inLanguage":"en-US","@id":"https:\/\/www.laclusaz.com\/en\/#\/schema\/logo\/image\/","url":"https:\/\/www.laclusaz.com\/app\/uploads\/2023\/03\/Logo-La-Clusaz-French-Alps-paysage.png","contentUrl":"https:\/\/www.laclusaz.com\/app\/uploads\/2023\/03\/Logo-La-Clusaz-French-Alps-paysage.png","width":1920,"height":1018,"caption":"La Clusaz"},"image":{"@id":"https:\/\/www.laclusaz.com\/en\/#\/schema\/logo\/image\/"},"sameAs":["https:\/\/www.facebook.com\/LaClusaz","https:\/\/x.com\/LaClusaz","https:\/\/www.instagram.com\/laclusazskiresort\/","https:\/\/www.youtube.com\/channel\/UC0nXO2GDOebkqOvTCx8gtGA","https:\/\/www.tiktok.com\/@la_clusaz"]}]}},"_links":{"self":[{"href":"https:\/\/www.laclusaz.com\/en\/wp-json\/wp\/v2\/pages\/176674","targetHints":{"allow":["GET"]}}],"collection":[{"href":"https:\/\/www.laclusaz.com\/en\/wp-json\/wp\/v2\/pages"}],"about":[{"href":"https:\/\/www.laclusaz.com\/en\/wp-json\/wp\/v2\/types\/page"}],"author":[{"embeddable":true,"href":"https:\/\/www.laclusaz.com\/en\/wp-json\/wp\/v2\/users\/2"}],"replies":[{"embeddable":true,"href":"https:\/\/www.laclusaz.com\/en\/wp-json\/wp\/v2\/comments?post=176674"}],"version-history":[{"count":2,"href":"https:\/\/www.laclusaz.com\/en\/wp-json\/wp\/v2\/pages\/176674\/revisions"}],"predecessor-version":[{"id":282739,"href":"https:\/\/www.laclusaz.com\/en\/wp-json\/wp\/v2\/pages\/176674\/revisions\/282739"}],"up":[{"embeddable":true,"href":"https:\/\/www.laclusaz.com\/en\/wp-json\/wp\/v2\/pages\/176665"}],"wp:attachment":[{"href":"https:\/\/www.laclusaz.com\/en\/wp-json\/wp\/v2\/media?parent=176674"}],"curies":[{"name":"wp","href":"https:\/\/api.w.org\/{rel}","templated":true}]}}