{"id":176665,"date":"2022-10-17T21:16:45","date_gmt":"2022-10-17T19:16:45","guid":{"rendered":"https:\/\/www.laclusaz.com\/activites-hiver\/"},"modified":"2026-02-20T17:17:37","modified_gmt":"2026-02-20T16:17:37","slug":"winter","status":"publish","type":"page","link":"https:\/\/www.laclusaz.com\/en\/activites\/winter\/","title":{"rendered":"Winter Activities"},"content":{"rendered":"","protected":false},"excerpt":{"rendered":"<span class=\"excerpt-link\">Lire plus<\/span>","protected":false},"author":1,"featured_media":282716,"parent":176513,"menu_order":0,"comment_status":"closed","ping_status":"closed","template":"templates\/dispatch.php","meta":{"_acf_changed":false,"inline_featured_image":false,"footnotes":""},"class_list":["post-176665","page","type-page","status-publish","has-post-thumbnail","hentry"],"acf":{"dispatch_1":{"explore_block_title":"We put your head in the powder","explore_bg_color":"black","explore_list":[{"explore_type":"image","explore_tag":"News","explore_content_type":"post","explore_post":357886,"explore_title":"","explore_excerpt":"","explore_image":false,"explore_link":"","explore_video":{"explore_video_link":"","explore_video_thumbnail":false}},{"explore_type":"image","explore_tag":"Inspiration","explore_content_type":"post","explore_post":188197,"explore_title":"","explore_excerpt":"","explore_image":false,"explore_link":"","explore_video":{"explore_video_link":"","explore_video_thumbnail":false}},{"explore_type":"image","explore_tag":"Inspiration","explore_content_type":"post","explore_post":309672,"explore_title":"","explore_excerpt":"","explore_image":false,"explore_link":"","explore_video":{"explore_video_link":"","explore_video_thumbnail":false}},{"explore_type":"image","explore_tag":"Inspiration","explore_content_type":"post","explore_post":363159,"explore_title":"","explore_excerpt":"","explore_image":false,"explore_link":"","explore_video":{"explore_video_link":"","explore_video_thumbnail":false}}]},"dispatch_2_position":"cards_links","dispatch_2_checklist":{"checklist_section_title":{"circled":"Checklist","title_highlighted":"time"},"checklist_section_subtitle":"We have thought of everything for you!","checklist_row":false},"dispatch_2_cards_links":{"cards_block_title":"<h2 style=\"text-align: center;\">ThERE&#8217;S moRE than just Slope <s class=\"strike-text\">in life<span class=\"replace-span\">in la Clusaz<\/span><\/s><\/h2>\n","cards_list":[{"card_background":358472,"card_link":{"title":"Snow activities","url":"https:\/\/www.laclusaz.com\/en\/activites\/winter\/snow-activities\/","target":""}},{"card_background":358906,"card_link":{"title":"Playful Activities & Entertainment","url":"https:\/\/www.laclusaz.com\/en\/activites\/winter\/playful-activities-and-entertainment\/","target":""}},{"card_background":292481,"card_link":{"title":"Water Activities","url":"https:\/\/www.laclusaz.com\/en\/activites\/winter\/water-activities\/","target":""}},{"card_background":358941,"card_link":{"title":"Aerial Activities","url":"https:\/\/www.laclusaz.com\/en\/activites\/winter\/aerial-activities\/","target":""}},{"card_background":296261,"card_link":{"title":"Unusual activities","url":"https:\/\/www.laclusaz.com\/en\/activites\/winter\/unusual-activities\/","target":""}},{"card_background":174199,"card_link":{"title":"Cultural Activities","url":"https:\/\/www.laclusaz.com\/en\/activites\/winter\/activites-culturelles\/","target":""}},{"card_background":217665,"card_link":{"title":"Wellness","url":"https:\/\/www.laclusaz.com\/en\/activites\/wellness\/","target":""}},{"card_background":153620,"card_link":{"title":"Kids\u2019 Activities","url":"https:\/\/www.laclusaz.com\/en\/activites\/winter\/kids-activities\/","target":"_blank"}},{"card_background":404271,"card_link":{"title":"Theme night","url":"https:\/\/www.laclusaz.com\/en\/activites\/winter\/soiree-a-theme\/","target":""}}]},"dispatch_3":{"dispatch_3_bg":false,"explore_block_title":"Art of living \"A la Chave\"","explore_bg_color":"white","explore_list":[{"explore_type":"image","explore_tag":"Explore","explore_content_type":"post","explore_post":126380,"explore_title":"","explore_excerpt":"","explore_image":false,"explore_link":"","explore_video":{"explore_video_link":"","explore_video_thumbnail":false}},{"explore_type":"image","explore_tag":"Explore","explore_content_type":"post","explore_post":176517,"explore_title":"","explore_excerpt":"","explore_image":false,"explore_link":"","explore_video":{"explore_video_link":"","explore_video_thumbnail":false}},{"explore_type":"image","explore_tag":"Explore","explore_content_type":"post","explore_post":88735,"explore_title":"","explore_excerpt":"","explore_image":false,"explore_link":"","explore_video":{"explore_video_link":"","explore_video_thumbnail":false}}]},"dispatch_4":{"category_ctas_title":"","category_ctas":false},"dispatch_5":{"deals_bg":false,"deals_listing":false},"dispatch_6":{"geek_posts":null},"dispatch_7":{"cards_duo_section_title":"","cards_duo_listing":false},"top_page_menu":[{"top_page_menu_link":{"title":"Alpine Skiing","url":"https:\/\/www.laclusaz.com\/en\/ski\/alpine-skiing\/","target":""}},{"top_page_menu_link":{"title":"Nordic Skiing","url":"https:\/\/www.laclusaz.com\/en\/ski\/nordic-skiing\/","target":""}},{"top_page_menu_link":{"title":"Ski Touring","url":"https:\/\/www.laclusaz.com\/en\/ski\/ski-touring\/","target":""}}]},"yoast_head":"<!-- This site is optimized with the Yoast SEO plugin v26.5 - https:\/\/yoast.com\/wordpress\/plugins\/seo\/ -->\n<title>Winter Activities | La Clusaz<\/title>\n<meta name=\"description\" content=\"Gr\u00e2ce \u00e0 un \u00e9ventail d&#039;activit\u00e9s, vous ferez le plein d&#039;\u00e9motion et vous repartirez de La Clusaz avec la t\u00eate pleine de souvenirs.\" \/>\n<meta name=\"robots\" content=\"index, follow, max-snippet:-1, max-image-preview:large, max-video-preview:-1\" \/>\n<link rel=\"canonical\" href=\"https:\/\/www.laclusaz.com\/en\/activites\/winter\/\" \/>\n<meta property=\"og:locale\" content=\"en_US\" \/>\n<meta property=\"og:type\" content=\"article\" \/>\n<meta property=\"og:title\" content=\"Winter Activities | La Clusaz\" \/>\n<meta property=\"og:description\" content=\"Gr\u00e2ce \u00e0 un \u00e9ventail d&#039;activit\u00e9s, vous ferez le plein d&#039;\u00e9motion et vous repartirez de La Clusaz avec la t\u00eate pleine de souvenirs.\" \/>\n<meta property=\"og:url\" content=\"https:\/\/www.laclusaz.com\/en\/activites\/winter\/\" \/>\n<meta property=\"og:site_name\" content=\"La Clusaz\" \/>\n<meta property=\"article:publisher\" content=\"https:\/\/www.facebook.com\/LaClusaz\" \/>\n<meta property=\"article:modified_time\" content=\"2026-02-20T16:17:37+00:00\" \/>\n<meta property=\"og:image\" content=\"https:\/\/www.laclusaz.com\/app\/uploads\/2024\/09\/Tilby-Vattard_SIMA-hiver-2023_La-Clusaz_Parapente_010-min-scaled.jpg\" \/>\n\t<meta property=\"og:image:width\" content=\"1707\" \/>\n\t<meta property=\"og:image:height\" content=\"2560\" \/>\n\t<meta property=\"og:image:type\" content=\"image\/jpeg\" \/>\n<meta name=\"twitter:card\" content=\"summary_large_image\" \/>\n<meta name=\"twitter:site\" content=\"@LaClusaz\" \/>\n<meta name=\"twitter:label1\" content=\"Est. reading time\" \/>\n\t<meta name=\"twitter:data1\" content=\"1 minute\" \/>\n<script type=\"application\/ld+json\" class=\"yoast-schema-graph\">{\"@context\":\"https:\/\/schema.org\",\"@graph\":[{\"@type\":\"WebPage\",\"@id\":\"https:\/\/www.laclusaz.com\/en\/activites\/winter\/\",\"url\":\"https:\/\/www.laclusaz.com\/en\/activites\/winter\/\",\"name\":\"Winter Activities | La Clusaz\",\"isPartOf\":{\"@id\":\"https:\/\/www.laclusaz.com\/en\/#website\"},\"primaryImageOfPage\":{\"@id\":\"https:\/\/www.laclusaz.com\/en\/activites\/winter\/#primaryimage\"},\"image\":{\"@id\":\"https:\/\/www.laclusaz.com\/en\/activites\/winter\/#primaryimage\"},\"thumbnailUrl\":\"https:\/\/www.laclusaz.com\/app\/uploads\/2024\/09\/Tilby-Vattard_SIMA-hiver-2023_La-Clusaz_Parapente_010-min-scaled.jpg\",\"datePublished\":\"2022-10-17T19:16:45+00:00\",\"dateModified\":\"2026-02-20T16:17:37+00:00\",\"description\":\"Gr\u00e2ce \u00e0 un \u00e9ventail d'activit\u00e9s, vous ferez le plein d'\u00e9motion et vous repartirez de La Clusaz avec la t\u00eate pleine de souvenirs.\",\"breadcrumb\":{\"@id\":\"https:\/\/www.laclusaz.com\/en\/activites\/winter\/#breadcrumb\"},\"inLanguage\":\"en-US\",\"potentialAction\":[{\"@type\":\"ReadAction\",\"target\":[\"https:\/\/www.laclusaz.com\/en\/activites\/winter\/\"]}]},{\"@type\":\"ImageObject\",\"inLanguage\":\"en-US\",\"@id\":\"https:\/\/www.laclusaz.com\/en\/activites\/winter\/#primaryimage\",\"url\":\"https:\/\/www.laclusaz.com\/app\/uploads\/2024\/09\/Tilby-Vattard_SIMA-hiver-2023_La-Clusaz_Parapente_010-min-scaled.jpg\",\"contentUrl\":\"https:\/\/www.laclusaz.com\/app\/uploads\/2024\/09\/Tilby-Vattard_SIMA-hiver-2023_La-Clusaz_Parapente_010-min-scaled.jpg\",\"width\":1707,\"height\":2560},{\"@type\":\"BreadcrumbList\",\"@id\":\"https:\/\/www.laclusaz.com\/en\/activites\/winter\/#breadcrumb\",\"itemListElement\":[{\"@type\":\"ListItem\",\"position\":1,\"name\":\"Home\",\"item\":\"https:\/\/www.laclusaz.com\/en\/\"},{\"@type\":\"ListItem\",\"position\":2,\"name\":\"Activities\",\"item\":\"https:\/\/www.laclusaz.com\/en\/activites\/\"},{\"@type\":\"ListItem\",\"position\":3,\"name\":\"Winter Activities\"}]},{\"@type\":\"WebSite\",\"@id\":\"https:\/\/www.laclusaz.com\/en\/#website\",\"url\":\"https:\/\/www.laclusaz.com\/en\/\",\"name\":\"La Clusaz\",\"description\":\"\",\"publisher\":{\"@id\":\"https:\/\/www.laclusaz.com\/en\/#organization\"},\"potentialAction\":[{\"@type\":\"SearchAction\",\"target\":{\"@type\":\"EntryPoint\",\"urlTemplate\":\"https:\/\/www.laclusaz.com\/en\/?s={search_term_string}\"},\"query-input\":{\"@type\":\"PropertyValueSpecification\",\"valueRequired\":true,\"valueName\":\"search_term_string\"}}],\"inLanguage\":\"en-US\"},{\"@type\":\"Organization\",\"@id\":\"https:\/\/www.laclusaz.com\/en\/#organization\",\"name\":\"La Clusaz\",\"url\":\"https:\/\/www.laclusaz.com\/en\/\",\"logo\":{\"@type\":\"ImageObject\",\"inLanguage\":\"en-US\",\"@id\":\"https:\/\/www.laclusaz.com\/en\/#\/schema\/logo\/image\/\",\"url\":\"https:\/\/www.laclusaz.com\/app\/uploads\/2023\/03\/Logo-La-Clusaz-French-Alps-paysage.png\",\"contentUrl\":\"https:\/\/www.laclusaz.com\/app\/uploads\/2023\/03\/Logo-La-Clusaz-French-Alps-paysage.png\",\"width\":1920,\"height\":1018,\"caption\":\"La Clusaz\"},\"image\":{\"@id\":\"https:\/\/www.laclusaz.com\/en\/#\/schema\/logo\/image\/\"},\"sameAs\":[\"https:\/\/www.facebook.com\/LaClusaz\",\"https:\/\/x.com\/LaClusaz\",\"https:\/\/www.instagram.com\/laclusazskiresort\/\",\"https:\/\/www.youtube.com\/channel\/UC0nXO2GDOebkqOvTCx8gtGA\",\"https:\/\/www.tiktok.com\/@la_clusaz\"]}]}<\/script>\n<!-- \/ Yoast SEO plugin. -->","yoast_head_json":{"title":"Winter Activities | La Clusaz","description":"Gr\u00e2ce \u00e0 un \u00e9ventail d'activit\u00e9s, vous ferez le plein d'\u00e9motion et vous repartirez de La Clusaz avec la t\u00eate pleine de souvenirs.","robots":{"index":"index","follow":"follow","max-snippet":"max-snippet:-1","max-image-preview":"max-image-preview:large","max-video-preview":"max-video-preview:-1"},"canonical":"https:\/\/www.laclusaz.com\/en\/activites\/winter\/","og_locale":"en_US","og_type":"article","og_title":"Winter Activities | La Clusaz","og_description":"Gr\u00e2ce \u00e0 un \u00e9ventail d'activit\u00e9s, vous ferez le plein d'\u00e9motion et vous repartirez de La Clusaz avec la t\u00eate pleine de souvenirs.","og_url":"https:\/\/www.laclusaz.com\/en\/activites\/winter\/","og_site_name":"La Clusaz","article_publisher":"https:\/\/www.facebook.com\/LaClusaz","article_modified_time":"2026-02-20T16:17:37+00:00","og_image":[{"width":1707,"height":2560,"url":"https:\/\/www.laclusaz.com\/app\/uploads\/2024\/09\/Tilby-Vattard_SIMA-hiver-2023_La-Clusaz_Parapente_010-min-scaled.jpg","type":"image\/jpeg"}],"twitter_card":"summary_large_image","twitter_site":"@LaClusaz","twitter_misc":{"Est. reading time":"1 minute"},"schema":{"@context":"https:\/\/schema.org","@graph":[{"@type":"WebPage","@id":"https:\/\/www.laclusaz.com\/en\/activites\/winter\/","url":"https:\/\/www.laclusaz.com\/en\/activites\/winter\/","name":"Winter Activities | La Clusaz","isPartOf":{"@id":"https:\/\/www.laclusaz.com\/en\/#website"},"primaryImageOfPage":{"@id":"https:\/\/www.laclusaz.com\/en\/activites\/winter\/#primaryimage"},"image":{"@id":"https:\/\/www.laclusaz.com\/en\/activites\/winter\/#primaryimage"},"thumbnailUrl":"https:\/\/www.laclusaz.com\/app\/uploads\/2024\/09\/Tilby-Vattard_SIMA-hiver-2023_La-Clusaz_Parapente_010-min-scaled.jpg","datePublished":"2022-10-17T19:16:45+00:00","dateModified":"2026-02-20T16:17:37+00:00","description":"Gr\u00e2ce \u00e0 un \u00e9ventail d'activit\u00e9s, vous ferez le plein d'\u00e9motion et vous repartirez de La Clusaz avec la t\u00eate pleine de souvenirs.","breadcrumb":{"@id":"https:\/\/www.laclusaz.com\/en\/activites\/winter\/#breadcrumb"},"inLanguage":"en-US","potentialAction":[{"@type":"ReadAction","target":["https:\/\/www.laclusaz.com\/en\/activites\/winter\/"]}]},{"@type":"ImageObject","inLanguage":"en-US","@id":"https:\/\/www.laclusaz.com\/en\/activites\/winter\/#primaryimage","url":"https:\/\/www.laclusaz.com\/app\/uploads\/2024\/09\/Tilby-Vattard_SIMA-hiver-2023_La-Clusaz_Parapente_010-min-scaled.jpg","contentUrl":"https:\/\/www.laclusaz.com\/app\/uploads\/2024\/09\/Tilby-Vattard_SIMA-hiver-2023_La-Clusaz_Parapente_010-min-scaled.jpg","width":1707,"height":2560},{"@type":"BreadcrumbList","@id":"https:\/\/www.laclusaz.com\/en\/activites\/winter\/#breadcrumb","itemListElement":[{"@type":"ListItem","position":1,"name":"Home","item":"https:\/\/www.laclusaz.com\/en\/"},{"@type":"ListItem","position":2,"name":"Activities","item":"https:\/\/www.laclusaz.com\/en\/activites\/"},{"@type":"ListItem","position":3,"name":"Winter Activities"}]},{"@type":"WebSite","@id":"https:\/\/www.laclusaz.com\/en\/#website","url":"https:\/\/www.laclusaz.com\/en\/","name":"La Clusaz","description":"","publisher":{"@id":"https:\/\/www.laclusaz.com\/en\/#organization"},"potentialAction":[{"@type":"SearchAction","target":{"@type":"EntryPoint","urlTemplate":"https:\/\/www.laclusaz.com\/en\/?s={search_term_string}"},"query-input":{"@type":"PropertyValueSpecification","valueRequired":true,"valueName":"search_term_string"}}],"inLanguage":"en-US"},{"@type":"Organization","@id":"https:\/\/www.laclusaz.com\/en\/#organization","name":"La Clusaz","url":"https:\/\/www.laclusaz.com\/en\/","logo":{"@type":"ImageObject","inLanguage":"en-US","@id":"https:\/\/www.laclusaz.com\/en\/#\/schema\/logo\/image\/","url":"https:\/\/www.laclusaz.com\/app\/uploads\/2023\/03\/Logo-La-Clusaz-French-Alps-paysage.png","contentUrl":"https:\/\/www.laclusaz.com\/app\/uploads\/2023\/03\/Logo-La-Clusaz-French-Alps-paysage.png","width":1920,"height":1018,"caption":"La Clusaz"},"image":{"@id":"https:\/\/www.laclusaz.com\/en\/#\/schema\/logo\/image\/"},"sameAs":["https:\/\/www.facebook.com\/LaClusaz","https:\/\/x.com\/LaClusaz","https:\/\/www.instagram.com\/laclusazskiresort\/","https:\/\/www.youtube.com\/channel\/UC0nXO2GDOebkqOvTCx8gtGA","https:\/\/www.tiktok.com\/@la_clusaz"]}]}},"_links":{"self":[{"href":"https:\/\/www.laclusaz.com\/en\/wp-json\/wp\/v2\/pages\/176665","targetHints":{"allow":["GET"]}}],"collection":[{"href":"https:\/\/www.laclusaz.com\/en\/wp-json\/wp\/v2\/pages"}],"about":[{"href":"https:\/\/www.laclusaz.com\/en\/wp-json\/wp\/v2\/types\/page"}],"author":[{"embeddable":true,"href":"https:\/\/www.laclusaz.com\/en\/wp-json\/wp\/v2\/users\/1"}],"replies":[{"embeddable":true,"href":"https:\/\/www.laclusaz.com\/en\/wp-json\/wp\/v2\/comments?post=176665"}],"version-history":[{"count":37,"href":"https:\/\/www.laclusaz.com\/en\/wp-json\/wp\/v2\/pages\/176665\/revisions"}],"predecessor-version":[{"id":404363,"href":"https:\/\/www.laclusaz.com\/en\/wp-json\/wp\/v2\/pages\/176665\/revisions\/404363"}],"up":[{"embeddable":true,"href":"https:\/\/www.laclusaz.com\/en\/wp-json\/wp\/v2\/pages\/176513"}],"wp:featuredmedia":[{"embeddable":true,"href":"https:\/\/www.laclusaz.com\/en\/wp-json\/wp\/v2\/media\/282716"}],"wp:attachment":[{"href":"https:\/\/www.laclusaz.com\/en\/wp-json\/wp\/v2\/media?parent=176665"}],"curies":[{"name":"wp","href":"https:\/\/api.w.org\/{rel}","templated":true}]}}