{"id":176612,"date":"2023-02-10T17:57:15","date_gmt":"2023-02-10T16:57:15","guid":{"rendered":"https:\/\/www.laclusaz.com\/activities\/parapente\/"},"modified":"2026-03-30T14:50:01","modified_gmt":"2026-03-30T12:50:01","slug":"parapente","status":"publish","type":"page","link":"https:\/\/www.laclusaz.com\/en\/activites\/parapente\/","title":{"rendered":"Paragliding"},"content":{"rendered":"","protected":false},"excerpt":{"rendered":"<span class=\"excerpt-link\">Lire plus<\/span>","protected":false},"author":6,"featured_media":174341,"parent":176513,"menu_order":0,"comment_status":"closed","ping_status":"closed","template":"grdn_multifocus.php","meta":{"_acf_changed":false,"inline_featured_image":false,"footnotes":""},"class_list":["post-176612","page","type-page","status-publish","has-post-thumbnail","hentry"],"acf":{"apidae_taxonomy":"apidae_selection","apidae_selection":[1345],"page_blocks":[{"acf_fc_layout":"two-col-content","contenu_gauche":{"type_de_contenu_gauche":"image","contenu_texte_gauche":"","contenu_image_gauche":{"ID":174340,"id":174340,"title":"vol-biplace-laclusaz","filename":"vol-biplace-laclusaz-e1676049222243.jpg","filesize":45224,"url":"https:\/\/www.laclusaz.com\/app\/uploads\/2023\/02\/vol-biplace-laclusaz-e1676049222243.jpg","link":"https:\/\/www.laclusaz.com\/en\/activites\/parapente\/attachment\/vol-biplace-laclusaz\/","alt":"","author":"6","description":"","caption":"","name":"vol-biplace-laclusaz","status":"inherit","uploaded_to":174328,"date":"2023-02-10 17:13:16","modified":"2023-02-10 17:13:16","menu_order":0,"mime_type":"image\/jpeg","type":"image","subtype":"jpeg","icon":"https:\/\/www.laclusaz.com\/wp\/wp-includes\/images\/media\/default.png","width":600,"height":600,"sizes":{"thumbnail":"https:\/\/www.laclusaz.com\/app\/uploads\/2023\/02\/vol-biplace-laclusaz-e1676049222243-150x150.jpg","thumbnail-width":150,"thumbnail-height":150,"medium":"https:\/\/www.laclusaz.com\/app\/uploads\/2023\/02\/vol-biplace-laclusaz-e1676049222243-300x300.jpg","medium-width":300,"medium-height":300,"medium_large":"https:\/\/www.laclusaz.com\/app\/uploads\/2023\/02\/vol-biplace-laclusaz-e1676049222243.jpg","medium_large-width":600,"medium_large-height":600,"large":"https:\/\/www.laclusaz.com\/app\/uploads\/2023\/02\/vol-biplace-laclusaz-e1676049222243.jpg","large-width":600,"large-height":600,"galerie_photo":"https:\/\/www.laclusaz.com\/app\/uploads\/2023\/02\/vol-biplace-laclusaz-e1676049222243.jpg","galerie_photo-width":600,"galerie_photo-height":600,"galerie_photo_large":"https:\/\/www.laclusaz.com\/app\/uploads\/2023\/02\/vol-biplace-laclusaz-e1676049222243.jpg","galerie_photo_large-width":600,"galerie_photo_large-height":600,"post-thumbnail":"https:\/\/www.laclusaz.com\/app\/uploads\/2023\/02\/vol-biplace-laclusaz-e1676049222243-350x240.jpg","post-thumbnail-width":350,"post-thumbnail-height":240,"page-thumbnail":"https:\/\/www.laclusaz.com\/app\/uploads\/2023\/02\/vol-biplace-laclusaz-e1676049222243-475x240.jpg","page-thumbnail-width":475,"page-thumbnail-height":240,"picture_list":"https:\/\/www.laclusaz.com\/app\/uploads\/2023\/02\/vol-biplace-laclusaz-e1676049222243-540x360.jpg","picture_list-width":540,"picture_list-height":360,"2-3_picture":"https:\/\/www.laclusaz.com\/app\/uploads\/2023\/02\/vol-biplace-laclusaz-e1676049222243-600x355.jpg","2-3_picture-width":600,"2-3_picture-height":355,"1-3_picture":"https:\/\/www.laclusaz.com\/app\/uploads\/2023\/02\/vol-biplace-laclusaz-e1676049222243-255x355.jpg","1-3_picture-width":255,"1-3_picture-height":355,"1536x1536":"https:\/\/www.laclusaz.com\/app\/uploads\/2023\/02\/vol-biplace-laclusaz-e1676049222243.jpg","1536x1536-width":600,"1536x1536-height":600,"2048x2048":"https:\/\/www.laclusaz.com\/app\/uploads\/2023\/02\/vol-biplace-laclusaz-e1676049222243.jpg","2048x2048-width":600,"2048x2048-height":600,"top_page_listing":"https:\/\/www.laclusaz.com\/app\/uploads\/2023\/02\/vol-biplace-laclusaz-e1676049222243-480x600.jpg","top_page_listing-width":480,"top_page_listing-height":600,"top_page_multifocus":"https:\/\/www.laclusaz.com\/app\/uploads\/2023\/02\/vol-biplace-laclusaz-e1676049222243-600x480.jpg","top_page_multifocus-width":600,"top_page_multifocus-height":480,"post_teaser":"https:\/\/www.laclusaz.com\/app\/uploads\/2023\/02\/vol-biplace-laclusaz-e1676049222243-600x380.jpg","post_teaser-width":600,"post_teaser-height":380,"cards_links":"https:\/\/www.laclusaz.com\/app\/uploads\/2023\/02\/vol-biplace-laclusaz-e1676049222243-340x425.jpg","cards_links-width":340,"cards_links-height":425,"cards_square":"https:\/\/www.laclusaz.com\/app\/uploads\/2023\/02\/vol-biplace-laclusaz-e1676049222243-360x350.jpg","cards_square-width":360,"cards_square-height":350,"deal_thumbnail":"https:\/\/www.laclusaz.com\/app\/uploads\/2023\/02\/vol-biplace-laclusaz-e1676049222243-220x230.jpg","deal_thumbnail-width":220,"deal_thumbnail-height":230,"card_category":"https:\/\/www.laclusaz.com\/app\/uploads\/2023\/02\/vol-biplace-laclusaz-e1676049222243-290x375.jpg","card_category-width":290,"card_category-height":375,"card_category_bottom":"https:\/\/www.laclusaz.com\/app\/uploads\/2023\/02\/vol-biplace-laclusaz-e1676049222243-490x345.jpg","card_category_bottom-width":490,"card_category_bottom-height":345,"apidae_teaser":"https:\/\/www.laclusaz.com\/app\/uploads\/2023\/02\/vol-biplace-laclusaz-e1676049222243-340x170.jpg","apidae_teaser-width":340,"apidae_teaser-height":170,"apidae_item_slider":"https:\/\/www.laclusaz.com\/app\/uploads\/2023\/02\/vol-biplace-laclusaz-e1676049222243-600x500.jpg","apidae_item_slider-width":600,"apidae_item_slider-height":500,"partner_logo":"https:\/\/www.laclusaz.com\/app\/uploads\/2023\/02\/vol-biplace-laclusaz-e1676049222243-130x130.jpg","partner_logo-width":130,"partner_logo-height":130,"apidae_header":"https:\/\/www.laclusaz.com\/app\/uploads\/2023\/02\/vol-biplace-laclusaz-e1676049222243.jpg","apidae_header-width":600,"apidae_header-height":600}},"caption":""},"contenu_droite":{"type_de_contenu_droite":"texte","contenu_image_droite":false,"caption":"","contenu_texte_droite":"<p>Discover paragliding in tandem above the village and its mountain pastures&#8230; Discovery, acrobatic or pedagogical baptism&#8230; There are many options to escape in a paraglider and contemplate the village, the mountain pastures and the whole Aravis massif from above.<\/p>\n<p>After having reached the take-off zone with the help of the chairlifts of the Cr\u00eat du Merle and the Cr\u00eat du Loup, it is left for long minutes carried by the wind. Between adrenaline and contemplation, this wonderful experience is definitely worth the detour!<\/p>\n<p>&nbsp;<\/p>\n<p><a class=\"button-arrow\" href=\"https:\/\/www.laclusaz.com\/app\/uploads\/2023\/02\/carte-vol-libre-annecy-793.pdf\" target=\"_blank\" rel=\"noopener\">Free flight Map<\/a><\/p>\n<p><a class=\"button-arrow\" href=\"https:\/\/www.laclusaz.com\/en\/activites\/summer\/summer-lifts\/\" target=\"_blank\" rel=\"noopener\">OPENING OF SKI LIFTS<\/a><\/p>\n"}},{"acf_fc_layout":"cards-apidae","title":"Vol biplace ","items":[{"apidae_item":{"ID":377620,"post_author":"1","post_date":"2025-11-25 16:17:36","post_date_gmt":"2025-11-25 15:17:36","post_content":"","post_title":"Tandem paragliding flight with Aravis Parapente","post_excerpt":"","post_status":"publish","comment_status":"close","ping_status":"close","post_password":"","post_name":"tandem-paragliding-flight-with-aravis-parapente","to_ping":"","pinged":"","post_modified":"2026-04-03 07:00:46","post_modified_gmt":"2026-04-03 05:00:46","post_content_filtered":"","post_parent":0,"guid":"https:\/\/www.laclusaz.com\/?post_type=apidae_item&#038;p=377620","menu_order":0,"post_type":"apidae_item","post_mime_type":"","comment_count":"0","filter":"raw"},"apidae_item_saison":"default"},{"apidae_item":{"ID":377550,"post_author":"1","post_date":"2025-11-25 16:17:01","post_date_gmt":"2025-11-25 15:17:01","post_content":"","post_title":"Tandem paragliding flight with S\u2019 en Ciel","post_excerpt":"","post_status":"publish","comment_status":"close","ping_status":"close","post_password":"","post_name":"tandem-paragliding-flight-with-s-en-ciel","to_ping":"","pinged":"","post_modified":"2026-04-01 07:01:29","post_modified_gmt":"2026-04-01 05:01:29","post_content_filtered":"","post_parent":0,"guid":"https:\/\/www.laclusaz.com\/?post_type=apidae_item&#038;p=377550","menu_order":0,"post_type":"apidae_item","post_mime_type":"","comment_count":"0","filter":"raw"},"apidae_item_saison":"default"},{"apidae_item":{"ID":405809,"post_author":"1","post_date":"2026-02-26 09:15:40","post_date_gmt":"2026-02-26 08:15:40","post_content":"","post_title":"Ailes des Aravis","post_excerpt":"","post_status":"publish","comment_status":"close","ping_status":"close","post_password":"","post_name":"ailes-des-aravis","to_ping":"","pinged":"","post_modified":"2026-04-08 09:18:41","post_modified_gmt":"2026-04-08 07:18:41","post_content_filtered":"","post_parent":0,"guid":"https:\/\/www.laclusaz.com\/?post_type=apidae_item&#038;p=405809","menu_order":0,"post_type":"apidae_item","post_mime_type":"","comment_count":"0","filter":"raw"},"apidae_item_saison":"default"}]}],"display_antidots_widget":false},"yoast_head":"<!-- This site is optimized with the Yoast SEO plugin v26.5 - https:\/\/yoast.com\/wordpress\/plugins\/seo\/ -->\n<title>Paragliding | La Clusaz<\/title>\n<meta name=\"description\" content=\"D\u00e9couvrez le parapente en biplace au dessus du village et de ses alpages...\u00a0Bapt\u00eame d\u00e9couverte, acrobatique ou p\u00e9dagogique\u2026 Les options sont nombreuses pour s\u2019\u00e9vader en parapente et contempler de haut le village, les alpages et tout le massif des Aravis.\" \/>\n<meta name=\"robots\" content=\"index, follow, max-snippet:-1, max-image-preview:large, max-video-preview:-1\" \/>\n<link rel=\"canonical\" href=\"https:\/\/www.laclusaz.com\/en\/activites\/parapente\/\" \/>\n<meta property=\"og:locale\" content=\"en_US\" \/>\n<meta property=\"og:type\" content=\"article\" \/>\n<meta property=\"og:title\" content=\"Paragliding | La Clusaz\" \/>\n<meta property=\"og:description\" content=\"D\u00e9couvrez le parapente en biplace au dessus du village et de ses alpages...\u00a0Bapt\u00eame d\u00e9couverte, acrobatique ou p\u00e9dagogique\u2026 Les options sont nombreuses pour s\u2019\u00e9vader en parapente et contempler de haut le village, les alpages et tout le massif des Aravis.\" \/>\n<meta property=\"og:url\" content=\"https:\/\/www.laclusaz.com\/en\/activites\/parapente\/\" \/>\n<meta property=\"og:site_name\" content=\"La Clusaz\" \/>\n<meta property=\"article:publisher\" content=\"https:\/\/www.facebook.com\/LaClusaz\" \/>\n<meta property=\"article:modified_time\" content=\"2026-03-30T12:50:01+00:00\" \/>\n<meta property=\"og:image\" content=\"https:\/\/www.laclusaz.com\/app\/uploads\/2023\/02\/parapente-ete.jpg\" \/>\n\t<meta property=\"og:image:width\" content=\"1376\" \/>\n\t<meta property=\"og:image:height\" content=\"545\" \/>\n\t<meta property=\"og:image:type\" content=\"image\/jpeg\" \/>\n<meta name=\"twitter:card\" content=\"summary_large_image\" \/>\n<meta name=\"twitter:site\" content=\"@LaClusaz\" \/>\n<meta name=\"twitter:label1\" content=\"Est. reading time\" \/>\n\t<meta name=\"twitter:data1\" content=\"1 minute\" \/>\n<script type=\"application\/ld+json\" class=\"yoast-schema-graph\">{\"@context\":\"https:\/\/schema.org\",\"@graph\":[{\"@type\":\"WebPage\",\"@id\":\"https:\/\/www.laclusaz.com\/en\/activites\/parapente\/\",\"url\":\"https:\/\/www.laclusaz.com\/en\/activites\/parapente\/\",\"name\":\"Paragliding | La Clusaz\",\"isPartOf\":{\"@id\":\"https:\/\/www.laclusaz.com\/en\/#website\"},\"primaryImageOfPage\":{\"@id\":\"https:\/\/www.laclusaz.com\/en\/activites\/parapente\/#primaryimage\"},\"image\":{\"@id\":\"https:\/\/www.laclusaz.com\/en\/activites\/parapente\/#primaryimage\"},\"thumbnailUrl\":\"https:\/\/www.laclusaz.com\/app\/uploads\/2023\/02\/parapente-ete.jpg\",\"datePublished\":\"2023-02-10T16:57:15+00:00\",\"dateModified\":\"2026-03-30T12:50:01+00:00\",\"description\":\"D\u00e9couvrez le parapente en biplace au dessus du village et de ses alpages...\u00a0Bapt\u00eame d\u00e9couverte, acrobatique ou p\u00e9dagogique\u2026 Les options sont nombreuses pour s\u2019\u00e9vader en parapente et contempler de haut le village, les alpages et tout le massif des Aravis.\",\"breadcrumb\":{\"@id\":\"https:\/\/www.laclusaz.com\/en\/activites\/parapente\/#breadcrumb\"},\"inLanguage\":\"en-US\",\"potentialAction\":[{\"@type\":\"ReadAction\",\"target\":[\"https:\/\/www.laclusaz.com\/en\/activites\/parapente\/\"]}]},{\"@type\":\"ImageObject\",\"inLanguage\":\"en-US\",\"@id\":\"https:\/\/www.laclusaz.com\/en\/activites\/parapente\/#primaryimage\",\"url\":\"https:\/\/www.laclusaz.com\/app\/uploads\/2023\/02\/parapente-ete.jpg\",\"contentUrl\":\"https:\/\/www.laclusaz.com\/app\/uploads\/2023\/02\/parapente-ete.jpg\",\"width\":1376,\"height\":545},{\"@type\":\"BreadcrumbList\",\"@id\":\"https:\/\/www.laclusaz.com\/en\/activites\/parapente\/#breadcrumb\",\"itemListElement\":[{\"@type\":\"ListItem\",\"position\":1,\"name\":\"Home\",\"item\":\"https:\/\/www.laclusaz.com\/en\/\"},{\"@type\":\"ListItem\",\"position\":2,\"name\":\"Activities\",\"item\":\"https:\/\/www.laclusaz.com\/en\/activites\/\"},{\"@type\":\"ListItem\",\"position\":3,\"name\":\"Paragliding\"}]},{\"@type\":\"WebSite\",\"@id\":\"https:\/\/www.laclusaz.com\/en\/#website\",\"url\":\"https:\/\/www.laclusaz.com\/en\/\",\"name\":\"La Clusaz\",\"description\":\"\",\"publisher\":{\"@id\":\"https:\/\/www.laclusaz.com\/en\/#organization\"},\"potentialAction\":[{\"@type\":\"SearchAction\",\"target\":{\"@type\":\"EntryPoint\",\"urlTemplate\":\"https:\/\/www.laclusaz.com\/en\/?s={search_term_string}\"},\"query-input\":{\"@type\":\"PropertyValueSpecification\",\"valueRequired\":true,\"valueName\":\"search_term_string\"}}],\"inLanguage\":\"en-US\"},{\"@type\":\"Organization\",\"@id\":\"https:\/\/www.laclusaz.com\/en\/#organization\",\"name\":\"La Clusaz\",\"url\":\"https:\/\/www.laclusaz.com\/en\/\",\"logo\":{\"@type\":\"ImageObject\",\"inLanguage\":\"en-US\",\"@id\":\"https:\/\/www.laclusaz.com\/en\/#\/schema\/logo\/image\/\",\"url\":\"https:\/\/www.laclusaz.com\/app\/uploads\/2023\/03\/Logo-La-Clusaz-French-Alps-paysage.png\",\"contentUrl\":\"https:\/\/www.laclusaz.com\/app\/uploads\/2023\/03\/Logo-La-Clusaz-French-Alps-paysage.png\",\"width\":1920,\"height\":1018,\"caption\":\"La Clusaz\"},\"image\":{\"@id\":\"https:\/\/www.laclusaz.com\/en\/#\/schema\/logo\/image\/\"},\"sameAs\":[\"https:\/\/www.facebook.com\/LaClusaz\",\"https:\/\/x.com\/LaClusaz\",\"https:\/\/www.instagram.com\/laclusazskiresort\/\",\"https:\/\/www.youtube.com\/channel\/UC0nXO2GDOebkqOvTCx8gtGA\",\"https:\/\/www.tiktok.com\/@la_clusaz\"]}]}<\/script>\n<!-- \/ Yoast SEO plugin. -->","yoast_head_json":{"title":"Paragliding | La Clusaz","description":"D\u00e9couvrez le parapente en biplace au dessus du village et de ses alpages...\u00a0Bapt\u00eame d\u00e9couverte, acrobatique ou p\u00e9dagogique\u2026 Les options sont nombreuses pour s\u2019\u00e9vader en parapente et contempler de haut le village, les alpages et tout le massif des Aravis.","robots":{"index":"index","follow":"follow","max-snippet":"max-snippet:-1","max-image-preview":"max-image-preview:large","max-video-preview":"max-video-preview:-1"},"canonical":"https:\/\/www.laclusaz.com\/en\/activites\/parapente\/","og_locale":"en_US","og_type":"article","og_title":"Paragliding | La Clusaz","og_description":"D\u00e9couvrez le parapente en biplace au dessus du village et de ses alpages...\u00a0Bapt\u00eame d\u00e9couverte, acrobatique ou p\u00e9dagogique\u2026 Les options sont nombreuses pour s\u2019\u00e9vader en parapente et contempler de haut le village, les alpages et tout le massif des Aravis.","og_url":"https:\/\/www.laclusaz.com\/en\/activites\/parapente\/","og_site_name":"La Clusaz","article_publisher":"https:\/\/www.facebook.com\/LaClusaz","article_modified_time":"2026-03-30T12:50:01+00:00","og_image":[{"width":1376,"height":545,"url":"https:\/\/www.laclusaz.com\/app\/uploads\/2023\/02\/parapente-ete.jpg","type":"image\/jpeg"}],"twitter_card":"summary_large_image","twitter_site":"@LaClusaz","twitter_misc":{"Est. reading time":"1 minute"},"schema":{"@context":"https:\/\/schema.org","@graph":[{"@type":"WebPage","@id":"https:\/\/www.laclusaz.com\/en\/activites\/parapente\/","url":"https:\/\/www.laclusaz.com\/en\/activites\/parapente\/","name":"Paragliding | La Clusaz","isPartOf":{"@id":"https:\/\/www.laclusaz.com\/en\/#website"},"primaryImageOfPage":{"@id":"https:\/\/www.laclusaz.com\/en\/activites\/parapente\/#primaryimage"},"image":{"@id":"https:\/\/www.laclusaz.com\/en\/activites\/parapente\/#primaryimage"},"thumbnailUrl":"https:\/\/www.laclusaz.com\/app\/uploads\/2023\/02\/parapente-ete.jpg","datePublished":"2023-02-10T16:57:15+00:00","dateModified":"2026-03-30T12:50:01+00:00","description":"D\u00e9couvrez le parapente en biplace au dessus du village et de ses alpages...\u00a0Bapt\u00eame d\u00e9couverte, acrobatique ou p\u00e9dagogique\u2026 Les options sont nombreuses pour s\u2019\u00e9vader en parapente et contempler de haut le village, les alpages et tout le massif des Aravis.","breadcrumb":{"@id":"https:\/\/www.laclusaz.com\/en\/activites\/parapente\/#breadcrumb"},"inLanguage":"en-US","potentialAction":[{"@type":"ReadAction","target":["https:\/\/www.laclusaz.com\/en\/activites\/parapente\/"]}]},{"@type":"ImageObject","inLanguage":"en-US","@id":"https:\/\/www.laclusaz.com\/en\/activites\/parapente\/#primaryimage","url":"https:\/\/www.laclusaz.com\/app\/uploads\/2023\/02\/parapente-ete.jpg","contentUrl":"https:\/\/www.laclusaz.com\/app\/uploads\/2023\/02\/parapente-ete.jpg","width":1376,"height":545},{"@type":"BreadcrumbList","@id":"https:\/\/www.laclusaz.com\/en\/activites\/parapente\/#breadcrumb","itemListElement":[{"@type":"ListItem","position":1,"name":"Home","item":"https:\/\/www.laclusaz.com\/en\/"},{"@type":"ListItem","position":2,"name":"Activities","item":"https:\/\/www.laclusaz.com\/en\/activites\/"},{"@type":"ListItem","position":3,"name":"Paragliding"}]},{"@type":"WebSite","@id":"https:\/\/www.laclusaz.com\/en\/#website","url":"https:\/\/www.laclusaz.com\/en\/","name":"La Clusaz","description":"","publisher":{"@id":"https:\/\/www.laclusaz.com\/en\/#organization"},"potentialAction":[{"@type":"SearchAction","target":{"@type":"EntryPoint","urlTemplate":"https:\/\/www.laclusaz.com\/en\/?s={search_term_string}"},"query-input":{"@type":"PropertyValueSpecification","valueRequired":true,"valueName":"search_term_string"}}],"inLanguage":"en-US"},{"@type":"Organization","@id":"https:\/\/www.laclusaz.com\/en\/#organization","name":"La Clusaz","url":"https:\/\/www.laclusaz.com\/en\/","logo":{"@type":"ImageObject","inLanguage":"en-US","@id":"https:\/\/www.laclusaz.com\/en\/#\/schema\/logo\/image\/","url":"https:\/\/www.laclusaz.com\/app\/uploads\/2023\/03\/Logo-La-Clusaz-French-Alps-paysage.png","contentUrl":"https:\/\/www.laclusaz.com\/app\/uploads\/2023\/03\/Logo-La-Clusaz-French-Alps-paysage.png","width":1920,"height":1018,"caption":"La Clusaz"},"image":{"@id":"https:\/\/www.laclusaz.com\/en\/#\/schema\/logo\/image\/"},"sameAs":["https:\/\/www.facebook.com\/LaClusaz","https:\/\/x.com\/LaClusaz","https:\/\/www.instagram.com\/laclusazskiresort\/","https:\/\/www.youtube.com\/channel\/UC0nXO2GDOebkqOvTCx8gtGA","https:\/\/www.tiktok.com\/@la_clusaz"]}]}},"_links":{"self":[{"href":"https:\/\/www.laclusaz.com\/en\/wp-json\/wp\/v2\/pages\/176612","targetHints":{"allow":["GET"]}}],"collection":[{"href":"https:\/\/www.laclusaz.com\/en\/wp-json\/wp\/v2\/pages"}],"about":[{"href":"https:\/\/www.laclusaz.com\/en\/wp-json\/wp\/v2\/types\/page"}],"author":[{"embeddable":true,"href":"https:\/\/www.laclusaz.com\/en\/wp-json\/wp\/v2\/users\/6"}],"replies":[{"embeddable":true,"href":"https:\/\/www.laclusaz.com\/en\/wp-json\/wp\/v2\/comments?post=176612"}],"version-history":[{"count":6,"href":"https:\/\/www.laclusaz.com\/en\/wp-json\/wp\/v2\/pages\/176612\/revisions"}],"predecessor-version":[{"id":418324,"href":"https:\/\/www.laclusaz.com\/en\/wp-json\/wp\/v2\/pages\/176612\/revisions\/418324"}],"up":[{"embeddable":true,"href":"https:\/\/www.laclusaz.com\/en\/wp-json\/wp\/v2\/pages\/176513"}],"wp:featuredmedia":[{"embeddable":true,"href":"https:\/\/www.laclusaz.com\/en\/wp-json\/wp\/v2\/media\/174341"}],"wp:attachment":[{"href":"https:\/\/www.laclusaz.com\/en\/wp-json\/wp\/v2\/media?parent=176612"}],"curies":[{"name":"wp","href":"https:\/\/api.w.org\/{rel}","templated":true}]}}